{"id":10444,"date":"2022-04-19T13:15:33","date_gmt":"2022-04-19T16:15:33","guid":{"rendered":"https:\/\/ens9002-infd.mendoza.edu.ar\/sitio\/?page_id=10444"},"modified":"2022-11-23T12:40:48","modified_gmt":"2022-11-23T15:40:48","slug":"suplencias","status":"publish","type":"page","link":"https:\/\/ens9002-infd.mendoza.edu.ar\/sitio\/suplencias\/","title":{"rendered":"Suplencias"},"content":{"rendered":"\n<p class=\"has-white-color has-luminous-vivid-amber-background-color has-text-color has-background\" style=\"font-size:23px\"><strong>LLAMADOS SUPLENCIAS 2022<\/strong><\/p>\n\n\n\n<ul><li>Las Autoridades del Instituto de Formaci\u00f3n Docente y T\u00e9cnico T-002 Tom\u00e1s Godoy Cruz sito en calle Mitre y Montevideo, entrada por Montevideo, informa que el d\u00eda 25 de noviembre de 2022, realizar\u00e1 llamado a suplencia de los espacios curriculares, seg\u00fan \u00f3rdenes de m\u00e9rito 2022 aprobados por el HDC, que se detallan a continuaci\u00f3n:PROFESORADO DE QU\u00cdMICA: 11.00 hs. 06 HORAS DE HISTORIA POL\u00cdTICA,SOCIAL, ECON\u00d3MICA Y CULTURAL DE AM\u00c9RICA LATINA, de 1\u00b0 , 2do. cuatrimestre, S.A.T. Horario: Viernes de 18.30 a 20.30 hs. PROFESORADO DE MATEM\u00c1TICA:11.05 hs. 06 HISTORIA POL\u00cdTICA,SOCIAL, ECON\u00d3MICA Y CULTURAL DE AM\u00c9RICA LATINA, de 1\u00b0 3\u00b0 , 2do. cuatrimestre, S.A.T. Horario: Viernes de 18.30 a 20.30 hs.PROFESORADO DE LENGUA Y LITERATURA:11.10 hs. 07 HORAS DE HISTORIA POL\u00cdTICA,SOCIAL, ECON\u00d3MICA Y CULTURAL DE AM\u00c9RICA LATINA, de 1\u00b0 2\u00b0 , 2do. cuatrimestre, S.Art.40 Horario: Mi\u00e9rcoles de 17.40 a 19.50 hs.Presentarse con la siguiente documentaci\u00f3n Declaraci\u00f3n Jurada de cargos\/horas seg\u00fan Ley 6929 y Decreto Reglamentario N\u00ba 285 sin incompatibilidades Fotocopia del D.N.I. Fotocopia del CUIL Fotocopia del o los t\u00edtulos o anal\u00edticos Certificado de aptitud psico-f\u00edsica otorgado por Salud Laboral de la DGE (provisoriamente se aceptar\u00e1 certificado supletorio o turno).Fotocopia de Voto emitido Certificado de Buena Conducta.<\/li><\/ul>\n\n\n\n<ul><li>Las Autoridades del Instituto de Formaci\u00f3n Docente y T\u00e9cnico T-002 Tom\u00e1s Godoy Cruz sito en calle Mitre y Montevideo, entrada por Montevideo, informa que el d\u00eda 11 de noviembre de 2022, realizar\u00e1 llamado a suplencia de los espacios curriculares, seg\u00fan \u00f3rdenes de m\u00e9rito 2022 aprobados por el HDC, que se detallan a continuaci\u00f3n: PROFESORADO DE MATEMATICA: 11.05 hs. 06 HORAS DE HISTORIA SOCIAL, POL\u00cdTICA Y ECON\u00d3MICA DE AM\u00c9RICA LATINA, de 1\u00b0 , 3do. cuatrimestre, S.A.T. Presentarse con la siguiente Documentaci\u00f3n Declaraci\u00f3n Jurada de cargos\/horas seg\u00fan Ley 6929 y Decreto Reglamentario N\u00ba 285 sin incompatibilidades Fotocopia del D.N.I. Fotocopia del CUIL Fotocopia del o los t\u00edtulos o anal\u00edticos Certificado de aptitud psico-f\u00edsica otorgado por Salud Laboral de la DGE (provisoriamente se aceptar\u00e1 certificado supletorio o turno).Fotocopia de Voto emitido Certificado de Buena Conducta.<\/li><\/ul>\n\n\n\n<ul><li>Las Autoridades del Instituto de Formaci\u00f3n Docente y T\u00e9cnico T-002 Tom\u00e1s Godoy Cruz sito en calle Mitre y Montevideo, entrada por Montevideo, informa que el d\u00eda 11 de noviembre de 2022, realizar\u00e1 llamado a suplencia de los espacios curriculares, seg\u00fan \u00f3rdenes de m\u00e9rito 2022 aprobados por el HDC, que se detallan a continuaci\u00f3n: PROFESORADO DE QU\u00cdMICA:11.00 hs. 06 HORAS DE HISTORIA SOCIAL, POL\u00cdTICA Y ECON\u00d3MICA DE AM\u00c9RICA LATINA, de 1\u00b0 , 2do. cuatrimestre, S.A.T. Horario: Viernes de 18.30 a 20.30hs. Presentarse con la siguiente Documentaci\u00f3n Declaraci\u00f3n Jurada de cargos\/horas seg\u00fan Ley 6929 y Decreto Reglamentario N\u00ba 285 sin incompatibilidades Fotocopia del D.N.I. Fotocopia del CUIL Fotocopia del o los t\u00edtulos o anal\u00edticos Certificado de aptitud psico-f\u00edsica otorgado por Salud Laboral de la DGE (provisoriamente se aceptar\u00e1 certificado supletorio o turno).Fotocopia de Voto emitido Certificado de Buena Conducta.<\/li><\/ul>\n\n\n\n<ul><li>Las Autoridades del Instituto de Formaci\u00f3n Docente y T\u00e9cnico T-002 Tom\u00e1s Godoy Cruz sito en calle Mitre y Montevideo, entrada por Montevideo, informa que el d\u00eda 02 de noviembre de 2022, realizar\u00e1 llamado a suplencia de los espacios curriculares, seg\u00fan \u00f3rdenes de m\u00e9rito 2022 aprobados por el HDC, que se detallan a continuaci\u00f3n: PROFESORADO DE EDUCACION PRIMARIA: 10.00 hs. 07 HORAS DE DIDACTICA DE LA LENGUA de 2\u00b0 3\u00b0 anuales, suplente a Art. 40\u00b0 Horarios: 2do. Cuatrimestre: Martes de 20.40 a 22.50 hs. y los Mi\u00e9rcoles de 18:30 a 19:50 PROFESORADO DE LENGUA Y LITERATURA:10:05hs. 06 HORAS DE DIDACTICA DE LA LENGUA &#8211; ANUAL- de 3\u00b0 1\u00b0, 2DO. Cuatrimestre, suplente Art. 40\u00b0. Horarios: Lunes de 20:40 a 23:20 hs. A las 10:10 horas 06 hs. de LAS PRACTICAS DISCURSIVAS EN LENGUA ESCRITA de 2\u00b01\u00b0 suplente Art. 40\u00b0. Horarios los viernes de 17: 40 a 20:40 horas.<\/li><\/ul>\n\n\n\n<ul><li>Las Autoridades del Instituto de Formaci\u00f3n Docente y T\u00e9cnico T-002 Tom\u00e1s Godoy Cruz sito en calle Mitre y Montevideo, entrada por Montevideo, informa que el d\u00eda 11 de octubre de 2022, realizar\u00e1 llamado a suplencia del espacio curricular, seg\u00fan \u00f3rdenes de m\u00e9rito 2022 aprobados por el HDC, que se detallan a continuaci\u00f3n: PROFESORADO DE BIOLOGIA: 11.00 hs. 08 HORAS DE MORFOFISIOLOGIA VEGETAL, de 2\u00b01\u00b0 SEGUNDO CUATRIMESTRE, suplente a T\u00e9rmino. Horario de cursado desde las 18:25 y hasta las 20:30 horas.<\/li><\/ul>\n\n\n\n<ul><li>RECEPCI\u00d3N DE CARPETAS DE ANTECEDENTES PARA MODELO EN LAS CARRERAS DE ARTES, las mismas se realizar\u00e1n desde el d\u00eda martes 11 a las 08 horas y hasta el jueves 13 a las 20 horas, el perfil solicitado y que deber\u00e1 constar con probanzas en el curr\u00edculum vitae ser\u00e1: ser Profesional de Teatro, danza o carreras afines. Probanzas comprobables en relaci\u00f3n al desempe\u00f1o solicitado. Con experiencia acreditable posando para estudiantes o tareas relacionadas con el desempe\u00f1o solicitado. Desempe\u00f1o: Manejo del cuerpo para posar (vestido\/a, desnudo\/a) durante un tiempo determinado, realizar y sostener distintas posturas corporales. Disposici\u00f3n y creatividad para generar distintas composiciones con su cuerpo en interacci\u00f3n con el espacio y otros objetos. Carga horaria: 10 hs. D\u00edas de cumplimiento: lunes mi\u00e9rcoles y jueves. Turno vespertino. Horario a confirmar. Las carpetas deber\u00e1n estar foliadas y ser\u00e1n recepcionadas por anexo de secretaria.<\/li><\/ul>\n\n\n\n<ul><li>Las Autoridades del Instituto de Formaci\u00f3n Docente y T\u00e9cnico T-002 Tom\u00e1s Godoy Cruz sito en calle Mitre y Montevideo, entrada por Montevideo, informa que el d\u00eda 28 de setiembre de 2022, realizar\u00e1 llamado a suplencia de los espacios curriculares, seg\u00fan \u00f3rdenes de m\u00e9rito 2022 aprobados por el HDC, que se detallan a continuaci\u00f3n: PROFESORADO DE BIOLOG\u00cdA:11.30 hs. 06 HORAS DE PR\u00c1CTICA PROFESIONAL DOCENTE II de 2\u00b0 1\u00b0 anuales, suplente a T\u00e9rmino. Horarios: 2do. Cuatrimestre: Lunes de 20.30 a 23.20 hs. PROFESORADO DE MATEM\u00c1TICA:11.35 hs. 07 HORAS DE SUJETO DE LA EDUCACI\u00d3N, de 2\u00b0 2\u00b0, 2DO. Cuatrimestre, suplente a T\u00e9rmino. Horarios: Mi\u00e9rcoles de 16.00 a 18.40 hs.<\/li><\/ul>\n\n\n\n<ul><li>Las Autoridades del Instituto de Formaci\u00f3n Docente y T\u00e9cnico T-002 Tom\u00e1s Godoy Cruz sito en calle Mitre y Montevideo, entrada por Montevideo, informa que el d\u00eda 24 de setiembre de 2022, realizar\u00e1 llamado a suplencia de los espacios curriculares, seg\u00fan \u00f3rdenes de m\u00e9rito 2022 aprobados por el HDC, que se detallan a continuaci\u00f3n: PROFESORADO DE EDUCACI\u00d3N PRIMARIA:11.00 hs. 18 HORAS DE PR\u00c1CTICA PROFESIONAL DOCENTE IV, de 4\u00b0 anuales, suplente a T\u00e9rmino. PROFESORADO DE EDUCACI\u00d3N ESPECIAL:11.05 hs. 09 HORAS DE PR\u00c1CTICA PROFESIONAL DOCENTE IV (DISCIPLINAR), de 4\u00b0 anuales, suplente a T\u00e9rmino.<\/li><\/ul>\n\n\n\n<ul><li>Las Autoridades del Instituto de Formaci\u00f3n Docente y T\u00e9cnico T-002 Tom\u00e1s Godoy Cruz sito en calle Mitre y Montevideo, entrada por Montevideo, informa que el d\u00eda 19 de setiembre de 2022, realizar\u00e1 llamado a suplencia de los espacios curriculares, seg\u00fan \u00f3rdenes de m\u00e9rito 2022 aprobados por el HDC, que se detallan a continuaci\u00f3n:<br>PROFESORADO DE MATEM\u00c1TICA:<br>\u2022 10.30 hs. 07 HORAS DE \u00c1LGEBRA II, de 2\u00b0 3\u00b0, anuales, S.A.T. Horarios: Jueves de 21.10 a 23.10 hs y Viernes de 19.50 a 21.10 hs.<br>PROFESORADO DE BIOLOG\u00cdA:<br>\u2022 10.35 hs. 08 HORAS DE FISICA GENERAL, de 1\u00b0 1\u00b0, 2do.Cuatrimestre, S.A.T. Horarios: Lunes de 19.10 a 21.10 hs. y Jueves de 17.40 a 19.50 hs.<br>\u2022 10:40 hs. 06 horas de Did\u00e1ctica de la Biolog\u00eda II de 3\u00b01\u00b0, Anual, Supl 40\u00b0, horarios martes de 17:00 a 18:20 y mi\u00e9rcoles de 17:40 a 18:20<br>PROFESORADO DE EDUCACI\u00d3N PRIMARIA:<br>\u2022 10.45 hs. 04 HORAS DE ALFABETIZACI\u00d3N INICIAL, de 3\u00b0 1\u00b0, anuales, suplente Art. 40. Horarios: Lunes de 20.40 a 22.50 hs.<br>\u2022 10.50 hs. 04 HORAS DE ALFABETIZACI\u00d3N INICIAL , de 3\u00b0 2\u00b0, anuales, suplente Art. 40. Horarios: Mi\u00e9rcoles de 10.50 a 13.00 hs.<br>\u2022 10.55 hs. 04 HORAS DE DID\u00c1CTICA DE LA LITERATURA, de 2\u00b0 2\u00b0, 2do.Cuatrimestre, suplente Art. 40. Horarios: Martes de 10.10 a 13.40 hs.<br>\u2022 11.00 hs. 07 HORAS DE PSICOLOG\u00cdA EDUCACIONAL , de 1\u00b0 4\u00b0, 2do.Cuatrimestre, suplente Art. 61. Horarios: Mi\u00e9rcoles de 8.00 a 11.30 hs.<br>PROFESORADO DE EDUCACI\u00d3N INICIAL:<br>\u2022 11.05 hs. 04 HORAS DE ALFABETIZACI\u00d3N, de 3\u00b0 2\u00b0, anuales, suplente Art. 40. Horarios: Jueves de 8.00 a 10.00 hs.<br>\u2022 11.10 hs. 04 HORAS DE ALFABETIZACI\u00d3N, de 3\u00b0 3\u00b0, anuales, suplente Art. 40. Horarios: Jueves de 10.10 a 12.20 hs.<br>PROFESORADO DE FISICA<br>\u2022 11.15 hs. 06 HORAS DE FISICA EXPERIMENTAL, de 4\u00b0\u00b0, anuales, suplente a t\u00e9rmino. Horarios: viernes de 18.30 a 21:20:00 hs.<br>11:20 Llamado cargo de Preceptor seg\u00fan orden de m\u00e9rito 2022. Horarios: lunes a viernes de 18:30 a 23:00<\/li><\/ul>\n\n\n\n<p><\/p>\n\n\n\n<p class=\"has-text-align-left has-white-color has-luminous-vivid-orange-background-color has-text-color has-background\" style=\"font-size:23px\"><strong>\u00d3RDENES DE M\u00c9RITO SUPLENCIAS 2022<\/strong><\/p>\n\n\n\n<ul><li>Las Autoridades del Instituto de Formaci\u00f3n Docente y T\u00e9cnico T-002 Tomas Godoy Cruz sito en calle mitre y Montevideo, entrada por Montevideo, convocan a profesores inscriptos para los \u00f3rdenes de m\u00e9rito 2022 a fin de notificarse de los mismos desde el d\u00eda jueves 17 de noviembre 2022 a las 08 horas y hasta el d\u00eda martes 22 de noviembre, seg\u00fan el siguiente detalle: AREA SOCIALES: Historia de la Educaci\u00f3n Argentina, Sociolog\u00eda de la Educaci\u00f3n y Perspectiva Hist\u00f3rica, Social y Pol\u00edtica de Am\u00e9rica Latina.<\/li><\/ul>\n\n\n\n<ul><li>Las Autoridades del Instituto de Formaci\u00f3n Docente y T\u00e9cnico T-002 Tomas Godoy Cruz sito en calle mitre y Montevideo, entrada por Montevideo, convocan a profesores inscriptos para los \u00f3rdenes de m\u00e9rito 2022 a fin de notificarse de los mismos desde el d\u00eda mi\u00e9rcoles 09 de noviembre 2022 a las 08 horas y hasta el d\u00eda jueves 10 de noviembre a la 20 horas, seg\u00fan el siguiente detalle: AREA SOCIALES: HISTORIA DE LA EDUCACI\u00d3N ARGENTINA, SOCIOLOGIA DE LA EDUCACI\u00d3N Y PERSPECTIVA HISTORICA, SOCIAL Y POLITICA DE AMERICA LATINA.<\/li><\/ul>\n\n\n\n<ul><li>Las Autoridades del Instituto de Formaci\u00f3n Docente y T\u00e9cnico T-002 Tom\u00e1s Godoy Cruz sito en calle Mitre y Montevideo, entrada por Montevideo, convocan a profesores inscriptos, a fin de notificarse del Orden de M\u00e9rito de MODELO VIVO de las Carreras de Artes y ofrecimiento del mismo , con posesi\u00f3n inmediata, el d\u00eda lunes &nbsp;31 de octubre 2022 a las 10.30 horas. Presentarse con la siguiente documentaci\u00f3n Declaraci\u00f3n Jurada de cargos\/horas seg\u00fan Ley 6929 y Decreto Reglamentario N\u00ba 285 sin incompatibilidades Fotocopia del D.N.I. Fotocopia del CUIL&nbsp; Fotocopia del o los t\u00edtulos o anal\u00edticos Certificado de aptitud psico-f\u00edsica otorgado por Salud Laboral de la DGE (provisoriamente se aceptar\u00e1 certificado supletorio o turno).Fotocopia de Voto emitido Certificado de Buena Conducta.<\/li><\/ul>\n\n\n\n<p>\u2022 Las Autoridades del Instituto de Formaci\u00f3n Docente y T\u00e9cnico T-002 Tom\u00e1s Godoy Cruz sito en calle Mitre y Montevideo, entrada por Montevideo, convocan a profesores inscriptos para los \u00f3rdenes de m\u00e9rito 2022 a fin de notificarse de los mismos desde el d\u00eda lunes 31 de octubre 2022 a las 08 horas y hasta el d\u00eda mi\u00e9rcoles 2 de noviembre 08 horas, seg\u00fan el siguiente detalle: PROFESORADO DE LENGUA, Espacio Curricular: Did\u00e1ctica de la Lengua. PROFESORADO DE EDUCACI\u00d3N PRIMARIA, Espacio Curricular:&nbsp; Did\u00e1ctica de la Literatura.<\/p>\n\n\n\n<p>Las Autoridades del Instituto de Formaci\u00f3n Docente y T\u00e9cnico T-002 Tomas Godoy Cruz sito en calle Mitre y Montevideo, entrada por Montevideo, convocan a profesores inscriptos para los \u00f3rdenes de m\u00e9rito 2022 a fin de notificarse de los mismos desde el d\u00eda jueves 06 de octubre 2022 a las 08 horas y hasta el d\u00eda martes 08 horas, seg\u00fan el siguiente detalle: <\/p>\n\n\n\n<ul><li><strong>Morfofisiolog\u00eda vegetal<\/strong> | Profesorado de Educaci\u00f3n Secundaria en Biolog\u00eda<\/li><\/ul>\n\n\n\n<p>Las Autoridades del Instituto de Formaci\u00f3n Docente y T\u00e9cnico T-002 Tomas Godoy Cruz sito en calle mitre y Montevideo, entrada por Montevideo, convocan a profesores inscriptos para los \u00f3rdenes de m\u00e9rito 2022 a fin de notificarse de los mismos desde el d\u00eda jueves 15 de setiembre 2022 a las 08 horas &nbsp;y hasta el d\u00eda viernes 16 de setiembre. <a href=\"https:\/\/ens9002-infd.mendoza.edu.ar\/sitio\/wp-content\/uploads\/2022\/09\/ordenes-de-merito-al-13-de-setiembre-de-2022.pdf\" data-type=\"URL\" data-id=\"https:\/\/ens9002-infd.mendoza.edu.ar\/sitio\/wp-content\/uploads\/2022\/09\/ordenes-de-merito-al-13-de-setiembre-de-2022.pdf\" target=\"_blank\" rel=\"noreferrer noopener\">Clic aqu\u00ed<\/a> para acceder a los \u00f3rdenes de m\u00e9rito<\/p>\n\n\n\n<ul><li><strong>Comprensi\u00f3n y producci\u00f3n de textos<\/strong> | Tecnicatura en Producci\u00f3n Art\u00edstica y Artesanal &#8211;<a rel=\"noreferrer noopener\" href=\"https:\/\/ens9002-infd.mendoza.edu.ar\/sitio\/wp-content\/uploads\/2022\/06\/ordenes-de-merito-21-de-junio-2022.pdf\" data-type=\"URL\" data-id=\"https:\/\/ens9002-infd.mendoza.edu.ar\/sitio\/wp-content\/uploads\/2022\/06\/ordenes-de-merito-21-de-junio-2022.pdf\" target=\"_blank\"> clic aqu\u00ed<\/a><\/li><li><strong>C\u00e1lculo I<\/strong> | Profesorado de Educaci\u00f3n Secundaria en Matem\u00e1tica &#8211; <a rel=\"noreferrer noopener\" href=\"https:\/\/ens9002-infd.mendoza.edu.ar\/sitio\/wp-content\/uploads\/2022\/06\/ordenes-de-merito-21-de-junio-2022.pdf\" data-type=\"URL\" data-id=\"https:\/\/ens9002-infd.mendoza.edu.ar\/sitio\/wp-content\/uploads\/2022\/06\/ordenes-de-merito-21-de-junio-2022.pdf\" target=\"_blank\">clic aqu\u00ed<\/a><\/li><li><strong>Probabilidad y estad\u00edstica I<\/strong> | Profesorado de Educaci\u00f3n Secundaria en Matem\u00e1tica &#8211; <a rel=\"noreferrer noopener\" href=\"https:\/\/ens9002-infd.mendoza.edu.ar\/sitio\/wp-content\/uploads\/2022\/09\/Ordenes-de-merito-al-6-de-setiembre-de-2022.pdf\" data-type=\"URL\" data-id=\"https:\/\/ens9002-infd.mendoza.edu.ar\/sitio\/wp-content\/uploads\/2022\/09\/Ordenes-de-merito-al-6-de-setiembre-de-2022.pdf\" target=\"_blank\">clic aqu\u00ed<\/a><\/li><li>P<strong>robabilidad y estad\u00edstica<\/strong> | Profesorado de Educaci\u00f3n Secundaria en Qu\u00edmica &#8211; <a rel=\"noreferrer noopener\" href=\"https:\/\/ens9002-infd.mendoza.edu.ar\/sitio\/wp-content\/uploads\/2022\/09\/Ordenes-de-merito-al-6-de-setiembre-de-2022.pdf\" data-type=\"URL\" data-id=\"https:\/\/ens9002-infd.mendoza.edu.ar\/sitio\/wp-content\/uploads\/2022\/09\/Ordenes-de-merito-al-6-de-setiembre-de-2022.pdf\" target=\"_blank\">clic aqu\u00ed<\/a><\/li><li><strong>Artes Visuales y nuevas tecnolog\u00edas<\/strong> | Profesorado de Artes Visuales &#8211; <a rel=\"noreferrer noopener\" href=\"https:\/\/ens9002-infd.mendoza.edu.ar\/sitio\/wp-content\/uploads\/2022\/09\/Ordenes-de-merito-al-6-de-setiembre-de-2022.pdf\" data-type=\"URL\" data-id=\"https:\/\/ens9002-infd.mendoza.edu.ar\/sitio\/wp-content\/uploads\/2022\/09\/Ordenes-de-merito-al-6-de-setiembre-de-2022.pdf\" target=\"_blank\">clic aqu\u00ed<\/a><\/li><\/ul>\n\n\n\n<p><\/p>\n","protected":false},"excerpt":{"rendered":"<p>LLAMADOS SUPLENCIAS 2022 Las Autoridades del Instituto de Formaci\u00f3n Docente y T\u00e9cnico T-002 Tom\u00e1s Godoy Cruz sito en calle Mitre y Montevideo, entrada por Montevideo, informa que el d\u00eda 25 de noviembre de 2022, realizar\u00e1 llamado a suplencia de los espacios curriculares, seg\u00fan \u00f3rdenes de m\u00e9rito 2022 aprobados por el HDC, que se detallan a &#8230; <a title=\"Suplencias\" class=\"read-more\" href=\"https:\/\/ens9002-infd.mendoza.edu.ar\/sitio\/suplencias\/\" aria-label=\"More on Suplencias\">[+]<\/a><\/p>\n","protected":false},"author":10055,"featured_media":0,"parent":0,"menu_order":0,"comment_status":"closed","ping_status":"closed","template":"","meta":[],"acf":[],"_links":{"self":[{"href":"https:\/\/ens9002-infd.mendoza.edu.ar\/sitio\/wp-json\/wp\/v2\/pages\/10444"}],"collection":[{"href":"https:\/\/ens9002-infd.mendoza.edu.ar\/sitio\/wp-json\/wp\/v2\/pages"}],"about":[{"href":"https:\/\/ens9002-infd.mendoza.edu.ar\/sitio\/wp-json\/wp\/v2\/types\/page"}],"author":[{"embeddable":true,"href":"https:\/\/ens9002-infd.mendoza.edu.ar\/sitio\/wp-json\/wp\/v2\/users\/10055"}],"replies":[{"embeddable":true,"href":"https:\/\/ens9002-infd.mendoza.edu.ar\/sitio\/wp-json\/wp\/v2\/comments?post=10444"}],"version-history":[{"count":28,"href":"https:\/\/ens9002-infd.mendoza.edu.ar\/sitio\/wp-json\/wp\/v2\/pages\/10444\/revisions"}],"predecessor-version":[{"id":12192,"href":"https:\/\/ens9002-infd.mendoza.edu.ar\/sitio\/wp-json\/wp\/v2\/pages\/10444\/revisions\/12192"}],"wp:attachment":[{"href":"https:\/\/ens9002-infd.mendoza.edu.ar\/sitio\/wp-json\/wp\/v2\/media?parent=10444"}],"curies":[{"name":"wp","href":"https:\/\/api.w.org\/{rel}","templated":true}]}}