{"id":10654,"date":"2022-05-21T11:02:44","date_gmt":"2022-05-21T14:02:44","guid":{"rendered":"https:\/\/ens9002-infd.mendoza.edu.ar\/sitio\/?page_id=10654"},"modified":"2022-05-24T13:19:53","modified_gmt":"2022-05-24T16:19:53","slug":"cronograma-de-reuniones-informativas-terminalidad-de-carreras","status":"publish","type":"page","link":"https:\/\/ens9002-infd.mendoza.edu.ar\/sitio\/cronograma-de-reuniones-informativas-terminalidad-de-carreras\/","title":{"rendered":"Cronograma de reuniones informativas terminalidad de carreras"},"content":{"rendered":"\n<p class=\"has-text-align-center has-white-color has-text-color has-background has-medium-font-size\" style=\"background-color:#53029e\"><strong>CRONOGRAMA DE REUNIONES INFORMATIVAS DE TERMINALIDAD DE CARRERAS<\/strong> <\/p>\n\n\n\n<p class=\"has-text-align-center has-white-color has-luminous-vivid-orange-background-color has-text-color has-background\" style=\"font-size:18px\">ESTUDIANTES INGRESANTES A<strong> PROFESORADOS<\/strong> DURANTE LOS CICLOS LECTIVOS <strong>2010 A 2013<\/strong> <\/p>\n\n\n\n<p class=\"has-medium-font-size\"><\/p>\n\n\n\n<ul><li><strong>EDUCACI\u00d3N INICIAL<\/strong>: martes 24 de mayo, 18:30 h<\/li><\/ul>\n\n\n\n<ul><li><strong>EDUCACI\u00d3N SECUNDARIA EN F\u00cdSICA<\/strong>: martes 24 de mayo, 19 h<\/li><\/ul>\n\n\n\n<ul><li><strong>EDUCACI\u00d3N SECUNDARIA EN MATEM\u00c1TICA<\/strong>: jueves 26 de mayo, 16.30 h<\/li><\/ul>\n\n\n\n<ul><li><strong>EDUCACI\u00d3N SECUNDARIA EN BIOLOG\u00cdA<\/strong>: jueves 26 de mayo, 18.30 h<\/li><\/ul>\n\n\n\n<ul><li><strong>ARTES VISUALES<\/strong>: jueves 26 de mayo, 19 h<\/li><\/ul>\n\n\n\n<ul><li><strong>EDUCACI\u00d3N PRIMARIA<\/strong>: viernes 27 de mayo, 10 h<\/li><\/ul>\n\n\n\n<ul><li><strong>EDUCACI\u00d3N SECUNDARIA EN QU\u00cdMICA<\/strong>: viernes 27 de mayo, 19 h<\/li><\/ul>\n\n\n\n<ul><li><strong>EDUCACI\u00d3N SECUNDARIA EN LENGUA Y LITERATURA<\/strong>: viernes 27 de mayo, 19 h<\/li><\/ul>\n\n\n\n<p class=\"has-text-align-center has-white-color has-luminous-vivid-orange-background-color has-text-color has-background\">ESTUDIANTES INGRESANTES A<strong> TECNICATURA <\/strong>DURANTE LOS CICLOS LECTIVOS <strong>2014 A 2016<\/strong><\/p>\n\n\n\n<p class=\"has-medium-font-size\"><\/p>\n\n\n\n<ul><li><strong>TECNICATURA EN<\/strong> <strong>PRODUCCI\u00d3N ART\u00cdSTICA Y ARTESANAL<\/strong>: jueves 26 de mayo, 19 h<\/li><\/ul>\n\n\n\n<p><\/p>\n\n\n\n<p class=\"has-text-align-center has-white-color has-vivid-cyan-blue-background-color has-text-color has-background\" style=\"font-size:19px\">En todos los casos, los encuentros se destinan a estudiantes que no realizaron cambio de plan<\/p>\n","protected":false},"excerpt":{"rendered":"<p>CRONOGRAMA DE REUNIONES INFORMATIVAS DE TERMINALIDAD DE CARRERAS ESTUDIANTES INGRESANTES A PROFESORADOS DURANTE LOS CICLOS LECTIVOS 2010 A 2013 EDUCACI\u00d3N INICIAL: martes 24 de mayo, 18:30 h EDUCACI\u00d3N SECUNDARIA EN F\u00cdSICA: martes 24 de mayo, 19 h EDUCACI\u00d3N SECUNDARIA EN MATEM\u00c1TICA: jueves 26 de mayo, 16.30 h EDUCACI\u00d3N SECUNDARIA EN BIOLOG\u00cdA: jueves 26 de mayo, &#8230; <a title=\"Cronograma de reuniones informativas terminalidad de carreras\" class=\"read-more\" href=\"https:\/\/ens9002-infd.mendoza.edu.ar\/sitio\/cronograma-de-reuniones-informativas-terminalidad-de-carreras\/\" aria-label=\"More on Cronograma de reuniones informativas terminalidad de carreras\">[+]<\/a><\/p>\n","protected":false},"author":10055,"featured_media":0,"parent":0,"menu_order":0,"comment_status":"closed","ping_status":"closed","template":"","meta":[],"acf":[],"_links":{"self":[{"href":"https:\/\/ens9002-infd.mendoza.edu.ar\/sitio\/wp-json\/wp\/v2\/pages\/10654"}],"collection":[{"href":"https:\/\/ens9002-infd.mendoza.edu.ar\/sitio\/wp-json\/wp\/v2\/pages"}],"about":[{"href":"https:\/\/ens9002-infd.mendoza.edu.ar\/sitio\/wp-json\/wp\/v2\/types\/page"}],"author":[{"embeddable":true,"href":"https:\/\/ens9002-infd.mendoza.edu.ar\/sitio\/wp-json\/wp\/v2\/users\/10055"}],"replies":[{"embeddable":true,"href":"https:\/\/ens9002-infd.mendoza.edu.ar\/sitio\/wp-json\/wp\/v2\/comments?post=10654"}],"version-history":[{"count":6,"href":"https:\/\/ens9002-infd.mendoza.edu.ar\/sitio\/wp-json\/wp\/v2\/pages\/10654\/revisions"}],"predecessor-version":[{"id":10681,"href":"https:\/\/ens9002-infd.mendoza.edu.ar\/sitio\/wp-json\/wp\/v2\/pages\/10654\/revisions\/10681"}],"wp:attachment":[{"href":"https:\/\/ens9002-infd.mendoza.edu.ar\/sitio\/wp-json\/wp\/v2\/media?parent=10654"}],"curies":[{"name":"wp","href":"https:\/\/api.w.org\/{rel}","templated":true}]}}