{"id":10768,"date":"2022-06-07T14:52:30","date_gmt":"2022-06-07T17:52:30","guid":{"rendered":"https:\/\/ens9002-infd.mendoza.edu.ar\/sitio\/?page_id=10768"},"modified":"2025-04-22T11:25:51","modified_gmt":"2025-04-22T14:25:51","slug":"investigacion-2022","status":"publish","type":"page","link":"https:\/\/ens9002-infd.mendoza.edu.ar\/sitio\/investigacion-2022\/","title":{"rendered":"Investigaci\u00f3n 2022 &#8211; 2023"},"content":{"rendered":"\n<p class=\"has-text-align-left has-base-3-color has-text-color has-background\" style=\"background-color:#0bb5af;font-size:30px\"><strong><em>INVESTIGACI\u00d3N 2022-2023<\/em><\/strong><\/p>\n\n\n\n<figure class=\"wp-block-image size-full\"><img decoding=\"async\" loading=\"lazy\" width=\"1200\" height=\"1200\" src=\"https:\/\/ens9002-infd.mendoza.edu.ar\/sitio\/wp-content\/uploads\/2023\/06\/WhatsApp-Image-2023-06-21-at-14.34.41.jpeg\" alt=\"\" class=\"wp-image-13364\" srcset=\"https:\/\/ens9002-infd.mendoza.edu.ar\/sitio\/wp-content\/uploads\/2023\/06\/WhatsApp-Image-2023-06-21-at-14.34.41.jpeg 1200w, https:\/\/ens9002-infd.mendoza.edu.ar\/sitio\/wp-content\/uploads\/2023\/06\/WhatsApp-Image-2023-06-21-at-14.34.41-1000x1000.jpeg 1000w, https:\/\/ens9002-infd.mendoza.edu.ar\/sitio\/wp-content\/uploads\/2023\/06\/WhatsApp-Image-2023-06-21-at-14.34.41-500x500.jpeg 500w, https:\/\/ens9002-infd.mendoza.edu.ar\/sitio\/wp-content\/uploads\/2023\/06\/WhatsApp-Image-2023-06-21-at-14.34.41-768x768.jpeg 768w\" sizes=\"(max-width: 1200px) 100vw, 1200px\" \/><\/figure>\n\n\n\n<figure class=\"wp-block-image size-full\"><img decoding=\"async\" loading=\"lazy\" width=\"1080\" height=\"1080\" src=\"https:\/\/ens9002-infd.mendoza.edu.ar\/sitio\/wp-content\/uploads\/2023\/05\/Convocatoria-Nacional-2023.png\" alt=\"\" class=\"wp-image-13281\" srcset=\"https:\/\/ens9002-infd.mendoza.edu.ar\/sitio\/wp-content\/uploads\/2023\/05\/Convocatoria-Nacional-2023.png 1080w, https:\/\/ens9002-infd.mendoza.edu.ar\/sitio\/wp-content\/uploads\/2023\/05\/Convocatoria-Nacional-2023-1000x1000.png 1000w, https:\/\/ens9002-infd.mendoza.edu.ar\/sitio\/wp-content\/uploads\/2023\/05\/Convocatoria-Nacional-2023-500x500.png 500w, https:\/\/ens9002-infd.mendoza.edu.ar\/sitio\/wp-content\/uploads\/2023\/05\/Convocatoria-Nacional-2023-768x768.png 768w\" sizes=\"(max-width: 1080px) 100vw, 1080px\" \/><figcaption class=\"wp-element-caption\">Link para videollamada: <a href=\"https:\/\/meet.google.com\/eys-vcbo-ofr\">https:\/\/meet.google.com\/eys-vcbo-ofr<\/a><\/figcaption><\/figure>\n\n\n\n<p class=\"has-base-3-color has-text-color has-background\" style=\"background-color:#0bb5af;font-size:17px\">ENCUENTRO DE <strong>APERTURA DE LA CONVOCATORIA 2023<\/strong> A PROYECTOS DE INVESTIGACI\u00d3N DE INSTITUTOS SUPERIORES DE FORMACI\u00d3N DOCENTE<\/p>\n\n\n\n<figure class=\"wp-block-embed is-type-video is-provider-youtube wp-block-embed-youtube wp-embed-aspect-16-9 wp-has-aspect-ratio\"><div class=\"wp-block-embed__wrapper\">\n<iframe loading=\"lazy\" title=\"Encuentro de apertura de la convocatoria 2023 de proyectos de investigaci\u00f3n en ISFD.\" width=\"1200\" height=\"675\" src=\"https:\/\/www.youtube.com\/embed\/i0VSeTTYtjE?feature=oembed\" frameborder=\"0\" allow=\"accelerometer; autoplay; clipboard-write; encrypted-media; gyroscope; picture-in-picture; web-share\" allowfullscreen><\/iframe>\n<\/div><\/figure>\n\n\n\n<hr class=\"wp-block-separator has-alpha-channel-opacity\"\/>\n\n\n\n<p class=\"has-white-color has-text-color has-background\" style=\"background-color:#008db5\">CONCURSO SOBRE <strong>PROYECTOS DE INVESTIGACI\u00d3N ACERCA DE LAS PR\u00c1CTICAS PROFESIONALES Y RESIDENCIAS DOCENTES 2022<\/strong> | Fecha l\u00edmite de presentaci\u00f3n: 15 de junio de 2022<\/p>\n\n\n\n<ul>\n<li>BASES DEL CONCURSO &#8211; Memor\u00e1ndum 59 CGES 2022 |<a href=\"https:\/\/ens9002-infd.mendoza.edu.ar\/sitio\/wp-content\/uploads\/2022\/06\/MEMORANDUM-N\u00b0-59\u2013CGES\u20132022.pdf\" data-type=\"URL\" data-id=\"https:\/\/ens9002-infd.mendoza.edu.ar\/sitio\/wp-content\/uploads\/2022\/06\/MEMORANDUM-N\u00b0-59\u2013CGES\u20132022.pdf\" target=\"_blank\" rel=\"noreferrer noopener\"> clic aqu\u00ed<\/a><\/li>\n<\/ul>\n\n\n\n<ul>\n<li>ANEXO MEMOR\u00c1NDUM &#8211; Investigaci\u00f3n acerca de las pr\u00e1cticas profesionales y residencias docentes 2022 &#8211; Bases del concurso | <a href=\"https:\/\/ens9002-infd.mendoza.edu.ar\/sitio\/wp-content\/uploads\/2022\/06\/ANEXO-I-Bases-investigacion-sobe-las-PPDRD-2022.pdf\" data-type=\"URL\" data-id=\"https:\/\/ens9002-infd.mendoza.edu.ar\/sitio\/wp-content\/uploads\/2022\/06\/ANEXO-I-Bases-investigacion-sobe-las-PPDRD-2022.pdf\" target=\"_blank\" rel=\"noreferrer noopener\">clic aqu\u00ed<\/a><\/li>\n<\/ul>\n\n\n\n<ul>\n<li>PAUTA PARA PROYECTO DE INVESTIGACI\u00d3N &#8211; Investigaci\u00f3n acerca de las pr\u00e1cticas profesionales y residencias docentes 2022 | <a href=\"https:\/\/docs.google.com\/document\/d\/1fqnHH8RCwJoZoBvHWJRrmPYGb_7dXHR4\/edit?usp=sharing&amp;ouid=109833175172900422305&amp;rtpof=true&amp;sd=true\" data-type=\"URL\" data-id=\"https:\/\/docs.google.com\/document\/d\/1fqnHH8RCwJoZoBvHWJRrmPYGb_7dXHR4\/edit?usp=sharing&amp;ouid=109833175172900422305&amp;rtpof=true&amp;sd=true\" target=\"_blank\" rel=\"noreferrer noopener\">clic aqu\u00ed<\/a><\/li>\n<\/ul>\n\n\n\n<ul>\n<li>SOLICITUD DE NO OBJECI\u00d3N |<a href=\"https:\/\/docs.google.com\/spreadsheets\/d\/16DANl_4GFhPaYRwFuVP4OQ4IQe94M4gB\/edit?usp=sharing&amp;ouid=109833175172900422305&amp;rtpof=true&amp;sd=true\" data-type=\"URL\" data-id=\"https:\/\/docs.google.com\/spreadsheets\/d\/16DANl_4GFhPaYRwFuVP4OQ4IQe94M4gB\/edit?usp=sharing&amp;ouid=109833175172900422305&amp;rtpof=true&amp;sd=true\" target=\"_blank\" rel=\"noreferrer noopener\"> clic aqu\u00ed<\/a><\/li>\n<\/ul>\n\n\n\n<p class=\"has-white-color has-text-color has-background\" style=\"background-color:#17657f\">CONVOCATORIA \u2013 <strong>PROYECTOS DE INVESTIGACI\u00d3N EDUCATIVA<\/strong> | <strong>EXTENSI\u00d3N DE LA FECHA DE PRESENTACI\u00d3N: 10 de junio de 2022<\/strong><\/p>\n\n\n\n<p style=\"font-size:18px\"><\/p>\n\n\n\n<ul>\n<li>Bases y condiciones para la conformaci\u00f3n de equipos de investigaci\u00f3n y presentaci\u00f3n de proyectos&nbsp;\u2013&nbsp;<a href=\"https:\/\/ens9002-infd.mendoza.edu.ar\/sitio\/wp-content\/uploads\/2022\/05\/CONVOCATORIA-2022-PARA-PRESENTACION-DE-PROYECTOS-DE-INVESTIGACION.pdf\">clic aqu\u00ed<\/a><\/li>\n<\/ul>\n\n\n\n<ul>\n<li>L\u00edneas de acci\u00f3n e investigaci\u00f3n propuestas&nbsp;\u2013&nbsp;<a href=\"https:\/\/ens9002-infd.mendoza.edu.ar\/sitio\/wp-content\/uploads\/2022\/05\/lineas-de-accion-e-investigacion.pdf\">clic aqu\u00ed<\/a><\/li>\n<\/ul>\n\n\n\n<ul>\n<li>CONTACTO Y ENV\u00cdO DE PROYECTOS:&nbsp;<a href=\"mailto:investigaciontgc@gmail.com\">investigaciontgc@gmail.com<\/a>&nbsp;<\/li>\n<\/ul>\n\n\n\n<p>Reuni\u00f3n informativa abierta: lunes 16 de mayo de 2022, 17 h -formato bimodal- |&nbsp;Presencial: sede en edificio de Montevideo \u2013 Virtual a trav\u00e9s de&nbsp;Google Meet:&nbsp;<a href=\"https:\/\/meet.google.com\/tig-qeop-skr\">https:\/\/meet.google.com\/tig-qeop-skr<\/a><\/p>\n\n\n\n<p><\/p>\n\n\n\n<h1 class=\"wp-block-heading\" style=\"font-size:24px\"><strong>FORMULARIOS 2022<\/strong><\/h1>\n\n\n\n<ul>\n<li><a href=\"https:\/\/ens9002-infd.mendoza.edu.ar\/sitio\/wp-content\/uploads\/2022\/03\/02-Pauta-para-avances-de-investigacion-educativa-2022-1.docx\"> Pauta para avances de investigaci\u00f3n educativa (2022)<\/a><\/li>\n<\/ul>\n\n\n\n<ul>\n<li><a href=\"https:\/\/ens9002-infd.mendoza.edu.ar\/sitio\/wp-content\/uploads\/2022\/03\/03-Pauta-para-informes-finales-de-investigacion-educativa-2022.docx\">Pauta para presentar informes finales (2022)<\/a><\/li>\n<\/ul>\n\n\n\n<ul>\n<li><a href=\"https:\/\/ens9002-infd.mendoza.edu.ar\/sitio\/wp-content\/uploads\/2022\/03\/01-Pauta-para-proyectos-de-investigacion-educativa-2022.docx\">Pauta para proyectos de investigaci\u00f3n educativa (2022)<\/a><\/li>\n<\/ul>\n\n\n\n<p><\/p>\n","protected":false},"excerpt":{"rendered":"<p>INVESTIGACI\u00d3N 2022-2023 ENCUENTRO DE APERTURA DE LA CONVOCATORIA 2023 A PROYECTOS DE INVESTIGACI\u00d3N DE INSTITUTOS SUPERIORES DE FORMACI\u00d3N DOCENTE CONCURSO SOBRE PROYECTOS DE INVESTIGACI\u00d3N ACERCA DE LAS PR\u00c1CTICAS PROFESIONALES Y RESIDENCIAS DOCENTES 2022 | Fecha l\u00edmite de presentaci\u00f3n: 15 de junio de 2022 CONVOCATORIA \u2013 PROYECTOS DE INVESTIGACI\u00d3N EDUCATIVA | EXTENSI\u00d3N DE LA FECHA DE &#8230; <a title=\"Investigaci\u00f3n 2022 &#8211; 2023\" class=\"read-more\" href=\"https:\/\/ens9002-infd.mendoza.edu.ar\/sitio\/investigacion-2022\/\" aria-label=\"More on Investigaci\u00f3n 2022 &#8211; 2023\">[+]<\/a><\/p>\n","protected":false},"author":4776,"featured_media":0,"parent":0,"menu_order":0,"comment_status":"closed","ping_status":"closed","template":"","meta":[],"acf":[],"_links":{"self":[{"href":"https:\/\/ens9002-infd.mendoza.edu.ar\/sitio\/wp-json\/wp\/v2\/pages\/10768"}],"collection":[{"href":"https:\/\/ens9002-infd.mendoza.edu.ar\/sitio\/wp-json\/wp\/v2\/pages"}],"about":[{"href":"https:\/\/ens9002-infd.mendoza.edu.ar\/sitio\/wp-json\/wp\/v2\/types\/page"}],"author":[{"embeddable":true,"href":"https:\/\/ens9002-infd.mendoza.edu.ar\/sitio\/wp-json\/wp\/v2\/users\/4776"}],"replies":[{"embeddable":true,"href":"https:\/\/ens9002-infd.mendoza.edu.ar\/sitio\/wp-json\/wp\/v2\/comments?post=10768"}],"version-history":[{"count":22,"href":"https:\/\/ens9002-infd.mendoza.edu.ar\/sitio\/wp-json\/wp\/v2\/pages\/10768\/revisions"}],"predecessor-version":[{"id":17785,"href":"https:\/\/ens9002-infd.mendoza.edu.ar\/sitio\/wp-json\/wp\/v2\/pages\/10768\/revisions\/17785"}],"wp:attachment":[{"href":"https:\/\/ens9002-infd.mendoza.edu.ar\/sitio\/wp-json\/wp\/v2\/media?parent=10768"}],"curies":[{"name":"wp","href":"https:\/\/api.w.org\/{rel}","templated":true}]}}