{"id":12027,"date":"2022-11-04T20:33:23","date_gmt":"2022-11-04T23:33:23","guid":{"rendered":"https:\/\/ens9002-infd.mendoza.edu.ar\/sitio\/?page_id=12027"},"modified":"2026-05-13T17:52:59","modified_gmt":"2026-05-13T20:52:59","slug":"convocatoria-suplencia-docente-2023","status":"publish","type":"page","link":"https:\/\/ens9002-infd.mendoza.edu.ar\/sitio\/convocatoria-suplencia-docente-2023\/","title":{"rendered":"CONVOCATORIA SUPLENCIA DOCENTE 2025"},"content":{"rendered":"\n<p class=\"has-large-font-size\"><\/p>\n\n\n\n<div class=\"wp-block-columns is-layout-flex wp-container-3\">\n<div class=\"wp-block-column is-layout-flow\">\n<figure class=\"wp-block-image size-large\"><a href=\"https:\/\/ens9002-infd.mendoza.edu.ar\/aula\/index.cgi?id_curso=21\"><img decoding=\"async\" loading=\"lazy\" width=\"1900\" height=\"543\" src=\"https:\/\/ens9002-infd.mendoza.edu.ar\/sitio\/wp-content\/uploads\/2025\/09\/INGRESO-2025-1900x543.jpg\" alt=\"\" class=\"wp-image-19498\" srcset=\"https:\/\/ens9002-infd.mendoza.edu.ar\/sitio\/wp-content\/uploads\/2025\/09\/INGRESO-2025-1900x543.jpg 1900w, https:\/\/ens9002-infd.mendoza.edu.ar\/sitio\/wp-content\/uploads\/2025\/09\/INGRESO-2025-1000x286.jpg 1000w, https:\/\/ens9002-infd.mendoza.edu.ar\/sitio\/wp-content\/uploads\/2025\/09\/INGRESO-2025-768x219.jpg 768w, https:\/\/ens9002-infd.mendoza.edu.ar\/sitio\/wp-content\/uploads\/2025\/09\/INGRESO-2025-1536x439.jpg 1536w, https:\/\/ens9002-infd.mendoza.edu.ar\/sitio\/wp-content\/uploads\/2025\/09\/INGRESO-2025-2048x585.jpg 2048w\" sizes=\"(max-width: 1900px) 100vw, 1900px\" \/><\/a><\/figure>\n<\/div>\n\n\n\n<div class=\"wp-block-column is-layout-flow\">\n<figure class=\"wp-block-image size-large\"><a href=\"https:\/\/dti.mendoza.edu.ar\/superior\/docentes\/public\/\"><img decoding=\"async\" loading=\"lazy\" width=\"1900\" height=\"543\" src=\"https:\/\/ens9002-infd.mendoza.edu.ar\/sitio\/wp-content\/uploads\/2025\/08\/10-1900x543.png\" alt=\"\" class=\"wp-image-19109\" srcset=\"https:\/\/ens9002-infd.mendoza.edu.ar\/sitio\/wp-content\/uploads\/2025\/08\/10-1900x543.png 1900w, https:\/\/ens9002-infd.mendoza.edu.ar\/sitio\/wp-content\/uploads\/2025\/08\/10-1000x286.png 1000w, https:\/\/ens9002-infd.mendoza.edu.ar\/sitio\/wp-content\/uploads\/2025\/08\/10-768x219.png 768w, https:\/\/ens9002-infd.mendoza.edu.ar\/sitio\/wp-content\/uploads\/2025\/08\/10-1536x439.png 1536w, https:\/\/ens9002-infd.mendoza.edu.ar\/sitio\/wp-content\/uploads\/2025\/08\/10-2048x585.png 2048w\" sizes=\"(max-width: 1900px) 100vw, 1900px\" \/><\/a><\/figure>\n<\/div>\n<\/div>\n\n\n\n<p class=\"has-base-3-color has-accent-background-color has-text-color has-background has-medium-font-size\"><em><strong>INSCRIPCIONES 2025 PARA CUBRIR SUPLENCIAS EN EL NIVEL SUPERIOR <\/strong>| SISTEMA DES<\/em><\/p>\n\n\n\n<ul>\n<li>Ingres\u00e1 <a rel=\"noreferrer noopener\" href=\"https:\/\/dti.mendoza.edu.ar\/superior\/suplencias\/public\/\" data-type=\"URL\" data-id=\"https:\/\/dti.mendoza.edu.ar\/superior\/suplencias\/public\/\" target=\"_blank\">aqu\u00ed<\/a>.<\/li>\n\n\n\n<li>Carg\u00e1 por \u00fanica vez tus datos y antecedentes.<\/li>\n\n\n\n<li>Inscribite en las materias a las que desees tomar suplencia, de cualquier IES de gesti\u00f3n estatal de Mendoza.<\/li>\n<\/ul>\n\n\n\n<hr class=\"wp-block-separator has-alpha-channel-opacity\"\/>\n\n\n\n<p>Las Autoridades del Instituto de Formaci\u00f3n Docente y T\u00e9cnico T-002 Tomas Godoy Cruz sito en calle mitre y Montevideo, entrada por Montevideo, convocan a profesores inscriptos para los \u00f3rdenes de m\u00e9rito 2026 a fin de notificarse de los mismos desde el d\u00eda martes 12 de mayo 2026 a las 20:00 horas y hasta el d\u00eda jueves 14 de mayo a las 08:00 horas, seg\u00fan el siguiente detalle:<br>PROFESORADO DE ARTES VISUALES: FORMACI\u00d3N PR\u00c1CTICA PROFESIONAL II (PERFIL GENERALISTA)<br>PROFESORADO DE ARTES VISUALES: DID\u00c1CTICA GENERAL<br>PROFESORADO DE EDUCACI\u00d3N SECUNDARIA EN MATEM\u00c1TICA: PR\u00c1CTICA PROFESIONAL DOCENTE I (PERFIL GENERALISTA)<br>PROFESORADO DE EDUCACI\u00d3N PRIMARIA: CIENCIAS SOCIALES Y SU DID\u00c1CTICA II<\/p>\n\n\n\n<hr class=\"wp-block-separator has-alpha-channel-opacity\"\/>\n\n\n\n<p>Las Autoridades del Instituto de Formaci\u00f3n Docente y T\u00e9cnico T-002 Tomas Godoy Cruz sito en calle mitre y Montevideo, entrada por Montevideo, convocan a profesores inscriptos para los \u00f3rdenes de m\u00e9rito 2026 a fin de notificarse de los mismos desde el d\u00eda Viernes 08 de mayo 2026 a las 08:00 horas y hasta el d\u00eda lunes 10 de mayo a las 08:00 horas, seg\u00fan el siguiente detalle:<br>PROFESORADO DE EDUCACI\u00d3N SECUNDARIA EN BIOLOG\u00cdA: Filosof\u00eda<\/p>\n\n\n\n<hr class=\"wp-block-separator has-alpha-channel-opacity\"\/>\n\n\n\n<p>Las Autoridades del Instituto de Formaci\u00f3n Docente y T\u00e9cnico T-002 Tomas Godoy Cruz sito en calle mitre y Montevideo, entrada por Montevideo, convocan a profesores inscriptos para los \u00f3rdenes de m\u00e9rito 2026 a fin de notificarse de los mismos desde el d\u00eda Viernes 08 de mayo 2026 a las 08:00 horas y hasta el d\u00eda lunes 10 de mayo a las 08:00 horas, seg\u00fan el siguiente detalle:<br>PROFESORADO DE EDUCACI\u00d3N ESPECIAL: PRACTICA PROFESIONAL DOCENTE III (PERFIL GENERALISTA)<br>PROFESORADO DE EDUCACI\u00d3N ESPECIAL: PRACTICA PROFESIONAL DOCENTE III (PERFIL DISCIPLINAR)<br>PROFESORADO DE EDUCACI\u00d3N ESPECIAL: ABORDAJE PEDAGOGICO II<br>PROFESORADO DE EDUCACI\u00d3N ESPECIAL: PERSPECTIVASOCIAL TRANSICI\u00d3N A LA VIDA ADULTA Y OCUPACION LABORAL<br>PROFESORADO DE EDUCACI\u00d3N ESPECIAL: SUJETO DE LA EDUCACION I<\/p>\n\n\n\n<hr class=\"wp-block-separator has-alpha-channel-opacity\"\/>\n\n\n\n<p>Las Autoridades del Instituto Superior de Formaci\u00f3n Docente y T\u00e9cnica 9-002 \u201cTom\u00e1s Godoy Cruz\u201d, sito en calle Montevideo y Mitre de Ciudad, entrada por Montevideo, en cumplimiento del Decreto 530\/18 que prev\u00e9 la activaci\u00f3n del orden de m\u00e9ritos para la cobertura en car\u00e1cter de Suplente en horas vacantes, convoca a los docentes que se detallan a continuaci\u00f3n, a presentarse para la recepci\u00f3n de documentaci\u00f3n de las carpetas de antecedentes, el d\u00eda 11 de mayo de 2026,a las 10.00 hs de las Unidad Curricular: Instituciones Educativas del Profesorado de Educaci\u00f3n Inicial.Situaci\u00f3n revista: Suplente art. 52 del docente a cargo de la Unidad Curricular.Condici\u00f3n: 1\u00b0 Cuatrimestre.Horas: 5 hs c\u00e1tedra. Curso: 2\u00ba a\u00f1o Comisi\u00f3n:1\u00b0.Horario de cursado: Jueves de 13.30 a 15.30 hs. a las 10.10 hs de las Unidad Curricular: Did\u00e1ctica del Profesorado de Educaci\u00f3n Inicial. Situaci\u00f3n revista: Suplente art. 52 del docente a cargo de la Unidad Curricular.Condici\u00f3n: 1\u00b0 Cuatrimestre.Horas: 5 hs c\u00e1tedra.Curso: 2\u00ba a\u00f1o Comisi\u00f3n:2\u00b0.Horario de cursado: Lunes de 10.00 a 12.00 hs.a las 10.20 hs de las Unidad Curricular: T\u00e9cnica Bidimensionales II (Grabado) Tecnicatura Superior en Producci\u00f3n Art\u00edstica Artesanal.Situaci\u00f3n revista: Suplente art.61 del docente a cargo de la Unidad Curricular.Condici\u00f3n: ANUAL.Horas: 4hs c\u00e1tedra.Curso: 2\u00ba a\u00f1o Comisi\u00f3n:1\u00b0.Horario de cursado: Jueves de 18.30 a 20.30 hs.a las 10.30 hs de las Unidad Curricular: Did\u00e1ctica General del Profesorado de Biolog\u00eda .Situaci\u00f3n revista: Suplente a T\u00e9rmino.Condici\u00f3n: 1\u00b0 Cuatrimestre.Horas: 5 hs c\u00e1tedra.Curso: 2\u00b0 a\u00f1o Comisi\u00f3n \u00fanica.Horario de cursado: Mi\u00e9rcoles de 19.50 a 21.50 hs.Postulantes: seg\u00fan Autotabulaci\u00f3n del Sistema de la DES Documentaci\u00f3n:Carpeta de Antecedentes (debe estar ordenada), T\u00edtulos y Post\u00edtulos, DDJJ actualizada, Certificado de Aptitud psicof\u00edsico (Salud Laboral) vigente, Fotocopia del DNI, Constancia de CUIL, Constancia \u00faltimo voto, Certificado de Antecedentes Penales, Certificado Ley Micaela.Presentaci\u00f3n de Proyecto para la instancia de Oposici\u00f3n, el cual consiste en el desarrollo de un descriptor en funci\u00f3n de lo establecido para esta Unidad Curricular, seg\u00fan Dise\u00f1o Curricular vigente.<\/p>\n\n\n\n<hr class=\"wp-block-separator has-alpha-channel-opacity\"\/>\n\n\n\n<p>Las Autoridades del Instituto de Formaci\u00f3n Docente y T\u00e9cnico T-002 Tomas Godoy Cruz sito en calle mitre y Montevideo, entrada por Montevideo, convocan a profesores inscriptos para los \u00f3rdenes de m\u00e9rito 2026 a fin de notificarse de los mismos desde el d\u00eda lunes 04 de mayo 2026 a las 08:00 horas y hasta el d\u00eda martes 05 de mayo a las 20:00 horas, seg\u00fan el siguiente detalle: PROFESORADO DE EDUCACI\u00d3N SECUNDARIA EN BIOLOG\u00cdA: Did\u00e1ctica General<br>PROFESORADO DE EDUCACI\u00d3N INICIAL : Did\u00e1ctica<br>PROFESORADO DE EDUCACI\u00d3N PRIMARIA: Did\u00e1ctica<br>PROFESORADO DE INGL\u00c9S: Pr\u00e1ctica Profesional Docente II (Perfil Generalista)<br>PROFESORADO DE EDUCACION INICIAL \u201cPRACTICA PROFESIONAL DOCENTE III (PERFIL GENERALISTA)<br>PROFESORADO DE EDUCACI\u00d3N ESPECIAL Sistema Educativo<br>PROFESORADO DE EDUCACION SECUNDARIA EN FISICA \u201cDid\u00e1ctica General\u201d.<br>PROFESORADO DE EDUCACION SECUNDARIA EN FISICA \u201cC\u00e1lculo III\u201d<\/p>\n\n\n\n<hr class=\"wp-block-separator has-alpha-channel-opacity\"\/>\n\n\n\n<p>Las Autoridades del Instituto Superior de Formaci\u00f3n Docente y T\u00e9cnica 9-002 \u201cTom\u00e1s Godoy Cruz\u201d, sito en calle Montevideo y Mitre de Ciudad, entrada por Montevideo, en cumplimiento del Decreto 530\/18 que prev\u00e9 la activaci\u00f3n del orden de m\u00e9ritos para la cobertura en car\u00e1cter de Suplente en horas vacantes, convoca a los docentes que se detallan a continuaci\u00f3n, a presentarse para la recepci\u00f3n de documentaci\u00f3n de las carpetas de antecedentes, el d\u00eda 30 de abril de 2026,a las 16.30 hs de las Unidad Curricular: P.PD IV, de 4\u00ba a\u00f1o del Profesorado de Educaci\u00f3n Inicial. Situaci\u00f3n revista: Suplente art. 44 del docente a cargo de la Unidad Curricular. Condici\u00f3n: ANUAL. Horas: 18 hs c\u00e1tedra. Curso: 4\u00ba a\u00f1o. Horario de cursado: a CONVENIR. Postulantes: seg\u00fan Autotabulaci\u00f3n del Sistema de la DES Documentaci\u00f3n: Carpeta de Antecedentes (debe estar ordenada), T\u00edtulos y Post\u00edtulos, DDJJ actualizada, Certificado de Aptitud psicof\u00edsico (Salud Laboral) vigente, Fotocopia del DNI, Constancia de CUIL, Constancia \u00faltimo voto, Certificado de Antecedentes Penales, Certificado Ley Micaela. Presentaci\u00f3n de Proyecto para la instancia de Oposici\u00f3n, el cual consiste en el desarrollo de un descriptor en funci\u00f3n de lo establecido para esta Unidad Curricular, seg\u00fan Dise\u00f1o Curricular vigente.<\/p>\n\n\n\n<hr class=\"wp-block-separator has-alpha-channel-opacity\"\/>\n\n\n\n<p>Las Autoridades del Instituto de Formaci\u00f3n Docente y T\u00e9cnico T-002 Tomas Godoy Cruz sito en calle mitre y Montevideo, entrada por Montevideo, convocan a profesores inscriptos para los \u00f3rdenes de m\u00e9rito 2026 a fin de notificarse de los mismos desde el d\u00eda martes 28 de abril 2026 a las 08:00 horas y hasta el d\u00eda mi\u00e9rcoles 29 de abril a las 20:00 horas, seg\u00fan el siguiente detalle: PROFESORADO DE EDUCACION ESPECIAL \u201cPSICOMOTRICIDAD\u201d<\/p>\n\n\n\n<hr class=\"wp-block-separator has-alpha-channel-opacity\"\/>\n\n\n\n<p>Las Autoridades del Instituto de Formaci\u00f3n Docente y T\u00e9cnico T-002 Tomas Godoy Cruz sito en calle mitre y Montevideo, entrada por Montevideo, convocan a profesores inscriptos para los \u00f3rdenes de m\u00e9rito 2026 a fin de notificarse de los mismos desde el d\u00eda martes 28 de abril 2026 a las 08:00 horas y hasta el d\u00eda mi\u00e9rcoles 29 de abril a las 20:00 horas, seg\u00fan el siguiente detalle: PROFESORADO DE EDUCACION INICIAL \u201cPRACTICA PROFESIONAL DOCENTE IV (PERFIL GENERALISTA), PROFESORADO DE EDUCACI\u00d3N INICIAL \u201cDID\u00c1CTICA DE JARDIN DE INFANTES\u201d, PROFESORADO DE EDUCACION PRIMARIA \u201cCIENCIAS SOCIALES Y SU DUDACTICA\u201d.<\/p>\n\n\n\n<p><\/p>\n\n\n\n<hr class=\"wp-block-separator has-alpha-channel-opacity\"\/>\n\n\n\n<div class=\"wp-block-buttons is-content-justification-center is-layout-flex wp-container-4\">\n<div class=\"wp-block-button has-custom-font-size is-style-fill has-medium-font-size\"><a class=\"wp-block-button__link has-accent-background-color has-background wp-element-button\" href=\"https:\/\/ens9002-infd.mendoza.edu.ar\/sitio\/home-nuevo\/\" style=\"border-radius:31px\">volver al inicio<\/a><\/div>\n<\/div>\n\n\n\n<hr class=\"wp-block-separator has-alpha-channel-opacity\"\/>\n","protected":false},"excerpt":{"rendered":"<p>INSCRIPCIONES 2025 PARA CUBRIR SUPLENCIAS EN EL NIVEL SUPERIOR | SISTEMA DES Las Autoridades del Instituto de Formaci\u00f3n Docente y T\u00e9cnico T-002 Tomas Godoy Cruz sito en calle mitre y Montevideo, entrada por Montevideo, convocan a profesores inscriptos para los \u00f3rdenes de m\u00e9rito 2026 a fin de notificarse de los mismos desde el d\u00eda martes &#8230; <a title=\"CONVOCATORIA SUPLENCIA DOCENTE 2025\" class=\"read-more\" href=\"https:\/\/ens9002-infd.mendoza.edu.ar\/sitio\/convocatoria-suplencia-docente-2023\/\" aria-label=\"More on CONVOCATORIA SUPLENCIA DOCENTE 2025\">[+]<\/a><\/p>\n","protected":false},"author":10055,"featured_media":0,"parent":0,"menu_order":0,"comment_status":"closed","ping_status":"closed","template":"","meta":[],"acf":[],"_links":{"self":[{"href":"https:\/\/ens9002-infd.mendoza.edu.ar\/sitio\/wp-json\/wp\/v2\/pages\/12027"}],"collection":[{"href":"https:\/\/ens9002-infd.mendoza.edu.ar\/sitio\/wp-json\/wp\/v2\/pages"}],"about":[{"href":"https:\/\/ens9002-infd.mendoza.edu.ar\/sitio\/wp-json\/wp\/v2\/types\/page"}],"author":[{"embeddable":true,"href":"https:\/\/ens9002-infd.mendoza.edu.ar\/sitio\/wp-json\/wp\/v2\/users\/10055"}],"replies":[{"embeddable":true,"href":"https:\/\/ens9002-infd.mendoza.edu.ar\/sitio\/wp-json\/wp\/v2\/comments?post=12027"}],"version-history":[{"count":129,"href":"https:\/\/ens9002-infd.mendoza.edu.ar\/sitio\/wp-json\/wp\/v2\/pages\/12027\/revisions"}],"predecessor-version":[{"id":20623,"href":"https:\/\/ens9002-infd.mendoza.edu.ar\/sitio\/wp-json\/wp\/v2\/pages\/12027\/revisions\/20623"}],"wp:attachment":[{"href":"https:\/\/ens9002-infd.mendoza.edu.ar\/sitio\/wp-json\/wp\/v2\/media?parent=12027"}],"curies":[{"name":"wp","href":"https:\/\/api.w.org\/{rel}","templated":true}]}}