{"id":13544,"date":"2023-08-03T13:00:52","date_gmt":"2023-08-03T16:00:52","guid":{"rendered":"https:\/\/ens9002-infd.mendoza.edu.ar\/sitio\/?page_id=13544"},"modified":"2026-02-25T18:19:53","modified_gmt":"2026-02-25T21:19:53","slug":"inscripciones-2024","status":"publish","type":"page","link":"https:\/\/ens9002-infd.mendoza.edu.ar\/sitio\/inscripciones-2024\/","title":{"rendered":"Proceso de Inscripci\u00f3n 2026"},"content":{"rendered":"\n<h6 class=\"wp-block-heading has-text-align-center has-contrast-color has-base-3-background-color has-text-color has-background\"><em>PARA CONOCER M\u00c1S INFORMACI\u00d3N, TOC\u00c1 SOBRE CADA BOT\u00d3N  <\/em><\/h6>\n\n\n\n<div class=\"wp-block-columns is-layout-flex wp-container-6\">\n<div class=\"wp-block-column is-layout-flow\">\n<figure class=\"wp-block-image size-full\"><a href=\"https:\/\/ens9002-infd.mendoza.edu.ar\/sitio\/informacion-general-ingreso-2024\/\"><img decoding=\"async\" loading=\"lazy\" width=\"250\" height=\"250\" src=\"https:\/\/ens9002-infd.mendoza.edu.ar\/sitio\/wp-content\/uploads\/2023\/08\/Diseno-sin-titulo-7-e1691079238573.png\" alt=\"\" class=\"wp-image-13545\"\/><\/a><figcaption class=\"wp-element-caption\">    Informaci\u00f3n    <\/figcaption><\/figure>\n<\/div>\n\n\n\n<div class=\"wp-block-column is-layout-flow\">\n<figure class=\"wp-block-image size-full\"><a href=\"https:\/\/ens9002-infd.mendoza.edu.ar\/sitio\/ingreso-2024\"><img decoding=\"async\" loading=\"lazy\" width=\"250\" height=\"250\" src=\"https:\/\/ens9002-infd.mendoza.edu.ar\/sitio\/wp-content\/uploads\/2023\/08\/Diseno-sin-titulo-2-e1691079127428.png\" alt=\"\" class=\"wp-image-13550\"\/><\/a><figcaption class=\"wp-element-caption\">        Ingreso<\/figcaption><\/figure>\n<\/div>\n\n\n\n<div class=\"wp-block-column is-layout-flow\">\n<figure class=\"wp-block-image size-full is-resized\"><a href=\"https:\/\/ens9002-infd.mendoza.edu.ar\/sitio\/cronograma-ingreso-2024\/\"><img decoding=\"async\" loading=\"lazy\" src=\"https:\/\/ens9002-infd.mendoza.edu.ar\/sitio\/wp-content\/uploads\/2023\/08\/Diseno-sin-titulo-4-e1691079176508.png\" alt=\"\" class=\"wp-image-13548\" width=\"166\" height=\"166\"\/><\/a><figcaption class=\"wp-element-caption\">Ex\u00e1menes<\/figcaption><\/figure>\n\n\n\n<p><\/p>\n<\/div>\n\n\n\n<div class=\"wp-block-column is-layout-flow\">\n<figure class=\"wp-block-image size-full\"><a href=\"https:\/\/ens9002-infd.mendoza.edu.ar\/sitio\/cuadernillos-ingreso-2024\/\"><img decoding=\"async\" loading=\"lazy\" width=\"250\" height=\"250\" src=\"https:\/\/ens9002-infd.mendoza.edu.ar\/sitio\/wp-content\/uploads\/2023\/08\/Diseno-sin-titulo-6-e1691079223811.png\" alt=\"\" class=\"wp-image-13546\"\/><\/a><figcaption class=\"wp-element-caption\">    Cuadernillos <\/figcaption><\/figure>\n<\/div>\n\n\n\n<div class=\"wp-block-column is-layout-flow\">\n<figure class=\"wp-block-image size-full\"><a href=\"https:\/\/ens9002-infd.mendoza.edu.ar\/sitio\/talleres-ingreso-2024\/\"><img decoding=\"async\" loading=\"lazy\" width=\"250\" height=\"250\" src=\"https:\/\/ens9002-infd.mendoza.edu.ar\/sitio\/wp-content\/uploads\/2023\/08\/Diseno-sin-titulo-5-e1691079207822.png\" alt=\"\" class=\"wp-image-13547\"\/><\/a><figcaption class=\"wp-element-caption\">        Talleres, consultas,  actividades por carrera<\/figcaption><\/figure>\n<\/div>\n<\/div>\n\n\n\n<div class=\"wp-block-buttons is-content-justification-center is-layout-flex wp-container-7\">\n<div class=\"wp-block-button is-style-fill\"><a class=\"wp-block-button__link has-background has-text-align-center wp-element-button\" href=\"https:\/\/ens9002-infd.mendoza.edu.ar\/sitio\/home-nuevo\/\" style=\"background-color:#080d7b\">INICIO<\/a><\/div>\n<\/div>\n","protected":false},"excerpt":{"rendered":"<p>PARA CONOCER M\u00c1S INFORMACI\u00d3N, TOC\u00c1 SOBRE CADA BOT\u00d3N<\/p>\n","protected":false},"author":4776,"featured_media":0,"parent":0,"menu_order":0,"comment_status":"closed","ping_status":"closed","template":"","meta":[],"acf":[],"_links":{"self":[{"href":"https:\/\/ens9002-infd.mendoza.edu.ar\/sitio\/wp-json\/wp\/v2\/pages\/13544"}],"collection":[{"href":"https:\/\/ens9002-infd.mendoza.edu.ar\/sitio\/wp-json\/wp\/v2\/pages"}],"about":[{"href":"https:\/\/ens9002-infd.mendoza.edu.ar\/sitio\/wp-json\/wp\/v2\/types\/page"}],"author":[{"embeddable":true,"href":"https:\/\/ens9002-infd.mendoza.edu.ar\/sitio\/wp-json\/wp\/v2\/users\/4776"}],"replies":[{"embeddable":true,"href":"https:\/\/ens9002-infd.mendoza.edu.ar\/sitio\/wp-json\/wp\/v2\/comments?post=13544"}],"version-history":[{"count":74,"href":"https:\/\/ens9002-infd.mendoza.edu.ar\/sitio\/wp-json\/wp\/v2\/pages\/13544\/revisions"}],"predecessor-version":[{"id":20072,"href":"https:\/\/ens9002-infd.mendoza.edu.ar\/sitio\/wp-json\/wp\/v2\/pages\/13544\/revisions\/20072"}],"wp:attachment":[{"href":"https:\/\/ens9002-infd.mendoza.edu.ar\/sitio\/wp-json\/wp\/v2\/media?parent=13544"}],"curies":[{"name":"wp","href":"https:\/\/api.w.org\/{rel}","templated":true}]}}