{"id":13812,"date":"2023-09-14T09:59:59","date_gmt":"2023-09-14T12:59:59","guid":{"rendered":"https:\/\/ens9002-infd.mendoza.edu.ar\/sitio\/?page_id=13812"},"modified":"2026-03-31T13:48:32","modified_gmt":"2026-03-31T16:48:32","slug":"cronograma-ingreso-2024","status":"publish","type":"page","link":"https:\/\/ens9002-infd.mendoza.edu.ar\/sitio\/cronograma-ingreso-2024\/","title":{"rendered":"Ex\u00e1menes de ingreso 2026"},"content":{"rendered":"<div class=\"wp-block-image\">\n<figure class=\"aligncenter size-full is-resized\"><img decoding=\"async\" loading=\"lazy\" src=\"https:\/\/ens9002-infd.mendoza.edu.ar\/sitio\/wp-content\/uploads\/2023\/08\/Diseno-sin-titulo-4-e1691079176508.png\" alt=\"\" class=\"wp-image-13548\" width=\"191\" height=\"191\"\/><\/figure><\/div>\n\n\n<p class=\"has-text-align-left has-base-3-color has-accent-background-color has-text-color has-background has-medium-font-size\"><strong><em>EX\u00c1MENES<\/em><\/strong><\/p>\n\n\n\n<p class=\"has-text-color has-medium-font-size\" style=\"color:#0a7894\"><strong><em>INSTANCIA JURISDICCIONAL<\/em><\/strong><\/p>\n\n\n\n<ul>\n<li class=\"has-medium-font-size\"><strong><em>PRIMERA INSTANCIA <\/em><\/strong><em><strong>|<\/strong><\/em> <em><strong>RESULTADOS DE EX\u00c1MENES<\/strong> | <strong>INGRES\u00c1 <\/strong><a rel=\"noreferrer noopener\" href=\"https:\/\/ens9002-infd.mendoza.edu.ar\/sitio\/ingreso-2026-resultados-de-examenes-jurisdiccionales-primera-instancia\/\" target=\"_blank\">AQU\u00cd<\/a><\/em><\/li>\n<\/ul>\n\n\n\n<ul>\n<li class=\"has-medium-font-size\"><strong><em>SEGUNDA INSTANCIA<\/em><\/strong><\/li>\n<\/ul>\n\n\n\n<ul>\n<li class=\"has-medium-font-size\"><strong><em>TERCERA INSTANCIA<\/em><\/strong><\/li>\n<\/ul>\n\n\n\n<div class=\"wp-block-buttons is-layout-flex\">\n<div class=\"wp-block-button has-custom-font-size has-medium-font-size\"><a class=\"wp-block-button__link has-background has-text-align-left wp-element-button\" style=\"border-radius:12px;background-color:#197ea6\"><strong>\u00a1ATENCI\u00d3N!<\/strong> En tercera instancia solo deben rendir quienes desaprobaron en la primera y la segunda -solo el examen que no aprobaron- y quienes no rindieron nunca anteriormente.<\/a><\/div>\n<\/div>\n\n\n\n<ul>\n<li><strong>06\/04<\/strong> | 18.30 horas: <strong>examen de <em>Comprensi\u00f3n y producci\u00f3n de textos<\/em><\/strong>. Se rendir\u00e1 en el instituto pero en modalidad virtual. Por lo tanto ten\u00e9s que asistir a la instituci\u00f3n con tu dispositivo electr\u00f3nico (celular) cargado con datos m\u00f3viles y bater\u00eda suficiente para poder rendir. Te recomendamos que est\u00e9s en el instituto media hora antes del horario de inicio. Ten\u00e9s que venir con tu DNI para acreditar identidad. Se tomar\u00e1 asistencia.<\/li>\n<\/ul>\n\n\n\n<ul>\n<li><strong>07\/04<\/strong> | 18.30 horas: <strong>examen de <em>Razonamiento l\u00f3gico y resoluci\u00f3n de problemas<\/em><\/strong>. Se rendir\u00e1 en el instituto pero en modalidad virtual. Por lo tanto ten\u00e9s que asistir a la instituci\u00f3n con tu dispositivo electr\u00f3nico (celular) cargado con datos m\u00f3viles y bater\u00eda suficiente para poder rendir. Te recomendamos que est\u00e9s en el instituto media hora antes del horario de inicio. Ten\u00e9s que venir con tu DNI para acreditar identidad. Se tomar\u00e1 asistencia. Pod\u00e9s traer calculado cient\u00edfica. <\/li>\n<\/ul>\n\n\n\n<p>Recibir\u00e1s un correo electr\u00f3nico -a la direcci\u00f3n con la que te inscribiste en el instituto- con el usuario y contrase\u00f1a para que ingreses en el campus virtual institucional. Cuando el sistema te pregunte, eleg\u00ed que quer\u00e9s mantener la contrase\u00f1a. <\/p>\n\n\n\n<p class=\"has-medium-font-size\"><strong>PASOS PARA RENDIR EL EXAMEN &#8211; Toc\u00e1 <a href=\"https:\/\/ens9002-infd.mendoza.edu.ar\/sitio\/wp-content\/uploads\/2026\/03\/Pasos-para-realizar-el-examen.pdf\" data-type=\"URL\" data-id=\"https:\/\/ens9002-infd.mendoza.edu.ar\/sitio\/wp-content\/uploads\/2026\/03\/Pasos-para-realizar-el-examen.pdf\" target=\"_blank\" rel=\"noreferrer noopener\">aqu\u00ed<\/a> para acceder<\/strong><\/p>\n\n\n\n<hr class=\"wp-block-separator has-alpha-channel-opacity\"\/>\n\n\n\n<p class=\"has-text-color has-medium-font-size\" style=\"color:#0a7894\"><strong><em>ESPEC\u00cdFICOS POR CARRERA<\/em><\/strong><\/p>\n\n\n\n<p>Para conocer el d\u00eda y la fecha del examen de la carrera en la que te inscribiste, ingres\u00e1 <a rel=\"noreferrer noopener\" href=\"https:\/\/docs.google.com\/spreadsheets\/d\/1jEY9ruB1X7PxjUWUgrjUH6ykaS45pPml7Ta5PSDDS0I\/edit?usp=sharing\" data-type=\"URL\" data-id=\"https:\/\/docs.google.com\/spreadsheets\/d\/1jEY9ruB1X7PxjUWUgrjUH6ykaS45pPml7Ta5PSDDS0I\/edit?usp=sharing\" target=\"_blank\">aqu\u00ed<\/a>. <\/p>\n\n\n\n<p>Record\u00e1 que PEP y PEI no rinden examen espec\u00edfico de carrera pero para el ingreso se tendr\u00e1 en cuenta el promedio entre los dos ex\u00e1menes aprobados de Comprensi\u00f3n Lectora y producci\u00f3n de textos y Razonamiento l\u00f3gico y resoluci\u00f3n de problemas. <\/p>\n\n\n\n<p><strong>En el caso de que se completase el cupo disponible para una carrera con los resultados de la primera instancia<\/strong>, quienes rindan en la segunda fecha y aprueben podr\u00e1n ingresar en 2026 -en otro instituto de la provincia que cuente con dicha carrera- o en el ciclo lectivo 2027 o 2028 en el IES Tom\u00e1s Godoy Cruz u otra instituci\u00f3n de nivel superior.<\/p>\n\n\n\n<div class=\"wp-block-buttons is-layout-flex\">\n<div class=\"wp-block-button aligncenter\"><a class=\"wp-block-button__link wp-element-button\" href=\"https:\/\/ens9002-infd.mendoza.edu.ar\/sitio\/inscripciones-2024\/\">INICIO<\/a><\/div>\n<\/div>\n","protected":false},"excerpt":{"rendered":"<p>EX\u00c1MENES INSTANCIA JURISDICCIONAL Recibir\u00e1s un correo electr\u00f3nico -a la direcci\u00f3n con la que te inscribiste en el instituto- con el usuario y contrase\u00f1a para que ingreses en el campus virtual institucional. Cuando el sistema te pregunte, eleg\u00ed que quer\u00e9s mantener la contrase\u00f1a. PASOS PARA RENDIR EL EXAMEN &#8211; Toc\u00e1 aqu\u00ed para acceder ESPEC\u00cdFICOS POR CARRERA &#8230; <a title=\"Ex\u00e1menes de ingreso 2026\" class=\"read-more\" href=\"https:\/\/ens9002-infd.mendoza.edu.ar\/sitio\/cronograma-ingreso-2024\/\" aria-label=\"More on Ex\u00e1menes de ingreso 2026\">[+]<\/a><\/p>\n","protected":false},"author":4776,"featured_media":0,"parent":0,"menu_order":0,"comment_status":"closed","ping_status":"closed","template":"","meta":[],"acf":[],"_links":{"self":[{"href":"https:\/\/ens9002-infd.mendoza.edu.ar\/sitio\/wp-json\/wp\/v2\/pages\/13812"}],"collection":[{"href":"https:\/\/ens9002-infd.mendoza.edu.ar\/sitio\/wp-json\/wp\/v2\/pages"}],"about":[{"href":"https:\/\/ens9002-infd.mendoza.edu.ar\/sitio\/wp-json\/wp\/v2\/types\/page"}],"author":[{"embeddable":true,"href":"https:\/\/ens9002-infd.mendoza.edu.ar\/sitio\/wp-json\/wp\/v2\/users\/4776"}],"replies":[{"embeddable":true,"href":"https:\/\/ens9002-infd.mendoza.edu.ar\/sitio\/wp-json\/wp\/v2\/comments?post=13812"}],"version-history":[{"count":142,"href":"https:\/\/ens9002-infd.mendoza.edu.ar\/sitio\/wp-json\/wp\/v2\/pages\/13812\/revisions"}],"predecessor-version":[{"id":20405,"href":"https:\/\/ens9002-infd.mendoza.edu.ar\/sitio\/wp-json\/wp\/v2\/pages\/13812\/revisions\/20405"}],"wp:attachment":[{"href":"https:\/\/ens9002-infd.mendoza.edu.ar\/sitio\/wp-json\/wp\/v2\/media?parent=13812"}],"curies":[{"name":"wp","href":"https:\/\/api.w.org\/{rel}","templated":true}]}}