{"id":13818,"date":"2023-09-14T10:08:03","date_gmt":"2023-09-14T13:08:03","guid":{"rendered":"https:\/\/ens9002-infd.mendoza.edu.ar\/sitio\/?page_id=13818"},"modified":"2026-02-25T18:12:42","modified_gmt":"2026-02-25T21:12:42","slug":"talleres-ingreso-2024","status":"publish","type":"page","link":"https:\/\/ens9002-infd.mendoza.edu.ar\/sitio\/talleres-ingreso-2024\/","title":{"rendered":"Talleres Ingreso 2026"},"content":{"rendered":"<div class=\"wp-block-image\">\n<figure class=\"aligncenter size-full is-resized\"><img decoding=\"async\" loading=\"lazy\" src=\"https:\/\/ens9002-infd.mendoza.edu.ar\/sitio\/wp-content\/uploads\/2023\/08\/Diseno-sin-titulo-5-e1691079207822.png\" alt=\"\" class=\"wp-image-13547\" width=\"322\" height=\"322\"\/><\/figure><\/div>\n\n\n<p class=\"has-base-3-color has-text-color has-background\" style=\"background-color:#f10808\"><strong><em>Para visualizar correctamente el contenido y las tablas de esta secci\u00f3n, necesit\u00e1s tener instalada en tu celular la app de \u201cHojas de c\u00e1lculo\u201d, o acceder desde una computadora.<\/em><\/strong><\/p>\n\n\n\n<div style=\"height:17px\" aria-hidden=\"true\" class=\"wp-block-spacer\"><\/div>\n\n\n\n<p>Antes que nada, ten\u00e9 en cuenta que para acceder a los talleres, clases de consulta y actividades por carrera <em>no ten\u00e9s que pedir ingreso al campus virtual -aulas virtuales<\/em>-, sino que te podr\u00e1s manejar con los enlaces disponibles en esta secci\u00f3n, que tienen acceso abierto. El campus virtual es para quienes ya son estudiantes del instituto y est\u00e1n cursando una carrera.<\/p>\n\n\n\n<p class=\"has-base-3-color has-text-color has-background has-medium-font-size\" style=\"background-color:#1a1f78\"><strong><em>CONSULTAS <\/em><\/strong><em>| <\/em><em>COMPRENSI\u00d3N Y PRODUCCI\u00d3N DE TEXTOS &#8211; RAZONAMIENTO L\u00d3GICO Y RESOLUCI\u00d3N DE PROBLEMAS<\/em><\/p>\n\n\n\n<p>Cualquiera sea la carrera que elijas, tendr\u00e1s que rendir el examen jurisdiccional de <em>Comprensi\u00f3n y producci\u00f3n de textos <\/em>y de <em>Razonamiento l\u00f3gico y resoluci\u00f3n de problemas<\/em>. Para que puedas resolver inquietudes en estas materias, tendr\u00e1s a tu disposici\u00f3n:<\/p>\n\n\n\n<ul>\n<li><strong>CLASES GRABADAS<\/strong><\/li>\n<\/ul>\n\n\n\n<ul>\n<li><em>Comprensi\u00f3n y producci\u00f3n de textos<\/em> -acced\u00e9 desde <a href=\"https:\/\/docs.google.com\/spreadsheets\/d\/1_e4R8P1x9sKWMIJTQcGk76zElG_np93uRq4plUeZoO8\/edit?usp=sharing\" data-type=\"URL\" data-id=\"https:\/\/docs.google.com\/spreadsheets\/d\/1_e4R8P1x9sKWMIJTQcGk76zElG_np93uRq4plUeZoO8\/edit?usp=sharing\" target=\"_blank\" rel=\"noreferrer noopener\">aqu\u00ed-<\/a>.<\/li>\n\n\n\n<li><em>Razonamiento l\u00f3gico y resoluci\u00f3n de problemas<\/em> -acced\u00e9 desde <a href=\"https:\/\/docs.google.com\/spreadsheets\/d\/1_e4R8P1x9sKWMIJTQcGk76zElG_np93uRq4plUeZoO8\/edit?usp=sharing\" data-type=\"URL\" data-id=\"https:\/\/docs.google.com\/spreadsheets\/d\/1_e4R8P1x9sKWMIJTQcGk76zElG_np93uRq4plUeZoO8\/edit?usp=sharing\" target=\"_blank\" rel=\"noreferrer noopener\">aqu\u00ed-<\/a>.<\/li>\n<\/ul>\n\n\n\n<ul>\n<li><strong>CONSULTAS SINCR\u00d3NICAS VIRTUALES Y CONSULTAS PRESENCIALES  <\/strong>-acced\u00e9 al cronograma desde <a href=\"https:\/\/docs.google.com\/spreadsheets\/d\/1B_sl3wBw7PNZMJUOX67A_TEnw6HxjDbFwGLewWomtqQ\/edit?usp=sharing\" data-type=\"URL\" data-id=\"https:\/\/docs.google.com\/spreadsheets\/d\/1B_sl3wBw7PNZMJUOX67A_TEnw6HxjDbFwGLewWomtqQ\/edit?usp=sharing\" target=\"_blank\" rel=\"noreferrer noopener\">aqu\u00ed<\/a>-. <\/li>\n<\/ul>\n\n\n\n<p class=\"has-text-color\" style=\"color:#eb0707\"><strong><em>Para visualizar correctamente el contenido y las tablas de esta secci\u00f3n, necesit\u00e1s tener instalada en tu celular la app de \u201cHojas de c\u00e1lculo\u00bb o acceder desde una computadora.<\/em><\/strong><\/p>\n\n\n\n<div style=\"height:85px\" aria-hidden=\"true\" class=\"wp-block-spacer\"><\/div>\n\n\n\n<p><\/p>\n\n\n\n<p class=\"has-base-3-color has-text-color has-background has-medium-font-size\" style=\"background-color:#1a1f78\"><strong><em>ACTIVIDADES POR CARRERA<\/em><\/strong> <em>| FORMACI\u00d3N ESPEC\u00cdFICA<\/em><\/p>\n\n\n\n<p>Con el fin de que tomes contacto con la carrera que vas a cursar y sus temas principales, habr\u00e1 diversas actividades en ese sentido -sin inscripci\u00f3n previa-. Acced\u00e9 al cronograma desde <a rel=\"noreferrer noopener\" href=\"https:\/\/docs.google.com\/spreadsheets\/d\/1ZaMX62q6wVtGnYKmk_WfKk_RHUb6H2FesYv62VZBTF8\/edit?usp=sharing\" data-type=\"URL\" data-id=\"https:\/\/docs.google.com\/spreadsheets\/d\/1ZaMX62q6wVtGnYKmk_WfKk_RHUb6H2FesYv62VZBTF8\/edit?usp=sharing\" target=\"_blank\">aqu\u00ed<\/a>.<\/p>\n\n\n\n<p class=\"has-text-color\" style=\"color:#ec0808\"><strong><em>Para visualizar correctamente el contenido y las tablas de esta secci\u00f3n, necesit\u00e1s tener instalada en tu celular la app de \u201cHojas de c\u00e1lculo\u201d, o acceder desde una computadora.<\/em><\/strong><\/p>\n\n\n\n<div style=\"height:85px\" aria-hidden=\"true\" class=\"wp-block-spacer\"><\/div>\n\n\n\n<p class=\"has-base-3-color has-text-color has-background has-medium-font-size\" style=\"background-color:#1a1f78\"><em><strong>TALLERES<\/strong> | FORMACI\u00d3N GENERAL<\/em><\/p>\n\n\n\n<p>Para que te adentres en el nivel superior y qu\u00e9 significa estudiar una carrera de formaci\u00f3n docente o t\u00e9cnica, te ofreceremos talleres relacionados con la tem\u00e1tica. Ser\u00e1n instancias optativas de acompa\u00f1amiento a tu formaci\u00f3n, a las que te tendr\u00e1s que inscribir para participar. Acced\u00e9 al cronograma y a los formularios de inscripci\u00f3n desde <a rel=\"noreferrer noopener\" href=\"https:\/\/docs.google.com\/spreadsheets\/d\/12se97lxQNyCI3jV4esIfT07etGKi6AmRMNkPRuqLc7o\/edit?usp=sharing\" data-type=\"URL\" data-id=\"https:\/\/docs.google.com\/spreadsheets\/d\/12se97lxQNyCI3jV4esIfT07etGKi6AmRMNkPRuqLc7o\/edit?usp=sharing\" target=\"_blank\">aqu\u00ed.<\/a> <\/p>\n\n\n\n<div class=\"wp-block-buttons is-layout-flex\">\n<div class=\"wp-block-button aligncenter\"><a class=\"wp-block-button__link wp-element-button\" href=\"https:\/\/ens9002-infd.mendoza.edu.ar\/sitio\/inscripciones-2024\/\">VOLVER AL INICIO<\/a><\/div>\n<\/div>\n","protected":false},"excerpt":{"rendered":"<p>Para visualizar correctamente el contenido y las tablas de esta secci\u00f3n, necesit\u00e1s tener instalada en tu celular la app de \u201cHojas de c\u00e1lculo\u201d, o acceder desde una computadora. Antes que nada, ten\u00e9 en cuenta que para acceder a los talleres, clases de consulta y actividades por carrera no ten\u00e9s que pedir ingreso al campus virtual &#8230; <a title=\"Talleres Ingreso 2026\" class=\"read-more\" href=\"https:\/\/ens9002-infd.mendoza.edu.ar\/sitio\/talleres-ingreso-2024\/\" aria-label=\"More on Talleres Ingreso 2026\">[+]<\/a><\/p>\n","protected":false},"author":4776,"featured_media":0,"parent":0,"menu_order":0,"comment_status":"closed","ping_status":"closed","template":"","meta":[],"acf":[],"_links":{"self":[{"href":"https:\/\/ens9002-infd.mendoza.edu.ar\/sitio\/wp-json\/wp\/v2\/pages\/13818"}],"collection":[{"href":"https:\/\/ens9002-infd.mendoza.edu.ar\/sitio\/wp-json\/wp\/v2\/pages"}],"about":[{"href":"https:\/\/ens9002-infd.mendoza.edu.ar\/sitio\/wp-json\/wp\/v2\/types\/page"}],"author":[{"embeddable":true,"href":"https:\/\/ens9002-infd.mendoza.edu.ar\/sitio\/wp-json\/wp\/v2\/users\/4776"}],"replies":[{"embeddable":true,"href":"https:\/\/ens9002-infd.mendoza.edu.ar\/sitio\/wp-json\/wp\/v2\/comments?post=13818"}],"version-history":[{"count":249,"href":"https:\/\/ens9002-infd.mendoza.edu.ar\/sitio\/wp-json\/wp\/v2\/pages\/13818\/revisions"}],"predecessor-version":[{"id":20067,"href":"https:\/\/ens9002-infd.mendoza.edu.ar\/sitio\/wp-json\/wp\/v2\/pages\/13818\/revisions\/20067"}],"wp:attachment":[{"href":"https:\/\/ens9002-infd.mendoza.edu.ar\/sitio\/wp-json\/wp\/v2\/media?parent=13818"}],"curies":[{"name":"wp","href":"https:\/\/api.w.org\/{rel}","templated":true}]}}