{"id":13923,"date":"2023-09-25T13:08:35","date_gmt":"2023-09-25T16:08:35","guid":{"rendered":"https:\/\/ens9002-infd.mendoza.edu.ar\/sitio\/?page_id=13923"},"modified":"2025-11-04T11:04:19","modified_gmt":"2025-11-04T14:04:19","slug":"informacion-general-ingreso-2024","status":"publish","type":"page","link":"https:\/\/ens9002-infd.mendoza.edu.ar\/sitio\/informacion-general-ingreso-2024\/","title":{"rendered":"Informaci\u00f3n General Ingreso 2026"},"content":{"rendered":"<div class=\"wp-block-image\">\n<figure class=\"aligncenter size-full is-resized\"><img decoding=\"async\" loading=\"lazy\" src=\"https:\/\/ens9002-infd.mendoza.edu.ar\/sitio\/wp-content\/uploads\/2023\/08\/Diseno-sin-titulo-7-e1691079238573.png\" alt=\"\" class=\"wp-image-13545\" width=\"367\" height=\"367\"\/><\/figure><\/div>\n\n\n<div style=\"height:28px\" aria-hidden=\"true\" class=\"wp-block-spacer\"><\/div>\n\n\n\n<p class=\"has-medium-font-size\"><strong><em>\u00a1Bienvenida, bienvenido al ciclo de ingreso 2026!<\/em><\/strong><\/p>\n\n\n\n<p>Antes de comenzar, te invitamos a que nos sigas en nuestras redes sociales, donde replicaremos publicaciones de tu inter\u00e9s, fechas importantes, recordatorios y los mejores momentos del ciclo de ingreso en im\u00e1genes y videos. Cuando participes en las distintas instancias, podr\u00e1s compartir publicaciones en tus redes y arrobarnos.<\/p>\n\n\n\n<p>Facebook: <a href=\"https:\/\/www.facebook.com\/OficialTGC?mibextid=ZbWKwL\" data-type=\"URL\" data-id=\"https:\/\/www.facebook.com\/OficialTGC?mibextid=ZbWKwL\" target=\"_blank\" rel=\"noreferrer noopener\">TGC Oficial<\/a> &#8211; Instagram: <a href=\"https:\/\/instagram.com\/institutotgc?igshid=NjIwNzIyMDk2Mg==\" data-type=\"URL\" data-id=\"https:\/\/instagram.com\/institutotgc?igshid=NjIwNzIyMDk2Mg==\">@institutotgc<\/a><\/p>\n\n\n\n<p>El ciclo de ingreso es un periodo en el que te acompa\u00f1aremos durante tu ruta de aprendizaje: conocer\u00e1s las diversas carreras con las que contamos en el instituto y adquirir\u00e1s nuevas herramientas que te ayudar\u00e1n a transitar de manera exitosa tu recorrido en el nivel superior a la vez que conocer\u00e1s de modo integral y profundo tus potencialidades.<\/p>\n\n\n\n<p>Por otro lado, te guiaremos para que cumplas con todos los pasos administrativos que requerimos.<\/p>\n\n\n\n<div class=\"wp-block-buttons is-layout-flex\">\n<div class=\"wp-block-button aligncenter\"><a class=\"wp-block-button__link wp-element-button\" href=\"https:\/\/ens9002-infd.mendoza.edu.ar\/sitio\/inscripciones-2024\/\">INICIO<\/a><\/div>\n<\/div>\n","protected":false},"excerpt":{"rendered":"<p>\u00a1Bienvenida, bienvenido al ciclo de ingreso 2026! Antes de comenzar, te invitamos a que nos sigas en nuestras redes sociales, donde replicaremos publicaciones de tu inter\u00e9s, fechas importantes, recordatorios y los mejores momentos del ciclo de ingreso en im\u00e1genes y videos. Cuando participes en las distintas instancias, podr\u00e1s compartir publicaciones en tus redes y arrobarnos. &#8230; <a title=\"Informaci\u00f3n General Ingreso 2026\" class=\"read-more\" href=\"https:\/\/ens9002-infd.mendoza.edu.ar\/sitio\/informacion-general-ingreso-2024\/\" aria-label=\"More on Informaci\u00f3n General Ingreso 2026\">[+]<\/a><\/p>\n","protected":false},"author":4776,"featured_media":0,"parent":0,"menu_order":0,"comment_status":"closed","ping_status":"closed","template":"","meta":[],"acf":[],"_links":{"self":[{"href":"https:\/\/ens9002-infd.mendoza.edu.ar\/sitio\/wp-json\/wp\/v2\/pages\/13923"}],"collection":[{"href":"https:\/\/ens9002-infd.mendoza.edu.ar\/sitio\/wp-json\/wp\/v2\/pages"}],"about":[{"href":"https:\/\/ens9002-infd.mendoza.edu.ar\/sitio\/wp-json\/wp\/v2\/types\/page"}],"author":[{"embeddable":true,"href":"https:\/\/ens9002-infd.mendoza.edu.ar\/sitio\/wp-json\/wp\/v2\/users\/4776"}],"replies":[{"embeddable":true,"href":"https:\/\/ens9002-infd.mendoza.edu.ar\/sitio\/wp-json\/wp\/v2\/comments?post=13923"}],"version-history":[{"count":15,"href":"https:\/\/ens9002-infd.mendoza.edu.ar\/sitio\/wp-json\/wp\/v2\/pages\/13923\/revisions"}],"predecessor-version":[{"id":19705,"href":"https:\/\/ens9002-infd.mendoza.edu.ar\/sitio\/wp-json\/wp\/v2\/pages\/13923\/revisions\/19705"}],"wp:attachment":[{"href":"https:\/\/ens9002-infd.mendoza.edu.ar\/sitio\/wp-json\/wp\/v2\/media?parent=13923"}],"curies":[{"name":"wp","href":"https:\/\/api.w.org\/{rel}","templated":true}]}}