{"id":14046,"date":"2023-10-12T14:52:22","date_gmt":"2023-10-12T17:52:22","guid":{"rendered":"https:\/\/ens9002-infd.mendoza.edu.ar\/sitio\/?page_id=14046"},"modified":"2024-04-04T11:32:59","modified_gmt":"2024-04-04T14:32:59","slug":"especializacion-docente-de-nivel-superior-en-produccion-y-mediacion-de-artes-visuales-con-tecnologias-digitales","status":"publish","type":"page","link":"https:\/\/ens9002-infd.mendoza.edu.ar\/sitio\/especializacion-docente-de-nivel-superior-en-produccion-y-mediacion-de-artes-visuales-con-tecnologias-digitales\/","title":{"rendered":""},"content":{"rendered":"\n<figure class=\"wp-block-image size-large\"><img decoding=\"async\" loading=\"lazy\" width=\"1900\" height=\"1900\" src=\"https:\/\/ens9002-infd.mendoza.edu.ar\/sitio\/wp-content\/uploads\/2024\/04\/Instagram-ESPECIALIZACION-DOCENTE-DE-NIVEL-SUPERIOR-2-1900x1900.png\" alt=\"\" class=\"wp-image-15035\" srcset=\"https:\/\/ens9002-infd.mendoza.edu.ar\/sitio\/wp-content\/uploads\/2024\/04\/Instagram-ESPECIALIZACION-DOCENTE-DE-NIVEL-SUPERIOR-2-1900x1900.png 1900w, https:\/\/ens9002-infd.mendoza.edu.ar\/sitio\/wp-content\/uploads\/2024\/04\/Instagram-ESPECIALIZACION-DOCENTE-DE-NIVEL-SUPERIOR-2-1000x1000.png 1000w, https:\/\/ens9002-infd.mendoza.edu.ar\/sitio\/wp-content\/uploads\/2024\/04\/Instagram-ESPECIALIZACION-DOCENTE-DE-NIVEL-SUPERIOR-2-500x500.png 500w, https:\/\/ens9002-infd.mendoza.edu.ar\/sitio\/wp-content\/uploads\/2024\/04\/Instagram-ESPECIALIZACION-DOCENTE-DE-NIVEL-SUPERIOR-2-768x768.png 768w, https:\/\/ens9002-infd.mendoza.edu.ar\/sitio\/wp-content\/uploads\/2024\/04\/Instagram-ESPECIALIZACION-DOCENTE-DE-NIVEL-SUPERIOR-2-1536x1536.png 1536w, https:\/\/ens9002-infd.mendoza.edu.ar\/sitio\/wp-content\/uploads\/2024\/04\/Instagram-ESPECIALIZACION-DOCENTE-DE-NIVEL-SUPERIOR-2-2048x2048.png 2048w\" sizes=\"(max-width: 1900px) 100vw, 1900px\" \/><\/figure>\n\n\n\n<p class=\"has-text-align-center has-text-color\" style=\"color:#a712d2\"><strong>M\u00c1S INFORMACI\u00d3N, <a href=\"https:\/\/ens9002-infd.mendoza.edu.ar\/sitio\/arrancan-las-inscripciones-para-la-especializacion-en-produccion-y-mediacion-en-artes-visuales-con-tecnologias-digitales-2\/\" data-type=\"URL\" data-id=\"https:\/\/ens9002-infd.mendoza.edu.ar\/sitio\/arrancan-las-inscripciones-para-la-especializacion-en-produccion-y-mediacion-en-artes-visuales-con-tecnologias-digitales-2\/\" target=\"_blank\" rel=\"noreferrer noopener\">CLIC AQU\u00cd<\/a><\/strong><\/p>\n","protected":false},"excerpt":{"rendered":"<p>M\u00c1S INFORMACI\u00d3N, CLIC AQU\u00cd<\/p>\n","protected":false},"author":10055,"featured_media":0,"parent":0,"menu_order":0,"comment_status":"closed","ping_status":"closed","template":"","meta":[],"acf":[],"_links":{"self":[{"href":"https:\/\/ens9002-infd.mendoza.edu.ar\/sitio\/wp-json\/wp\/v2\/pages\/14046"}],"collection":[{"href":"https:\/\/ens9002-infd.mendoza.edu.ar\/sitio\/wp-json\/wp\/v2\/pages"}],"about":[{"href":"https:\/\/ens9002-infd.mendoza.edu.ar\/sitio\/wp-json\/wp\/v2\/types\/page"}],"author":[{"embeddable":true,"href":"https:\/\/ens9002-infd.mendoza.edu.ar\/sitio\/wp-json\/wp\/v2\/users\/10055"}],"replies":[{"embeddable":true,"href":"https:\/\/ens9002-infd.mendoza.edu.ar\/sitio\/wp-json\/wp\/v2\/comments?post=14046"}],"version-history":[{"count":5,"href":"https:\/\/ens9002-infd.mendoza.edu.ar\/sitio\/wp-json\/wp\/v2\/pages\/14046\/revisions"}],"predecessor-version":[{"id":15036,"href":"https:\/\/ens9002-infd.mendoza.edu.ar\/sitio\/wp-json\/wp\/v2\/pages\/14046\/revisions\/15036"}],"wp:attachment":[{"href":"https:\/\/ens9002-infd.mendoza.edu.ar\/sitio\/wp-json\/wp\/v2\/media?parent=14046"}],"curies":[{"name":"wp","href":"https:\/\/api.w.org\/{rel}","templated":true}]}}