{"id":14242,"date":"2023-11-02T15:23:54","date_gmt":"2023-11-02T18:23:54","guid":{"rendered":"https:\/\/ens9002-infd.mendoza.edu.ar\/sitio\/?page_id=14242"},"modified":"2025-10-29T12:40:34","modified_gmt":"2025-10-29T15:40:34","slug":"acto-de-colacion-2","status":"publish","type":"page","link":"https:\/\/ens9002-infd.mendoza.edu.ar\/sitio\/acto-de-colacion-2\/","title":{"rendered":"Acto de colaci\u00f3n"},"content":{"rendered":"\n<figure class=\"wp-block-image size-large\"><img decoding=\"async\" loading=\"lazy\" width=\"1900\" height=\"543\" src=\"https:\/\/ens9002-infd.mendoza.edu.ar\/sitio\/wp-content\/uploads\/2025\/10\/INGRESO-2025-1-1900x543.jpg\" alt=\"\" class=\"wp-image-19658\" srcset=\"https:\/\/ens9002-infd.mendoza.edu.ar\/sitio\/wp-content\/uploads\/2025\/10\/INGRESO-2025-1-1900x543.jpg 1900w, https:\/\/ens9002-infd.mendoza.edu.ar\/sitio\/wp-content\/uploads\/2025\/10\/INGRESO-2025-1-1000x286.jpg 1000w, https:\/\/ens9002-infd.mendoza.edu.ar\/sitio\/wp-content\/uploads\/2025\/10\/INGRESO-2025-1-768x219.jpg 768w, https:\/\/ens9002-infd.mendoza.edu.ar\/sitio\/wp-content\/uploads\/2025\/10\/INGRESO-2025-1-1536x439.jpg 1536w, https:\/\/ens9002-infd.mendoza.edu.ar\/sitio\/wp-content\/uploads\/2025\/10\/INGRESO-2025-1-2048x585.jpg 2048w\" sizes=\"(max-width: 1900px) 100vw, 1900px\" \/><\/figure>\n\n\n\n<p class=\"has-text-align-center\">El Instituto de Educaci\u00f3n Superior de Formaci\u00f3n Docente y T\u00e9cnica 9-002 Tom\u00e1s Godoy Cruz se complace en invitarle al acto de colaci\u00f3n de las cohortes de egreso abril 2024-marzo 2025 de todas las carreras de la instituci\u00f3n, egresados y egresadas de post\u00edtulos en 2024 y reconocimiento a jubiladas y jubilados de nuestra casa de estudios.<\/p>\n\n\n\n<p class=\"has-text-align-center\">El evento se realizar\u00e1 el 10 de diciembre de diciembre en el Teatro Mendoza (San Juan 1427, Ciudad de Mendoza) a las 19 horas. Esperamos contar con su grata presencia.<\/p>\n\n\n\n<hr class=\"wp-block-separator has-alpha-channel-opacity\"\/>\n\n\n\n<p class=\"has-text-align-center\">Si egresaste entre abril de 2024 y marzo de 2025 y no recibiste el correo electr\u00f3nico con la invitaci\u00f3n, escribinos a titulosnormalsuperior9002@gmail.com (en el caso de las carreras) o a postitulos.titulostgc@gmail.com (si se trata de post\u00edtulos).<\/p>\n","protected":false},"excerpt":{"rendered":"<p>El Instituto de Educaci\u00f3n Superior de Formaci\u00f3n Docente y T\u00e9cnica 9-002 Tom\u00e1s Godoy Cruz se complace en invitarle al acto de colaci\u00f3n de las cohortes de egreso abril 2024-marzo 2025 de todas las carreras de la instituci\u00f3n, egresados y egresadas de post\u00edtulos en 2024 y reconocimiento a jubiladas y jubilados de nuestra casa de estudios. &#8230; <a title=\"Acto de colaci\u00f3n\" class=\"read-more\" href=\"https:\/\/ens9002-infd.mendoza.edu.ar\/sitio\/acto-de-colacion-2\/\" aria-label=\"More on Acto de colaci\u00f3n\">[+]<\/a><\/p>\n","protected":false},"author":4776,"featured_media":0,"parent":0,"menu_order":0,"comment_status":"closed","ping_status":"closed","template":"","meta":[],"acf":[],"_links":{"self":[{"href":"https:\/\/ens9002-infd.mendoza.edu.ar\/sitio\/wp-json\/wp\/v2\/pages\/14242"}],"collection":[{"href":"https:\/\/ens9002-infd.mendoza.edu.ar\/sitio\/wp-json\/wp\/v2\/pages"}],"about":[{"href":"https:\/\/ens9002-infd.mendoza.edu.ar\/sitio\/wp-json\/wp\/v2\/types\/page"}],"author":[{"embeddable":true,"href":"https:\/\/ens9002-infd.mendoza.edu.ar\/sitio\/wp-json\/wp\/v2\/users\/4776"}],"replies":[{"embeddable":true,"href":"https:\/\/ens9002-infd.mendoza.edu.ar\/sitio\/wp-json\/wp\/v2\/comments?post=14242"}],"version-history":[{"count":7,"href":"https:\/\/ens9002-infd.mendoza.edu.ar\/sitio\/wp-json\/wp\/v2\/pages\/14242\/revisions"}],"predecessor-version":[{"id":19661,"href":"https:\/\/ens9002-infd.mendoza.edu.ar\/sitio\/wp-json\/wp\/v2\/pages\/14242\/revisions\/19661"}],"wp:attachment":[{"href":"https:\/\/ens9002-infd.mendoza.edu.ar\/sitio\/wp-json\/wp\/v2\/media?parent=14242"}],"curies":[{"name":"wp","href":"https:\/\/api.w.org\/{rel}","templated":true}]}}