{"id":14775,"date":"2024-03-13T09:52:29","date_gmt":"2024-03-13T12:52:29","guid":{"rendered":"https:\/\/ens9002-infd.mendoza.edu.ar\/sitio\/?page_id=14775"},"modified":"2026-04-24T20:20:36","modified_gmt":"2026-04-24T23:20:36","slug":"cronogramas-y-horarios","status":"publish","type":"page","link":"https:\/\/ens9002-infd.mendoza.edu.ar\/sitio\/cronogramas-y-horarios\/","title":{"rendered":"Cronogramas y horarios"},"content":{"rendered":"\n<p><\/p>\n\n\n<div class=\"wp-block-image\">\n<figure class=\"aligncenter size-full is-resized\"><img decoding=\"async\" loading=\"lazy\" src=\"https:\/\/ens9002-infd.mendoza.edu.ar\/sitio\/wp-content\/uploads\/2024\/03\/4.png\" alt=\"\" class=\"wp-image-14769\" width=\"223\" height=\"223\" srcset=\"https:\/\/ens9002-infd.mendoza.edu.ar\/sitio\/wp-content\/uploads\/2024\/03\/4.png 1080w, https:\/\/ens9002-infd.mendoza.edu.ar\/sitio\/wp-content\/uploads\/2024\/03\/4-1000x1000.png 1000w, https:\/\/ens9002-infd.mendoza.edu.ar\/sitio\/wp-content\/uploads\/2024\/03\/4-500x500.png 500w, https:\/\/ens9002-infd.mendoza.edu.ar\/sitio\/wp-content\/uploads\/2024\/03\/4-768x768.png 768w\" sizes=\"(max-width: 223px) 100vw, 223px\" \/><\/figure><\/div>\n\n\n<p class=\"has-text-align-center\">Clique\u00e1 sobre los botones para acceder<\/p>\n\n\n<div class=\"wp-block-image is-style-rounded\">\n<figure class=\"aligncenter size-full\"><a href=\"https:\/\/ens9002-infd.mendoza.edu.ar\/sitio\/cronograma-academico-2025\/\" target=\"_blank\" rel=\"noreferrer noopener\"><img decoding=\"async\" loading=\"lazy\" width=\"1107\" height=\"154\" src=\"https:\/\/ens9002-infd.mendoza.edu.ar\/sitio\/wp-content\/uploads\/2025\/12\/CRONOGRAMA-ACADE\u0301MICO-2026.png\" alt=\"\" class=\"wp-image-19910\" srcset=\"https:\/\/ens9002-infd.mendoza.edu.ar\/sitio\/wp-content\/uploads\/2025\/12\/CRONOGRAMA-ACADE\u0301MICO-2026.png 1107w, https:\/\/ens9002-infd.mendoza.edu.ar\/sitio\/wp-content\/uploads\/2025\/12\/CRONOGRAMA-ACADE\u0301MICO-2026-1000x139.png 1000w, https:\/\/ens9002-infd.mendoza.edu.ar\/sitio\/wp-content\/uploads\/2025\/12\/CRONOGRAMA-ACADE\u0301MICO-2026-768x107.png 768w\" sizes=\"(max-width: 1107px) 100vw, 1107px\" \/><\/a><\/figure><\/div>\n\n\n<p class=\"has-text-align-center\"><\/p>\n\n\n\n<div class=\"wp-block-buttons is-content-justification-center is-layout-flex wp-container-1\">\n<div class=\"wp-block-button has-custom-width wp-block-button__width-50 has-custom-font-size is-style-fill has-medium-font-size\"><a class=\"wp-block-button__link has-background wp-element-button\" href=\"https:\/\/docs.google.com\/spreadsheets\/d\/1OK2D5dVoEdK2kVaEGPN-RIQiBc3Kb6J3\/edit?usp=sharing&amp;ouid=109833175172900422305&amp;rtpof=true&amp;sd=true\" style=\"border-radius:100px;background-color:#359fd4\" target=\"_blank\" rel=\"noreferrer noopener\"><strong>HORARIOS DE CONSULTA<\/strong><\/a><\/div>\n<\/div>\n\n\n\n<p class=\"has-text-align-center\"><\/p>\n\n\n\n<div class=\"wp-block-buttons is-content-justification-center is-layout-flex wp-container-2\">\n<div class=\"wp-block-button has-custom-width wp-block-button__width-50 is-style-fill\"><a class=\"wp-block-button__link has-background wp-element-button\" href=\"https:\/\/docs.google.com\/spreadsheets\/d\/1lp0WV56hyQOtEZvjwlXSdj3s6OyM4zta\/edit?usp=sharing&amp;ouid=109833175172900422305&amp;rtpof=true&amp;sd=true\" style=\"border-radius:100px;background-color:#38aaaa\" target=\"_blank\" rel=\"noreferrer noopener\"><strong>CALENDARIO DE MESAS DE EX\u00c1MENES<\/strong><\/a><\/div>\n<\/div>\n\n\n\n<div style=\"height:41px\" aria-hidden=\"true\" class=\"wp-block-spacer\"><\/div>\n\n\n\n<p class=\"has-base-3-color has-accent-background-color has-text-color has-background\" style=\"font-size:25px\"><em><strong>HORARIOS DE CURSADO &#8211; <\/strong>PRIMER CUATRIMESTRE<\/em> &#8211; <\/p>\n\n\n\n<p>Correspondientes a profesorados y tecnicatura. Pueden sufrir modificaciones.<\/p>\n\n\n\n<div class=\"wp-block-columns is-layout-flex wp-container-9\">\n<div class=\"wp-block-column is-layout-flow\">\n<div class=\"wp-block-buttons is-content-justification-center is-layout-flex wp-container-3\">\n<div class=\"wp-block-button has-custom-width wp-block-button__width-100 is-style-outline\"><a class=\"wp-block-button__link has-accent-color has-base-3-background-color has-text-color has-background wp-element-button\" href=\"https:\/\/docs.google.com\/spreadsheets\/d\/1WfNjCt8uEjX9z3hw1KFwsUD71hgzX8bF\/edit?gid=1563672605#gid=1563672605\">ARTES VISUALES<\/a><\/div>\n<\/div>\n<\/div>\n\n\n\n<div class=\"wp-block-column is-layout-flow\">\n<div class=\"wp-block-buttons is-content-justification-center is-layout-flex wp-container-5\">\n<div class=\"wp-block-button has-custom-width wp-block-button__width-100 is-style-outline\"><a class=\"wp-block-button__link has-accent-color has-base-3-background-color has-text-color has-background wp-element-button\" href=\"https:\/\/docs.google.com\/spreadsheets\/d\/1NIE6ayPBMoJe5SuYMqeZBZfFZNrXwoqc\/edit?gid=424994336#gid=424994336\">BIOLOG\u00cdA<\/a><\/div>\n<\/div>\n<\/div>\n\n\n\n<div class=\"wp-block-column is-layout-flow\">\n<div class=\"wp-block-buttons is-content-justification-center is-layout-flex wp-container-7\">\n<div class=\"wp-block-button has-custom-width wp-block-button__width-100 is-style-outline\"><a class=\"wp-block-button__link has-accent-color has-base-3-background-color has-text-color has-background wp-element-button\" href=\"https:\/\/docs.google.com\/spreadsheets\/d\/1yUb7MWe2kvZUEYKbddmlrapyeGzVr05C\/edit?gid=1287566236#gid=1287566236\">EDUCACI\u00d3N ESPECIAL<\/a><\/div>\n<\/div>\n<\/div>\n<\/div>\n\n\n\n<div class=\"wp-block-columns is-layout-flex wp-container-16\">\n<div class=\"wp-block-column is-layout-flow\">\n<div class=\"wp-block-buttons is-content-justification-center is-layout-flex wp-container-10\">\n<div class=\"wp-block-button has-custom-width wp-block-button__width-100 is-style-outline\"><a class=\"wp-block-button__link has-accent-color has-base-3-background-color has-text-color has-background wp-element-button\" href=\"https:\/\/docs.google.com\/spreadsheets\/d\/14yKulLbJeqwhKSogMib1BBVeH-CQ9Dpd\/edit?gid=2050644203#gid=2050644203\">EDUCACI\u00d3N INICIAL<\/a><\/div>\n<\/div>\n<\/div>\n\n\n\n<div class=\"wp-block-column is-layout-flow\">\n<div class=\"wp-block-buttons is-content-justification-center is-layout-flex wp-container-12\">\n<div class=\"wp-block-button has-custom-width wp-block-button__width-100 is-style-outline\"><a class=\"wp-block-button__link has-accent-color has-base-3-background-color has-text-color has-background wp-element-button\" href=\"https:\/\/docs.google.com\/spreadsheets\/d\/1rqkz-rSVEZyUlLNzAbouY43GP4hd1ht7\/edit?gid=1192092207#gid=1192092207\">EDUCACI\u00d3N PRIMARIA<\/a><\/div>\n<\/div>\n<\/div>\n\n\n\n<div class=\"wp-block-column is-layout-flow\">\n<div class=\"wp-block-buttons is-content-justification-center is-layout-flex wp-container-14\">\n<div class=\"wp-block-button has-custom-width wp-block-button__width-100 is-style-outline\"><a class=\"wp-block-button__link has-accent-color has-base-3-background-color has-text-color has-background wp-element-button\" href=\"https:\/\/docs.google.com\/spreadsheets\/d\/1-qdhxWAWbP1X1KqDjm0Iv6Ez3AYY17qs\/edit?gid=2127790130#gid=2127790130\">F\u00cdSICA<\/a><\/div>\n<\/div>\n<\/div>\n<\/div>\n\n\n\n<div class=\"wp-block-columns is-layout-flex wp-container-23\">\n<div class=\"wp-block-column is-layout-flow\">\n<div class=\"wp-block-buttons is-content-justification-center is-layout-flex wp-container-17\">\n<div class=\"wp-block-button has-custom-width wp-block-button__width-100 is-style-outline\"><a class=\"wp-block-button__link has-accent-color has-base-3-background-color has-text-color has-background wp-element-button\" href=\"https:\/\/docs.google.com\/spreadsheets\/d\/1n-qiJPYNtOLuz7a3sqVe8Xys2zfiK2s8\/edit?gid=1034779446#gid=1034779446\">INGL\u00c9S<\/a><\/div>\n<\/div>\n<\/div>\n\n\n\n<div class=\"wp-block-column is-layout-flow\">\n<div class=\"wp-block-buttons is-content-justification-center is-layout-flex wp-container-19\">\n<div class=\"wp-block-button has-custom-width wp-block-button__width-100 is-style-outline\"><a class=\"wp-block-button__link has-accent-color has-base-3-background-color has-text-color has-background wp-element-button\" href=\"https:\/\/docs.google.com\/spreadsheets\/d\/1ldgCd-h2DzoKYrSFkUWMdYTNlXcokOVK\/edit?gid=1820672422#gid=1820672422\">LENGUA Y LITERATURA<\/a><\/div>\n<\/div>\n<\/div>\n\n\n\n<div class=\"wp-block-column is-layout-flow\">\n<div class=\"wp-block-buttons is-content-justification-center is-layout-flex wp-container-21\">\n<div class=\"wp-block-button has-custom-width wp-block-button__width-100 is-style-outline\"><a class=\"wp-block-button__link has-accent-color has-base-3-background-color has-text-color has-background wp-element-button\" href=\"https:\/\/docs.google.com\/spreadsheets\/d\/1vpubfjjDjXPjKULZJDBBmkEjXFaCSnYT\/edit?gid=176519767#gid=176519767\">MATEM\u00c1TICA<\/a><\/div>\n<\/div>\n<\/div>\n<\/div>\n\n\n\n<div class=\"wp-block-columns is-layout-flex wp-container-29\">\n<div class=\"wp-block-column is-layout-flow\">\n<div class=\"wp-block-buttons is-content-justification-center is-layout-flex wp-container-24\">\n<div class=\"wp-block-button has-custom-width wp-block-button__width-100 is-style-outline\"><a class=\"wp-block-button__link has-accent-color has-base-3-background-color has-text-color has-background wp-element-button\" href=\"https:\/\/docs.google.com\/spreadsheets\/d\/1Y7XmRZ0suX40r3Fue0zocHMjYCWa4Ba3\/edit?rtpof=true&amp;sd=true&amp;gid=897087435#gid=897087435\">QU\u00cdMICA<\/a><\/div>\n<\/div>\n<\/div>\n\n\n\n<div class=\"wp-block-column is-layout-flow\">\n<div class=\"wp-block-buttons is-content-justification-center is-layout-flex wp-container-26\">\n<div class=\"wp-block-button has-custom-width wp-block-button__width-100 is-style-outline\"><a class=\"wp-block-button__link has-accent-color has-base-3-background-color has-text-color has-background wp-element-button\" href=\"https:\/\/docs.google.com\/spreadsheets\/d\/1QjJZbT5fVXnid7EbYzd0LD9ULUuHSYfk\/edit?gid=1067123664#gid=1067123664\" target=\"_blank\" rel=\"noreferrer noopener\">TEC. PROD. ART. Y ARTESANAL<\/a><\/div>\n<\/div>\n<\/div>\n\n\n\n<div class=\"wp-block-column is-layout-flow\"><\/div>\n<\/div>\n\n\n\n<div style=\"height:27px\" aria-hidden=\"true\" class=\"wp-block-spacer\"><\/div>\n\n\n\n<p class=\"has-base-3-color has-accent-background-color has-text-color has-background\" style=\"font-size:25px\"><strong><em>HORARIOS DE ATENCI\u00d3N DE COORDINACIONES<\/em><\/strong><\/p>\n\n\n\n<ul>\n<li>Profesorado en <strong>ARTES VISUALES<\/strong>: mi\u00e9rcoles de 17.30 a 21 h (atenci\u00f3n en edificio de la escuela Pablo Nogu\u00e9s) y jueves de 11 a 21 h (atenci\u00f3n en edificio de calle Montevideo).<\/li>\n<\/ul>\n\n\n\n<ul>\n<li>Profesorado en <strong>BIOLOG\u00cdA<\/strong>: martes, jueves y viernes de 17 a 19 h.<\/li>\n<\/ul>\n\n\n\n<ul>\n<li>Profesorado de<strong> EDUCACI\u00d3N ESPECIAL<\/strong>: martes y jueves de 18.30 a 20 h (la atenci\u00f3n se retomar\u00e1 el martes 11 de marzo).<\/li>\n<\/ul>\n\n\n\n<ul>\n<li>Profesorado de <strong>EDUCACI\u00d3N INICIAL<\/strong>: lunes de 9.30 a 12.30 h y mi\u00e9rcoles de 14 a 17 h. <\/li>\n<\/ul>\n\n\n\n<ul>\n<li>Profesorado de<strong> EDUCACI\u00d3N PRIMARIA<\/strong>: martes de 16 a 20.30 h, jueves de 8.30 a 12.30 h y viernes de 9.30 a 12.30 h. <\/li>\n<\/ul>\n\n\n\n<ul>\n<li>Profesorado en <strong>F\u00cdSICA<\/strong>: mi\u00e9rcoles de 16.30 a 18.30 h y viernes de 16.30 a 20.30 h.<\/li>\n<\/ul>\n\n\n\n<ul>\n<li>Profesorado de <strong>INGL\u00c9S<\/strong>: lunes de 18.30 a 20.30 h y martes de 18.30 a 21.30 h.<\/li>\n<\/ul>\n\n\n\n<ul>\n<li>Profesorado en <strong>LENGUA Y LITERATURA<\/strong>: lunes de 14.30 a 18.30 h, martes de 18 a 20.30 h y jueves de 18 a 19 h. .<\/li>\n<\/ul>\n\n\n\n<ul>\n<li>Profesorado en <strong>MATEM\u00c1TICA<\/strong>: mi\u00e9rcoles de 19 a 22 h y viernes de 18 a 20 h.<\/li>\n<\/ul>\n\n\n\n<ul>\n<li>Profesorado en <strong>QU\u00cdMICA<\/strong>: mi\u00e9rcoles de 16.30 a 18.30 h y viernes de 16.30 a 20.30 h. <\/li>\n<\/ul>\n\n\n\n<ul>\n<li>Tecnicatura en <strong>PRODUCCI\u00d3N ART\u00cdSTICA Y ARTESANAL<\/strong>: martes de 16.30 a 18.30 h (sin atenci\u00f3n a estudiantes), mi\u00e9rcoles de 20.30 a 21.30 h (atenci\u00f3n en edificio de calle Montevideo) y jueves de 17.30 a 19.30 h (atenci\u00f3n en edificio de escuela Pablo Nogu\u00e9s).<\/li>\n<\/ul>\n\n\n\n<p><\/p>\n\n\n\n<div class=\"wp-block-buttons is-content-justification-center is-layout-flex wp-container-30\">\n<div class=\"wp-block-button\"><a class=\"wp-block-button__link wp-element-button\" href=\"https:\/\/ens9002-infd.mendoza.edu.ar\/sitio\/informacion-para-alumnos\/\">Volver a Info Estudiantes<\/a><\/div>\n<\/div>\n","protected":false},"excerpt":{"rendered":"<p>Clique\u00e1 sobre los botones para acceder HORARIOS DE CURSADO &#8211; PRIMER CUATRIMESTRE &#8211; Correspondientes a profesorados y tecnicatura. Pueden sufrir modificaciones. HORARIOS DE ATENCI\u00d3N DE COORDINACIONES<\/p>\n","protected":false},"author":4776,"featured_media":0,"parent":0,"menu_order":0,"comment_status":"closed","ping_status":"closed","template":"","meta":[],"acf":[],"_links":{"self":[{"href":"https:\/\/ens9002-infd.mendoza.edu.ar\/sitio\/wp-json\/wp\/v2\/pages\/14775"}],"collection":[{"href":"https:\/\/ens9002-infd.mendoza.edu.ar\/sitio\/wp-json\/wp\/v2\/pages"}],"about":[{"href":"https:\/\/ens9002-infd.mendoza.edu.ar\/sitio\/wp-json\/wp\/v2\/types\/page"}],"author":[{"embeddable":true,"href":"https:\/\/ens9002-infd.mendoza.edu.ar\/sitio\/wp-json\/wp\/v2\/users\/4776"}],"replies":[{"embeddable":true,"href":"https:\/\/ens9002-infd.mendoza.edu.ar\/sitio\/wp-json\/wp\/v2\/comments?post=14775"}],"version-history":[{"count":123,"href":"https:\/\/ens9002-infd.mendoza.edu.ar\/sitio\/wp-json\/wp\/v2\/pages\/14775\/revisions"}],"predecessor-version":[{"id":20520,"href":"https:\/\/ens9002-infd.mendoza.edu.ar\/sitio\/wp-json\/wp\/v2\/pages\/14775\/revisions\/20520"}],"wp:attachment":[{"href":"https:\/\/ens9002-infd.mendoza.edu.ar\/sitio\/wp-json\/wp\/v2\/media?parent=14775"}],"curies":[{"name":"wp","href":"https:\/\/api.w.org\/{rel}","templated":true}]}}