{"id":14799,"date":"2024-03-13T10:27:48","date_gmt":"2024-03-13T13:27:48","guid":{"rendered":"https:\/\/ens9002-infd.mendoza.edu.ar\/sitio\/?page_id=14799"},"modified":"2026-04-01T11:37:34","modified_gmt":"2026-04-01T14:37:34","slug":"campus-virtual","status":"publish","type":"page","link":"https:\/\/ens9002-infd.mendoza.edu.ar\/sitio\/campus-virtual\/","title":{"rendered":"CAMPUS VIRTUAL"},"content":{"rendered":"<div class=\"wp-block-image\">\n<figure class=\"aligncenter size-full is-resized\"><img decoding=\"async\" loading=\"lazy\" src=\"https:\/\/ens9002-infd.mendoza.edu.ar\/sitio\/wp-content\/uploads\/2024\/03\/2.png\" alt=\"\" class=\"wp-image-14767\" width=\"217\" height=\"217\" srcset=\"https:\/\/ens9002-infd.mendoza.edu.ar\/sitio\/wp-content\/uploads\/2024\/03\/2.png 1080w, https:\/\/ens9002-infd.mendoza.edu.ar\/sitio\/wp-content\/uploads\/2024\/03\/2-1000x1000.png 1000w, https:\/\/ens9002-infd.mendoza.edu.ar\/sitio\/wp-content\/uploads\/2024\/03\/2-500x500.png 500w, https:\/\/ens9002-infd.mendoza.edu.ar\/sitio\/wp-content\/uploads\/2024\/03\/2-768x768.png 768w\" sizes=\"(max-width: 217px) 100vw, 217px\" \/><\/figure><\/div>\n\n\n<p class=\"has-text-align-left has-base-3-color has-text-color has-background has-medium-font-size\" style=\"background-color:#1c88ac\">Informamos que el proceso de inscripci\u00f3n ha finalizado. Actualmente nos encontramos realizando la matriculaci\u00f3n en las aulas virtuales.<br>Los estudiantes ser\u00e1n incorporados a sus respectivas aulas dentro de aproximadamente 10 d\u00edas.<\/p>\n\n\n\n<p>El Campus o Entorno Virtual es el espacio en el que se desarrollan la mayor\u00eda de las <strong>actividades asincr\u00f3nicas<\/strong>. Para acceder, debes ingresar haciendo click en el siguiente bot\u00f3n <\/p>\n\n\n\n<div class=\"wp-block-buttons is-content-justification-center is-layout-flex wp-container-1\">\n<div class=\"wp-block-button is-style-fill\"><a class=\"wp-block-button__link has-background wp-element-button\" href=\"https:\/\/ens9002-infd.mendoza.edu.ar\/aula\/\" style=\"background-color:#1c88ac\" target=\"_blank\" rel=\"noreferrer noopener\">CAMPUS VIRTUAL<\/a><\/div>\n<\/div>\n\n\n\n<p>Para ingresar, tu <strong>usuario<\/strong> es tu <strong>DNI sin puntos<\/strong> y la contrase\u00f1a llegara al correo electr\u00f3nico, despu\u00e9s del primer acceso podr\u00e1s cambiar clave.<\/p>\n\n\n\n<p>Si ten\u00e9s alguna duda respecto al uso del campus, consult\u00e1 los videos explicativos en la secci\u00f3n VIDEOTUTORIALES en nuestra p\u00e1gina web &#8211;<a rel=\"noreferrer noopener\" href=\"https:\/\/red.infd.edu.ar\/video-tutoriales-del-campus\/\" data-type=\"URL\" data-id=\"https:\/\/red.infd.edu.ar\/video-tutoriales-del-campus\/\" target=\"_blank\">clic aqu\u00ed<\/a>&#8211; o en el canal de Youtube Instituto Tom\u00e1s Godoy Cruz &#8211;<a rel=\"noreferrer noopener\" href=\"https:\/\/www.youtube.com\/channel\/UChNET6BozfAkx-ghXeZDFrw\" data-type=\"URL\" data-id=\"https:\/\/www.youtube.com\/channel\/UChNET6BozfAkx-ghXeZDFrw\" target=\"_blank\">clic aqu\u00ed<\/a>-.<\/p>\n\n\n\n<p>Para solucionar inconvenientes o solicitar blanqueo de clave, escrib\u00ed un correo a <a rel=\"noreferrer noopener\" href=\"mailto:entornovirtualtgc9002@gmail.com\" target=\"_blank\">entornovirtualtgc9002@gmail.com<\/a> Envi\u00e1 tus datos: DNI, profesorado en el que cursas, curso y comisi\u00f3n. <\/p>\n\n\n\n<div class=\"wp-block-buttons is-content-justification-center is-layout-flex wp-container-2\">\n<div class=\"wp-block-button\"><a class=\"wp-block-button__link wp-element-button\" href=\"https:\/\/ens9002-infd.mendoza.edu.ar\/sitio\/informacion-para-alumnos\/\">volver a info estudiantes<\/a><\/div>\n<\/div>\n","protected":false},"excerpt":{"rendered":"<p>Informamos que el proceso de inscripci\u00f3n ha finalizado. Actualmente nos encontramos realizando la matriculaci\u00f3n en las aulas virtuales.Los estudiantes ser\u00e1n incorporados a sus respectivas aulas dentro de aproximadamente 10 d\u00edas. El Campus o Entorno Virtual es el espacio en el que se desarrollan la mayor\u00eda de las actividades asincr\u00f3nicas. Para acceder, debes ingresar haciendo click &#8230; <a title=\"CAMPUS VIRTUAL\" class=\"read-more\" href=\"https:\/\/ens9002-infd.mendoza.edu.ar\/sitio\/campus-virtual\/\" aria-label=\"More on CAMPUS VIRTUAL\">[+]<\/a><\/p>\n","protected":false},"author":4776,"featured_media":0,"parent":0,"menu_order":0,"comment_status":"closed","ping_status":"closed","template":"","meta":[],"acf":[],"_links":{"self":[{"href":"https:\/\/ens9002-infd.mendoza.edu.ar\/sitio\/wp-json\/wp\/v2\/pages\/14799"}],"collection":[{"href":"https:\/\/ens9002-infd.mendoza.edu.ar\/sitio\/wp-json\/wp\/v2\/pages"}],"about":[{"href":"https:\/\/ens9002-infd.mendoza.edu.ar\/sitio\/wp-json\/wp\/v2\/types\/page"}],"author":[{"embeddable":true,"href":"https:\/\/ens9002-infd.mendoza.edu.ar\/sitio\/wp-json\/wp\/v2\/users\/4776"}],"replies":[{"embeddable":true,"href":"https:\/\/ens9002-infd.mendoza.edu.ar\/sitio\/wp-json\/wp\/v2\/comments?post=14799"}],"version-history":[{"count":17,"href":"https:\/\/ens9002-infd.mendoza.edu.ar\/sitio\/wp-json\/wp\/v2\/pages\/14799\/revisions"}],"predecessor-version":[{"id":20422,"href":"https:\/\/ens9002-infd.mendoza.edu.ar\/sitio\/wp-json\/wp\/v2\/pages\/14799\/revisions\/20422"}],"wp:attachment":[{"href":"https:\/\/ens9002-infd.mendoza.edu.ar\/sitio\/wp-json\/wp\/v2\/media?parent=14799"}],"curies":[{"name":"wp","href":"https:\/\/api.w.org\/{rel}","templated":true}]}}