{"id":15096,"date":"2024-04-10T13:12:58","date_gmt":"2024-04-10T16:12:58","guid":{"rendered":"https:\/\/ens9002-infd.mendoza.edu.ar\/sitio\/?page_id=15096"},"modified":"2026-03-18T17:43:39","modified_gmt":"2026-03-18T20:43:39","slug":"formacion-continua","status":"publish","type":"page","link":"https:\/\/ens9002-infd.mendoza.edu.ar\/sitio\/formacion-continua\/","title":{"rendered":"Formaci\u00f3n continua"},"content":{"rendered":"\n<div class=\"wp-block-columns is-layout-flex wp-container-2\">\n<div class=\"wp-block-column is-layout-flow\"><div class=\"wp-block-image\">\n<figure class=\"aligncenter size-large is-resized\"><img decoding=\"async\" loading=\"lazy\" src=\"https:\/\/ens9002-infd.mendoza.edu.ar\/sitio\/wp-content\/uploads\/2024\/09\/formacio\u0301n-continua-1-1900x396.gif\" alt=\"\" class=\"wp-image-16443\" width=\"975\" height=\"203\" srcset=\"https:\/\/ens9002-infd.mendoza.edu.ar\/sitio\/wp-content\/uploads\/2024\/09\/formacio\u0301n-continua-1-1900x396.gif 1900w, https:\/\/ens9002-infd.mendoza.edu.ar\/sitio\/wp-content\/uploads\/2024\/09\/formacio\u0301n-continua-1-1000x208.gif 1000w, https:\/\/ens9002-infd.mendoza.edu.ar\/sitio\/wp-content\/uploads\/2024\/09\/formacio\u0301n-continua-1-768x160.gif 768w, https:\/\/ens9002-infd.mendoza.edu.ar\/sitio\/wp-content\/uploads\/2024\/09\/formacio\u0301n-continua-1-1536x320.gif 1536w, https:\/\/ens9002-infd.mendoza.edu.ar\/sitio\/wp-content\/uploads\/2024\/09\/formacio\u0301n-continua-1-3840x650.gif 1920w\" sizes=\"(max-width: 975px) 100vw, 975px\" \/><\/figure><\/div><\/div>\n<\/div>\n\n\n\n<div style=\"height:19px\" aria-hidden=\"true\" class=\"wp-block-spacer\"><\/div>\n\n\n\n<h5 class=\"wp-block-heading has-base-3-color has-text-color has-background\" style=\"background-color:#3870a2\">CURSOS Y TALLERES CON PUNTAJE DOCENTE<\/h5>\n\n\n\n<div style=\"height:32px\" aria-hidden=\"true\" class=\"wp-block-spacer\"><\/div>\n\n\n\n<div class=\"wp-block-columns is-layout-flex wp-container-6\">\n<div class=\"wp-block-column is-layout-flow\"><\/div>\n\n\n\n<div class=\"wp-block-column is-layout-flow\"><\/div>\n\n\n\n<div class=\"wp-block-column is-layout-flow\"><\/div>\n<\/div>\n\n\n\n<div class=\"wp-block-columns is-layout-flex wp-container-10\">\n<div class=\"wp-block-column is-layout-flow\">\n<figure class=\"wp-block-image size-full\"><a href=\"https:\/\/ens9002-infd.mendoza.edu.ar\/sitio\/introduccion-al-sistema-braille\/\"><img decoding=\"async\" loading=\"lazy\" width=\"886\" height=\"882\" src=\"https:\/\/ens9002-infd.mendoza.edu.ar\/sitio\/wp-content\/uploads\/2026\/03\/Captura-de-pantalla-2026-03-02-a-las-3.21.19\u202fp.\u202fm.png\" alt=\"\" class=\"wp-image-20202\" srcset=\"https:\/\/ens9002-infd.mendoza.edu.ar\/sitio\/wp-content\/uploads\/2026\/03\/Captura-de-pantalla-2026-03-02-a-las-3.21.19\u202fp.\u202fm.png 886w, https:\/\/ens9002-infd.mendoza.edu.ar\/sitio\/wp-content\/uploads\/2026\/03\/Captura-de-pantalla-2026-03-02-a-las-3.21.19\u202fp.\u202fm-768x765.png 768w\" sizes=\"(max-width: 886px) 100vw, 886px\" \/><\/a><\/figure>\n\n\n\n<p class=\"has-text-align-center has-base-3-color has-accent-background-color has-text-color has-background\"><strong>PR\u00d3XIMAMENTE<\/strong><\/p>\n<\/div>\n\n\n\n<div class=\"wp-block-column is-layout-flow\">\n<figure class=\"wp-block-image size-full\"><a href=\"https:\/\/ens9002-infd.mendoza.edu.ar\/sitio\/los-desafios-de-la-diversidad-en-la-convivencia-escolarel-d-u-a-como-teoria-y-practica-inclusiva-en-el-nivel-secundario\/\"><img decoding=\"async\" loading=\"lazy\" width=\"1080\" height=\"1080\" src=\"https:\/\/ens9002-infd.mendoza.edu.ar\/sitio\/wp-content\/uploads\/2025\/08\/formacio\u0301n-continua-10.png\" alt=\"\" class=\"wp-image-19022\" srcset=\"https:\/\/ens9002-infd.mendoza.edu.ar\/sitio\/wp-content\/uploads\/2025\/08\/formacio\u0301n-continua-10.png 1080w, https:\/\/ens9002-infd.mendoza.edu.ar\/sitio\/wp-content\/uploads\/2025\/08\/formacio\u0301n-continua-10-1000x1000.png 1000w, https:\/\/ens9002-infd.mendoza.edu.ar\/sitio\/wp-content\/uploads\/2025\/08\/formacio\u0301n-continua-10-500x500.png 500w, https:\/\/ens9002-infd.mendoza.edu.ar\/sitio\/wp-content\/uploads\/2025\/08\/formacio\u0301n-continua-10-768x768.png 768w\" sizes=\"(max-width: 1080px) 100vw, 1080px\" \/><\/a><\/figure>\n\n\n\n<p class=\"has-text-align-center has-base-3-color has-accent-background-color has-text-color has-background\"><strong>PREINSCRIPCI\u00d3N<\/strong><\/p>\n<\/div>\n\n\n\n<div class=\"wp-block-column is-layout-flow\">\n<figure class=\"wp-block-image size-full\"><a href=\"https:\/\/ens9002-infd.mendoza.edu.ar\/sitio\/tejiendo-redes-de-cuidado-educar-en-tiempos-violentos\/\"><img decoding=\"async\" loading=\"lazy\" width=\"1080\" height=\"1080\" src=\"https:\/\/ens9002-infd.mendoza.edu.ar\/sitio\/wp-content\/uploads\/2025\/10\/formacio\u0301n-continua-3.png\" alt=\"\" class=\"wp-image-19554\" srcset=\"https:\/\/ens9002-infd.mendoza.edu.ar\/sitio\/wp-content\/uploads\/2025\/10\/formacio\u0301n-continua-3.png 1080w, https:\/\/ens9002-infd.mendoza.edu.ar\/sitio\/wp-content\/uploads\/2025\/10\/formacio\u0301n-continua-3-1000x1000.png 1000w, https:\/\/ens9002-infd.mendoza.edu.ar\/sitio\/wp-content\/uploads\/2025\/10\/formacio\u0301n-continua-3-500x500.png 500w, https:\/\/ens9002-infd.mendoza.edu.ar\/sitio\/wp-content\/uploads\/2025\/10\/formacio\u0301n-continua-3-768x768.png 768w\" sizes=\"(max-width: 1080px) 100vw, 1080px\" \/><\/a><\/figure>\n\n\n\n<p class=\"has-text-align-center has-base-3-color has-accent-background-color has-text-color has-background\"><strong>PR\u00d3XIMAMENTE<\/strong><\/p>\n<\/div>\n<\/div>\n\n\n\n<div class=\"wp-block-columns is-layout-flex wp-container-14\">\n<div class=\"wp-block-column is-layout-flow\">\n<figure class=\"wp-block-image size-full\"><a href=\"https:\/\/ens9002-infd.mendoza.edu.ar\/sitio\/la-evaluacion-como-instancia-de-aprendizaje-2\/\"><img decoding=\"async\" loading=\"lazy\" width=\"1080\" height=\"1080\" src=\"https:\/\/ens9002-infd.mendoza.edu.ar\/sitio\/wp-content\/uploads\/2026\/03\/formacio\u0301n-continua-4.png\" alt=\"\" class=\"wp-image-20131\" srcset=\"https:\/\/ens9002-infd.mendoza.edu.ar\/sitio\/wp-content\/uploads\/2026\/03\/formacio\u0301n-continua-4.png 1080w, https:\/\/ens9002-infd.mendoza.edu.ar\/sitio\/wp-content\/uploads\/2026\/03\/formacio\u0301n-continua-4-1000x1000.png 1000w, https:\/\/ens9002-infd.mendoza.edu.ar\/sitio\/wp-content\/uploads\/2026\/03\/formacio\u0301n-continua-4-500x500.png 500w, https:\/\/ens9002-infd.mendoza.edu.ar\/sitio\/wp-content\/uploads\/2026\/03\/formacio\u0301n-continua-4-768x768.png 768w\" sizes=\"(max-width: 1080px) 100vw, 1080px\" \/><\/a><\/figure>\n\n\n\n<p class=\"has-text-align-center has-base-3-color has-accent-background-color has-text-color has-background\"><strong>PREINSCRIPCI\u00d3N<\/strong><\/p>\n<\/div>\n\n\n\n<div class=\"wp-block-column is-layout-flow\">\n<figure class=\"wp-block-image size-full\"><a href=\"https:\/\/ens9002-infd.mendoza.edu.ar\/sitio\/genero-igualdad-y-diversidad\/\"><img decoding=\"async\" loading=\"lazy\" width=\"938\" height=\"926\" src=\"https:\/\/ens9002-infd.mendoza.edu.ar\/sitio\/wp-content\/uploads\/2026\/03\/Captura-de-pantalla-2026-03-03-a-las-11.02.19\u202fa.\u202fm.png\" alt=\"\" class=\"wp-image-20216\" srcset=\"https:\/\/ens9002-infd.mendoza.edu.ar\/sitio\/wp-content\/uploads\/2026\/03\/Captura-de-pantalla-2026-03-03-a-las-11.02.19\u202fa.\u202fm.png 938w, https:\/\/ens9002-infd.mendoza.edu.ar\/sitio\/wp-content\/uploads\/2026\/03\/Captura-de-pantalla-2026-03-03-a-las-11.02.19\u202fa.\u202fm-768x758.png 768w\" sizes=\"(max-width: 938px) 100vw, 938px\" \/><\/a><\/figure>\n\n\n\n<p class=\"has-text-align-center has-base-3-color has-accent-background-color has-text-color has-background\"><strong>PREINSCRIPCI\u00d3N<\/strong><\/p>\n<\/div>\n\n\n\n<div class=\"wp-block-column is-layout-flow\">\n<figure class=\"wp-block-image size-full\"><img decoding=\"async\" loading=\"lazy\" width=\"1080\" height=\"1080\" src=\"https:\/\/ens9002-infd.mendoza.edu.ar\/sitio\/wp-content\/uploads\/2026\/03\/formacio\u0301n-continua-6.png\" alt=\"\" class=\"wp-image-20146\" srcset=\"https:\/\/ens9002-infd.mendoza.edu.ar\/sitio\/wp-content\/uploads\/2026\/03\/formacio\u0301n-continua-6.png 1080w, https:\/\/ens9002-infd.mendoza.edu.ar\/sitio\/wp-content\/uploads\/2026\/03\/formacio\u0301n-continua-6-1000x1000.png 1000w, https:\/\/ens9002-infd.mendoza.edu.ar\/sitio\/wp-content\/uploads\/2026\/03\/formacio\u0301n-continua-6-500x500.png 500w, https:\/\/ens9002-infd.mendoza.edu.ar\/sitio\/wp-content\/uploads\/2026\/03\/formacio\u0301n-continua-6-768x768.png 768w\" sizes=\"(max-width: 1080px) 100vw, 1080px\" \/><\/figure>\n\n\n\n<p class=\"has-text-align-center has-base-3-color has-accent-background-color has-text-color has-background\"><strong>PR\u00d3XIMAMENTE<\/strong><\/p>\n<\/div>\n<\/div>\n\n\n\n<div class=\"wp-block-columns is-layout-flex wp-container-18\">\n<div class=\"wp-block-column is-layout-flow\">\n<figure class=\"wp-block-image size-full\"><a href=\"https:\/\/ens9002-infd.mendoza.edu.ar\/sitio\/taller-de-deteccion-abuso-sexual-infantil\/\"><img decoding=\"async\" loading=\"lazy\" width=\"1080\" height=\"1080\" src=\"https:\/\/ens9002-infd.mendoza.edu.ar\/sitio\/wp-content\/uploads\/2026\/03\/formacio\u0301n-continua.png\" alt=\"\" class=\"wp-image-20101\" srcset=\"https:\/\/ens9002-infd.mendoza.edu.ar\/sitio\/wp-content\/uploads\/2026\/03\/formacio\u0301n-continua.png 1080w, https:\/\/ens9002-infd.mendoza.edu.ar\/sitio\/wp-content\/uploads\/2026\/03\/formacio\u0301n-continua-1000x1000.png 1000w, https:\/\/ens9002-infd.mendoza.edu.ar\/sitio\/wp-content\/uploads\/2026\/03\/formacio\u0301n-continua-500x500.png 500w, https:\/\/ens9002-infd.mendoza.edu.ar\/sitio\/wp-content\/uploads\/2026\/03\/formacio\u0301n-continua-768x768.png 768w\" sizes=\"(max-width: 1080px) 100vw, 1080px\" \/><\/a><\/figure>\n\n\n\n<p class=\"has-text-align-center has-base-3-color has-accent-background-color has-text-color has-background\"><strong>PREINSCRIPCI\u00d3N<\/strong><\/p>\n<\/div>\n\n\n\n<div class=\"wp-block-column is-layout-flow\">\n<figure class=\"wp-block-image size-full\"><a href=\"https:\/\/ens9002-infd.mendoza.edu.ar\/sitio\/el-poder-de-la-comunicacion-en-el-docente-2\/\"><img decoding=\"async\" loading=\"lazy\" width=\"1080\" height=\"1080\" src=\"https:\/\/ens9002-infd.mendoza.edu.ar\/sitio\/wp-content\/uploads\/2026\/03\/formacio\u0301n-continua-2.png\" alt=\"\" class=\"wp-image-20114\" srcset=\"https:\/\/ens9002-infd.mendoza.edu.ar\/sitio\/wp-content\/uploads\/2026\/03\/formacio\u0301n-continua-2.png 1080w, https:\/\/ens9002-infd.mendoza.edu.ar\/sitio\/wp-content\/uploads\/2026\/03\/formacio\u0301n-continua-2-1000x1000.png 1000w, https:\/\/ens9002-infd.mendoza.edu.ar\/sitio\/wp-content\/uploads\/2026\/03\/formacio\u0301n-continua-2-500x500.png 500w, https:\/\/ens9002-infd.mendoza.edu.ar\/sitio\/wp-content\/uploads\/2026\/03\/formacio\u0301n-continua-2-768x768.png 768w\" sizes=\"(max-width: 1080px) 100vw, 1080px\" \/><\/a><\/figure>\n\n\n\n<p class=\"has-text-align-center has-base-3-color has-accent-background-color has-text-color has-background\"><strong>PREINSCRIPCI\u00d3N<\/strong><\/p>\n<\/div>\n\n\n\n<div class=\"wp-block-column is-layout-flow\">\n<figure class=\"wp-block-image size-full\"><a href=\"https:\/\/ens9002-infd.mendoza.edu.ar\/sitio\/19440-2\/\"><img decoding=\"async\" loading=\"lazy\" width=\"1600\" height=\"1600\" src=\"https:\/\/ens9002-infd.mendoza.edu.ar\/sitio\/wp-content\/uploads\/2025\/09\/WhatsApp-Image-2025-09-16-at-11.10.46.jpeg\" alt=\"\" class=\"wp-image-19441\" srcset=\"https:\/\/ens9002-infd.mendoza.edu.ar\/sitio\/wp-content\/uploads\/2025\/09\/WhatsApp-Image-2025-09-16-at-11.10.46.jpeg 1600w, https:\/\/ens9002-infd.mendoza.edu.ar\/sitio\/wp-content\/uploads\/2025\/09\/WhatsApp-Image-2025-09-16-at-11.10.46-1000x1000.jpeg 1000w, https:\/\/ens9002-infd.mendoza.edu.ar\/sitio\/wp-content\/uploads\/2025\/09\/WhatsApp-Image-2025-09-16-at-11.10.46-500x500.jpeg 500w, https:\/\/ens9002-infd.mendoza.edu.ar\/sitio\/wp-content\/uploads\/2025\/09\/WhatsApp-Image-2025-09-16-at-11.10.46-768x768.jpeg 768w, https:\/\/ens9002-infd.mendoza.edu.ar\/sitio\/wp-content\/uploads\/2025\/09\/WhatsApp-Image-2025-09-16-at-11.10.46-1536x1536.jpeg 1536w\" sizes=\"(max-width: 1600px) 100vw, 1600px\" \/><\/a><\/figure>\n\n\n\n<p class=\"has-text-align-center has-base-3-color has-accent-background-color has-text-color has-background\"><strong>PREINSCRIPCI\u00d3N<\/strong><\/p>\n<\/div>\n<\/div>\n\n\n\n<div class=\"wp-block-columns is-layout-flex wp-container-22\">\n<div class=\"wp-block-column is-layout-flow\">\n<figure class=\"wp-block-image size-full is-resized\"><a href=\"https:\/\/ens9002-infd.mendoza.edu.ar\/sitio\/instrumentos-de-evaluacion-en-secundaria\/\"><img decoding=\"async\" loading=\"lazy\" src=\"https:\/\/ens9002-infd.mendoza.edu.ar\/sitio\/wp-content\/uploads\/2026\/03\/formacio\u0301n-continua-7.png\" alt=\"\" class=\"wp-image-20158\" width=\"305\" height=\"305\" srcset=\"https:\/\/ens9002-infd.mendoza.edu.ar\/sitio\/wp-content\/uploads\/2026\/03\/formacio\u0301n-continua-7.png 1080w, https:\/\/ens9002-infd.mendoza.edu.ar\/sitio\/wp-content\/uploads\/2026\/03\/formacio\u0301n-continua-7-1000x1000.png 1000w, https:\/\/ens9002-infd.mendoza.edu.ar\/sitio\/wp-content\/uploads\/2026\/03\/formacio\u0301n-continua-7-500x500.png 500w, https:\/\/ens9002-infd.mendoza.edu.ar\/sitio\/wp-content\/uploads\/2026\/03\/formacio\u0301n-continua-7-768x768.png 768w\" sizes=\"(max-width: 305px) 100vw, 305px\" \/><\/a><\/figure>\n\n\n\n<p class=\"has-text-align-center has-base-3-color has-accent-background-color has-text-color has-background\"><strong>PR\u00d3XIMAMENTE<\/strong><\/p>\n<\/div>\n\n\n\n<div class=\"wp-block-column is-layout-flow\">\n<figure class=\"wp-block-image size-full is-resized\"><img decoding=\"async\" loading=\"lazy\" src=\"https:\/\/ens9002-infd.mendoza.edu.ar\/sitio\/wp-content\/uploads\/2024\/08\/2.png\" alt=\"\" class=\"wp-image-16039\" width=\"310\" height=\"310\" srcset=\"https:\/\/ens9002-infd.mendoza.edu.ar\/sitio\/wp-content\/uploads\/2024\/08\/2.png 1080w, https:\/\/ens9002-infd.mendoza.edu.ar\/sitio\/wp-content\/uploads\/2024\/08\/2-1000x1000.png 1000w, https:\/\/ens9002-infd.mendoza.edu.ar\/sitio\/wp-content\/uploads\/2024\/08\/2-500x500.png 500w, https:\/\/ens9002-infd.mendoza.edu.ar\/sitio\/wp-content\/uploads\/2024\/08\/2-768x768.png 768w\" sizes=\"(max-width: 310px) 100vw, 310px\" \/><\/figure>\n\n\n\n<p class=\"has-text-align-center has-base-3-color has-accent-background-color has-text-color has-background\"><strong>PR\u00d3XIMAMENTE<\/strong><\/p>\n<\/div>\n\n\n\n<div class=\"wp-block-column is-layout-flow\">\n<figure class=\"wp-block-image size-full is-resized\"><a href=\"https:\/\/ens9002-infd.mendoza.edu.ar\/sitio\/nutricion-para-la-inclusion\/\"><img decoding=\"async\" loading=\"lazy\" src=\"https:\/\/ens9002-infd.mendoza.edu.ar\/sitio\/wp-content\/uploads\/2026\/03\/formacio\u0301n-continua-9.png\" alt=\"\" class=\"wp-image-20179\" width=\"304\" height=\"304\" srcset=\"https:\/\/ens9002-infd.mendoza.edu.ar\/sitio\/wp-content\/uploads\/2026\/03\/formacio\u0301n-continua-9.png 1080w, https:\/\/ens9002-infd.mendoza.edu.ar\/sitio\/wp-content\/uploads\/2026\/03\/formacio\u0301n-continua-9-1000x1000.png 1000w, https:\/\/ens9002-infd.mendoza.edu.ar\/sitio\/wp-content\/uploads\/2026\/03\/formacio\u0301n-continua-9-500x500.png 500w, https:\/\/ens9002-infd.mendoza.edu.ar\/sitio\/wp-content\/uploads\/2026\/03\/formacio\u0301n-continua-9-768x768.png 768w\" sizes=\"(max-width: 304px) 100vw, 304px\" \/><\/a><\/figure>\n\n\n\n<p class=\"has-text-align-center has-base-3-color has-accent-background-color has-text-color has-background\"><strong>PREINSCRIPCI\u00d3N<\/strong><\/p>\n<\/div>\n<\/div>\n\n\n\n<div class=\"wp-block-columns is-layout-flex wp-container-26\">\n<div class=\"wp-block-column is-layout-flow\">\n<figure class=\"wp-block-image size-full\"><a href=\"https:\/\/ens9002-infd.mendoza.edu.ar\/sitio\/el-impacto-de-la-interaccion-grupal-en-la-dinamica-de-los-aprendizajes-en-el-ambito-escolar-2\/\"><img decoding=\"async\" loading=\"lazy\" width=\"1350\" height=\"1350\" src=\"https:\/\/ens9002-infd.mendoza.edu.ar\/sitio\/wp-content\/uploads\/2025\/10\/formacio\u0301n-continua-14.png\" alt=\"\" class=\"wp-image-19538\" srcset=\"https:\/\/ens9002-infd.mendoza.edu.ar\/sitio\/wp-content\/uploads\/2025\/10\/formacio\u0301n-continua-14.png 1350w, https:\/\/ens9002-infd.mendoza.edu.ar\/sitio\/wp-content\/uploads\/2025\/10\/formacio\u0301n-continua-14-1000x1000.png 1000w, https:\/\/ens9002-infd.mendoza.edu.ar\/sitio\/wp-content\/uploads\/2025\/10\/formacio\u0301n-continua-14-500x500.png 500w, https:\/\/ens9002-infd.mendoza.edu.ar\/sitio\/wp-content\/uploads\/2025\/10\/formacio\u0301n-continua-14-768x768.png 768w\" sizes=\"(max-width: 1350px) 100vw, 1350px\" \/><\/a><\/figure>\n\n\n\n<p class=\"has-text-align-center has-base-3-color has-accent-background-color has-text-color has-background\"><strong>EN CURSO<\/strong><\/p>\n<\/div>\n\n\n\n<div class=\"wp-block-column is-layout-flow\">\n<figure class=\"wp-block-image size-full\"><a href=\"https:\/\/ens9002-infd.mendoza.edu.ar\/sitio\/recreandonos-como-optimizar-nuestra-disponibilidad-corporal-docente-2\/\"><img decoding=\"async\" loading=\"lazy\" width=\"1080\" height=\"1080\" src=\"https:\/\/ens9002-infd.mendoza.edu.ar\/sitio\/wp-content\/uploads\/2026\/03\/formacio\u0301n-continua-11.png\" alt=\"\" class=\"wp-image-20185\" srcset=\"https:\/\/ens9002-infd.mendoza.edu.ar\/sitio\/wp-content\/uploads\/2026\/03\/formacio\u0301n-continua-11.png 1080w, https:\/\/ens9002-infd.mendoza.edu.ar\/sitio\/wp-content\/uploads\/2026\/03\/formacio\u0301n-continua-11-1000x1000.png 1000w, https:\/\/ens9002-infd.mendoza.edu.ar\/sitio\/wp-content\/uploads\/2026\/03\/formacio\u0301n-continua-11-500x500.png 500w, https:\/\/ens9002-infd.mendoza.edu.ar\/sitio\/wp-content\/uploads\/2026\/03\/formacio\u0301n-continua-11-768x768.png 768w\" sizes=\"(max-width: 1080px) 100vw, 1080px\" \/><\/a><\/figure>\n\n\n\n<p class=\"has-text-align-center has-base-3-color has-accent-background-color has-text-color has-background\"><strong>PREINSCRIPCI\u00d3N<\/strong><\/p>\n<\/div>\n\n\n\n<div class=\"wp-block-column is-layout-flow\"><\/div>\n<\/div>\n\n\n\n<p class=\"has-base-3-color has-text-color has-background has-medium-font-size\" style=\"background-color:#3870a2\"><strong>POST\u00cdTULOS, ESPECIALIZACIONES DOCENTES<\/strong><\/p>\n\n\n\n<div class=\"wp-block-columns is-layout-flex wp-container-30\">\n<div class=\"wp-block-column is-layout-flow\">\n<figure class=\"wp-block-image size-full\"><a href=\"https:\/\/ens9002-infd.mendoza.edu.ar\/sitio\/especializacion-docente-de-nivel-superior-practicas-innovadoras-para-la-ciencia-experimentales-en-el-laboratorio-y-el-contexto\/\"><img decoding=\"async\" loading=\"lazy\" width=\"926\" height=\"932\" src=\"https:\/\/ens9002-infd.mendoza.edu.ar\/sitio\/wp-content\/uploads\/2026\/03\/Captura-de-pantalla-2026-03-03-a-las-2.03.30\u202fp.\u202fm.png\" alt=\"\" class=\"wp-image-20271\" srcset=\"https:\/\/ens9002-infd.mendoza.edu.ar\/sitio\/wp-content\/uploads\/2026\/03\/Captura-de-pantalla-2026-03-03-a-las-2.03.30\u202fp.\u202fm.png 926w, https:\/\/ens9002-infd.mendoza.edu.ar\/sitio\/wp-content\/uploads\/2026\/03\/Captura-de-pantalla-2026-03-03-a-las-2.03.30\u202fp.\u202fm-768x773.png 768w\" sizes=\"(max-width: 926px) 100vw, 926px\" \/><\/a><\/figure>\n\n\n\n<p class=\"has-text-align-center has-base-3-color has-accent-background-color has-text-color has-background\"><strong>INSCRIPCIONES ABIERTAS<\/strong><\/p>\n<\/div>\n\n\n\n<div class=\"wp-block-column is-layout-flow\">\n<figure class=\"wp-block-image size-full\"><a href=\"https:\/\/ens9002-infd.mendoza.edu.ar\/sitio\/especializacion-docente-de-nivel-superior-en-neurociencias-aplicadas-a-la-educacion\/\"><img decoding=\"async\" loading=\"lazy\" width=\"926\" height=\"920\" src=\"https:\/\/ens9002-infd.mendoza.edu.ar\/sitio\/wp-content\/uploads\/2026\/03\/Captura-de-pantalla-2026-03-03-a-las-2.07.16\u202fp.\u202fm.png\" alt=\"\" class=\"wp-image-20275\" srcset=\"https:\/\/ens9002-infd.mendoza.edu.ar\/sitio\/wp-content\/uploads\/2026\/03\/Captura-de-pantalla-2026-03-03-a-las-2.07.16\u202fp.\u202fm.png 926w, https:\/\/ens9002-infd.mendoza.edu.ar\/sitio\/wp-content\/uploads\/2026\/03\/Captura-de-pantalla-2026-03-03-a-las-2.07.16\u202fp.\u202fm-768x763.png 768w\" sizes=\"(max-width: 926px) 100vw, 926px\" \/><\/a><\/figure>\n\n\n\n<p class=\"has-text-align-center has-base-3-color has-accent-background-color has-text-color has-background\"><strong>EN CURSO<\/strong><\/p>\n<\/div>\n\n\n\n<div class=\"wp-block-column is-layout-flow\"><\/div>\n<\/div>\n\n\n\n<div class=\"wp-block-columns is-layout-flex wp-container-34\">\n<div class=\"wp-block-column is-layout-flow\">\n<figure class=\"wp-block-image size-full\"><a href=\"https:\/\/ens9002-infd.mendoza.edu.ar\/sitio\/especializacion-docente-de-nivel-superior-en-educacion-en-contextos-de-privacion-de-libertad\/\"><img decoding=\"async\" src=\"https:\/\/ens9002-infd.mendoza.edu.ar\/sitio\/wp-content\/uploads\/2025\/03\/Texto-del-parrafo-4.png\" alt=\"\" class=\"wp-image-17797\"\/><\/a><\/figure>\n\n\n\n<p class=\"has-text-align-center has-base-3-color has-text-color has-background has-small-font-size\" style=\"background-color:#3870a2\">I<strong>NSCRIPCIONES CERRADAS<\/strong><\/p>\n<\/div>\n\n\n\n<div class=\"wp-block-column is-layout-flow\">\n<figure class=\"wp-block-image size-full\"><a href=\"https:\/\/ens9002-infd.mendoza.edu.ar\/sitio\/especializacion-docente-de-nivel-superior-en-produccion-y-mediacion-de-artes-visuales-con-tecnologias-digitales-2\/\" target=\"_blank\" rel=\"noreferrer noopener\"><img decoding=\"async\" loading=\"lazy\" width=\"1080\" height=\"1080\" src=\"https:\/\/ens9002-infd.mendoza.edu.ar\/sitio\/wp-content\/uploads\/2024\/07\/3-1.png\" alt=\"\" class=\"wp-image-15763\" srcset=\"https:\/\/ens9002-infd.mendoza.edu.ar\/sitio\/wp-content\/uploads\/2024\/07\/3-1.png 1080w, https:\/\/ens9002-infd.mendoza.edu.ar\/sitio\/wp-content\/uploads\/2024\/07\/3-1-1000x1000.png 1000w, https:\/\/ens9002-infd.mendoza.edu.ar\/sitio\/wp-content\/uploads\/2024\/07\/3-1-500x500.png 500w, https:\/\/ens9002-infd.mendoza.edu.ar\/sitio\/wp-content\/uploads\/2024\/07\/3-1-768x768.png 768w\" sizes=\"(max-width: 1080px) 100vw, 1080px\" \/><\/a><\/figure>\n\n\n\n<p class=\"has-text-align-center has-base-3-color has-text-color has-background has-small-font-size\" style=\"background-color:#3870a2\"><strong>INSCRIPCIONES CERRADAS<\/strong><\/p>\n<\/div>\n\n\n\n<div class=\"wp-block-column is-layout-flow\">\n<figure class=\"wp-block-image size-full\"><a href=\"https:\/\/ens9002-infd.mendoza.edu.ar\/sitio\/15784-2\/\"><img decoding=\"async\" loading=\"lazy\" width=\"1080\" height=\"1080\" src=\"https:\/\/ens9002-infd.mendoza.edu.ar\/sitio\/wp-content\/uploads\/2024\/07\/5.png\" alt=\"\" class=\"wp-image-15764\" srcset=\"https:\/\/ens9002-infd.mendoza.edu.ar\/sitio\/wp-content\/uploads\/2024\/07\/5.png 1080w, https:\/\/ens9002-infd.mendoza.edu.ar\/sitio\/wp-content\/uploads\/2024\/07\/5-1000x1000.png 1000w, https:\/\/ens9002-infd.mendoza.edu.ar\/sitio\/wp-content\/uploads\/2024\/07\/5-500x500.png 500w, https:\/\/ens9002-infd.mendoza.edu.ar\/sitio\/wp-content\/uploads\/2024\/07\/5-768x768.png 768w\" sizes=\"(max-width: 1080px) 100vw, 1080px\" \/><\/a><\/figure>\n\n\n\n<p class=\"has-text-align-center has-base-3-color has-text-color has-background has-small-font-size\" style=\"background-color:#3870a2\"><strong>INSCRIPCIONES CERRADAS<\/strong><\/p>\n<\/div>\n<\/div>\n\n\n\n<div class=\"wp-block-columns is-layout-flex wp-container-38\">\n<div class=\"wp-block-column is-layout-flow\"><\/div>\n\n\n\n<div class=\"wp-block-column is-layout-flow\"><\/div>\n\n\n\n<div class=\"wp-block-column is-layout-flow\"><\/div>\n<\/div>\n\n\n\n<div class=\"wp-block-columns is-layout-flex wp-container-42\">\n<div class=\"wp-block-column is-layout-flow\"><\/div>\n\n\n\n<div class=\"wp-block-column is-layout-flow\"><\/div>\n\n\n\n<div class=\"wp-block-column is-layout-flow\"><\/div>\n<\/div>\n\n\n\n<div class=\"wp-block-columns is-layout-flex wp-container-46\">\n<div class=\"wp-block-column is-layout-flow\"><\/div>\n\n\n\n<div class=\"wp-block-column is-layout-flow\"><\/div>\n\n\n\n<div class=\"wp-block-column is-layout-flow\"><\/div>\n<\/div>\n","protected":false},"excerpt":{"rendered":"<p>CURSOS Y TALLERES CON PUNTAJE DOCENTE PR\u00d3XIMAMENTE PREINSCRIPCI\u00d3N PR\u00d3XIMAMENTE PREINSCRIPCI\u00d3N PREINSCRIPCI\u00d3N PR\u00d3XIMAMENTE PREINSCRIPCI\u00d3N PREINSCRIPCI\u00d3N PREINSCRIPCI\u00d3N PR\u00d3XIMAMENTE PR\u00d3XIMAMENTE PREINSCRIPCI\u00d3N EN CURSO PREINSCRIPCI\u00d3N POST\u00cdTULOS, ESPECIALIZACIONES DOCENTES INSCRIPCIONES ABIERTAS EN CURSO INSCRIPCIONES CERRADAS INSCRIPCIONES CERRADAS INSCRIPCIONES CERRADAS<\/p>\n","protected":false},"author":4776,"featured_media":0,"parent":0,"menu_order":0,"comment_status":"closed","ping_status":"closed","template":"","meta":[],"acf":[],"_links":{"self":[{"href":"https:\/\/ens9002-infd.mendoza.edu.ar\/sitio\/wp-json\/wp\/v2\/pages\/15096"}],"collection":[{"href":"https:\/\/ens9002-infd.mendoza.edu.ar\/sitio\/wp-json\/wp\/v2\/pages"}],"about":[{"href":"https:\/\/ens9002-infd.mendoza.edu.ar\/sitio\/wp-json\/wp\/v2\/types\/page"}],"author":[{"embeddable":true,"href":"https:\/\/ens9002-infd.mendoza.edu.ar\/sitio\/wp-json\/wp\/v2\/users\/4776"}],"replies":[{"embeddable":true,"href":"https:\/\/ens9002-infd.mendoza.edu.ar\/sitio\/wp-json\/wp\/v2\/comments?post=15096"}],"version-history":[{"count":275,"href":"https:\/\/ens9002-infd.mendoza.edu.ar\/sitio\/wp-json\/wp\/v2\/pages\/15096\/revisions"}],"predecessor-version":[{"id":20381,"href":"https:\/\/ens9002-infd.mendoza.edu.ar\/sitio\/wp-json\/wp\/v2\/pages\/15096\/revisions\/20381"}],"wp:attachment":[{"href":"https:\/\/ens9002-infd.mendoza.edu.ar\/sitio\/wp-json\/wp\/v2\/media?parent=15096"}],"curies":[{"name":"wp","href":"https:\/\/api.w.org\/{rel}","templated":true}]}}