{"id":15288,"date":"2024-04-16T12:32:57","date_gmt":"2024-04-16T15:32:57","guid":{"rendered":"https:\/\/ens9002-infd.mendoza.edu.ar\/sitio\/?page_id=15288"},"modified":"2025-03-11T16:19:10","modified_gmt":"2025-03-11T19:19:10","slug":"investigacion-2024","status":"publish","type":"page","link":"https:\/\/ens9002-infd.mendoza.edu.ar\/sitio\/investigacion-2024\/","title":{"rendered":"Investigaci\u00f3n 2024"},"content":{"rendered":"\n<p class=\"has-base-3-color has-text-color has-background\" style=\"background-color:#0bb5af;font-size:30px\"><strong><em>INVESTIGACI\u00d3N 2024<\/em><\/strong><\/p>\n\n\n\n<p><strong><em>FORMATOS PARA LA PRESENTACI\u00d3N DE INFORMES FINALES<\/em><\/strong><\/p>\n\n\n\n<p>Se entregan informes s\u00f3lo de los proyectos de investigaci\u00f3n presentados (\u00faltima convocatoria 2022). No se entregan informes de proyectos institucionales que no hayan sido presentados.<\/p>\n\n\n\n<div class=\"wp-block-buttons is-layout-flex\">\n<div class=\"wp-block-button\"><a class=\"wp-block-button__link wp-element-button\" href=\"https:\/\/ens9002-infd.mendoza.edu.ar\/sitio\/wp-content\/uploads\/2024\/04\/Pauta-para-informes-finales-de-investigacion-educativa-2024.docx.pdf\" target=\"_blank\" rel=\"noreferrer noopener\">INVESTIGACI\u00d3N EDUCATIVA<\/a><\/div>\n\n\n\n<div class=\"wp-block-button\"><a class=\"wp-block-button__link wp-element-button\" href=\"https:\/\/ens9002-infd.mendoza.edu.ar\/sitio\/wp-content\/uploads\/2024\/04\/Pauta-para-informes-finales-de-investigacio\u0301n-te\u0301cnica-2024.pdf\" target=\"_blank\" rel=\"noreferrer noopener\">INVESTIGACI\u00d3N T\u00c9CNICA<\/a><\/div>\n<\/div>\n\n\n\n<hr class=\"wp-block-separator has-alpha-channel-opacity\"\/>\n\n\n\n<figure class=\"wp-block-image size-full\"><img decoding=\"async\" loading=\"lazy\" width=\"1600\" height=\"1600\" src=\"https:\/\/ens9002-infd.mendoza.edu.ar\/sitio\/wp-content\/uploads\/2024\/04\/IMG-20240416-WA0056.jpg\" alt=\"\" class=\"wp-image-15293\" srcset=\"https:\/\/ens9002-infd.mendoza.edu.ar\/sitio\/wp-content\/uploads\/2024\/04\/IMG-20240416-WA0056.jpg 1600w, https:\/\/ens9002-infd.mendoza.edu.ar\/sitio\/wp-content\/uploads\/2024\/04\/IMG-20240416-WA0056-1000x1000.jpg 1000w, https:\/\/ens9002-infd.mendoza.edu.ar\/sitio\/wp-content\/uploads\/2024\/04\/IMG-20240416-WA0056-500x500.jpg 500w, https:\/\/ens9002-infd.mendoza.edu.ar\/sitio\/wp-content\/uploads\/2024\/04\/IMG-20240416-WA0056-768x768.jpg 768w, https:\/\/ens9002-infd.mendoza.edu.ar\/sitio\/wp-content\/uploads\/2024\/04\/IMG-20240416-WA0056-1536x1536.jpg 1536w\" sizes=\"(max-width: 1600px) 100vw, 1600px\" \/><\/figure>\n","protected":false},"excerpt":{"rendered":"<p>INVESTIGACI\u00d3N 2024 FORMATOS PARA LA PRESENTACI\u00d3N DE INFORMES FINALES Se entregan informes s\u00f3lo de los proyectos de investigaci\u00f3n presentados (\u00faltima convocatoria 2022). No se entregan informes de proyectos institucionales que no hayan sido presentados.<\/p>\n","protected":false},"author":4776,"featured_media":0,"parent":0,"menu_order":0,"comment_status":"closed","ping_status":"closed","template":"","meta":[],"acf":[],"_links":{"self":[{"href":"https:\/\/ens9002-infd.mendoza.edu.ar\/sitio\/wp-json\/wp\/v2\/pages\/15288"}],"collection":[{"href":"https:\/\/ens9002-infd.mendoza.edu.ar\/sitio\/wp-json\/wp\/v2\/pages"}],"about":[{"href":"https:\/\/ens9002-infd.mendoza.edu.ar\/sitio\/wp-json\/wp\/v2\/types\/page"}],"author":[{"embeddable":true,"href":"https:\/\/ens9002-infd.mendoza.edu.ar\/sitio\/wp-json\/wp\/v2\/users\/4776"}],"replies":[{"embeddable":true,"href":"https:\/\/ens9002-infd.mendoza.edu.ar\/sitio\/wp-json\/wp\/v2\/comments?post=15288"}],"version-history":[{"count":5,"href":"https:\/\/ens9002-infd.mendoza.edu.ar\/sitio\/wp-json\/wp\/v2\/pages\/15288\/revisions"}],"predecessor-version":[{"id":17786,"href":"https:\/\/ens9002-infd.mendoza.edu.ar\/sitio\/wp-json\/wp\/v2\/pages\/15288\/revisions\/17786"}],"wp:attachment":[{"href":"https:\/\/ens9002-infd.mendoza.edu.ar\/sitio\/wp-json\/wp\/v2\/media?parent=15288"}],"curies":[{"name":"wp","href":"https:\/\/api.w.org\/{rel}","templated":true}]}}