{"id":15767,"date":"2024-07-24T15:50:56","date_gmt":"2024-07-24T18:50:56","guid":{"rendered":"https:\/\/ens9002-infd.mendoza.edu.ar\/sitio\/?page_id=15767"},"modified":"2025-05-06T14:38:00","modified_gmt":"2025-05-06T17:38:00","slug":"actualizacion-academica-en-ensenanza-de-la-matematica-en-el-nivel-secundario","status":"publish","type":"page","link":"https:\/\/ens9002-infd.mendoza.edu.ar\/sitio\/actualizacion-academica-en-ensenanza-de-la-matematica-en-el-nivel-secundario\/","title":{"rendered":"Actualizaci\u00f3n Acad\u00e9mica en Ense\u00f1anza de la Matem\u00e1tica en el Nivel Secundario"},"content":{"rendered":"\n<div class=\"wp-block-columns is-layout-flex wp-container-7\">\n<div class=\"wp-block-column is-layout-flow\">\n<figure class=\"wp-block-image size-full\"><img decoding=\"async\" loading=\"lazy\" width=\"1080\" height=\"1080\" src=\"https:\/\/ens9002-infd.mendoza.edu.ar\/sitio\/wp-content\/uploads\/2024\/07\/1-2.png\" alt=\"\" class=\"wp-image-15768\" srcset=\"https:\/\/ens9002-infd.mendoza.edu.ar\/sitio\/wp-content\/uploads\/2024\/07\/1-2.png 1080w, https:\/\/ens9002-infd.mendoza.edu.ar\/sitio\/wp-content\/uploads\/2024\/07\/1-2-1000x1000.png 1000w, https:\/\/ens9002-infd.mendoza.edu.ar\/sitio\/wp-content\/uploads\/2024\/07\/1-2-500x500.png 500w, https:\/\/ens9002-infd.mendoza.edu.ar\/sitio\/wp-content\/uploads\/2024\/07\/1-2-768x768.png 768w\" sizes=\"(max-width: 1080px) 100vw, 1080px\" \/><\/figure>\n<\/div>\n\n\n\n<div class=\"wp-block-column has-contrast-color has-base-3-background-color has-text-color has-background is-layout-flow\">\n<p><\/p>\n\n\n\n<p style=\"font-size:16px\">Durante la cursada, se propiciar\u00e1 un espacio para la reflexi\u00f3n sobre los conocimientos o saberes propios del nivel secundario, que posibilitar\u00e1 enriquecer las pr\u00e1cticas docentes. Adem\u00e1s, se contribuir\u00e1 al fortalecimiento profesional de los y las docentes de Matem\u00e1tica a trav\u00e9s de propuestas de actualizaci\u00f3n que permitan un claro posicionamiento conceptual y metodol\u00f3gico, con el fin de retomar saberes matem\u00e1ticos del nivel secundario, desde un enfoque interdisciplinar e integral.<\/p>\n<\/div>\n\n\n\n<div class=\"wp-block-column is-layout-flow\">\n<div class=\"wp-block-buttons is-layout-flex\">\n<div class=\"wp-block-button\"><a class=\"wp-block-button__link has-background wp-element-button\" href=\"https:\/\/ens9002-infd.mendoza.edu.ar\/sitio\/wp-content\/uploads\/2025\/05\/RESOL-2024-1287-E-GDEMZA-DGE-Aprobacion-del-Diseno-Curricular-del-Postitulo-Docente-Actualizacion-Academica-en-Matematica-IES-N\u00b0-9-002.pdf\" style=\"background-color:#18957c\" target=\"_blank\" rel=\"noreferrer noopener\">RESOLUCI\u00d3N<\/a><\/div>\n<\/div>\n\n\n\n<div style=\"height:24px\" aria-hidden=\"true\" class=\"wp-block-spacer\"><\/div>\n\n\n\n<div class=\"wp-block-buttons is-layout-flex\">\n<div class=\"wp-block-button\"><a class=\"wp-block-button__link has-accent-background-color has-background wp-element-button\" href=\"https:\/\/ens9002-infd.mendoza.edu.ar\/sitio\/wp-content\/uploads\/2025\/05\/ANEXO-MATEMATICA.pdf\" target=\"_blank\" rel=\"noreferrer noopener\">ANEXO<\/a><\/div>\n<\/div>\n\n\n\n<div style=\"height:20px\" aria-hidden=\"true\" class=\"wp-block-spacer\"><\/div>\n\n\n\n<div class=\"wp-block-buttons is-layout-flex\">\n<div class=\"wp-block-button\"><a class=\"wp-block-button__link has-background wp-element-button\" href=\"https:\/\/ens9002-infd.mendoza.edu.ar\/sitio\/wp-content\/uploads\/2025\/05\/Postitulo-Actualizacion-Academica-en-Ensenanza-de-la-Matematica-en-el-Nivel-Secundario.pdf\" style=\"background-color:#55c1f1\" target=\"_blank\" rel=\"noreferrer noopener\">M\u00c1S INFORMACI\u00d3N<\/a><\/div>\n<\/div>\n<\/div>\n<\/div>\n","protected":false},"excerpt":{"rendered":"<p>Durante la cursada, se propiciar\u00e1 un espacio para la reflexi\u00f3n sobre los conocimientos o saberes propios del nivel secundario, que posibilitar\u00e1 enriquecer las pr\u00e1cticas docentes. Adem\u00e1s, se contribuir\u00e1 al fortalecimiento profesional de los y las docentes de Matem\u00e1tica a trav\u00e9s de propuestas de actualizaci\u00f3n que permitan un claro posicionamiento conceptual y metodol\u00f3gico, con el fin &#8230; <a title=\"Actualizaci\u00f3n Acad\u00e9mica en Ense\u00f1anza de la Matem\u00e1tica en el Nivel Secundario\" class=\"read-more\" href=\"https:\/\/ens9002-infd.mendoza.edu.ar\/sitio\/actualizacion-academica-en-ensenanza-de-la-matematica-en-el-nivel-secundario\/\" aria-label=\"More on Actualizaci\u00f3n Acad\u00e9mica en Ense\u00f1anza de la Matem\u00e1tica en el Nivel Secundario\">[+]<\/a><\/p>\n","protected":false},"author":4776,"featured_media":0,"parent":0,"menu_order":0,"comment_status":"closed","ping_status":"closed","template":"","meta":[],"acf":[],"_links":{"self":[{"href":"https:\/\/ens9002-infd.mendoza.edu.ar\/sitio\/wp-json\/wp\/v2\/pages\/15767"}],"collection":[{"href":"https:\/\/ens9002-infd.mendoza.edu.ar\/sitio\/wp-json\/wp\/v2\/pages"}],"about":[{"href":"https:\/\/ens9002-infd.mendoza.edu.ar\/sitio\/wp-json\/wp\/v2\/types\/page"}],"author":[{"embeddable":true,"href":"https:\/\/ens9002-infd.mendoza.edu.ar\/sitio\/wp-json\/wp\/v2\/users\/4776"}],"replies":[{"embeddable":true,"href":"https:\/\/ens9002-infd.mendoza.edu.ar\/sitio\/wp-json\/wp\/v2\/comments?post=15767"}],"version-history":[{"count":14,"href":"https:\/\/ens9002-infd.mendoza.edu.ar\/sitio\/wp-json\/wp\/v2\/pages\/15767\/revisions"}],"predecessor-version":[{"id":18349,"href":"https:\/\/ens9002-infd.mendoza.edu.ar\/sitio\/wp-json\/wp\/v2\/pages\/15767\/revisions\/18349"}],"wp:attachment":[{"href":"https:\/\/ens9002-infd.mendoza.edu.ar\/sitio\/wp-json\/wp\/v2\/media?parent=15767"}],"curies":[{"name":"wp","href":"https:\/\/api.w.org\/{rel}","templated":true}]}}