{"id":15779,"date":"2024-07-24T16:13:02","date_gmt":"2024-07-24T19:13:02","guid":{"rendered":"https:\/\/ens9002-infd.mendoza.edu.ar\/sitio\/?page_id=15779"},"modified":"2025-02-20T12:31:48","modified_gmt":"2025-02-20T15:31:48","slug":"especializacion-docente-de-nivel-superior-en-produccion-y-mediacion-de-artes-visuales-con-tecnologias-digitales-2","status":"publish","type":"page","link":"https:\/\/ens9002-infd.mendoza.edu.ar\/sitio\/especializacion-docente-de-nivel-superior-en-produccion-y-mediacion-de-artes-visuales-con-tecnologias-digitales-2\/","title":{"rendered":"Especializaci\u00f3n Docente de Nivel Superior en Producci\u00f3n y Mediaci\u00f3n de Artes Visuales con Tecnolog\u00edas Digitales"},"content":{"rendered":"\n<div class=\"wp-block-columns is-layout-flex wp-container-7\">\n<div class=\"wp-block-column is-layout-flow\">\n<figure class=\"wp-block-image size-full\"><img decoding=\"async\" loading=\"lazy\" width=\"1080\" height=\"1080\" src=\"https:\/\/ens9002-infd.mendoza.edu.ar\/sitio\/wp-content\/uploads\/2024\/07\/3-1.png\" alt=\"\" class=\"wp-image-15763\" srcset=\"https:\/\/ens9002-infd.mendoza.edu.ar\/sitio\/wp-content\/uploads\/2024\/07\/3-1.png 1080w, https:\/\/ens9002-infd.mendoza.edu.ar\/sitio\/wp-content\/uploads\/2024\/07\/3-1-1000x1000.png 1000w, https:\/\/ens9002-infd.mendoza.edu.ar\/sitio\/wp-content\/uploads\/2024\/07\/3-1-500x500.png 500w, https:\/\/ens9002-infd.mendoza.edu.ar\/sitio\/wp-content\/uploads\/2024\/07\/3-1-768x768.png 768w\" sizes=\"(max-width: 1080px) 100vw, 1080px\" \/><\/figure>\n<\/div>\n\n\n\n<div class=\"wp-block-column has-contrast-color has-base-3-background-color has-text-color has-background is-layout-flow\">\n<p><strong>Especializaci\u00f3n Docente de Nivel Superior en Producci\u00f3n y Mediaci\u00f3n de Artes Visuales con Tecnolog\u00edas Digitales<\/strong><\/p>\n\n\n\n<p class=\"has-small-font-size\">Se abordar\u00e1n diversos temas desde la teor\u00eda y la pr\u00e1ctica, tendientes a contribuir a una formaci\u00f3n actualizada y pertinente con relaci\u00f3n a la producci\u00f3n, exhibici\u00f3n y circulaci\u00f3n de las artes visuales a trav\u00e9s de las tecnolog\u00edas digitales. En el mismo sentido se desarrollar\u00e1n pr\u00e1cticas \u00e1ulicas contextualizadas, sustentadas desde el conocimiento art\u00edstico a partir de claros posicionamientos conceptuales y metodol\u00f3gicos para la formaci\u00f3n de sujetos capaces de interpretar la realidad socio-hist\u00f3rica con pensamiento cr\u00edtico e intervenir en ella para modificarla.<\/p>\n<\/div>\n\n\n\n<div class=\"wp-block-column is-layout-flow\">\n<div class=\"wp-block-buttons is-layout-flex\">\n<div class=\"wp-block-button\"><a class=\"wp-block-button__link has-background wp-element-button\" style=\"background-color:#18957c\">m\u00e1s info<\/a><\/div>\n<\/div>\n\n\n\n<div style=\"height:24px\" aria-hidden=\"true\" class=\"wp-block-spacer\"><\/div>\n\n\n\n<div class=\"wp-block-buttons is-layout-flex\">\n<div class=\"wp-block-button\"><a class=\"wp-block-button__link has-accent-background-color has-background wp-element-button\" href=\"https:\/\/ens9002-infd.mendoza.edu.ar\/sitio\/\">volver al inicio<\/a><\/div>\n<\/div>\n\n\n\n<div style=\"height:20px\" aria-hidden=\"true\" class=\"wp-block-spacer\"><\/div>\n\n\n\n<div class=\"wp-block-buttons is-layout-flex\">\n<div class=\"wp-block-button\"><a class=\"wp-block-button__link has-background wp-element-button\" href=\"https:\/\/ens9002-infd.mendoza.edu.ar\/sitio\/formacion-continua\/\" style=\"background-color:#55c1f1\"> formaci\u00f3n continua<\/a><\/div>\n<\/div>\n<\/div>\n<\/div>\n","protected":false},"excerpt":{"rendered":"<p>Especializaci\u00f3n Docente de Nivel Superior en Producci\u00f3n y Mediaci\u00f3n de Artes Visuales con Tecnolog\u00edas Digitales Se abordar\u00e1n diversos temas desde la teor\u00eda y la pr\u00e1ctica, tendientes a contribuir a una formaci\u00f3n actualizada y pertinente con relaci\u00f3n a la producci\u00f3n, exhibici\u00f3n y circulaci\u00f3n de las artes visuales a trav\u00e9s de las tecnolog\u00edas digitales. En el mismo &#8230; <a title=\"Especializaci\u00f3n Docente de Nivel Superior en Producci\u00f3n y Mediaci\u00f3n de Artes Visuales con Tecnolog\u00edas Digitales\" class=\"read-more\" href=\"https:\/\/ens9002-infd.mendoza.edu.ar\/sitio\/especializacion-docente-de-nivel-superior-en-produccion-y-mediacion-de-artes-visuales-con-tecnologias-digitales-2\/\" aria-label=\"More on Especializaci\u00f3n Docente de Nivel Superior en Producci\u00f3n y Mediaci\u00f3n de Artes Visuales con Tecnolog\u00edas Digitales\">[+]<\/a><\/p>\n","protected":false},"author":4776,"featured_media":0,"parent":0,"menu_order":0,"comment_status":"closed","ping_status":"closed","template":"","meta":[],"acf":[],"_links":{"self":[{"href":"https:\/\/ens9002-infd.mendoza.edu.ar\/sitio\/wp-json\/wp\/v2\/pages\/15779"}],"collection":[{"href":"https:\/\/ens9002-infd.mendoza.edu.ar\/sitio\/wp-json\/wp\/v2\/pages"}],"about":[{"href":"https:\/\/ens9002-infd.mendoza.edu.ar\/sitio\/wp-json\/wp\/v2\/types\/page"}],"author":[{"embeddable":true,"href":"https:\/\/ens9002-infd.mendoza.edu.ar\/sitio\/wp-json\/wp\/v2\/users\/4776"}],"replies":[{"embeddable":true,"href":"https:\/\/ens9002-infd.mendoza.edu.ar\/sitio\/wp-json\/wp\/v2\/comments?post=15779"}],"version-history":[{"count":6,"href":"https:\/\/ens9002-infd.mendoza.edu.ar\/sitio\/wp-json\/wp\/v2\/pages\/15779\/revisions"}],"predecessor-version":[{"id":17638,"href":"https:\/\/ens9002-infd.mendoza.edu.ar\/sitio\/wp-json\/wp\/v2\/pages\/15779\/revisions\/17638"}],"wp:attachment":[{"href":"https:\/\/ens9002-infd.mendoza.edu.ar\/sitio\/wp-json\/wp\/v2\/media?parent=15779"}],"curies":[{"name":"wp","href":"https:\/\/api.w.org\/{rel}","templated":true}]}}