{"id":15784,"date":"2024-07-24T16:24:19","date_gmt":"2024-07-24T19:24:19","guid":{"rendered":"https:\/\/ens9002-infd.mendoza.edu.ar\/sitio\/?page_id=15784"},"modified":"2025-02-20T12:32:15","modified_gmt":"2025-02-20T15:32:15","slug":"15784-2","status":"publish","type":"page","link":"https:\/\/ens9002-infd.mendoza.edu.ar\/sitio\/15784-2\/","title":{"rendered":"Actualizaci\u00f3n Acad\u00e9mica\u00a0y la\u00a0Especializaci\u00f3n Docente de Nivel Superior en Pr\u00e1cticas Educativas del Nivel Inicial en el contexto actual"},"content":{"rendered":"\n<div class=\"wp-block-columns is-layout-flex wp-container-7\">\n<div class=\"wp-block-column is-layout-flow\">\n<figure class=\"wp-block-image size-full\"><img decoding=\"async\" loading=\"lazy\" width=\"1080\" height=\"1080\" src=\"https:\/\/ens9002-infd.mendoza.edu.ar\/sitio\/wp-content\/uploads\/2024\/07\/5.png\" alt=\"\" class=\"wp-image-15764\" srcset=\"https:\/\/ens9002-infd.mendoza.edu.ar\/sitio\/wp-content\/uploads\/2024\/07\/5.png 1080w, https:\/\/ens9002-infd.mendoza.edu.ar\/sitio\/wp-content\/uploads\/2024\/07\/5-1000x1000.png 1000w, https:\/\/ens9002-infd.mendoza.edu.ar\/sitio\/wp-content\/uploads\/2024\/07\/5-500x500.png 500w, https:\/\/ens9002-infd.mendoza.edu.ar\/sitio\/wp-content\/uploads\/2024\/07\/5-768x768.png 768w\" sizes=\"(max-width: 1080px) 100vw, 1080px\" \/><\/figure>\n<\/div>\n\n\n\n<div class=\"wp-block-column has-contrast-color has-base-3-background-color has-text-color has-background is-layout-flow\">\n<p style=\"font-size:15px\"><strong>Actualizaci\u00f3n Acad\u00e9mica&nbsp;y la&nbsp;Especializaci\u00f3n Docente de Nivel Superior en Pr\u00e1cticas Educativas del Nivel Inicial en el contexto actual<\/strong><\/p>\n\n\n\n<p class=\"has-small-font-size\">Destinado a docentes, directivos del Nivel Inicial y a profesionales que&nbsp;poseen incumbencia en el Nivel Inicial y deseen perfeccionarse en el trabajo profesional docente. Esta &nbsp;propuesta ofrece la posibilidad del&nbsp;<strong>fortalecimiento<\/strong>&nbsp;conceptual y pr\u00e1ctico de&nbsp;los nuevos modos de ense\u00f1anza tanto en el Ciclo Jard\u00edn Maternal como en el Jard\u00edn de Infantes, en el marco de los cinco&nbsp;enfoques pedag\u00f3gicos para la innovaci\u00f3n y la calidad en la Educaci\u00f3n Infantil. Acompa\u00f1ados de docentes especialistas en cada \u00e1rea del conocimiento, se ofrecer\u00e1 un <strong>enfoque globalizador &nbsp;e integral del Nivel Inicial<\/strong>&nbsp;en su <strong>consideraci\u00f3n como Unidad Pedag\u00f3gica en el sistema educativo<\/strong>, a la luz de las necesidades que emergen de las diversas realidades institucionales, en&nbsp;referencia al Dise\u00f1o Curricular Provincial de Mendoza.<\/p>\n<\/div>\n\n\n\n<div class=\"wp-block-column is-layout-flow\">\n<div class=\"wp-block-buttons is-layout-flex\">\n<div class=\"wp-block-button\"><a class=\"wp-block-button__link has-background wp-element-button\" style=\"background-color:#18957c\">m\u00e1s info<\/a><\/div>\n<\/div>\n\n\n\n<div style=\"height:24px\" aria-hidden=\"true\" class=\"wp-block-spacer\"><\/div>\n\n\n\n<div class=\"wp-block-buttons is-layout-flex\">\n<div class=\"wp-block-button\"><a class=\"wp-block-button__link has-accent-background-color has-background wp-element-button\" href=\"https:\/\/ens9002-infd.mendoza.edu.ar\/sitio\/\">volver al inicio<\/a><\/div>\n<\/div>\n\n\n\n<div style=\"height:20px\" aria-hidden=\"true\" class=\"wp-block-spacer\"><\/div>\n\n\n\n<div class=\"wp-block-buttons is-layout-flex\">\n<div class=\"wp-block-button\"><a class=\"wp-block-button__link has-background wp-element-button\" href=\"https:\/\/ens9002-infd.mendoza.edu.ar\/sitio\/formacion-continua\/\" style=\"background-color:#55c1f1\"> formaci\u00f3n continua<\/a><\/div>\n<\/div>\n<\/div>\n<\/div>\n","protected":false},"excerpt":{"rendered":"<p>Actualizaci\u00f3n Acad\u00e9mica&nbsp;y la&nbsp;Especializaci\u00f3n Docente de Nivel Superior en Pr\u00e1cticas Educativas del Nivel Inicial en el contexto actual Destinado a docentes, directivos del Nivel Inicial y a profesionales que&nbsp;poseen incumbencia en el Nivel Inicial y deseen perfeccionarse en el trabajo profesional docente. Esta &nbsp;propuesta ofrece la posibilidad del&nbsp;fortalecimiento&nbsp;conceptual y pr\u00e1ctico de&nbsp;los nuevos modos de ense\u00f1anza tanto &#8230; <a title=\"Actualizaci\u00f3n Acad\u00e9mica\u00a0y la\u00a0Especializaci\u00f3n Docente de Nivel Superior en Pr\u00e1cticas Educativas del Nivel Inicial en el contexto actual\" class=\"read-more\" href=\"https:\/\/ens9002-infd.mendoza.edu.ar\/sitio\/15784-2\/\" aria-label=\"More on Actualizaci\u00f3n Acad\u00e9mica\u00a0y la\u00a0Especializaci\u00f3n Docente de Nivel Superior en Pr\u00e1cticas Educativas del Nivel Inicial en el contexto actual\">[+]<\/a><\/p>\n","protected":false},"author":4776,"featured_media":0,"parent":0,"menu_order":0,"comment_status":"closed","ping_status":"closed","template":"","meta":[],"acf":[],"_links":{"self":[{"href":"https:\/\/ens9002-infd.mendoza.edu.ar\/sitio\/wp-json\/wp\/v2\/pages\/15784"}],"collection":[{"href":"https:\/\/ens9002-infd.mendoza.edu.ar\/sitio\/wp-json\/wp\/v2\/pages"}],"about":[{"href":"https:\/\/ens9002-infd.mendoza.edu.ar\/sitio\/wp-json\/wp\/v2\/types\/page"}],"author":[{"embeddable":true,"href":"https:\/\/ens9002-infd.mendoza.edu.ar\/sitio\/wp-json\/wp\/v2\/users\/4776"}],"replies":[{"embeddable":true,"href":"https:\/\/ens9002-infd.mendoza.edu.ar\/sitio\/wp-json\/wp\/v2\/comments?post=15784"}],"version-history":[{"count":7,"href":"https:\/\/ens9002-infd.mendoza.edu.ar\/sitio\/wp-json\/wp\/v2\/pages\/15784\/revisions"}],"predecessor-version":[{"id":17639,"href":"https:\/\/ens9002-infd.mendoza.edu.ar\/sitio\/wp-json\/wp\/v2\/pages\/15784\/revisions\/17639"}],"wp:attachment":[{"href":"https:\/\/ens9002-infd.mendoza.edu.ar\/sitio\/wp-json\/wp\/v2\/media?parent=15784"}],"curies":[{"name":"wp","href":"https:\/\/api.w.org\/{rel}","templated":true}]}}