{"id":15797,"date":"2024-07-24T17:15:19","date_gmt":"2024-07-24T20:15:19","guid":{"rendered":"https:\/\/ens9002-infd.mendoza.edu.ar\/sitio\/?page_id=15797"},"modified":"2025-03-12T19:28:02","modified_gmt":"2025-03-12T22:28:02","slug":"15797-2","status":"publish","type":"page","link":"https:\/\/ens9002-infd.mendoza.edu.ar\/sitio\/15797-2\/","title":{"rendered":"La Ecopedagog\u00eda como un paradigma educativo"},"content":{"rendered":"\n<div class=\"wp-block-columns is-layout-flex wp-container-4\">\n<div class=\"wp-block-column is-layout-flow\">\n<figure class=\"wp-block-image size-full\"><img decoding=\"async\" loading=\"lazy\" width=\"1080\" height=\"1080\" src=\"https:\/\/ens9002-infd.mendoza.edu.ar\/sitio\/wp-content\/uploads\/2024\/07\/6.png\" alt=\"\" class=\"wp-image-15790\" srcset=\"https:\/\/ens9002-infd.mendoza.edu.ar\/sitio\/wp-content\/uploads\/2024\/07\/6.png 1080w, https:\/\/ens9002-infd.mendoza.edu.ar\/sitio\/wp-content\/uploads\/2024\/07\/6-1000x1000.png 1000w, https:\/\/ens9002-infd.mendoza.edu.ar\/sitio\/wp-content\/uploads\/2024\/07\/6-500x500.png 500w, https:\/\/ens9002-infd.mendoza.edu.ar\/sitio\/wp-content\/uploads\/2024\/07\/6-768x768.png 768w\" sizes=\"(max-width: 1080px) 100vw, 1080px\" \/><\/figure>\n<\/div>\n\n\n\n<div class=\"wp-block-column has-contrast-color has-base-3-background-color has-text-color has-background is-layout-flow\">\n<p class=\"has-medium-font-size\"><\/p>\n\n\n\n<p>Los temas sobre los que se har\u00e1 hincapi\u00e9 durante el cursado tienen que ver con el conocimiento del paradigma ecopedag\u00f3gico para su incorporaci\u00f3n a la pr\u00e1ctica docente y la recuperaci\u00f3n del conocimiento sobre las leyes de la  naturaleza, su armon\u00eda y complementariedad y su importancia en la ense\u00f1anza y el aprendizaje. Adem\u00e1s, se conocer\u00e1n estrategias did\u00e1cticas del enfoque ecopedag\u00f3gico y se reflexionar\u00e1 sobre los problemas globales y locales referidos al medio ambiente y su interdependencia con los procesos de formaci\u00f3n junto a su correlato en la pr\u00e1ctica<br>docente.<\/p>\n\n\n\n<div class=\"wp-block-buttons is-layout-flex\">\n<div class=\"wp-block-button\"><a class=\"wp-block-button__link has-background wp-element-button\" href=\"https:\/\/drive.google.com\/file\/d\/1YYEybgEoTMPbyB0ei_tPD1JYyRajkw6N\/view?usp=sharing\" style=\"background-color:#18957c\" target=\"_blank\" rel=\"noreferrer noopener\">M\u00c1S INFORMACI\u00d3N<\/a><\/div>\n\n\n\n<div class=\"wp-block-button\"><a class=\"wp-block-button__link has-background wp-element-button\" href=\"https:\/\/drive.google.com\/file\/d\/1URfsYdm0GyoBntrftP485PxyGn0AFSex\/view?usp=sharing\" style=\"background-color:#1e73be\" target=\"_blank\" rel=\"noreferrer noopener\">RESOLUCI\u00d3N<\/a><\/div>\n<\/div>\n\n\n\n<p><\/p>\n<\/div>\n<\/div>\n","protected":false},"excerpt":{"rendered":"<p>Los temas sobre los que se har\u00e1 hincapi\u00e9 durante el cursado tienen que ver con el conocimiento del paradigma ecopedag\u00f3gico para su incorporaci\u00f3n a la pr\u00e1ctica docente y la recuperaci\u00f3n del conocimiento sobre las leyes de la naturaleza, su armon\u00eda y complementariedad y su importancia en la ense\u00f1anza y el aprendizaje. Adem\u00e1s, se conocer\u00e1n estrategias &#8230; <a title=\"La Ecopedagog\u00eda como un paradigma educativo\" class=\"read-more\" href=\"https:\/\/ens9002-infd.mendoza.edu.ar\/sitio\/15797-2\/\" aria-label=\"More on La Ecopedagog\u00eda como un paradigma educativo\">[+]<\/a><\/p>\n","protected":false},"author":4776,"featured_media":0,"parent":0,"menu_order":0,"comment_status":"closed","ping_status":"closed","template":"","meta":[],"acf":[],"_links":{"self":[{"href":"https:\/\/ens9002-infd.mendoza.edu.ar\/sitio\/wp-json\/wp\/v2\/pages\/15797"}],"collection":[{"href":"https:\/\/ens9002-infd.mendoza.edu.ar\/sitio\/wp-json\/wp\/v2\/pages"}],"about":[{"href":"https:\/\/ens9002-infd.mendoza.edu.ar\/sitio\/wp-json\/wp\/v2\/types\/page"}],"author":[{"embeddable":true,"href":"https:\/\/ens9002-infd.mendoza.edu.ar\/sitio\/wp-json\/wp\/v2\/users\/4776"}],"replies":[{"embeddable":true,"href":"https:\/\/ens9002-infd.mendoza.edu.ar\/sitio\/wp-json\/wp\/v2\/comments?post=15797"}],"version-history":[{"count":12,"href":"https:\/\/ens9002-infd.mendoza.edu.ar\/sitio\/wp-json\/wp\/v2\/pages\/15797\/revisions"}],"predecessor-version":[{"id":17840,"href":"https:\/\/ens9002-infd.mendoza.edu.ar\/sitio\/wp-json\/wp\/v2\/pages\/15797\/revisions\/17840"}],"wp:attachment":[{"href":"https:\/\/ens9002-infd.mendoza.edu.ar\/sitio\/wp-json\/wp\/v2\/media?parent=15797"}],"curies":[{"name":"wp","href":"https:\/\/api.w.org\/{rel}","templated":true}]}}