{"id":16768,"date":"2024-10-30T18:47:33","date_gmt":"2024-10-30T21:47:33","guid":{"rendered":"https:\/\/ens9002-infd.mendoza.edu.ar\/sitio\/?page_id=16768"},"modified":"2026-03-17T19:28:53","modified_gmt":"2026-03-17T22:28:53","slug":"revista-faro","status":"publish","type":"page","link":"https:\/\/ens9002-infd.mendoza.edu.ar\/sitio\/revista-faro\/","title":{"rendered":"REVISTA FARO"},"content":{"rendered":"\n<figure class=\"wp-block-image size-large\"><img decoding=\"async\" loading=\"lazy\" width=\"1900\" height=\"543\" src=\"https:\/\/ens9002-infd.mendoza.edu.ar\/sitio\/wp-content\/uploads\/2026\/03\/metaslide-1-1900x543.jpg\" alt=\"\" class=\"wp-image-20351\" srcset=\"https:\/\/ens9002-infd.mendoza.edu.ar\/sitio\/wp-content\/uploads\/2026\/03\/metaslide-1-1900x543.jpg 1900w, https:\/\/ens9002-infd.mendoza.edu.ar\/sitio\/wp-content\/uploads\/2026\/03\/metaslide-1-1000x286.jpg 1000w, https:\/\/ens9002-infd.mendoza.edu.ar\/sitio\/wp-content\/uploads\/2026\/03\/metaslide-1-768x219.jpg 768w, https:\/\/ens9002-infd.mendoza.edu.ar\/sitio\/wp-content\/uploads\/2026\/03\/metaslide-1-1536x439.jpg 1536w, https:\/\/ens9002-infd.mendoza.edu.ar\/sitio\/wp-content\/uploads\/2026\/03\/metaslide-1-2048x585.jpg 2048w\" sizes=\"(max-width: 1900px) 100vw, 1900px\" \/><\/figure>\n\n\n\n<p style=\"font-style:italic;font-weight:400\">En la vasta nave del conocimiento, <em>El Faro <\/em>de la educaci\u00f3n superior en Mendoza brilla como una gu\u00eda orientando a las generaciones presentes y futuras hacia el puerto seguro del saber. Al igual que un faro mar\u00edtimo, nuestro instituto Tom\u00e1s Godoy Cruz, se erige como un baluarte de sabidur\u00eda, desafiando las tormentas de una actualidad signada por el cambio y la inmediatez, alumbrando el camino hacia el progreso. Como instituci\u00f3n formadora, debemos esforzarnos por arrojar luz sobre las \u00e1reas oscuras del conocimiento, fomentando la curiosidad y la investigaci\u00f3n. Debemos ser los fareros del futuro, preparando a las pr\u00f3ximas generaciones para navegar por los mares del cambio y la innovaci\u00f3n.<\/p>\n\n\n\n<p style=\"font-style:italic;font-weight:400\">En este sentido, nuestra revista de divulgaci\u00f3n El Faro se convierte en un s\u00edmbolo de esperanza y vanguardia, inspirando a nuestra comunidad educativa a seguir adelante, a explorar nuevos horizontes y a descubrir verdades. Queremos seguir trabajando en unidad para mantener encendida la llama del conocimiento y guiar a nuestro estudiantado hacia un futuro profesional brillante.<\/p>\n\n\n\n<p class=\"has-base-3-color has-accent-background-color has-text-color has-background has-medium-font-size\"><strong>CONVOCATORIA PARA PUBLICACIONES<\/strong><\/p>\n\n\n\n<p>Si quer\u00e9s que tu art\u00edculo se publique en la revista, ten\u00e9s que tener en cuenta y leer estos documentos -en el segundo enlace encontrar\u00e1s los pasos a seguir para publicar-:<\/p>\n\n\n\n<ul class=\"has-base-3-background-color has-text-color has-background\" style=\"color:#1fbbb0\">\n<li><strong>Compromiso de originalidad y cesi\u00f3n de derechos de autor<\/strong> &#8211;<a rel=\"noreferrer noopener\" href=\"https:\/\/drive.google.com\/file\/d\/1EhowGce0_M4s8OEIVDuDiWnby5Cccz-t\/view?usp=drive_link\" target=\"_blank\"> toc\u00e1 aqu\u00ed para acceder<\/a><\/li>\n\n\n\n<li><strong>Manual de publicaci\u00f3n<\/strong> &#8211; <a rel=\"noreferrer noopener\" href=\"https:\/\/drive.google.com\/file\/d\/1sqMxnR4EZFoJdyXUgvQj3hzA1G3hyFTz\/view?usp=drive_link\" target=\"_blank\">toc\u00e1 aqu\u00ed para acceder<\/a><\/li>\n\n\n\n<li><strong>Pol\u00edtica de detecci\u00f3n de plagio<\/strong> &#8211;<a href=\"https:\/\/drive.google.com\/file\/d\/1f7N59qtD1ZJwLAhuOgSTz7xRmZlcDIJe\/view?usp=drive_link\" target=\"_blank\" rel=\"noreferrer noopener\"> toc\u00e1 aqu\u00ed para acceder<\/a><\/li>\n<\/ul>\n\n\n\n<p><\/p>\n\n\n\n<p class=\"has-accent-color has-text-color has-large-font-size\"><strong><em>PUBLICACIONES<\/em> <\/strong><\/p>\n\n\n\n<div class=\"wp-block-columns is-layout-flex wp-container-4\">\n<div class=\"wp-block-column is-layout-flow\">\n<figure class=\"wp-block-image size-full\"><a href=\"https:\/\/drive.google.com\/file\/d\/1A3YUc5z514oDbG5Lz-SSoyYp2sVkQJFa\/view?usp=sharing\"><img decoding=\"async\" loading=\"lazy\" width=\"878\" height=\"1256\" src=\"https:\/\/ens9002-infd.mendoza.edu.ar\/sitio\/wp-content\/uploads\/2026\/03\/portada.png\" alt=\"\" class=\"wp-image-20354\" srcset=\"https:\/\/ens9002-infd.mendoza.edu.ar\/sitio\/wp-content\/uploads\/2026\/03\/portada.png 878w, https:\/\/ens9002-infd.mendoza.edu.ar\/sitio\/wp-content\/uploads\/2026\/03\/portada-699x1000.png 699w, https:\/\/ens9002-infd.mendoza.edu.ar\/sitio\/wp-content\/uploads\/2026\/03\/portada-768x1099.png 768w\" sizes=\"(max-width: 878px) 100vw, 878px\" \/><\/a><\/figure>\n\n\n\n<p class=\"has-text-align-center\">Toc\u00e1 sobre la imagen para acceder<\/p>\n<\/div>\n\n\n\n<div class=\"wp-block-column is-layout-flow\"><\/div>\n\n\n\n<div class=\"wp-block-column is-layout-flow\"><\/div>\n<\/div>\n\n\n\n<div style=\"height:20px\" aria-hidden=\"true\" class=\"wp-block-spacer\"><\/div>\n\n\n\n<h2 class=\"wp-block-heading\">Art\u00edculos de esta edici\u00f3n<\/h2>\n\n\n\n<p>Acced\u00e9 a cada art\u00edculo de forma individual.<\/p>\n\n\n\n<div class=\"wp-block-columns is-layout-flex wp-container-8\">\n<div class=\"wp-block-column is-layout-flow\">\n<figure class=\"wp-block-image size-full\"><a href=\"https:\/\/drive.google.com\/file\/d\/1lDM9s0liF7aLm9j-i3Qp2ucZsjOyjd0o\/view?usp=sharing\" target=\"_blank\" rel=\"noreferrer noopener\"><img decoding=\"async\" loading=\"lazy\" width=\"792\" height=\"1134\" src=\"https:\/\/ens9002-infd.mendoza.edu.ar\/sitio\/wp-content\/uploads\/2026\/02\/Captura-de-pantalla-2026-02-19-a-las-11.18.40\u202fa.\u202fm-1.png\" alt=\"\" class=\"wp-image-19979\" srcset=\"https:\/\/ens9002-infd.mendoza.edu.ar\/sitio\/wp-content\/uploads\/2026\/02\/Captura-de-pantalla-2026-02-19-a-las-11.18.40\u202fa.\u202fm-1.png 792w, https:\/\/ens9002-infd.mendoza.edu.ar\/sitio\/wp-content\/uploads\/2026\/02\/Captura-de-pantalla-2026-02-19-a-las-11.18.40\u202fa.\u202fm-1-698x1000.png 698w, https:\/\/ens9002-infd.mendoza.edu.ar\/sitio\/wp-content\/uploads\/2026\/02\/Captura-de-pantalla-2026-02-19-a-las-11.18.40\u202fa.\u202fm-1-768x1100.png 768w\" sizes=\"(max-width: 792px) 100vw, 792px\" \/><\/a><\/figure>\n<\/div>\n\n\n\n<div class=\"wp-block-column is-layout-flow\">\n<figure class=\"wp-block-image size-full is-resized\"><a href=\"https:\/\/drive.google.com\/file\/d\/10TgO_jbgu6_xYHKy-dGQQqfhjgL0jocU\/view?usp=sharing\" target=\"_blank\" rel=\"noreferrer noopener\"><img decoding=\"async\" loading=\"lazy\" src=\"https:\/\/ens9002-infd.mendoza.edu.ar\/sitio\/wp-content\/uploads\/2026\/02\/Captura-de-pantalla-2026-02-19-a-las-11.27.20\u202fa.\u202fm.png\" alt=\"\" class=\"wp-image-19981\" width=\"315\" height=\"448\" srcset=\"https:\/\/ens9002-infd.mendoza.edu.ar\/sitio\/wp-content\/uploads\/2026\/02\/Captura-de-pantalla-2026-02-19-a-las-11.27.20\u202fa.\u202fm.png 794w, https:\/\/ens9002-infd.mendoza.edu.ar\/sitio\/wp-content\/uploads\/2026\/02\/Captura-de-pantalla-2026-02-19-a-las-11.27.20\u202fa.\u202fm-701x1000.png 701w, https:\/\/ens9002-infd.mendoza.edu.ar\/sitio\/wp-content\/uploads\/2026\/02\/Captura-de-pantalla-2026-02-19-a-las-11.27.20\u202fa.\u202fm-768x1095.png 768w\" sizes=\"(max-width: 315px) 100vw, 315px\" \/><\/a><\/figure>\n<\/div>\n\n\n\n<div class=\"wp-block-column is-layout-flow\">\n<figure class=\"wp-block-image size-full\"><a href=\"https:\/\/drive.google.com\/file\/d\/1e7kBOqXTD0SCY8PRAB240MffVnb625Pi\/view?usp=sharing\" target=\"_blank\" rel=\"noreferrer noopener\"><img decoding=\"async\" loading=\"lazy\" width=\"786\" height=\"1132\" src=\"https:\/\/ens9002-infd.mendoza.edu.ar\/sitio\/wp-content\/uploads\/2026\/02\/Captura-de-pantalla-2026-02-19-a-las-11.29.36\u202fa.\u202fm.png\" alt=\"\" class=\"wp-image-19983\" srcset=\"https:\/\/ens9002-infd.mendoza.edu.ar\/sitio\/wp-content\/uploads\/2026\/02\/Captura-de-pantalla-2026-02-19-a-las-11.29.36\u202fa.\u202fm.png 786w, https:\/\/ens9002-infd.mendoza.edu.ar\/sitio\/wp-content\/uploads\/2026\/02\/Captura-de-pantalla-2026-02-19-a-las-11.29.36\u202fa.\u202fm-694x1000.png 694w, https:\/\/ens9002-infd.mendoza.edu.ar\/sitio\/wp-content\/uploads\/2026\/02\/Captura-de-pantalla-2026-02-19-a-las-11.29.36\u202fa.\u202fm-768x1106.png 768w\" sizes=\"(max-width: 786px) 100vw, 786px\" \/><\/a><\/figure>\n<\/div>\n<\/div>\n\n\n\n<div style=\"height:27px\" aria-hidden=\"true\" class=\"wp-block-spacer\"><\/div>\n\n\n\n<div class=\"wp-block-columns is-layout-flex wp-container-12\">\n<div class=\"wp-block-column is-layout-flow\">\n<figure class=\"wp-block-image size-full\"><a href=\"https:\/\/drive.google.com\/file\/d\/1ZCFCxQRfXVX7nj5lmSdEd6jZPxG7VW4t\/view?usp=sharing\" target=\"_blank\" rel=\"noreferrer noopener\"><img decoding=\"async\" loading=\"lazy\" width=\"788\" height=\"1120\" src=\"https:\/\/ens9002-infd.mendoza.edu.ar\/sitio\/wp-content\/uploads\/2026\/02\/Captura-de-pantalla-2026-02-19-a-las-11.33.19\u202fa.\u202fm.png\" alt=\"\" class=\"wp-image-19986\" srcset=\"https:\/\/ens9002-infd.mendoza.edu.ar\/sitio\/wp-content\/uploads\/2026\/02\/Captura-de-pantalla-2026-02-19-a-las-11.33.19\u202fa.\u202fm.png 788w, https:\/\/ens9002-infd.mendoza.edu.ar\/sitio\/wp-content\/uploads\/2026\/02\/Captura-de-pantalla-2026-02-19-a-las-11.33.19\u202fa.\u202fm-704x1000.png 704w, https:\/\/ens9002-infd.mendoza.edu.ar\/sitio\/wp-content\/uploads\/2026\/02\/Captura-de-pantalla-2026-02-19-a-las-11.33.19\u202fa.\u202fm-768x1092.png 768w\" sizes=\"(max-width: 788px) 100vw, 788px\" \/><\/a><\/figure>\n<\/div>\n\n\n\n<div class=\"wp-block-column is-layout-flow\">\n<figure class=\"wp-block-image size-full\"><a href=\"https:\/\/drive.google.com\/file\/d\/1MwyNPQmYcdqqjFOUO8MPX_xCU3ZbJLl-\/view?usp=sharing\" target=\"_blank\" rel=\"noreferrer noopener\"><img decoding=\"async\" loading=\"lazy\" width=\"792\" height=\"1130\" src=\"https:\/\/ens9002-infd.mendoza.edu.ar\/sitio\/wp-content\/uploads\/2026\/02\/Captura-de-pantalla-2026-02-19-a-las-11.35.39\u202fa.\u202fm.png\" alt=\"\" class=\"wp-image-19987\" srcset=\"https:\/\/ens9002-infd.mendoza.edu.ar\/sitio\/wp-content\/uploads\/2026\/02\/Captura-de-pantalla-2026-02-19-a-las-11.35.39\u202fa.\u202fm.png 792w, https:\/\/ens9002-infd.mendoza.edu.ar\/sitio\/wp-content\/uploads\/2026\/02\/Captura-de-pantalla-2026-02-19-a-las-11.35.39\u202fa.\u202fm-701x1000.png 701w, https:\/\/ens9002-infd.mendoza.edu.ar\/sitio\/wp-content\/uploads\/2026\/02\/Captura-de-pantalla-2026-02-19-a-las-11.35.39\u202fa.\u202fm-768x1096.png 768w\" sizes=\"(max-width: 792px) 100vw, 792px\" \/><\/a><\/figure>\n<\/div>\n\n\n\n<div class=\"wp-block-column is-layout-flow\">\n<figure class=\"wp-block-image size-full\"><a href=\"https:\/\/drive.google.com\/file\/d\/1uc6LuBRFH9JpayQk7yA8jiJBhZxiEU62\/view?usp=sharing\" target=\"_blank\" rel=\"noreferrer noopener\"><img decoding=\"async\" loading=\"lazy\" width=\"790\" height=\"1128\" src=\"https:\/\/ens9002-infd.mendoza.edu.ar\/sitio\/wp-content\/uploads\/2026\/02\/Captura-de-pantalla-2026-02-19-a-las-11.38.03\u202fa.\u202fm.png\" alt=\"\" class=\"wp-image-19990\" srcset=\"https:\/\/ens9002-infd.mendoza.edu.ar\/sitio\/wp-content\/uploads\/2026\/02\/Captura-de-pantalla-2026-02-19-a-las-11.38.03\u202fa.\u202fm.png 790w, https:\/\/ens9002-infd.mendoza.edu.ar\/sitio\/wp-content\/uploads\/2026\/02\/Captura-de-pantalla-2026-02-19-a-las-11.38.03\u202fa.\u202fm-700x1000.png 700w, https:\/\/ens9002-infd.mendoza.edu.ar\/sitio\/wp-content\/uploads\/2026\/02\/Captura-de-pantalla-2026-02-19-a-las-11.38.03\u202fa.\u202fm-768x1097.png 768w\" sizes=\"(max-width: 790px) 100vw, 790px\" \/><\/a><\/figure>\n<\/div>\n<\/div>\n\n\n\n<p><\/p>\n\n\n\n<div style=\"height:34px\" aria-hidden=\"true\" class=\"wp-block-spacer\"><\/div>\n\n\n\n<div class=\"wp-block-columns is-layout-flex wp-container-16\">\n<div class=\"wp-block-column is-layout-flow\">\n<figure class=\"wp-block-image size-full\"><a href=\"https:\/\/drive.google.com\/file\/d\/1fvWy_ePkVkGfjBbpEgkQnBnMgBIkEk93\/view?usp=sharing\" target=\"_blank\" rel=\"noreferrer noopener\"><img decoding=\"async\" loading=\"lazy\" width=\"780\" height=\"1120\" src=\"https:\/\/ens9002-infd.mendoza.edu.ar\/sitio\/wp-content\/uploads\/2026\/02\/Captura-de-pantalla-2026-02-19-a-las-11.40.12\u202fa.\u202fm.png\" alt=\"\" class=\"wp-image-19993\" srcset=\"https:\/\/ens9002-infd.mendoza.edu.ar\/sitio\/wp-content\/uploads\/2026\/02\/Captura-de-pantalla-2026-02-19-a-las-11.40.12\u202fa.\u202fm.png 780w, https:\/\/ens9002-infd.mendoza.edu.ar\/sitio\/wp-content\/uploads\/2026\/02\/Captura-de-pantalla-2026-02-19-a-las-11.40.12\u202fa.\u202fm-696x1000.png 696w, https:\/\/ens9002-infd.mendoza.edu.ar\/sitio\/wp-content\/uploads\/2026\/02\/Captura-de-pantalla-2026-02-19-a-las-11.40.12\u202fa.\u202fm-768x1103.png 768w\" sizes=\"(max-width: 780px) 100vw, 780px\" \/><\/a><\/figure>\n<\/div>\n\n\n\n<div class=\"wp-block-column is-layout-flow\">\n<figure class=\"wp-block-image size-full\"><a href=\"https:\/\/drive.google.com\/file\/d\/1u1P7umtjTOoTqAWXfYtPE3qNMyaxYloG\/view?usp=sharing\" target=\"_blank\" rel=\"noreferrer noopener\"><img decoding=\"async\" loading=\"lazy\" width=\"782\" height=\"1130\" src=\"https:\/\/ens9002-infd.mendoza.edu.ar\/sitio\/wp-content\/uploads\/2026\/02\/Captura-de-pantalla-2026-02-19-a-las-11.41.49\u202fa.\u202fm.png\" alt=\"\" class=\"wp-image-19996\" srcset=\"https:\/\/ens9002-infd.mendoza.edu.ar\/sitio\/wp-content\/uploads\/2026\/02\/Captura-de-pantalla-2026-02-19-a-las-11.41.49\u202fa.\u202fm.png 782w, https:\/\/ens9002-infd.mendoza.edu.ar\/sitio\/wp-content\/uploads\/2026\/02\/Captura-de-pantalla-2026-02-19-a-las-11.41.49\u202fa.\u202fm-692x1000.png 692w, https:\/\/ens9002-infd.mendoza.edu.ar\/sitio\/wp-content\/uploads\/2026\/02\/Captura-de-pantalla-2026-02-19-a-las-11.41.49\u202fa.\u202fm-768x1110.png 768w\" sizes=\"(max-width: 782px) 100vw, 782px\" \/><\/a><\/figure>\n<\/div>\n\n\n\n<div class=\"wp-block-column is-layout-flow\">\n<figure class=\"wp-block-image size-full\"><a href=\"https:\/\/drive.google.com\/file\/d\/1b4oWveSlK5x79LJU8SGpbTap0FARbawG\/view?usp=sharing\" target=\"_blank\" rel=\"noreferrer noopener\"><img decoding=\"async\" loading=\"lazy\" width=\"786\" height=\"1120\" src=\"https:\/\/ens9002-infd.mendoza.edu.ar\/sitio\/wp-content\/uploads\/2026\/02\/Captura-de-pantalla-2026-02-19-a-las-11.44.28\u202fa.\u202fm.png\" alt=\"\" class=\"wp-image-19999\" srcset=\"https:\/\/ens9002-infd.mendoza.edu.ar\/sitio\/wp-content\/uploads\/2026\/02\/Captura-de-pantalla-2026-02-19-a-las-11.44.28\u202fa.\u202fm.png 786w, https:\/\/ens9002-infd.mendoza.edu.ar\/sitio\/wp-content\/uploads\/2026\/02\/Captura-de-pantalla-2026-02-19-a-las-11.44.28\u202fa.\u202fm-702x1000.png 702w, https:\/\/ens9002-infd.mendoza.edu.ar\/sitio\/wp-content\/uploads\/2026\/02\/Captura-de-pantalla-2026-02-19-a-las-11.44.28\u202fa.\u202fm-768x1094.png 768w\" sizes=\"(max-width: 786px) 100vw, 786px\" \/><\/a><\/figure>\n<\/div>\n<\/div>\n\n\n\n<div style=\"height:30px\" aria-hidden=\"true\" class=\"wp-block-spacer\"><\/div>\n\n\n\n<div class=\"wp-block-columns is-layout-flex wp-container-20\">\n<div class=\"wp-block-column is-layout-flow\">\n<figure class=\"wp-block-image size-full\"><a href=\"https:\/\/drive.google.com\/file\/d\/1uCTMRz6qwcKYQHBEiFT_1eyBluABYBZm\/view?usp=sharing\" target=\"_blank\" rel=\"noreferrer noopener\"><img decoding=\"async\" loading=\"lazy\" width=\"792\" height=\"1136\" src=\"https:\/\/ens9002-infd.mendoza.edu.ar\/sitio\/wp-content\/uploads\/2026\/02\/Captura-de-pantalla-2026-02-19-a-las-11.46.39\u202fa.\u202fm.png\" alt=\"\" class=\"wp-image-20002\" srcset=\"https:\/\/ens9002-infd.mendoza.edu.ar\/sitio\/wp-content\/uploads\/2026\/02\/Captura-de-pantalla-2026-02-19-a-las-11.46.39\u202fa.\u202fm.png 792w, https:\/\/ens9002-infd.mendoza.edu.ar\/sitio\/wp-content\/uploads\/2026\/02\/Captura-de-pantalla-2026-02-19-a-las-11.46.39\u202fa.\u202fm-697x1000.png 697w, https:\/\/ens9002-infd.mendoza.edu.ar\/sitio\/wp-content\/uploads\/2026\/02\/Captura-de-pantalla-2026-02-19-a-las-11.46.39\u202fa.\u202fm-768x1102.png 768w\" sizes=\"(max-width: 792px) 100vw, 792px\" \/><\/a><\/figure>\n<\/div>\n\n\n\n<div class=\"wp-block-column is-layout-flow\">\n<figure class=\"wp-block-image size-full\"><a href=\"https:\/\/drive.google.com\/file\/d\/1RtRxlp4gW--CgKk-xPb7aaVNcdfUtuIR\/view?usp=sharing\" target=\"_blank\" rel=\"noreferrer noopener\"><img decoding=\"async\" loading=\"lazy\" width=\"802\" height=\"1126\" src=\"https:\/\/ens9002-infd.mendoza.edu.ar\/sitio\/wp-content\/uploads\/2026\/02\/Captura-de-pantalla-2026-02-19-a-las-11.48.23\u202fa.\u202fm.png\" alt=\"\" class=\"wp-image-20005\" srcset=\"https:\/\/ens9002-infd.mendoza.edu.ar\/sitio\/wp-content\/uploads\/2026\/02\/Captura-de-pantalla-2026-02-19-a-las-11.48.23\u202fa.\u202fm.png 802w, https:\/\/ens9002-infd.mendoza.edu.ar\/sitio\/wp-content\/uploads\/2026\/02\/Captura-de-pantalla-2026-02-19-a-las-11.48.23\u202fa.\u202fm-712x1000.png 712w, https:\/\/ens9002-infd.mendoza.edu.ar\/sitio\/wp-content\/uploads\/2026\/02\/Captura-de-pantalla-2026-02-19-a-las-11.48.23\u202fa.\u202fm-768x1078.png 768w\" sizes=\"(max-width: 802px) 100vw, 802px\" \/><\/a><\/figure>\n<\/div>\n\n\n\n<div class=\"wp-block-column is-layout-flow\">\n<figure class=\"wp-block-image size-full\"><a href=\"https:\/\/drive.google.com\/file\/d\/1Q5TS8kqb92v52V2Yfcle43UEjZ2fJWnK\/view?usp=sharing\" target=\"_blank\" rel=\"noreferrer noopener\"><img decoding=\"async\" loading=\"lazy\" width=\"788\" height=\"1132\" src=\"https:\/\/ens9002-infd.mendoza.edu.ar\/sitio\/wp-content\/uploads\/2026\/02\/Captura-de-pantalla-2026-02-19-a-las-11.50.17\u202fa.\u202fm.png\" alt=\"\" class=\"wp-image-20008\" srcset=\"https:\/\/ens9002-infd.mendoza.edu.ar\/sitio\/wp-content\/uploads\/2026\/02\/Captura-de-pantalla-2026-02-19-a-las-11.50.17\u202fa.\u202fm.png 788w, https:\/\/ens9002-infd.mendoza.edu.ar\/sitio\/wp-content\/uploads\/2026\/02\/Captura-de-pantalla-2026-02-19-a-las-11.50.17\u202fa.\u202fm-696x1000.png 696w, https:\/\/ens9002-infd.mendoza.edu.ar\/sitio\/wp-content\/uploads\/2026\/02\/Captura-de-pantalla-2026-02-19-a-las-11.50.17\u202fa.\u202fm-768x1103.png 768w\" sizes=\"(max-width: 788px) 100vw, 788px\" \/><\/a><\/figure>\n<\/div>\n<\/div>\n\n\n\n<div style=\"height:33px\" aria-hidden=\"true\" class=\"wp-block-spacer\"><\/div>\n\n\n\n<div class=\"wp-block-columns is-layout-flex wp-container-24\">\n<div class=\"wp-block-column is-layout-flow\">\n<figure class=\"wp-block-image size-full\"><a href=\"https:\/\/drive.google.com\/file\/d\/1bEWeIP7PSy5o_O_mVIWGckPm7FpymfoX\/view?usp=sharing\" target=\"_blank\" rel=\"noreferrer noopener\"><img decoding=\"async\" loading=\"lazy\" width=\"786\" height=\"1130\" src=\"https:\/\/ens9002-infd.mendoza.edu.ar\/sitio\/wp-content\/uploads\/2026\/02\/Captura-de-pantalla-2026-02-19-a-las-11.52.13\u202fa.\u202fm.png\" alt=\"\" class=\"wp-image-20011\" srcset=\"https:\/\/ens9002-infd.mendoza.edu.ar\/sitio\/wp-content\/uploads\/2026\/02\/Captura-de-pantalla-2026-02-19-a-las-11.52.13\u202fa.\u202fm.png 786w, https:\/\/ens9002-infd.mendoza.edu.ar\/sitio\/wp-content\/uploads\/2026\/02\/Captura-de-pantalla-2026-02-19-a-las-11.52.13\u202fa.\u202fm-696x1000.png 696w, https:\/\/ens9002-infd.mendoza.edu.ar\/sitio\/wp-content\/uploads\/2026\/02\/Captura-de-pantalla-2026-02-19-a-las-11.52.13\u202fa.\u202fm-768x1104.png 768w\" sizes=\"(max-width: 786px) 100vw, 786px\" \/><\/a><\/figure>\n<\/div>\n\n\n\n<div class=\"wp-block-column is-layout-flow\">\n<figure class=\"wp-block-image size-full\"><a href=\"https:\/\/drive.google.com\/file\/d\/1StPv_jR1Of1cIvJwVfJ78jRCNeB7a18M\/view?usp=sharing\" target=\"_blank\" rel=\"noreferrer noopener\"><img decoding=\"async\" loading=\"lazy\" width=\"800\" height=\"1130\" src=\"https:\/\/ens9002-infd.mendoza.edu.ar\/sitio\/wp-content\/uploads\/2026\/02\/Captura-de-pantalla-2026-02-19-a-las-11.53.34\u202fa.\u202fm.png\" alt=\"\" class=\"wp-image-20012\" srcset=\"https:\/\/ens9002-infd.mendoza.edu.ar\/sitio\/wp-content\/uploads\/2026\/02\/Captura-de-pantalla-2026-02-19-a-las-11.53.34\u202fa.\u202fm.png 800w, https:\/\/ens9002-infd.mendoza.edu.ar\/sitio\/wp-content\/uploads\/2026\/02\/Captura-de-pantalla-2026-02-19-a-las-11.53.34\u202fa.\u202fm-708x1000.png 708w, https:\/\/ens9002-infd.mendoza.edu.ar\/sitio\/wp-content\/uploads\/2026\/02\/Captura-de-pantalla-2026-02-19-a-las-11.53.34\u202fa.\u202fm-768x1085.png 768w\" sizes=\"(max-width: 800px) 100vw, 800px\" \/><\/a><\/figure>\n<\/div>\n\n\n\n<div class=\"wp-block-column is-layout-flow\">\n<figure class=\"wp-block-image size-full\"><a href=\"https:\/\/drive.google.com\/file\/d\/1tK8dOBSAt4PlqEX4H2zHS7qnqiWePXRn\/view?usp=sharing\" target=\"_blank\" rel=\"noreferrer noopener\"><img decoding=\"async\" loading=\"lazy\" width=\"790\" height=\"1126\" src=\"https:\/\/ens9002-infd.mendoza.edu.ar\/sitio\/wp-content\/uploads\/2026\/02\/Captura-de-pantalla-2026-02-19-a-las-11.55.18\u202fa.\u202fm.png\" alt=\"\" class=\"wp-image-20015\" srcset=\"https:\/\/ens9002-infd.mendoza.edu.ar\/sitio\/wp-content\/uploads\/2026\/02\/Captura-de-pantalla-2026-02-19-a-las-11.55.18\u202fa.\u202fm.png 790w, https:\/\/ens9002-infd.mendoza.edu.ar\/sitio\/wp-content\/uploads\/2026\/02\/Captura-de-pantalla-2026-02-19-a-las-11.55.18\u202fa.\u202fm-702x1000.png 702w, https:\/\/ens9002-infd.mendoza.edu.ar\/sitio\/wp-content\/uploads\/2026\/02\/Captura-de-pantalla-2026-02-19-a-las-11.55.18\u202fa.\u202fm-768x1095.png 768w\" sizes=\"(max-width: 790px) 100vw, 790px\" \/><\/a><\/figure>\n<\/div>\n<\/div>\n\n\n\n<div class=\"wp-block-columns is-layout-flex wp-container-28\">\n<div class=\"wp-block-column is-layout-flow\"><\/div>\n\n\n\n<div class=\"wp-block-column is-layout-flow\"><\/div>\n\n\n\n<div class=\"wp-block-column is-layout-flow\"><\/div>\n<\/div>\n\n\n\n<div class=\"wp-block-buttons alignwide is-content-justification-center is-layout-flex wp-container-29\">\n<div class=\"wp-block-button is-style-fill\"><a class=\"wp-block-button__link has-accent-background-color has-background has-text-align-center wp-element-button\" href=\"https:\/\/ens9002-infd.mendoza.edu.ar\/sitio\/home-nuevo\/\">volver a inicio<\/a><\/div>\n<\/div>\n","protected":false},"excerpt":{"rendered":"<p>En la vasta nave del conocimiento, El Faro de la educaci\u00f3n superior en Mendoza brilla como una gu\u00eda orientando a las generaciones presentes y futuras hacia el puerto seguro del saber. Al igual que un faro mar\u00edtimo, nuestro instituto Tom\u00e1s Godoy Cruz, se erige como un baluarte de sabidur\u00eda, desafiando las tormentas de una actualidad &#8230; <a title=\"REVISTA FARO\" class=\"read-more\" href=\"https:\/\/ens9002-infd.mendoza.edu.ar\/sitio\/revista-faro\/\" aria-label=\"More on REVISTA FARO\">[+]<\/a><\/p>\n","protected":false},"author":4776,"featured_media":0,"parent":0,"menu_order":0,"comment_status":"closed","ping_status":"closed","template":"","meta":[],"acf":[],"_links":{"self":[{"href":"https:\/\/ens9002-infd.mendoza.edu.ar\/sitio\/wp-json\/wp\/v2\/pages\/16768"}],"collection":[{"href":"https:\/\/ens9002-infd.mendoza.edu.ar\/sitio\/wp-json\/wp\/v2\/pages"}],"about":[{"href":"https:\/\/ens9002-infd.mendoza.edu.ar\/sitio\/wp-json\/wp\/v2\/types\/page"}],"author":[{"embeddable":true,"href":"https:\/\/ens9002-infd.mendoza.edu.ar\/sitio\/wp-json\/wp\/v2\/users\/4776"}],"replies":[{"embeddable":true,"href":"https:\/\/ens9002-infd.mendoza.edu.ar\/sitio\/wp-json\/wp\/v2\/comments?post=16768"}],"version-history":[{"count":35,"href":"https:\/\/ens9002-infd.mendoza.edu.ar\/sitio\/wp-json\/wp\/v2\/pages\/16768\/revisions"}],"predecessor-version":[{"id":20355,"href":"https:\/\/ens9002-infd.mendoza.edu.ar\/sitio\/wp-json\/wp\/v2\/pages\/16768\/revisions\/20355"}],"wp:attachment":[{"href":"https:\/\/ens9002-infd.mendoza.edu.ar\/sitio\/wp-json\/wp\/v2\/media?parent=16768"}],"curies":[{"name":"wp","href":"https:\/\/api.w.org\/{rel}","templated":true}]}}