{"id":17788,"date":"2025-03-11T16:16:31","date_gmt":"2025-03-11T19:16:31","guid":{"rendered":"https:\/\/ens9002-infd.mendoza.edu.ar\/sitio\/?page_id=17788"},"modified":"2025-08-14T09:48:05","modified_gmt":"2025-08-14T12:48:05","slug":"investigacion-2025","status":"publish","type":"page","link":"https:\/\/ens9002-infd.mendoza.edu.ar\/sitio\/investigacion-2025\/","title":{"rendered":"INVESTIGACI\u00d3N 2025"},"content":{"rendered":"\n<p class=\"has-base-3-color has-text-color has-background\" style=\"background-color:#0bb5af;font-size:30px\"><strong>INVESTIGACI\u00d3N 2025<\/strong><\/p>\n\n\n\n<p><strong>CONVOCATORIA PROYECTOS ESTRAT\u00c9GICOS 2025<\/strong> &#8211; Convocada por la Direcci\u00f3n de Educaci\u00f3n Superior &#8211; DGE MENDOZA                      FECHAS DE PRESENTACI\u00d3N: Del 10 de marzo al 10 de abril de 2025<\/p>\n\n\n\n<ul>\n<li>Dirigida a: Grupos de docentes investigadores (con o sin horas de Investigaci\u00f3n asignadas). Los mismos pueden incluir s alumnos de los profesorados y\/o docentes de otras instituciones o niveles<\/li>\n<\/ul>\n\n\n\n<p>Jefatura de Investigaci\u00f3n: asesorar\u00e1 y acompa\u00f1ar\u00e1 el proceso de elaboraci\u00f3n, presentaci\u00f3n y evaluaci\u00f3n de proyectos.<\/p>\n\n\n\n<ul>\n<li>\u00bfC\u00f3mo participar?<br>Leer bases y condiciones<br>Contactar a la Jefatura de Investigaci\u00f3n: investigaciontgc@gmail.com<\/li>\n<\/ul>\n\n\n\n<div class=\"wp-block-buttons is-layout-flex\">\n<div class=\"wp-block-button\"><a class=\"wp-block-button__link has-accent-background-color has-background wp-element-button\" href=\"https:\/\/drive.google.com\/file\/d\/1OEJinwyLfAzJR1Zwkh8DeiP5wv3J8iPp\/view\" target=\"_blank\" rel=\"noreferrer noopener\"><em>L\u00cdNEAS DE INVESTIGACI\u00d3N<\/em><\/a><\/div>\n\n\n\n<div class=\"wp-block-button\"><a class=\"wp-block-button__link has-background wp-element-button\" href=\"https:\/\/drive.google.com\/file\/d\/1axVuoBzaBO38rALOilCc42Gfbu-geKsK\/view\" style=\"background-color:#32b09f\" target=\"_blank\" rel=\"noreferrer noopener\"><em>CIRCULAR 04 DESUP 25 CONVOCATORIA<\/em><\/a><\/div>\n<\/div>\n","protected":false},"excerpt":{"rendered":"<p>INVESTIGACI\u00d3N 2025 CONVOCATORIA PROYECTOS ESTRAT\u00c9GICOS 2025 &#8211; Convocada por la Direcci\u00f3n de Educaci\u00f3n Superior &#8211; DGE MENDOZA FECHAS DE PRESENTACI\u00d3N: Del 10 de marzo al 10 de abril de 2025 Jefatura de Investigaci\u00f3n: asesorar\u00e1 y acompa\u00f1ar\u00e1 el proceso de elaboraci\u00f3n, presentaci\u00f3n y evaluaci\u00f3n de proyectos.<\/p>\n","protected":false},"author":10055,"featured_media":0,"parent":0,"menu_order":0,"comment_status":"closed","ping_status":"closed","template":"","meta":[],"acf":[],"_links":{"self":[{"href":"https:\/\/ens9002-infd.mendoza.edu.ar\/sitio\/wp-json\/wp\/v2\/pages\/17788"}],"collection":[{"href":"https:\/\/ens9002-infd.mendoza.edu.ar\/sitio\/wp-json\/wp\/v2\/pages"}],"about":[{"href":"https:\/\/ens9002-infd.mendoza.edu.ar\/sitio\/wp-json\/wp\/v2\/types\/page"}],"author":[{"embeddable":true,"href":"https:\/\/ens9002-infd.mendoza.edu.ar\/sitio\/wp-json\/wp\/v2\/users\/10055"}],"replies":[{"embeddable":true,"href":"https:\/\/ens9002-infd.mendoza.edu.ar\/sitio\/wp-json\/wp\/v2\/comments?post=17788"}],"version-history":[{"count":6,"href":"https:\/\/ens9002-infd.mendoza.edu.ar\/sitio\/wp-json\/wp\/v2\/pages\/17788\/revisions"}],"predecessor-version":[{"id":18964,"href":"https:\/\/ens9002-infd.mendoza.edu.ar\/sitio\/wp-json\/wp\/v2\/pages\/17788\/revisions\/18964"}],"wp:attachment":[{"href":"https:\/\/ens9002-infd.mendoza.edu.ar\/sitio\/wp-json\/wp\/v2\/media?parent=17788"}],"curies":[{"name":"wp","href":"https:\/\/api.w.org\/{rel}","templated":true}]}}