{"id":17793,"date":"2025-03-11T17:24:35","date_gmt":"2025-03-11T20:24:35","guid":{"rendered":"https:\/\/ens9002-infd.mendoza.edu.ar\/sitio\/?page_id=17793"},"modified":"2025-08-11T18:36:52","modified_gmt":"2025-08-11T21:36:52","slug":"especializacion-docente-de-nivel-superior-en-educacion-en-contextos-de-privacion-de-libertad","status":"publish","type":"page","link":"https:\/\/ens9002-infd.mendoza.edu.ar\/sitio\/especializacion-docente-de-nivel-superior-en-educacion-en-contextos-de-privacion-de-libertad\/","title":{"rendered":"Especializaci\u00f3n Docente de Nivel Superior en Educaci\u00f3n en Contextos de Privaci\u00f3n de Libertad"},"content":{"rendered":"\n<div class=\"wp-block-media-text alignwide is-stacked-on-mobile\" style=\"grid-template-columns:29% auto\"><figure class=\"wp-block-media-text__media\"><img decoding=\"async\" loading=\"lazy\" width=\"1080\" height=\"1080\" src=\"https:\/\/ens9002-infd.mendoza.edu.ar\/sitio\/wp-content\/uploads\/2025\/03\/Texto-del-parrafo-3.png\" alt=\"\" class=\"wp-image-17794 size-full\" srcset=\"https:\/\/ens9002-infd.mendoza.edu.ar\/sitio\/wp-content\/uploads\/2025\/03\/Texto-del-parrafo-3.png 1080w, https:\/\/ens9002-infd.mendoza.edu.ar\/sitio\/wp-content\/uploads\/2025\/03\/Texto-del-parrafo-3-1000x1000.png 1000w, https:\/\/ens9002-infd.mendoza.edu.ar\/sitio\/wp-content\/uploads\/2025\/03\/Texto-del-parrafo-3-500x500.png 500w, https:\/\/ens9002-infd.mendoza.edu.ar\/sitio\/wp-content\/uploads\/2025\/03\/Texto-del-parrafo-3-768x768.png 768w\" sizes=\"(max-width: 1080px) 100vw, 1080px\" \/><\/figure><div class=\"wp-block-media-text__content\">\n<p>Durante la cursada, se buscar\u00e1 especializar la formaci\u00f3n de los y las docentes para desempe\u00f1ar sus tareas en contextos de privaci\u00f3n de libertad, profundizando sus conocimientos relativos a la educaci\u00f3n en estos \u00e1mbitos.<br>Por otro lado, se propiciar\u00e1 la ampliaci\u00f3n del campo de la experiencia de los docentes a trav\u00e9s del aprendizaje de nuevos conocimientos y estrategias que le permitan<br>dise\u00f1ar nuevos dispositivos de trabajo \u00e1ulico.<br>A su vez se procurar\u00e1 establecer el registro y la sistematizaci\u00f3n de experiencias como herramienta privilegiada para acompa\u00f1ar procesos de evaluaci\u00f3n y autoevaluaci\u00f3n.<\/p>\n\n\n\n<div class=\"wp-block-buttons is-layout-flex\">\n<div class=\"wp-block-button\"><a class=\"wp-block-button__link has-accent-background-color has-background wp-element-button\" href=\"https:\/\/drive.google.com\/file\/d\/1sC6tnbRN-nAT-4RjrpLMlzXsD0ZvyVo3\/view?usp=sharing\" target=\"_blank\" rel=\"noreferrer noopener\">M\u00c1S INFORMACI\u00d3N<\/a><\/div>\n\n\n\n<div class=\"wp-block-button\"><a class=\"wp-block-button__link has-background wp-element-button\" href=\"https:\/\/drive.google.com\/file\/d\/1OBNxgZkolxgfrSdUPRqecpSzZ8KDMgQj\/view?usp=sharing\" style=\"background-color:#5a97d9\" target=\"_blank\" rel=\"noreferrer noopener\">RESOLUCI\u00d3N<\/a><\/div>\n\n\n\n<div class=\"wp-block-button is-style-fill\"><a class=\"wp-block-button__link has-background wp-element-button\" href=\"https:\/\/drive.google.com\/file\/d\/1uWNfitcS2OcYeCXnZktElHiKsaRPvlMV\/view?usp=sharing\" style=\"background-color:#39d792\" target=\"_blank\" rel=\"noreferrer noopener\">ANEXO<\/a><\/div>\n<\/div>\n<\/div><\/div>\n\n\n\n<p><\/p>\n","protected":false},"excerpt":{"rendered":"","protected":false},"author":10055,"featured_media":0,"parent":0,"menu_order":0,"comment_status":"closed","ping_status":"closed","template":"","meta":[],"acf":[],"_links":{"self":[{"href":"https:\/\/ens9002-infd.mendoza.edu.ar\/sitio\/wp-json\/wp\/v2\/pages\/17793"}],"collection":[{"href":"https:\/\/ens9002-infd.mendoza.edu.ar\/sitio\/wp-json\/wp\/v2\/pages"}],"about":[{"href":"https:\/\/ens9002-infd.mendoza.edu.ar\/sitio\/wp-json\/wp\/v2\/types\/page"}],"author":[{"embeddable":true,"href":"https:\/\/ens9002-infd.mendoza.edu.ar\/sitio\/wp-json\/wp\/v2\/users\/10055"}],"replies":[{"embeddable":true,"href":"https:\/\/ens9002-infd.mendoza.edu.ar\/sitio\/wp-json\/wp\/v2\/comments?post=17793"}],"version-history":[{"count":8,"href":"https:\/\/ens9002-infd.mendoza.edu.ar\/sitio\/wp-json\/wp\/v2\/pages\/17793\/revisions"}],"predecessor-version":[{"id":17844,"href":"https:\/\/ens9002-infd.mendoza.edu.ar\/sitio\/wp-json\/wp\/v2\/pages\/17793\/revisions\/17844"}],"wp:attachment":[{"href":"https:\/\/ens9002-infd.mendoza.edu.ar\/sitio\/wp-json\/wp\/v2\/media?parent=17793"}],"curies":[{"name":"wp","href":"https:\/\/api.w.org\/{rel}","templated":true}]}}