{"id":18335,"date":"2025-05-06T12:37:46","date_gmt":"2025-05-06T15:37:46","guid":{"rendered":"https:\/\/ens9002-infd.mendoza.edu.ar\/sitio\/?page_id=18335"},"modified":"2025-05-06T14:50:55","modified_gmt":"2025-05-06T17:50:55","slug":"taller-de-neurociencia-cognitiva-y-educacion-emocional","status":"publish","type":"page","link":"https:\/\/ens9002-infd.mendoza.edu.ar\/sitio\/taller-de-neurociencia-cognitiva-y-educacion-emocional\/","title":{"rendered":"Taller de Neurociencia cognitiva y educaci\u00f3n emocional"},"content":{"rendered":"\n<div class=\"wp-block-columns is-layout-flex wp-container-5\">\n<div class=\"wp-block-column is-layout-flow\">\n<figure class=\"wp-block-image size-full\"><img decoding=\"async\" loading=\"lazy\" width=\"1890\" height=\"1890\" src=\"https:\/\/ens9002-infd.mendoza.edu.ar\/sitio\/wp-content\/uploads\/2025\/05\/formacio\u0301n-continua.png\" alt=\"\" class=\"wp-image-18333\" srcset=\"https:\/\/ens9002-infd.mendoza.edu.ar\/sitio\/wp-content\/uploads\/2025\/05\/formacio\u0301n-continua.png 1890w, https:\/\/ens9002-infd.mendoza.edu.ar\/sitio\/wp-content\/uploads\/2025\/05\/formacio\u0301n-continua-1000x1000.png 1000w, https:\/\/ens9002-infd.mendoza.edu.ar\/sitio\/wp-content\/uploads\/2025\/05\/formacio\u0301n-continua-500x500.png 500w, https:\/\/ens9002-infd.mendoza.edu.ar\/sitio\/wp-content\/uploads\/2025\/05\/formacio\u0301n-continua-768x768.png 768w, https:\/\/ens9002-infd.mendoza.edu.ar\/sitio\/wp-content\/uploads\/2025\/05\/formacio\u0301n-continua-1536x1536.png 1536w\" sizes=\"(max-width: 1890px) 100vw, 1890px\" \/><\/figure>\n<\/div>\n\n\n\n<div class=\"wp-block-column is-layout-flow\">\n<p>Las finalidades educativas del taller tienden a contribuir al conocimiento y a la capacitaci\u00f3n docente y profesional a trav\u00e9s de los aportes de la Neurociencia Cognitiva y Educaci\u00f3n Emocional como estrategia educativa en un abordaje pedag\u00f3gico y social.<\/p>\n<\/div>\n\n\n\n<div class=\"wp-block-column is-layout-flow\">\n<div class=\"wp-block-buttons is-layout-flex\">\n<div class=\"wp-block-button\"><a class=\"wp-block-button__link has-background wp-element-button\" href=\"https:\/\/ens9002-infd.mendoza.edu.ar\/sitio\/wp-content\/uploads\/2025\/05\/Neurociencia-Cognitiva-y-Educacion-Emocional-Taller-Intensivo-Ultima-cohorte.pdf\" style=\"background-color:#18957c\" target=\"_blank\" rel=\"noreferrer noopener\">M\u00c1S INFORMACI\u00d3N<\/a><\/div>\n\n\n\n<div class=\"wp-block-button\"><a class=\"wp-block-button__link has-background wp-element-button\" href=\"https:\/\/ens9002-infd.mendoza.edu.ar\/sitio\/wp-content\/uploads\/2025\/05\/K-LEO-Res.-220-CGES-23-Neurociencia-cognitiva-y-educacion-emocional-como-estrategias-cognitivas-9-002.pdf\" style=\"background-color:#55c1f1\" target=\"_blank\" rel=\"noreferrer noopener\">RESOLUCI\u00d3N<\/a><\/div>\n<\/div>\n<\/div>\n<\/div>\n","protected":false},"excerpt":{"rendered":"<p>Las finalidades educativas del taller tienden a contribuir al conocimiento y a la capacitaci\u00f3n docente y profesional a trav\u00e9s de los aportes de la Neurociencia Cognitiva y Educaci\u00f3n Emocional como estrategia educativa en un abordaje pedag\u00f3gico y social.<\/p>\n","protected":false},"author":4776,"featured_media":0,"parent":0,"menu_order":0,"comment_status":"closed","ping_status":"closed","template":"","meta":[],"acf":[],"_links":{"self":[{"href":"https:\/\/ens9002-infd.mendoza.edu.ar\/sitio\/wp-json\/wp\/v2\/pages\/18335"}],"collection":[{"href":"https:\/\/ens9002-infd.mendoza.edu.ar\/sitio\/wp-json\/wp\/v2\/pages"}],"about":[{"href":"https:\/\/ens9002-infd.mendoza.edu.ar\/sitio\/wp-json\/wp\/v2\/types\/page"}],"author":[{"embeddable":true,"href":"https:\/\/ens9002-infd.mendoza.edu.ar\/sitio\/wp-json\/wp\/v2\/users\/4776"}],"replies":[{"embeddable":true,"href":"https:\/\/ens9002-infd.mendoza.edu.ar\/sitio\/wp-json\/wp\/v2\/comments?post=18335"}],"version-history":[{"count":4,"href":"https:\/\/ens9002-infd.mendoza.edu.ar\/sitio\/wp-json\/wp\/v2\/pages\/18335\/revisions"}],"predecessor-version":[{"id":18355,"href":"https:\/\/ens9002-infd.mendoza.edu.ar\/sitio\/wp-json\/wp\/v2\/pages\/18335\/revisions\/18355"}],"wp:attachment":[{"href":"https:\/\/ens9002-infd.mendoza.edu.ar\/sitio\/wp-json\/wp\/v2\/media?parent=18335"}],"curies":[{"name":"wp","href":"https:\/\/api.w.org\/{rel}","templated":true}]}}