{"id":18719,"date":"2025-08-08T17:51:00","date_gmt":"2025-08-08T20:51:00","guid":{"rendered":"https:\/\/ens9002-infd.mendoza.edu.ar\/sitio\/?page_id=18719"},"modified":"2025-12-02T18:50:10","modified_gmt":"2025-12-02T21:50:10","slug":"podcast","status":"publish","type":"page","link":"https:\/\/ens9002-infd.mendoza.edu.ar\/sitio\/podcast\/","title":{"rendered":"Podcast"},"content":{"rendered":"<div class=\"wp-block-image\">\n<figure class=\"aligncenter size-large\"><img decoding=\"async\" loading=\"lazy\" width=\"1900\" height=\"543\" src=\"https:\/\/ens9002-infd.mendoza.edu.ar\/sitio\/wp-content\/uploads\/2025\/08\/INGRESO-2025-1900x543.png\" alt=\"\" class=\"wp-image-19102\" srcset=\"https:\/\/ens9002-infd.mendoza.edu.ar\/sitio\/wp-content\/uploads\/2025\/08\/INGRESO-2025-1900x543.png 1900w, https:\/\/ens9002-infd.mendoza.edu.ar\/sitio\/wp-content\/uploads\/2025\/08\/INGRESO-2025-1000x286.png 1000w, https:\/\/ens9002-infd.mendoza.edu.ar\/sitio\/wp-content\/uploads\/2025\/08\/INGRESO-2025-768x219.png 768w, https:\/\/ens9002-infd.mendoza.edu.ar\/sitio\/wp-content\/uploads\/2025\/08\/INGRESO-2025-1536x439.png 1536w, https:\/\/ens9002-infd.mendoza.edu.ar\/sitio\/wp-content\/uploads\/2025\/08\/INGRESO-2025-2048x585.png 2048w\" sizes=\"(max-width: 1900px) 100vw, 1900px\" \/><\/figure><\/div>\n\n\n<div class=\"wp-block-columns is-layout-flex wp-container-3\">\n<div class=\"wp-block-column is-layout-flow\" style=\"flex-basis:33.33%\"><div class=\"wp-block-image\">\n<figure class=\"alignright size-full is-resized\"><a href=\"https:\/\/on.soundcloud.com\/JxsybYP1MSn9XXoplc\"><img decoding=\"async\" loading=\"lazy\" src=\"https:\/\/ens9002-infd.mendoza.edu.ar\/sitio\/wp-content\/uploads\/2025\/12\/podcast.jpg\" alt=\"\" class=\"wp-image-19829\" width=\"195\" height=\"195\" srcset=\"https:\/\/ens9002-infd.mendoza.edu.ar\/sitio\/wp-content\/uploads\/2025\/12\/podcast.jpg 1080w, https:\/\/ens9002-infd.mendoza.edu.ar\/sitio\/wp-content\/uploads\/2025\/12\/podcast-1000x1000.jpg 1000w, https:\/\/ens9002-infd.mendoza.edu.ar\/sitio\/wp-content\/uploads\/2025\/12\/podcast-500x500.jpg 500w, https:\/\/ens9002-infd.mendoza.edu.ar\/sitio\/wp-content\/uploads\/2025\/12\/podcast-768x768.jpg 768w\" sizes=\"(max-width: 195px) 100vw, 195px\" \/><\/a><\/figure><\/div><\/div>\n\n\n\n<div class=\"wp-block-column is-layout-flow\" style=\"flex-basis:66.66%\">\n<p><\/p>\n\n\n\n<p>Vanetty Molinero Nano es coautora del m\u00e9todo Lectura por placer. Desde hace casi una d\u00e9cada, aplica su metodolog\u00eda en aulas de educaci\u00f3n infantil con ni\u00f1os y ni\u00f1as de tres a cinco a\u00f1os y en especial en Nara, su propio espacio que dirige en Per\u00fa. Fue directora de Educaci\u00f3n Inicial del Ministerio de Educaci\u00f3n del Per\u00fa. Coordin\u00f3 las Rutas de Aprendizaje y fue promotora de la campa\u00f1a \u201cPermiso para ser ni\u00f1o\u201d que busc\u00f3 sensibilizar a las familias sobre la impostergable misi\u00f3n de respetar el derecho de ni\u00f1os y ni\u00f1as a vivir su infancia. Con la llegada de su hija, descubri\u00f3 el potencial de los cuentos para lograr aprendizajes con emoci\u00f3n gestionar cambios a trav\u00e9s de la educaci\u00f3n. Actualmente es miembro del comit\u00e9 externo consultivo de la carrera de Educaci\u00f3n Inicial de la Pontificia Universidad Cat\u00f3lica de Per\u00fa.<\/p>\n<\/div>\n<\/div>\n\n\n\n<div class=\"wp-block-columns is-layout-flex wp-container-6\">\n<div class=\"wp-block-column is-layout-flow\" style=\"flex-basis:33.33%\"><div class=\"wp-block-image\">\n<figure class=\"alignright size-full is-resized\"><a href=\"https:\/\/soundcloud.com\/instituto-tomas-godoy-cruz-155452078\/mario-cwi\" target=\"_blank\" rel=\"noreferrer noopener\"><img decoding=\"async\" loading=\"lazy\" src=\"https:\/\/ens9002-infd.mendoza.edu.ar\/sitio\/wp-content\/uploads\/2025\/11\/podcast.jpg\" alt=\"\" class=\"wp-image-19729\" width=\"195\" height=\"192\"\/><\/a><\/figure><\/div><\/div>\n\n\n\n<div class=\"wp-block-column is-layout-flow\" style=\"flex-basis:66.66%\">\n<p><\/p>\n\n\n\n<p>Mario Cwi es Especialista en Educaci\u00f3n y Tecnolog\u00eda, a la vez que formador y capacitador de Docentes. Autor de Libros y Materiales Educativos sobre Rob\u00f3tica, Inteligencia Artificial y Educaci\u00f3n Tecnol\u00f3gica. En su \u00faltima publicaci\u00f3n: \u00abLa inteligencia artificial lleg\u00f3 a la escuela: explorando con los chatbots en el aula\u00bb, comparte experiencias acerca de las potencialidades y riesgos que conlleva el uso de los bots conversacionales (chatbots) con estudiantes.<\/p>\n<\/div>\n<\/div>\n\n\n\n<div class=\"wp-block-columns is-layout-flex wp-container-9\">\n<div class=\"wp-block-column is-layout-flow\" style=\"flex-basis:33.33%\"><div class=\"wp-block-image\">\n<figure class=\"alignright size-full is-resized\"><a href=\"https:\/\/soundcloud.com\/instituto-tomas-godoy-cruz-155452078\/teresa-punta-primer-capitulo\"><img decoding=\"async\" loading=\"lazy\" src=\"https:\/\/ens9002-infd.mendoza.edu.ar\/sitio\/wp-content\/uploads\/2025\/08\/podcast.jpg\" alt=\"\" class=\"wp-image-18721\" width=\"195\" height=\"195\" srcset=\"https:\/\/ens9002-infd.mendoza.edu.ar\/sitio\/wp-content\/uploads\/2025\/08\/podcast.jpg 1080w, https:\/\/ens9002-infd.mendoza.edu.ar\/sitio\/wp-content\/uploads\/2025\/08\/podcast-1000x1000.jpg 1000w, https:\/\/ens9002-infd.mendoza.edu.ar\/sitio\/wp-content\/uploads\/2025\/08\/podcast-500x500.jpg 500w, https:\/\/ens9002-infd.mendoza.edu.ar\/sitio\/wp-content\/uploads\/2025\/08\/podcast-768x768.jpg 768w\" sizes=\"(max-width: 195px) 100vw, 195px\" \/><\/a><\/figure><\/div><\/div>\n\n\n\n<div class=\"wp-block-column is-layout-flow\" style=\"flex-basis:66.66%\">\n<p><\/p>\n\n\n\n<p>En nuestra primera entrega, nos adentraremos en el pensamiento y las concepciones de Teresa Punta. Desarroll\u00f3 su labor educativa como maestra, directora y supervisora escolar en Chubut. Trabajadora incansable para lograr una educaci\u00f3n humana e inclusiva. Con sus publicaciones Mundo Escuela y Se\u00f1ales de vida ilumina la tarea diaria de miles de docentes.<\/p>\n\n\n\n<p><strong><em>Cap\u00edtulo 1<\/em><\/strong><\/p>\n<\/div>\n<\/div>\n\n\n\n<div class=\"wp-block-columns is-layout-flex wp-container-12\">\n<div class=\"wp-block-column is-layout-flow\" style=\"flex-basis:33.33%\"><div class=\"wp-block-image\">\n<figure class=\"alignright size-full is-resized\"><a href=\"https:\/\/soundcloud.com\/instituto-tomas-godoy-cruz-155452078\/teresa-punta-segundo-capitulo-online-audio-convertercom\"><img decoding=\"async\" loading=\"lazy\" src=\"https:\/\/ens9002-infd.mendoza.edu.ar\/sitio\/wp-content\/uploads\/2025\/08\/podcast.jpg\" alt=\"\" class=\"wp-image-18721\" width=\"195\" height=\"195\" srcset=\"https:\/\/ens9002-infd.mendoza.edu.ar\/sitio\/wp-content\/uploads\/2025\/08\/podcast.jpg 1080w, https:\/\/ens9002-infd.mendoza.edu.ar\/sitio\/wp-content\/uploads\/2025\/08\/podcast-1000x1000.jpg 1000w, https:\/\/ens9002-infd.mendoza.edu.ar\/sitio\/wp-content\/uploads\/2025\/08\/podcast-500x500.jpg 500w, https:\/\/ens9002-infd.mendoza.edu.ar\/sitio\/wp-content\/uploads\/2025\/08\/podcast-768x768.jpg 768w\" sizes=\"(max-width: 195px) 100vw, 195px\" \/><\/a><\/figure><\/div><\/div>\n\n\n\n<div class=\"wp-block-column is-layout-flow\" style=\"flex-basis:66.66%\">\n<p><\/p>\n\n\n\n<p>En esta segunda entrega, ccontinuaremos conociendo la labor dentro del \u00e1mbito educativo de Teresa Punta. <\/p>\n\n\n\n<p><strong><em>Cap\u00edtulo <\/em><\/strong>2<\/p>\n<\/div>\n<\/div>\n\n\n\n<div class=\"wp-block-buttons is-content-justification-center is-layout-flex wp-container-13\">\n<div class=\"wp-block-button has-custom-font-size has-medium-font-size\"><a class=\"wp-block-button__link has-background wp-element-button\" href=\"https:\/\/ens9002-infd.mendoza.edu.ar\/sitio\/home-nuevo\/\" style=\"background-color:#eba015\" target=\"_blank\" rel=\"noreferrer noopener\">volver al inicio<\/a><\/div>\n<\/div>\n","protected":false},"excerpt":{"rendered":"<p>Vanetty Molinero Nano es coautora del m\u00e9todo Lectura por placer. Desde hace casi una d\u00e9cada, aplica su metodolog\u00eda en aulas de educaci\u00f3n infantil con ni\u00f1os y ni\u00f1as de tres a cinco a\u00f1os y en especial en Nara, su propio espacio que dirige en Per\u00fa. Fue directora de Educaci\u00f3n Inicial del Ministerio de Educaci\u00f3n del Per\u00fa. &#8230; <a title=\"Podcast\" class=\"read-more\" href=\"https:\/\/ens9002-infd.mendoza.edu.ar\/sitio\/podcast\/\" aria-label=\"More on Podcast\">[+]<\/a><\/p>\n","protected":false},"author":4776,"featured_media":0,"parent":0,"menu_order":0,"comment_status":"closed","ping_status":"closed","template":"","meta":[],"acf":[],"_links":{"self":[{"href":"https:\/\/ens9002-infd.mendoza.edu.ar\/sitio\/wp-json\/wp\/v2\/pages\/18719"}],"collection":[{"href":"https:\/\/ens9002-infd.mendoza.edu.ar\/sitio\/wp-json\/wp\/v2\/pages"}],"about":[{"href":"https:\/\/ens9002-infd.mendoza.edu.ar\/sitio\/wp-json\/wp\/v2\/types\/page"}],"author":[{"embeddable":true,"href":"https:\/\/ens9002-infd.mendoza.edu.ar\/sitio\/wp-json\/wp\/v2\/users\/4776"}],"replies":[{"embeddable":true,"href":"https:\/\/ens9002-infd.mendoza.edu.ar\/sitio\/wp-json\/wp\/v2\/comments?post=18719"}],"version-history":[{"count":16,"href":"https:\/\/ens9002-infd.mendoza.edu.ar\/sitio\/wp-json\/wp\/v2\/pages\/18719\/revisions"}],"predecessor-version":[{"id":19834,"href":"https:\/\/ens9002-infd.mendoza.edu.ar\/sitio\/wp-json\/wp\/v2\/pages\/18719\/revisions\/19834"}],"wp:attachment":[{"href":"https:\/\/ens9002-infd.mendoza.edu.ar\/sitio\/wp-json\/wp\/v2\/media?parent=18719"}],"curies":[{"name":"wp","href":"https:\/\/api.w.org\/{rel}","templated":true}]}}