{"id":19410,"date":"2025-09-12T19:04:49","date_gmt":"2025-09-12T22:04:49","guid":{"rendered":"https:\/\/ens9002-infd.mendoza.edu.ar\/sitio\/?page_id=19410"},"modified":"2025-09-12T22:43:39","modified_gmt":"2025-09-13T01:43:39","slug":"aspirantes-articulo-7-2026","status":"publish","type":"page","link":"https:\/\/ens9002-infd.mendoza.edu.ar\/sitio\/aspirantes-articulo-7-2026\/","title":{"rendered":"ASPIRANTES ART\u00cdCULO 7 2026"},"content":{"rendered":"\n<p class=\"has-base-3-color has-accent-background-color has-text-color has-background\" style=\"font-size:18px\"><strong><em>ASPIRANTES A LA TECNICATURA EN PRODUCCI\u00d3N ART\u00cdSTICA Y ARTESANAL CON 25 A\u00d1OS O M\u00c1S SIN SECUNDARIO FINALIZADO<\/em><\/strong><\/p>\n\n\n\n<p>Si quer\u00e9s acceder a una carrera de formaci\u00f3n t\u00e9cnica (en el caso del instituto Tom\u00e1s Godoy Cruz, la tecnicatura en Producci\u00f3n Art\u00edstica y Artesanal), ten\u00e9s 25 a\u00f1os o m\u00e1s y no terminaste el secundario, pod\u00e9s inscribirte como aspirante de todas formas. <\/p>\n\n\n\n<p><em>REQUISITOS A CUMPLIR<\/em>:<\/p>\n\n\n\n<ul>\n<li>Tener 25 de a\u00f1os cumplidos al momento de su inscripci\u00f3n como postulante.<\/li>\n\n\n\n<li>Poseer estudios primarios completos.<\/li>\n\n\n\n<li>Tener experiencia laboral acorde con la carrera elegida.<\/li>\n\n\n\n<li>Poseer preparaci\u00f3n acorde con la carrera seleccionada.<\/li>\n<\/ul>\n\n\n\n<p><em>DOCUMENTACI\u00d3N:<\/em><\/p>\n\n\n\n<ul>\n<li>Fotocopia del DNI.<\/li>\n\n\n\n<li>Fotocopia del CUIL.<\/li>\n\n\n\n<li>Fotocopia de la partida de nacimiento.<\/li>\n\n\n\n<li>Carta de intenci\u00f3n dirigida al rector de la instituci\u00f3n, en la que manifieste la carrera en la que desea ingresar (acced\u00e9 al modelo de nota desde <a rel=\"noreferrer noopener\" href=\"https:\/\/ens9002-infd.mendoza.edu.ar\/sitio\/wp-content\/uploads\/2025\/02\/Modelo-nota-mayor-25-Tecnicatura.pdf\" data-type=\"URL\" data-id=\"https:\/\/ens9002-infd.mendoza.edu.ar\/sitio\/wp-content\/uploads\/2025\/02\/Modelo-nota-mayor-25-Tecnicatura.pdf\" target=\"_blank\">aqu\u00ed<\/a>).<\/li>\n\n\n\n<li>Curriculum Vitae.<\/li>\n<\/ul>\n\n\n\n<p>El <em>curriculum vitae<\/em> deber\u00e1 contar con la siguiente documentaci\u00f3n:<\/p>\n\n\n\n<p>a) Datos personales (excluyente)<br>\u2022 Nombre y Apellido<br>\u2022 DNI<br>\u2022 CUIL<br>\u2022 Fecha y lugar de nacimiento<br>\u2022 Estado civil<br>\u2022 Domicilio<br>\u2022 Tel\u00e9fono<br>\u2022 Correo electr\u00f3nico<\/p>\n\n\n\n<p>b) Estudios realizados -excluyente-<br>\u2022 Certificado de nivel primario<br>\u2022 Certificado anal\u00edtico de estudios incompletos del nivel secundario.<br>\u2022 Otros estudios.<\/p>\n\n\n\n<p>c) Antecedentes laborales (con constancias emitidas por el ente empleador) -excluyente-<br>\u2022 Caracter\u00edsticas de la actividad desempe\u00f1ada.<br>\u2022 Tiempo durante el cual se desempe\u00f1\u00f3.<br>\u2022 Lugar (nombre y datos de la instituci\u00f3n, organizaci\u00f3n, empresa, comer-<br>cio, etc.)<\/p>\n\n\n\n<p>d) Otras actividades realizadas -con acreditaciones pertinentes-<br>\u2022 Caracter\u00edsticas de la actividad desempe\u00f1ada.<br>\u2022 Tiempo durante el cual la desempe\u00f1\u00f3.<br>\u2022 Lugar (nombre y datos de la instituci\u00f3n, organizaci\u00f3n, empresa, comer-<br>cio, etc.)<\/p>\n\n\n\n<p>e) Otros datos de inter\u00e9s: breve desarrollo de los motivos personales para continuar estudios superiores.<\/p>\n\n\n\n<p>Una vez que cuentes con toda la documentaci\u00f3n, enviala por correo electr\u00f3nico a <a rel=\"noreferrer noopener\" href=\"mailto:narmesto@mendoza.edu.ar\" target=\"_blank\">narmesto@mendoza.edu.ar<\/a> hasta el 19\/11\/2026.<\/p>\n","protected":false},"excerpt":{"rendered":"<p>ASPIRANTES A LA TECNICATURA EN PRODUCCI\u00d3N ART\u00cdSTICA Y ARTESANAL CON 25 A\u00d1OS O M\u00c1S SIN SECUNDARIO FINALIZADO Si quer\u00e9s acceder a una carrera de formaci\u00f3n t\u00e9cnica (en el caso del instituto Tom\u00e1s Godoy Cruz, la tecnicatura en Producci\u00f3n Art\u00edstica y Artesanal), ten\u00e9s 25 a\u00f1os o m\u00e1s y no terminaste el secundario, pod\u00e9s inscribirte como aspirante &#8230; <a title=\"ASPIRANTES ART\u00cdCULO 7 2026\" class=\"read-more\" href=\"https:\/\/ens9002-infd.mendoza.edu.ar\/sitio\/aspirantes-articulo-7-2026\/\" aria-label=\"More on ASPIRANTES ART\u00cdCULO 7 2026\">[+]<\/a><\/p>\n","protected":false},"author":10055,"featured_media":0,"parent":0,"menu_order":0,"comment_status":"closed","ping_status":"closed","template":"","meta":[],"acf":[],"_links":{"self":[{"href":"https:\/\/ens9002-infd.mendoza.edu.ar\/sitio\/wp-json\/wp\/v2\/pages\/19410"}],"collection":[{"href":"https:\/\/ens9002-infd.mendoza.edu.ar\/sitio\/wp-json\/wp\/v2\/pages"}],"about":[{"href":"https:\/\/ens9002-infd.mendoza.edu.ar\/sitio\/wp-json\/wp\/v2\/types\/page"}],"author":[{"embeddable":true,"href":"https:\/\/ens9002-infd.mendoza.edu.ar\/sitio\/wp-json\/wp\/v2\/users\/10055"}],"replies":[{"embeddable":true,"href":"https:\/\/ens9002-infd.mendoza.edu.ar\/sitio\/wp-json\/wp\/v2\/comments?post=19410"}],"version-history":[{"count":5,"href":"https:\/\/ens9002-infd.mendoza.edu.ar\/sitio\/wp-json\/wp\/v2\/pages\/19410\/revisions"}],"predecessor-version":[{"id":19430,"href":"https:\/\/ens9002-infd.mendoza.edu.ar\/sitio\/wp-json\/wp\/v2\/pages\/19410\/revisions\/19430"}],"wp:attachment":[{"href":"https:\/\/ens9002-infd.mendoza.edu.ar\/sitio\/wp-json\/wp\/v2\/media?parent=19410"}],"curies":[{"name":"wp","href":"https:\/\/api.w.org\/{rel}","templated":true}]}}