{"id":19440,"date":"2025-09-16T19:03:57","date_gmt":"2025-09-16T22:03:57","guid":{"rendered":"https:\/\/ens9002-infd.mendoza.edu.ar\/sitio\/?page_id=19440"},"modified":"2026-03-09T13:16:54","modified_gmt":"2026-03-09T16:16:54","slug":"19440-2","status":"publish","type":"page","link":"https:\/\/ens9002-infd.mendoza.edu.ar\/sitio\/19440-2\/","title":{"rendered":"DESARROLLO DE HABILIDADES PARA LA RESOLUCI\u00d3N DE CONFLICTOS: TALLER DE MEDIACI\u00d3N ESCOLAR"},"content":{"rendered":"\n<div class=\"wp-block-columns is-layout-flex wp-container-6\">\n<div class=\"wp-block-column is-layout-flow\">\n<figure class=\"wp-block-image size-full\"><img decoding=\"async\" loading=\"lazy\" width=\"1600\" height=\"1600\" src=\"https:\/\/ens9002-infd.mendoza.edu.ar\/sitio\/wp-content\/uploads\/2025\/09\/WhatsApp-Image-2025-09-16-at-11.10.46-1.jpeg\" alt=\"\" class=\"wp-image-19443\" srcset=\"https:\/\/ens9002-infd.mendoza.edu.ar\/sitio\/wp-content\/uploads\/2025\/09\/WhatsApp-Image-2025-09-16-at-11.10.46-1.jpeg 1600w, https:\/\/ens9002-infd.mendoza.edu.ar\/sitio\/wp-content\/uploads\/2025\/09\/WhatsApp-Image-2025-09-16-at-11.10.46-1-1000x1000.jpeg 1000w, https:\/\/ens9002-infd.mendoza.edu.ar\/sitio\/wp-content\/uploads\/2025\/09\/WhatsApp-Image-2025-09-16-at-11.10.46-1-500x500.jpeg 500w, https:\/\/ens9002-infd.mendoza.edu.ar\/sitio\/wp-content\/uploads\/2025\/09\/WhatsApp-Image-2025-09-16-at-11.10.46-1-768x768.jpeg 768w, https:\/\/ens9002-infd.mendoza.edu.ar\/sitio\/wp-content\/uploads\/2025\/09\/WhatsApp-Image-2025-09-16-at-11.10.46-1-1536x1536.jpeg 1536w\" sizes=\"(max-width: 1600px) 100vw, 1600px\" \/><\/figure>\n<\/div>\n\n\n\n<div class=\"wp-block-column is-layout-flow\">\n<p>Frente al fen\u00f3meno creciente de la violencia y la necesidad de abordar esta tem\u00e1tica, es necesario<br>adquirir herramientas de mediaci\u00f3n para mejorar la convivencia escolar y la incorporaci\u00f3n de nuevos modelos de comunicaci\u00f3n para resolver conflictos en el \u00e1mbito educativo. Durante la cursada se trabajar\u00e1 sobre el desarrollo de habilidades para la resoluci\u00f3n de conflictos de manera asertiva y eficaz, utilizando la mediaci\u00f3n escolar.<\/p>\n\n\n\n<p>El curso tambi\u00e9n se dirige a estudiantes avanzados\/as, a quienes no se les otorgar\u00e1 puntaje pero s\u00ed un certificado institucional para su carpeta de antecedentes.<\/p>\n<\/div>\n\n\n\n<div class=\"wp-block-column is-layout-flow\">\n<div class=\"wp-block-buttons is-layout-flex\">\n<div class=\"wp-block-button\"><a class=\"wp-block-button__link has-accent-background-color has-background wp-element-button\" href=\"https:\/\/ens9002-infd.mendoza.edu.ar\/sitio\/wp-content\/uploads\/2026\/03\/Desarrollo-de-habilidades-para-la-resolucion-de-conflictos.-taller-de-mediacion-escolar-1.pdf\" target=\"_blank\" rel=\"noreferrer noopener\">M\u00c1S INFORMACI\u00d3N<\/a><\/div>\n<\/div>\n\n\n\n<div style=\"height:55px\" aria-hidden=\"true\" class=\"wp-block-spacer\"><\/div>\n\n\n\n<div class=\"wp-block-buttons is-layout-flex\">\n<div class=\"wp-block-button\"><a class=\"wp-block-button__link has-background wp-element-button\" href=\"https:\/\/ens9002-infd.mendoza.edu.ar\/sitio\/wp-content\/uploads\/2026\/03\/Resolucion-taller-de-Mediacion.pdf\" style=\"background-color:#1baeae\" target=\"_blank\" rel=\"noreferrer noopener\">RESOLUCI\u00d3N<\/a><\/div>\n<\/div>\n<\/div>\n<\/div>\n","protected":false},"excerpt":{"rendered":"<p>Frente al fen\u00f3meno creciente de la violencia y la necesidad de abordar esta tem\u00e1tica, es necesarioadquirir herramientas de mediaci\u00f3n para mejorar la convivencia escolar y la incorporaci\u00f3n de nuevos modelos de comunicaci\u00f3n para resolver conflictos en el \u00e1mbito educativo. Durante la cursada se trabajar\u00e1 sobre el desarrollo de habilidades para la resoluci\u00f3n de conflictos de &#8230; <a title=\"DESARROLLO DE HABILIDADES PARA LA RESOLUCI\u00d3N DE CONFLICTOS: TALLER DE MEDIACI\u00d3N ESCOLAR\" class=\"read-more\" href=\"https:\/\/ens9002-infd.mendoza.edu.ar\/sitio\/19440-2\/\" aria-label=\"More on DESARROLLO DE HABILIDADES PARA LA RESOLUCI\u00d3N DE CONFLICTOS: TALLER DE MEDIACI\u00d3N ESCOLAR\">[+]<\/a><\/p>\n","protected":false},"author":10055,"featured_media":0,"parent":0,"menu_order":0,"comment_status":"closed","ping_status":"closed","template":"","meta":[],"acf":[],"_links":{"self":[{"href":"https:\/\/ens9002-infd.mendoza.edu.ar\/sitio\/wp-json\/wp\/v2\/pages\/19440"}],"collection":[{"href":"https:\/\/ens9002-infd.mendoza.edu.ar\/sitio\/wp-json\/wp\/v2\/pages"}],"about":[{"href":"https:\/\/ens9002-infd.mendoza.edu.ar\/sitio\/wp-json\/wp\/v2\/types\/page"}],"author":[{"embeddable":true,"href":"https:\/\/ens9002-infd.mendoza.edu.ar\/sitio\/wp-json\/wp\/v2\/users\/10055"}],"replies":[{"embeddable":true,"href":"https:\/\/ens9002-infd.mendoza.edu.ar\/sitio\/wp-json\/wp\/v2\/comments?post=19440"}],"version-history":[{"count":10,"href":"https:\/\/ens9002-infd.mendoza.edu.ar\/sitio\/wp-json\/wp\/v2\/pages\/19440\/revisions"}],"predecessor-version":[{"id":20326,"href":"https:\/\/ens9002-infd.mendoza.edu.ar\/sitio\/wp-json\/wp\/v2\/pages\/19440\/revisions\/20326"}],"wp:attachment":[{"href":"https:\/\/ens9002-infd.mendoza.edu.ar\/sitio\/wp-json\/wp\/v2\/media?parent=19440"}],"curies":[{"name":"wp","href":"https:\/\/api.w.org\/{rel}","templated":true}]}}