{"id":19537,"date":"2025-10-07T18:41:18","date_gmt":"2025-10-07T21:41:18","guid":{"rendered":"https:\/\/ens9002-infd.mendoza.edu.ar\/sitio\/?page_id=19537"},"modified":"2025-10-08T21:12:56","modified_gmt":"2025-10-09T00:12:56","slug":"el-impacto-de-la-interaccion-grupal-en-la-dinamica-de-los-aprendizajes-en-el-ambito-escolar-2","status":"publish","type":"page","link":"https:\/\/ens9002-infd.mendoza.edu.ar\/sitio\/el-impacto-de-la-interaccion-grupal-en-la-dinamica-de-los-aprendizajes-en-el-ambito-escolar-2\/","title":{"rendered":"El impacto de la interacci\u00f3n grupal en la din\u00e1mica de los aprendizajes en el \u00e1mbito escolar"},"content":{"rendered":"\n<div class=\"wp-block-columns is-layout-flex wp-container-6\">\n<div class=\"wp-block-column is-layout-flow\">\n<figure class=\"wp-block-image size-full\"><img decoding=\"async\" loading=\"lazy\" width=\"1350\" height=\"1350\" src=\"https:\/\/ens9002-infd.mendoza.edu.ar\/sitio\/wp-content\/uploads\/2025\/10\/formacio\u0301n-continua-14.png\" alt=\"\" class=\"wp-image-19538\" srcset=\"https:\/\/ens9002-infd.mendoza.edu.ar\/sitio\/wp-content\/uploads\/2025\/10\/formacio\u0301n-continua-14.png 1350w, https:\/\/ens9002-infd.mendoza.edu.ar\/sitio\/wp-content\/uploads\/2025\/10\/formacio\u0301n-continua-14-1000x1000.png 1000w, https:\/\/ens9002-infd.mendoza.edu.ar\/sitio\/wp-content\/uploads\/2025\/10\/formacio\u0301n-continua-14-500x500.png 500w, https:\/\/ens9002-infd.mendoza.edu.ar\/sitio\/wp-content\/uploads\/2025\/10\/formacio\u0301n-continua-14-768x768.png 768w\" sizes=\"(max-width: 1350px) 100vw, 1350px\" \/><\/figure>\n<\/div>\n\n\n\n<div class=\"wp-block-column is-layout-flow\">\n<p>Las pr\u00e1cticas docentes se fortalecen cuando existen espacios que permiten la<br>integraci\u00f3n horizontal de instituciones y docentes y favorezcan intercambios de experiencias<br>educativas y producci\u00f3n de saberes. En este sentido es que el instituto Tom\u00e1s Godoy Cruz ofrece esta propuesta formativa<\/p>\n\n\n\n<p><\/p>\n\n\n\n<p><\/p>\n\n\n\n<p><\/p>\n\n\n\n<p><\/p>\n<\/div>\n\n\n\n<div class=\"wp-block-column is-layout-flow\">\n<div class=\"wp-block-buttons is-layout-flex\">\n<div class=\"wp-block-button\"><a class=\"wp-block-button__link has-accent-background-color has-background wp-element-button\" href=\"https:\/\/docs.google.com\/forms\/d\/e\/1FAIpQLSfTxx1t_C46BF9cS3EZRDLjLBgWKmmw21HxvyZwLv38ULC-rg\/viewform?usp=sharing&amp;ouid=112434739492222676189\" target=\"_blank\" rel=\"noreferrer noopener\">INSCRIPCI\u00d3N<\/a><\/div>\n<\/div>\n\n\n\n<div style=\"height:55px\" aria-hidden=\"true\" class=\"wp-block-spacer\"><\/div>\n\n\n\n<div class=\"wp-block-buttons is-layout-flex\">\n<div class=\"wp-block-button\"><a class=\"wp-block-button__link has-background wp-element-button\" href=\"https:\/\/docs.google.com\/forms\/d\/e\/1FAIpQLSfTxx1t_C46BF9cS3EZRDLjLBgWKmmw21HxvyZwLv38ULC-rg\/viewform?usp=pp_url\" style=\"background-color:#1baeae\" target=\"_blank\" rel=\"noreferrer noopener\">RESOLUCI\u00d3N<\/a><\/div>\n<\/div>\n<\/div>\n<\/div>\n","protected":false},"excerpt":{"rendered":"<p>Las pr\u00e1cticas docentes se fortalecen cuando existen espacios que permiten laintegraci\u00f3n horizontal de instituciones y docentes y favorezcan intercambios de experienciaseducativas y producci\u00f3n de saberes. En este sentido es que el instituto Tom\u00e1s Godoy Cruz ofrece esta propuesta formativa<\/p>\n","protected":false},"author":4776,"featured_media":0,"parent":0,"menu_order":0,"comment_status":"closed","ping_status":"closed","template":"","meta":[],"acf":[],"_links":{"self":[{"href":"https:\/\/ens9002-infd.mendoza.edu.ar\/sitio\/wp-json\/wp\/v2\/pages\/19537"}],"collection":[{"href":"https:\/\/ens9002-infd.mendoza.edu.ar\/sitio\/wp-json\/wp\/v2\/pages"}],"about":[{"href":"https:\/\/ens9002-infd.mendoza.edu.ar\/sitio\/wp-json\/wp\/v2\/types\/page"}],"author":[{"embeddable":true,"href":"https:\/\/ens9002-infd.mendoza.edu.ar\/sitio\/wp-json\/wp\/v2\/users\/4776"}],"replies":[{"embeddable":true,"href":"https:\/\/ens9002-infd.mendoza.edu.ar\/sitio\/wp-json\/wp\/v2\/comments?post=19537"}],"version-history":[{"count":6,"href":"https:\/\/ens9002-infd.mendoza.edu.ar\/sitio\/wp-json\/wp\/v2\/pages\/19537\/revisions"}],"predecessor-version":[{"id":19562,"href":"https:\/\/ens9002-infd.mendoza.edu.ar\/sitio\/wp-json\/wp\/v2\/pages\/19537\/revisions\/19562"}],"wp:attachment":[{"href":"https:\/\/ens9002-infd.mendoza.edu.ar\/sitio\/wp-json\/wp\/v2\/media?parent=19537"}],"curies":[{"name":"wp","href":"https:\/\/api.w.org\/{rel}","templated":true}]}}