{"id":1973,"date":"2018-08-31T14:03:04","date_gmt":"2018-08-31T17:03:04","guid":{"rendered":"https:\/\/ens9002-mza.infd.edu.ar\/sitio\/prof-en-lengua-y-literatura\/"},"modified":"2025-09-05T21:21:29","modified_gmt":"2025-09-06T00:21:29","slug":"prof-en-lengua-y-literatura","status":"publish","type":"page","link":"https:\/\/ens9002-infd.mendoza.edu.ar\/sitio\/prof-en-lengua-y-literatura\/","title":{"rendered":"Profesorado de Educaci\u00f3n Secundaria en Lengua y Literatura"},"content":{"rendered":"\n<figure class=\"wp-block-image size-full\"><img decoding=\"async\" loading=\"lazy\" width=\"1101\" height=\"201\" src=\"https:\/\/ens9002-infd.mendoza.edu.ar\/sitio\/wp-content\/uploads\/2020\/08\/1-04.png\" alt=\"\" class=\"wp-image-5414\" srcset=\"https:\/\/ens9002-infd.mendoza.edu.ar\/sitio\/wp-content\/uploads\/2020\/08\/1-04.png 1101w, https:\/\/ens9002-infd.mendoza.edu.ar\/sitio\/wp-content\/uploads\/2020\/08\/1-04-1000x183.png 1000w, https:\/\/ens9002-infd.mendoza.edu.ar\/sitio\/wp-content\/uploads\/2020\/08\/1-04-768x140.png 768w, https:\/\/ens9002-infd.mendoza.edu.ar\/sitio\/wp-content\/uploads\/2020\/08\/1-04-1100x200.png 1100w, https:\/\/ens9002-infd.mendoza.edu.ar\/sitio\/wp-content\/uploads\/2020\/08\/1-04-620x114.png 620w, https:\/\/ens9002-infd.mendoza.edu.ar\/sitio\/wp-content\/uploads\/2020\/08\/1-04-400x73.png 400w, https:\/\/ens9002-infd.mendoza.edu.ar\/sitio\/wp-content\/uploads\/2020\/08\/1-04-1089x200.png 1089w\" sizes=\"(max-width: 1101px) 100vw, 1101px\" \/><\/figure>\n\n\n\n<p class=\"has-text-align-center\"><span style=\"color: #000000;\"><strong><a style=\"color: #000000;\" rel=\"noopener\" href=\"https:\/\/ens9002-infd.mendoza.edu.ar\/sitio\/plan-de-estudios\/upload\/_DISE%D1O_Lengua.pdf\" target=\"_blank\">ACCED\u00c9 AQU\u00cd AL DISE\u00d1O CURRICULAR<\/a><\/strong><\/span><\/p>\n\n\n\n<p class=\"has-text-align-center\"><strong>COORDINADORA:&nbsp;<\/strong>Prof. PAOLA ANT\u00daNEZ&nbsp;<strong>\u2013 CONTACTO:<\/strong> profesoradolyl.coordinacion@gmail.com<\/p>\n\n\n\n<p class=\"has-text-align-center\"><strong><em><a href=\"https:\/\/ens9002-infd.mendoza.edu.ar\/sitio\/wp-content\/uploads\/2024\/02\/ANEXO-Profesorado-de-Educacion-Secundaria-en-Lengua-y-Literatura.pdf\" data-type=\"URL\" data-id=\"https:\/\/ens9002-infd.mendoza.edu.ar\/sitio\/wp-content\/uploads\/2024\/02\/ANEXO-Profesorado-de-Educacion-Secundaria-en-Lengua-y-Literatura.pdf\" target=\"_blank\" rel=\"noreferrer noopener\">NUEVO DISE\u00d1O CURRICULAR<\/a><\/em><\/strong> <em>&#8211; SE APLICAR\u00c1 DESDE 2024<\/em><\/p>\n\n\n\n<p class=\"has-text-align-center has-medium-font-size\">T\u00edtulo a otorgar:<\/p>\n\n\n\n<p class=\"has-text-align-center has-large-font-size\">            <strong>PROFESOR\/A DE EDUCACION SECUNDARIA EN               LENGUA Y LITERATURA<\/strong><\/p>\n\n\n\n<p class=\"has-text-align-center has-large-font-size\">no universitario con validez nacional<\/p>\n\n\n\n<p class=\"has-text-align-center has-medium-font-size\">Duraci\u00f3n: 4 a\u00f1os \u2013 tarde solo 1\u00ba y 2\u00ba A\u00d1O  o vespertino todos los a\u00f1os<\/p>\n\n\n\n<p class=\"has-text-align-center has-medium-font-size\">Carga horaria: 2976 horas reloj (4464 horas c\u00e1tedra)<\/p>\n\n\n\n<p class=\"has-text-align-center has-medium-font-size\"><a href=\"https:\/\/drive.google.com\/drive\/folders\/1z5bOH66dXa-6bVMShT-H8Mi8zEr0EYMw\" target=\"_blank\" rel=\"noreferrer noopener\">RESOL-2023-6869-E-GDEMZA-DGE<\/a>\u00a0<\/p>\n\n\n\n<figure class=\"wp-block-table\"><table class=\"has-accent-color has-text-color\"><tbody><tr><td> <strong><a href=\"https:\/\/ens9002-infd.mendoza.edu.ar\/sitio\/wp-content\/uploads\/2025\/04\/PROFESORADO-LENGUA.png\">PLAN DE ESTUDIO APLICABLE A PARTIR DE INGRESO 2024<\/a><\/strong><br><p style=\"margin: 4px 0 10px; font-size: 0.938rem; line-height: 1.125rem; color: #868686;\">Consulta las materias de la carrera<\/p> <br><a rel=\"noopener\" style=\"font-size: 1.125rem; font-weight: bold; font-family: inherit; color: rgb(255, 102, 0);\" href=\"https:\/\/ens9002-infd.mendoza.edu.ar\/sitio\/plan-de-estudios\/\" target=\"_blank\">Plan de Estudios<\/a><br>Este plan de Estudios es para aquellas\/os estudiantes que ingresaron al Instituto antes de 2024  <p style=\"margin: 10px 0 0;\"><span style=\"width: auto; height: 5px; background-color: #1033ce; display: inline-block;\">&nbsp;&nbsp;&nbsp;&nbsp;<\/span><\/p> <p style=\"margin: 4px 0 10px; font-size: 0.938rem; line-height: 1.125rem; color: #868686;\">Consulta las materias de la carrera<\/p> <\/td><td>&nbsp;<\/td><td>\n<p style=\"margin: 0 0 3px; font-size: 1.125rem; line-height: 1.5rem; font-weight: bold; color: #585858;\"><span style=\"color: #ff6600;\"><a style=\"color: #ff6600;\" href=\"https:\/\/ens9002-infd.mendoza.edu.ar\/sitio\/perfil-el-egresado\/\" target=\"_blank\" rel=\"noopener\">Perfil del Egresado y la Egresada<\/a><\/span><\/p>\n<p style=\"margin: 10px 0 0;\"><span style=\"width: auto; height: 5px; background-color: #1033ce; display: inline-block;\">&nbsp;&nbsp;&nbsp;&nbsp;<\/span><\/p>\n<p style=\"margin: 4px 0 10px; font-size: 0.938rem; line-height: 1.125rem; color: #868686;\">Capacidades a adquirir por el futuro y la futura docente<\/p>\n<\/td><\/tr><\/tbody><\/table><\/figure>\n\n\n\n<pre class=\"wp-block-preformatted\"><strong>CONOC\u00c9<\/strong> M\u00c1S <strong>ACTIVIDADES<\/strong> DE LA CARRERA EN <strong>INSTAGRAM | <a href=\"https:\/\/www.instagram.com\/lelitgc\/\">clic aqu\u00ed<\/a><\/strong><\/pre>\n\n\n\n<p><\/p>\n","protected":false},"excerpt":{"rendered":"<p>ACCED\u00c9 AQU\u00cd AL DISE\u00d1O CURRICULAR COORDINADORA:&nbsp;Prof. PAOLA ANT\u00daNEZ&nbsp;\u2013 CONTACTO: profesoradolyl.coordinacion@gmail.com NUEVO DISE\u00d1O CURRICULAR &#8211; SE APLICAR\u00c1 DESDE 2024 T\u00edtulo a otorgar: PROFESOR\/A DE EDUCACION SECUNDARIA EN LENGUA Y LITERATURA no universitario con validez nacional Duraci\u00f3n: 4 a\u00f1os \u2013 tarde solo 1\u00ba y 2\u00ba A\u00d1O o vespertino todos los a\u00f1os Carga horaria: 2976 horas reloj (4464 &#8230; <a title=\"Profesorado de Educaci\u00f3n Secundaria en Lengua y Literatura\" class=\"read-more\" href=\"https:\/\/ens9002-infd.mendoza.edu.ar\/sitio\/prof-en-lengua-y-literatura\/\" aria-label=\"More on Profesorado de Educaci\u00f3n Secundaria en Lengua y Literatura\">[+]<\/a><\/p>\n","protected":false},"author":5332,"featured_media":0,"parent":0,"menu_order":0,"comment_status":"closed","ping_status":"closed","template":"","meta":[],"acf":[],"_links":{"self":[{"href":"https:\/\/ens9002-infd.mendoza.edu.ar\/sitio\/wp-json\/wp\/v2\/pages\/1973"}],"collection":[{"href":"https:\/\/ens9002-infd.mendoza.edu.ar\/sitio\/wp-json\/wp\/v2\/pages"}],"about":[{"href":"https:\/\/ens9002-infd.mendoza.edu.ar\/sitio\/wp-json\/wp\/v2\/types\/page"}],"author":[{"embeddable":true,"href":"https:\/\/ens9002-infd.mendoza.edu.ar\/sitio\/wp-json\/wp\/v2\/users\/5332"}],"replies":[{"embeddable":true,"href":"https:\/\/ens9002-infd.mendoza.edu.ar\/sitio\/wp-json\/wp\/v2\/comments?post=1973"}],"version-history":[{"count":50,"href":"https:\/\/ens9002-infd.mendoza.edu.ar\/sitio\/wp-json\/wp\/v2\/pages\/1973\/revisions"}],"predecessor-version":[{"id":19359,"href":"https:\/\/ens9002-infd.mendoza.edu.ar\/sitio\/wp-json\/wp\/v2\/pages\/1973\/revisions\/19359"}],"wp:attachment":[{"href":"https:\/\/ens9002-infd.mendoza.edu.ar\/sitio\/wp-json\/wp\/v2\/media?parent=1973"}],"curies":[{"name":"wp","href":"https:\/\/api.w.org\/{rel}","templated":true}]}}