{"id":1975,"date":"2018-08-31T14:03:04","date_gmt":"2018-08-31T17:03:04","guid":{"rendered":"https:\/\/ens9002-mza.infd.edu.ar\/sitio\/prof-en-matematica\/"},"modified":"2025-09-05T21:23:39","modified_gmt":"2025-09-06T00:23:39","slug":"prof-en-matematica","status":"publish","type":"page","link":"https:\/\/ens9002-infd.mendoza.edu.ar\/sitio\/prof-en-matematica\/","title":{"rendered":"Profesorado de Educaci\u00f3n Secundaria en Matem\u00e1tica"},"content":{"rendered":"\n<figure class=\"wp-block-image size-full\"><img decoding=\"async\" loading=\"lazy\" width=\"1101\" height=\"201\" src=\"https:\/\/ens9002-infd.mendoza.edu.ar\/sitio\/wp-content\/uploads\/2020\/08\/1-05.png\" alt=\"\" class=\"wp-image-5415\" srcset=\"https:\/\/ens9002-infd.mendoza.edu.ar\/sitio\/wp-content\/uploads\/2020\/08\/1-05.png 1101w, https:\/\/ens9002-infd.mendoza.edu.ar\/sitio\/wp-content\/uploads\/2020\/08\/1-05-1000x183.png 1000w, https:\/\/ens9002-infd.mendoza.edu.ar\/sitio\/wp-content\/uploads\/2020\/08\/1-05-768x140.png 768w, https:\/\/ens9002-infd.mendoza.edu.ar\/sitio\/wp-content\/uploads\/2020\/08\/1-05-1100x200.png 1100w, https:\/\/ens9002-infd.mendoza.edu.ar\/sitio\/wp-content\/uploads\/2020\/08\/1-05-620x114.png 620w, https:\/\/ens9002-infd.mendoza.edu.ar\/sitio\/wp-content\/uploads\/2020\/08\/1-05-400x73.png 400w, https:\/\/ens9002-infd.mendoza.edu.ar\/sitio\/wp-content\/uploads\/2020\/08\/1-05-1089x200.png 1089w\" sizes=\"(max-width: 1101px) 100vw, 1101px\" \/><\/figure>\n\n\n<p style=\"text-align: center;\"><span style=\"color: #000000;\">COORDINADOR: <strong>Prof. Juan Crespo<\/strong> &#8211; CONTACTO:<a href=\"mailto:matematica9002@gmail.com\"><strong> matematica9002@gmail.com<\/strong><\/a><\/span><\/p>\n<p style=\"text-align: center;\"><span style=\"color: #000000;\"><strong><a style=\"color: #000000;\" href=\"https:\/\/ens9002-infd.mendoza.edu.ar\/sitio\/wp-content\/uploads\/sitio\/DISEN_O_MATEMATICA.pdf\" target=\"_blank\" rel=\"noopener\">ACCED\u00c9 AQU\u00cd AL DISE\u00d1O CURRICULAR<\/a><\/strong><\/span><\/p>\n<p style=\"text-align: center;\"><em><a href=\"https:\/\/ens9002-infd.mendoza.edu.ar\/sitio\/wp-content\/uploads\/2024\/02\/ANEXO-Profesorado-de-Educacion-Secundaria-en-Matematica.pdf\"><strong>NUEVO DISE\u00d1O CURRICULAR <\/strong><\/a>&#8211; SE APLICAR\u00c1 DESDE 2024<\/em><\/p>\n<p style=\"text-align: center;\"><a href=\"https:\/\/drive.google.com\/drive\/folders\/1V3HYUAjfDLa-TH7xgZy5ujo-NbSZPPJo\">RESOL-2023-6872-E-GDEMZA-DGE\u00a0<\/a><\/p>\n<p class=\"has-text-align-center has-medium-font-size\">T\u00edtulo a otorgar:<\/p>\n<p class=\"has-text-align-center has-large-font-size\"><strong>PROFESOR\/A DE EDUCACION SECUNDARIA EN MATEMATICA<\/strong><\/p>\n<p class=\"has-text-align-center has-large-font-size\">no universitario con validez nacional<\/p>\n<p class=\"has-text-align-center has-medium-font-size\">Duraci\u00f3n: 4 a\u00f1osturno tarde o vespertino<\/p>\n<p class=\"has-text-align-center has-medium-font-size\">TURNO TARDE: 14 a 18.40 h &#8211; TURNO VESPERTINO: 18.30 a 23.30 h (horarios de finalizaci\u00f3n aproximados)<\/p>\n<p class=\"has-text-align-center has-medium-font-size\">Carga horaria: 3115 horas reloj (4672 horas c\u00e1tedra)<\/p>\n<p class=\"has-text-align-center has-medium-font-size\">Resoluci\u00f3n: 655 DGE 2011<\/p>\n<h5 style=\"text-align: left;\">\u00a0<\/h5>\n<p>\u00a0<\/p>\n<table class=\" alignleft\" style=\"width: 1001px; margin-left: auto; margin-right: auto; border-collapse: collapse; height: 156px;\" border=\"0\">\n<tbody>\n<tr>\n<td style=\"vertical-align: top; padding: 14px; box-shadow: 1px 2px 7px rgba(208, 208, 208, .8);\" width=\"31%\">\n<p><a href=\"https:\/\/ens9002-infd.mendoza.edu.ar\/sitio\/wp-content\/uploads\/2025\/04\/Captura-de-pantalla-2025-04-15-a-las-11.35.43\u202fa.-m.png\" data-wplink-url-error=\"true\"><strong>PLAN DE ESTUDIO APLICABLE A PARTIR DE INGRESO 2024<\/strong><\/a><\/p>\n<p>Consult\u00e1 las materias de la carrera<\/p>\n<p style=\"margin: 0px 0px 3px; font-size: 1.125rem; line-height: 1.5rem; font-weight: bold; color: #585858;\"><span style=\"color: #000000;\"><a style=\"font-size: 1.125rem; font-family: inherit; color: #000000;\" href=\"https:\/\/ens9002-infd.mendoza.edu.ar\/sitio\/estructura-curricular\/\" target=\"_blank\" rel=\"noopener\">Plan de estudios<\/a><\/span><\/p>\n<p>Este plan de Estudios es para aquellas\/os estudiantes que ingresaron al Instituto antes de 2024<\/p>\n<p style=\"margin: 0px 0px 3px; font-size: 1.125rem; line-height: 1.5rem; font-weight: bold; color: #585858;\"><span style=\"width: auto; height: 5px; background-color: #1033ce; display: inline-block;\">\u00a0 \u00a0\u00a0<\/span><\/p>\n<p style=\"margin: 10px 0px 0px; text-align: center;\">Consulta al dise\u00f1o curricular de la carrera<\/p>\n<\/td>\n<td width=\"3%\">\u00a0<\/td>\n<td style=\"vertical-align: top; padding: 14px; box-shadow: 1px 2px 7px rgba(208, 208, 208, .8);\" width=\"32%\">\n<p style=\"margin: 0px 0px 3px; font-size: 1.125rem; line-height: 1.5rem; font-weight: bold; color: #585858;\"><span style=\"color: #64bcbf;\"><a style=\"color: #64bcbf;\" href=\"https:\/\/ens9002-infd.mendoza.edu.ar\/sitio\/perfil-del-egresado\/\" target=\"_blank\" rel=\"noopener\"><span style=\"color: #000000;\">\u00a0Perfil de egresados y egresadas<\/span><\/a><\/span><\/p>\n<p style=\"margin: 10px 0px 0px;\"><span style=\"width: auto; height: 5px; background-color: #1033ce; display: inline-block;\">\u00a0 \u00a0\u00a0<\/span><\/p>\n<p style=\"margin: 10px 0px 0px; text-align: center;\">\u00a0 \u00a0 \u00a0 \u00a0 \u00a0 \u00a0 Capacidad a adquirir por futuros y futuras docentes<\/p>\n<p style=\"margin: 4px 0 10px; font-size: 0.938rem; line-height: 1.125rem; color: #868686;\">\u00a0<\/p>\n<\/td>\n<\/tr>\n<\/tbody>\n<\/table>\n<h4 style=\"text-align: left;\">\u00a0<\/h4>\n<pre>Para conocer m\u00e1s <strong>informaci\u00f3n<\/strong> acerca de la <strong>carrera<\/strong>, seguinos en <strong>Facebook<\/strong> -<span style=\"color: #000000;\"><a style=\"color: #000000;\" href=\"https:\/\/www.facebook.com\/Profesorado-en-MATEM%C3%81TICA-Tom%C3%A1s-Godoy-Cruz-110868210758598\">hac\u00e9 clic aqu\u00ed<\/a><\/span>-<\/pre>\n<p><img decoding=\"async\" loading=\"lazy\" class=\"alignnone wp-image-6665\" src=\"https:\/\/ens9002-infd.mendoza.edu.ar\/sitio\/wp-content\/uploads\/2020\/11\/Matem\u00e1tica-p\u00e1gina-1000x192.jpg\" alt=\"\" width=\"1281\" height=\"246\" srcset=\"https:\/\/ens9002-infd.mendoza.edu.ar\/sitio\/wp-content\/uploads\/2020\/11\/Matem\u00e1tica-p\u00e1gina-1000x192.jpg 1000w, https:\/\/ens9002-infd.mendoza.edu.ar\/sitio\/wp-content\/uploads\/2020\/11\/Matem\u00e1tica-p\u00e1gina-768x148.jpg 768w, https:\/\/ens9002-infd.mendoza.edu.ar\/sitio\/wp-content\/uploads\/2020\/11\/Matem\u00e1tica-p\u00e1gina.jpg 1065w\" sizes=\"(max-width: 1281px) 100vw, 1281px\" \/><\/p>\n<p>\u00a0<\/p>","protected":false},"excerpt":{"rendered":"<p>COORDINADOR: Prof. Juan Crespo &#8211; CONTACTO: matematica9002@gmail.com ACCED\u00c9 AQU\u00cd AL DISE\u00d1O CURRICULAR NUEVO DISE\u00d1O CURRICULAR &#8211; SE APLICAR\u00c1 DESDE 2024 RESOL-2023-6872-E-GDEMZA-DGE\u00a0 T\u00edtulo a otorgar: PROFESOR\/A DE EDUCACION SECUNDARIA EN MATEMATICA no universitario con validez nacional Duraci\u00f3n: 4 a\u00f1osturno tarde o vespertino TURNO TARDE: 14 a 18.40 h &#8211; TURNO VESPERTINO: 18.30 a 23.30 h (horarios &#8230; <a title=\"Profesorado de Educaci\u00f3n Secundaria en Matem\u00e1tica\" class=\"read-more\" href=\"https:\/\/ens9002-infd.mendoza.edu.ar\/sitio\/prof-en-matematica\/\" aria-label=\"More on Profesorado de Educaci\u00f3n Secundaria en Matem\u00e1tica\">[+]<\/a><\/p>\n","protected":false},"author":5332,"featured_media":0,"parent":0,"menu_order":0,"comment_status":"closed","ping_status":"closed","template":"","meta":[],"acf":[],"_links":{"self":[{"href":"https:\/\/ens9002-infd.mendoza.edu.ar\/sitio\/wp-json\/wp\/v2\/pages\/1975"}],"collection":[{"href":"https:\/\/ens9002-infd.mendoza.edu.ar\/sitio\/wp-json\/wp\/v2\/pages"}],"about":[{"href":"https:\/\/ens9002-infd.mendoza.edu.ar\/sitio\/wp-json\/wp\/v2\/types\/page"}],"author":[{"embeddable":true,"href":"https:\/\/ens9002-infd.mendoza.edu.ar\/sitio\/wp-json\/wp\/v2\/users\/5332"}],"replies":[{"embeddable":true,"href":"https:\/\/ens9002-infd.mendoza.edu.ar\/sitio\/wp-json\/wp\/v2\/comments?post=1975"}],"version-history":[{"count":45,"href":"https:\/\/ens9002-infd.mendoza.edu.ar\/sitio\/wp-json\/wp\/v2\/pages\/1975\/revisions"}],"predecessor-version":[{"id":19361,"href":"https:\/\/ens9002-infd.mendoza.edu.ar\/sitio\/wp-json\/wp\/v2\/pages\/1975\/revisions\/19361"}],"wp:attachment":[{"href":"https:\/\/ens9002-infd.mendoza.edu.ar\/sitio\/wp-json\/wp\/v2\/media?parent=1975"}],"curies":[{"name":"wp","href":"https:\/\/api.w.org\/{rel}","templated":true}]}}