{"id":1977,"date":"2018-08-31T14:03:05","date_gmt":"2018-08-31T17:03:05","guid":{"rendered":"https:\/\/ens9002-mza.infd.edu.ar\/sitio\/prof-en-educacion-primaria\/"},"modified":"2025-09-05T21:24:46","modified_gmt":"2025-09-06T00:24:46","slug":"prof-en-educacion-primaria","status":"publish","type":"page","link":"https:\/\/ens9002-infd.mendoza.edu.ar\/sitio\/prof-en-educacion-primaria\/","title":{"rendered":"Profesorado de Educaci\u00f3n Primaria"},"content":{"rendered":"<div class=\"wp-block-image\">\n<figure class=\"aligncenter size-full\"><img decoding=\"async\" loading=\"lazy\" width=\"1101\" height=\"201\" src=\"https:\/\/ens9002-infd.mendoza.edu.ar\/sitio\/wp-content\/uploads\/2020\/08\/1-08.png\" alt=\"\" class=\"wp-image-5418\" srcset=\"https:\/\/ens9002-infd.mendoza.edu.ar\/sitio\/wp-content\/uploads\/2020\/08\/1-08.png 1101w, https:\/\/ens9002-infd.mendoza.edu.ar\/sitio\/wp-content\/uploads\/2020\/08\/1-08-1000x183.png 1000w, https:\/\/ens9002-infd.mendoza.edu.ar\/sitio\/wp-content\/uploads\/2020\/08\/1-08-768x140.png 768w, https:\/\/ens9002-infd.mendoza.edu.ar\/sitio\/wp-content\/uploads\/2020\/08\/1-08-1100x200.png 1100w, https:\/\/ens9002-infd.mendoza.edu.ar\/sitio\/wp-content\/uploads\/2020\/08\/1-08-620x114.png 620w, https:\/\/ens9002-infd.mendoza.edu.ar\/sitio\/wp-content\/uploads\/2020\/08\/1-08-400x73.png 400w, https:\/\/ens9002-infd.mendoza.edu.ar\/sitio\/wp-content\/uploads\/2020\/08\/1-08-1089x200.png 1089w\" sizes=\"(max-width: 1101px) 100vw, 1101px\" \/><\/figure><\/div>\n\n\n<p class=\"has-text-align-center\">REFERENTE:<strong>&nbsp;Profa. KAREN ESCOBAR&nbsp;<\/strong>\u2013<strong>&nbsp;<\/strong>CONTACTO: coordinacionpep9002@gmail.com<\/p>\n\n\n\n<p class=\"has-text-align-center\"><span style=\"color: #000000;\"><a style=\"color: #000000;\" rel=\"noopener\" href=\"https:\/\/drive.google.com\/file\/d\/1TDjXQH711B5XoUbrD0FXBGeUG5PqEgI6\/view?usp=sharing\" target=\"_blank\"> ACCED\u00c9 AQU\u00cd AL DISE\u00d1O CURRICULAR<\/a><\/span><\/p>\n\n\n\n<p class=\"has-text-align-center\"><em><strong><a href=\"https:\/\/ens9002-infd.mendoza.edu.ar\/sitio\/wp-content\/uploads\/2024\/02\/ANEXO-Profesorado-de-Educacion-Primaria-1-1.pdf\" data-type=\"URL\" data-id=\"https:\/\/ens9002-infd.mendoza.edu.ar\/sitio\/wp-content\/uploads\/2024\/02\/ANEXO-Profesorado-de-Educacion-Primaria-1-1.pdf\" target=\"_blank\" rel=\"noreferrer noopener\">NUEVO DISE\u00d1O CURRICULAR<\/a><\/strong> &#8211; SE APLICAR\u00c1 DESDE 2024<\/em><\/p>\n\n\n\n<h3 class=\"wp-block-heading has-text-align-center has-medium-font-size\">\u00a0<a href=\"https:\/\/drive.google.com\/drive\/folders\/1Lyd-xFnCXYV05Kj_2F4syIIUtUSz86X-\" target=\"_blank\" rel=\"noreferrer noopener\">RESOL-2023-6868-E-GDEMZA-DGE<\/a>\u00a0<\/h3>\n\n\n\n<p class=\"has-text-align-center has-medium-font-size\">T\u00edtulo a otorgar:<\/p>\n\n\n\n<p class=\"has-text-align-center has-large-font-size\"><strong>PROFESOR\/A DE EDUCACION PRIMARIA<\/strong><\/p>\n\n\n\n<p class=\"has-text-align-center has-large-font-size\">no universitario con validez nacional<\/p>\n\n\n\n<p class=\"has-text-align-center has-medium-font-size\">Duraci\u00f3n: 4 a\u00f1os &#8211; ma\u00f1ana o vespertino<\/p>\n\n\n\n<p class=\"has-text-align-center has-medium-font-size\">Carga horaria: 2678 horas reloj (4016 horas c\u00e1tedra)<\/p>\n\n\n\n<p class=\"has-text-align-center has-medium-font-size\">Resoluci\u00f3n: 01191 DGE 2014<\/p>\n\n\n\n<p>El <b>Profesorado de Educaci\u00f3n Primaria<\/b> es una carrera que pone su atenci\u00f3n en la ense\u00f1anza y el aprendizaje. Entendemos esto como un proceso que requiere de la reflexi\u00f3n y comprensi\u00f3n de las dimensiones socio-pol\u00edticas, hist\u00f3rico-culturales, pedag\u00f3gicas, metodol\u00f3gicas y disciplinarias para un adecuado desempe\u00f1o en las escuelas y en los contextos localeS<\/p>\n\n\n\n<p>A lo largo de los cuatro a\u00f1os se estudian los saberes de Ciencias Sociales, Ciencias Naturales, Matem\u00e1ticas, Lengua, Literatura, Ciencias de la Educaci\u00f3n, Filosof\u00eda, Tecnolog\u00eda, Arte, entre otros. Al mismo tiempo, se articulan con la Pr\u00e1ctica Docente desde primer a\u00f1o en diferentes contextos educativos.<\/p>\n\n\n\n<figure class=\"wp-block-image\"><img decoding=\"async\" loading=\"lazy\" width=\"1000\" height=\"563\" src=\"https:\/\/ens9002-infd.mendoza.edu.ar\/sitio\/wp-content\/uploads\/2020\/07\/WhatsApp-Image-2020-07-31-at-2.32.23-PM-1000x563.jpeg\" alt=\"\" class=\"wp-image-5006\" srcset=\"https:\/\/ens9002-infd.mendoza.edu.ar\/sitio\/wp-content\/uploads\/2020\/07\/WhatsApp-Image-2020-07-31-at-2.32.23-PM-1000x563.jpeg 1000w, https:\/\/ens9002-infd.mendoza.edu.ar\/sitio\/wp-content\/uploads\/2020\/07\/WhatsApp-Image-2020-07-31-at-2.32.23-PM-768x432.jpeg 768w, https:\/\/ens9002-infd.mendoza.edu.ar\/sitio\/wp-content\/uploads\/2020\/07\/WhatsApp-Image-2020-07-31-at-2.32.23-PM.jpeg 1152w\" sizes=\"(max-width: 1000px) 100vw, 1000px\" \/><\/figure>\n\n\n\n<p>En cada una de las materias, promovemos<strong> acciones educativas<\/strong> que fortalezcan las capacidades de estudiantes, profesores y profesoras. Creamos espacios para el trabajo colectivo, la participaci\u00f3n y el desarrollo de experiencias novedosas.<\/p>\n\n\n\n<p>Buscamos formar profesionales docentes cr\u00edticos y cr\u00edticas de manera integral, que puedan desempe\u00f1arse adecuadamente en diferentes contextos&nbsp; y en atenci\u00f3n a&nbsp; sujetos singulares. Al mismo tiempo, que tengan compromiso con el presente y con capacidades para el futuro.<\/p>\n\n\n\n<figure class=\"wp-block-table\"><table class=\"has-accent-color has-text-color\"><tbody><tr><td> <strong><a href=\"https:\/\/ens9002-infd.mendoza.edu.ar\/sitio\/wp-content\/uploads\/2025\/04\/Captura-de-pantalla-2025-04-15-a-las-11.08.17\u202fa.-m.png\">PLAN DE ESTUDIO APLICABLE DESDE 2024<\/a><\/strong><br><p style=\"margin: 4px 0 10px; font-size: 0.938rem; line-height: 1.125rem; color: #868686;\">Consult\u00e1 las materias de la carrera<\/p><br><br><p style=\"margin: 0 0 3px; font-size: 1.125rem; line-height: 1.5rem; font-weight: bold; color: #585858;\"><span style=\"color: #000000;\"><strong><a rel=\"noopener\" href=\"https:\/\/ens9002-infd.mendoza.edu.ar\/sitio\/plan-de-estudios-y-programas\/\" target=\"_blank\">Plan de Estudios<\/a><\/strong><\/span><\/p>Este plan de Estudios es para aquellas\/os estudiantes que ingresaron al Instituto antes de 2024  <p style=\"margin: 10px 0 0;\"><\/p><span style=\"color: rgb(134, 134, 134); font-size: 0.938rem; font-family: inherit;\">Consult\u00e1 las materias de la carrera<\/span> <\/td><td>&nbsp;<\/td><td> <p style=\"margin: 0 0 3px; font-size: 1.125rem; line-height: 1.5rem; font-weight: bold; color: #585858;\"><a rel=\"noopener\" href=\"https:\/\/ens9002-infd.mendoza.edu.ar\/sitio\/perfil-del-egresado-2\/\" target=\"_blank\"><span style=\"color: #000000;\"><strong>Perfil del egresados y egresadas<\/strong><\/span><\/a><\/p> <p style=\"margin: 10px 0 0;\"><span style=\"width: auto; height: 5px; background-color: #1033ce; display: inline-block; color: #68bed9;\">&nbsp;&nbsp;&nbsp;&nbsp;<\/span><\/p> <p style=\"margin: 4px 0 10px; font-size: 0.938rem; line-height: 1.125rem; color: #868686;\">Capacidades a adquirir por el&nbsp; futuro y la futura docente<\/p> <\/td><\/tr><\/tbody><\/table><\/figure>\n\n\n\n<p><\/p>\n","protected":false},"excerpt":{"rendered":"<p>REFERENTE:&nbsp;Profa. KAREN ESCOBAR&nbsp;\u2013&nbsp;CONTACTO: coordinacionpep9002@gmail.com ACCED\u00c9 AQU\u00cd AL DISE\u00d1O CURRICULAR NUEVO DISE\u00d1O CURRICULAR &#8211; SE APLICAR\u00c1 DESDE 2024 \u00a0RESOL-2023-6868-E-GDEMZA-DGE\u00a0 T\u00edtulo a otorgar: PROFESOR\/A DE EDUCACION PRIMARIA no universitario con validez nacional Duraci\u00f3n: 4 a\u00f1os &#8211; ma\u00f1ana o vespertino Carga horaria: 2678 horas reloj (4016 horas c\u00e1tedra) Resoluci\u00f3n: 01191 DGE 2014 El Profesorado de Educaci\u00f3n Primaria es &#8230; <a title=\"Profesorado de Educaci\u00f3n Primaria\" class=\"read-more\" href=\"https:\/\/ens9002-infd.mendoza.edu.ar\/sitio\/prof-en-educacion-primaria\/\" aria-label=\"More on Profesorado de Educaci\u00f3n Primaria\">[+]<\/a><\/p>\n","protected":false},"author":5332,"featured_media":0,"parent":0,"menu_order":0,"comment_status":"closed","ping_status":"closed","template":"","meta":[],"acf":[],"_links":{"self":[{"href":"https:\/\/ens9002-infd.mendoza.edu.ar\/sitio\/wp-json\/wp\/v2\/pages\/1977"}],"collection":[{"href":"https:\/\/ens9002-infd.mendoza.edu.ar\/sitio\/wp-json\/wp\/v2\/pages"}],"about":[{"href":"https:\/\/ens9002-infd.mendoza.edu.ar\/sitio\/wp-json\/wp\/v2\/types\/page"}],"author":[{"embeddable":true,"href":"https:\/\/ens9002-infd.mendoza.edu.ar\/sitio\/wp-json\/wp\/v2\/users\/5332"}],"replies":[{"embeddable":true,"href":"https:\/\/ens9002-infd.mendoza.edu.ar\/sitio\/wp-json\/wp\/v2\/comments?post=1977"}],"version-history":[{"count":65,"href":"https:\/\/ens9002-infd.mendoza.edu.ar\/sitio\/wp-json\/wp\/v2\/pages\/1977\/revisions"}],"predecessor-version":[{"id":19362,"href":"https:\/\/ens9002-infd.mendoza.edu.ar\/sitio\/wp-json\/wp\/v2\/pages\/1977\/revisions\/19362"}],"wp:attachment":[{"href":"https:\/\/ens9002-infd.mendoza.edu.ar\/sitio\/wp-json\/wp\/v2\/media?parent=1977"}],"curies":[{"name":"wp","href":"https:\/\/api.w.org\/{rel}","templated":true}]}}