{"id":1986,"date":"2018-08-31T14:03:08","date_gmt":"2018-08-31T17:03:08","guid":{"rendered":"https:\/\/ens9002-mza.infd.edu.ar\/sitio\/practica-profesional-docente-y-residencia\/"},"modified":"2026-03-18T14:47:49","modified_gmt":"2026-03-18T17:47:49","slug":"practica-profesional-docente-y-residencia","status":"publish","type":"page","link":"https:\/\/ens9002-infd.mendoza.edu.ar\/sitio\/practica-profesional-docente-y-residencia\/","title":{"rendered":"PR\u00c1CTICA PROFESIONAL DOCENTE Y RESIDENCIA"},"content":{"rendered":"\n<h5 class=\"wp-block-heading\"><img decoding=\"async\" loading=\"lazy\" class=\"alignnone size-full wp-image-6715\" src=\"https:\/\/ens9002-infd.mendoza.edu.ar\/sitio\/wp-content\/uploads\/2020\/11\/PRACTICAS.png\" alt=\"\" width=\"4584\" height=\"1279\" srcset=\"https:\/\/ens9002-infd.mendoza.edu.ar\/sitio\/wp-content\/uploads\/2020\/11\/PRACTICAS.png 4584w, https:\/\/ens9002-infd.mendoza.edu.ar\/sitio\/wp-content\/uploads\/2020\/11\/PRACTICAS-1000x279.png 1000w, https:\/\/ens9002-infd.mendoza.edu.ar\/sitio\/wp-content\/uploads\/2020\/11\/PRACTICAS-768x214.png 768w, https:\/\/ens9002-infd.mendoza.edu.ar\/sitio\/wp-content\/uploads\/2020\/11\/PRACTICAS-1900x530.png 1900w\" sizes=\"(max-width: 4584px) 100vw, 4584px\" \/><\/h5>\n\n\n\n<h5 class=\"wp-block-heading\"><span style=\"color: #11515b;\"><strong><span style=\"color: #11515b;\">COORDINACI\u00d3N<\/span><\/strong><\/span><span style=\"color: #11515b;\"><strong>&nbsp;<\/strong><\/span><\/h5>\n\n\n\n<ul>\n<li><span style=\"color: #000000;\"><strong>Profesora ROSANA CASTILLO<\/strong> -PEI, PEP y PEE- <strong>| HORARIO DE ATENCI\u00d3N: <\/strong>martes de 13 a 17 h y jueves de 13 a 18 h | <\/span><span style=\"color: #11515b;\"><span style=\"color: #000000;\"><strong>Contacto:<\/strong><\/span>\u00a0<a href=\"mailto:practicayresidencia9002@gmail.com\">practicayresidencia9002@gmail.com<\/a><\/span><\/li>\n\n\n\n<li><strong>Profesora GISELA CASA DI DIO <\/strong>-todos los profesorados, excepto los mencionados anteriormente <strong>| HORARIO DE ATENCI\u00d3N:<\/strong> lunes y mi\u00e9rcoles de 14.30 a 19.30 h | <strong>Contacto: <\/strong><a href=\"mailto:coordinacion9002@gmail.com\">coordinacion9002@gmail.com<\/a><\/li>\n<\/ul>\n\n\n\n<hr class=\"wp-block-separator has-alpha-channel-opacity\"\/>\n\n\n\n<h5 class=\"wp-block-heading\"><span style=\"color: #11515b;\"><strong>\u00a1BIENVENIDAS Y BIENVENIDOS!<\/strong><\/span><\/h5>\n\n\n\n<p>La<strong> Pr\u00e1ctica Profesional y Residencia Docente<\/strong> constituye uno de los campos en la Formaci\u00f3n Docente Inicial, orientado al desarrollo de las capacidades para la intervenci\u00f3n pedag\u00f3gica, en las instituciones asociadas y en las aulas, a trav\u00e9s de la participaci\u00f3n e incorporaci\u00f3n progresiva de los estudiantes en distintos contextos educativos.<\/p>\n\n\n\n<p>Es por ello que se resignifica que el Campo de la Pr\u00e1ctica Profesional y Residencia Docente y se concibe como un eje vertebrador y como entidad interdependiente dentro del curr\u00edculum de la Formaci\u00f3n Docente Inicial.<\/p>\n\n\n\n<p>Es muy importante que las normativas vigentes y procedimientos establecidos sean apropiados por todos los integrantes que participan en este trayecto. En los siguientes links, est\u00e1n disponibles para su conocimiento:<\/p>\n\n\n\n<ul>\n<li><a rel=\"noopener\" href=\"https:\/\/ens9002-infd.mendoza.edu.ar\/sitio\/wp-content\/uploads\/2020\/03\/RESOLUCION_NUEVA_3995ca_RIT-2019-2791-GDEMZA-DGE.pdf\" target=\"_blank\">Resoluci\u00f3n 2791\/19<\/a><\/li>\n<\/ul>\n\n\n\n<hr class=\"wp-block-separator has-alpha-channel-opacity\"\/>\n\n\n\n<h5 class=\"wp-block-heading\"><span style=\"color: #11515b;\"><strong>RESIDENCIA<\/strong><\/span><\/h5>\n\n\n\n<p><span style=\"font-size: 16px;\">La Pr\u00e1ctica Profesional Docente y Residencia IV es la etapa final del proceso de formaci\u00f3n. Para poder comenzar es conveniente que revises las correlatividades que determinan tu plan de estudios, y si est\u00e1s en condiciones te inscribas en los plazos previstos.<\/span><\/p>\n\n\n\n<p>Existen dos momentos para iniciarla, luego de las mesas abril y luego de &nbsp;las mesas de julio-agosto.<\/p>\n\n\n\n<h5 class=\"wp-block-heading\"><strong> <\/strong><\/h5>\n\n\n\n<h5 class=\"wp-block-heading has-base-3-color has-accent-background-color has-text-color has-background\"><em><strong>INSCRIPCIONES A PR\u00c1CTICA PROFESIONAL DOCENTE IV RESIDENCIA | AGOSTO 202<\/strong><\/em>5<\/h5>\n\n\n\n<p>La inscripci\u00f3n ser\u00e1 <strong>presencial<\/strong> en Secci\u00f3n Estudiantil, desde el <strong>18 de marzo<\/strong> hasta el <strong>25 de marzo. <\/strong><\/p>\n\n\n\n<ul>\n<li>Record\u00e1 que <em>no hay condicionalidad<\/em>. Ten\u00e9s que cumplir los requisitos institucionales de tu profesorado para el cursado de la Residencia.<\/li>\n<\/ul>\n\n\n\n<pre class=\"wp-block-preformatted\">Luego del armado de comisiones, a quienes se inscribieron y est\u00e9n en condiciones de cursar la Residencia, cada docente de cada comisi\u00f3n les convocar\u00e1 para el inicio del cursado.<\/pre>\n\n\n\n<p><\/p>\n\n\n\n<p><\/p>\n\n\n\n<p class=\"has-medium-font-size\"><\/p>\n","protected":false},"excerpt":{"rendered":"<p>COORDINACI\u00d3N&nbsp; \u00a1BIENVENIDAS Y BIENVENIDOS! La Pr\u00e1ctica Profesional y Residencia Docente constituye uno de los campos en la Formaci\u00f3n Docente Inicial, orientado al desarrollo de las capacidades para la intervenci\u00f3n pedag\u00f3gica, en las instituciones asociadas y en las aulas, a trav\u00e9s de la participaci\u00f3n e incorporaci\u00f3n progresiva de los estudiantes en distintos contextos educativos. Es por &#8230; <a title=\"PR\u00c1CTICA PROFESIONAL DOCENTE Y RESIDENCIA\" class=\"read-more\" href=\"https:\/\/ens9002-infd.mendoza.edu.ar\/sitio\/practica-profesional-docente-y-residencia\/\" aria-label=\"More on PR\u00c1CTICA PROFESIONAL DOCENTE Y RESIDENCIA\">[+]<\/a><\/p>\n","protected":false},"author":4776,"featured_media":0,"parent":0,"menu_order":0,"comment_status":"closed","ping_status":"closed","template":"","meta":[],"acf":[],"_links":{"self":[{"href":"https:\/\/ens9002-infd.mendoza.edu.ar\/sitio\/wp-json\/wp\/v2\/pages\/1986"}],"collection":[{"href":"https:\/\/ens9002-infd.mendoza.edu.ar\/sitio\/wp-json\/wp\/v2\/pages"}],"about":[{"href":"https:\/\/ens9002-infd.mendoza.edu.ar\/sitio\/wp-json\/wp\/v2\/types\/page"}],"author":[{"embeddable":true,"href":"https:\/\/ens9002-infd.mendoza.edu.ar\/sitio\/wp-json\/wp\/v2\/users\/4776"}],"replies":[{"embeddable":true,"href":"https:\/\/ens9002-infd.mendoza.edu.ar\/sitio\/wp-json\/wp\/v2\/comments?post=1986"}],"version-history":[{"count":154,"href":"https:\/\/ens9002-infd.mendoza.edu.ar\/sitio\/wp-json\/wp\/v2\/pages\/1986\/revisions"}],"predecessor-version":[{"id":20361,"href":"https:\/\/ens9002-infd.mendoza.edu.ar\/sitio\/wp-json\/wp\/v2\/pages\/1986\/revisions\/20361"}],"wp:attachment":[{"href":"https:\/\/ens9002-infd.mendoza.edu.ar\/sitio\/wp-json\/wp\/v2\/media?parent=1986"}],"curies":[{"name":"wp","href":"https:\/\/api.w.org\/{rel}","templated":true}]}}