{"id":1994,"date":"2018-08-31T14:03:12","date_gmt":"2018-08-31T17:03:12","guid":{"rendered":"https:\/\/ens9002-mza.infd.edu.ar\/sitio\/prof-en-biologia\/"},"modified":"2025-08-13T14:33:18","modified_gmt":"2025-08-13T17:33:18","slug":"prof-en-biologia","status":"publish","type":"page","link":"https:\/\/ens9002-infd.mendoza.edu.ar\/sitio\/prof-en-biologia\/","title":{"rendered":"Profesorado de Educaci\u00f3n Secundaria en Biolog\u00eda"},"content":{"rendered":"\n<figure class=\"wp-block-image size-full\"><img decoding=\"async\" loading=\"lazy\" width=\"1101\" height=\"201\" src=\"https:\/\/ens9002-infd.mendoza.edu.ar\/sitio\/wp-content\/uploads\/2020\/08\/1-02.png\" alt=\"\" class=\"wp-image-5412\" srcset=\"https:\/\/ens9002-infd.mendoza.edu.ar\/sitio\/wp-content\/uploads\/2020\/08\/1-02.png 1101w, https:\/\/ens9002-infd.mendoza.edu.ar\/sitio\/wp-content\/uploads\/2020\/08\/1-02-1000x183.png 1000w, https:\/\/ens9002-infd.mendoza.edu.ar\/sitio\/wp-content\/uploads\/2020\/08\/1-02-768x140.png 768w, https:\/\/ens9002-infd.mendoza.edu.ar\/sitio\/wp-content\/uploads\/2020\/08\/1-02-1100x200.png 1100w, https:\/\/ens9002-infd.mendoza.edu.ar\/sitio\/wp-content\/uploads\/2020\/08\/1-02-620x114.png 620w, https:\/\/ens9002-infd.mendoza.edu.ar\/sitio\/wp-content\/uploads\/2020\/08\/1-02-400x73.png 400w, https:\/\/ens9002-infd.mendoza.edu.ar\/sitio\/wp-content\/uploads\/2020\/08\/1-02-1089x200.png 1089w\" sizes=\"(max-width: 1101px) 100vw, 1101px\" \/><\/figure>\n\n\n\n<p class=\"has-text-align-center\"><span style=\"color: #000000;\">COORDINADORA:<strong> Prof. CAROLINA HUCZAK &#8211; <\/strong>CONTACTO:<a style=\"color: #000000;\" href=\"mailto:biologia9002@gmail.com\"><strong> biologia9002@gmail.com<\/strong><\/a> <\/span><\/p>\n\n\n\n<p class=\"has-text-align-center\"><a rel=\"noreferrer noopener\" href=\"https:\/\/ens9002-infd.mendoza.edu.ar\/sitio\/wp-content\/uploads\/2025\/03\/RS-2025-01646699-GDEMZA-DGE-RESOL.-689-DGE-25-DGE-Actualizacion-del-diseno-curricular-de-formacion-docente-\u2013-Profesorado-de-Educacion-Secundaria-en-Biologia.pdf\" data-type=\"URL\" data-id=\"https:\/\/ens9002-infd.mendoza.edu.ar\/sitio\/wp-content\/uploads\/2025\/03\/RS-2025-01646699-GDEMZA-DGE-RESOL.-689-DGE-25-DGE-Actualizacion-del-diseno-curricular-de-formacion-docente-\u2013-Profesorado-de-Educacion-Secundaria-en-Biologia.pdf\" target=\"_blank\">Resoluci\u00f3n 689 DGE 25<\/a><a href=\"https:\/\/ens9002-infd.mendoza.edu.ar\/sitio\/wp-content\/uploads\/2025\/03\/ANEXO-DCP-Profesorado-de-Educacion-Secundaria-en-Biologia.pdf\" data-type=\"URL\" data-id=\"https:\/\/ens9002-infd.mendoza.edu.ar\/sitio\/wp-content\/uploads\/2025\/03\/ANEXO-DCP-Profesorado-de-Educacion-Secundaria-en-Biologia.pdf\" target=\"_blank\" rel=\"noreferrer noopener\"> | NUEVO DISE\u00d1O CURRICULAR <\/a>-aplicable desde 2025-<\/p>\n\n\n\n<p class=\"has-text-align-center\"><span style=\"color: #000000;\"><a href=\"https:\/\/drive.google.com\/file\/d\/1ndCqa6VQKdoi0Me_Zu3Y_Rq2s0_l-DNi\/view?usp=sharing\">ACCED\u00c9 AQU\u00cd AL DISE\u00d1O CURRICULAR<\/a><\/span><\/p>\n\n\n\n<p class=\"has-text-align-center has-medium-font-size\">T\u00edtulo a otorgar:<\/p>\n\n\n\n<p class=\"has-text-align-center has-large-font-size\"><strong>PROFESOR\/A DE EDUCACION SECUNDARIA EN BIOLOGIA<\/strong><\/p>\n\n\n\n<p class=\"has-text-align-center has-large-font-size\">no universitario con validez nacional<\/p>\n\n\n\n<p class=\"has-text-align-center has-medium-font-size\">Duraci\u00f3n: 4 a\u00f1os &#8211; Vespertino<\/p>\n\n\n\n<p class=\"has-text-align-center has-medium-font-size\">Carga horaria: 2955 horas reloj (4432 horas c\u00e1tedra)<\/p>\n\n\n\n<p class=\"has-text-align-center has-medium-font-size\">Resoluci\u00f3n: 0654 DGE 2011<\/p>\n\n\n\n<hr class=\"wp-block-separator has-css-opacity\"\/>\n\n\n\n<h5 class=\"wp-block-heading\"><span style=\"color: #158c96;\"><strong>M\u00c1S INFORMACI\u00d3N&nbsp;<\/strong><\/span><\/h5>\n\n\n\n<figure class=\"wp-block-table\" style=\"font-size:19px\"><table class=\"has-text-color\" style=\"color:#15a2b1\"><tbody><tr><td> <br><strong><a rel=\"noreferrer noopener\" href=\"https:\/\/ens9002-infd.mendoza.edu.ar\/sitio\/wp-content\/uploads\/2025\/03\/WhatsApp-Image-2025-03-25-at-12.32.26.jpeg\" data-type=\"URL\" data-id=\"https:\/\/ens9002-infd.mendoza.edu.ar\/sitio\/wp-content\/uploads\/2025\/03\/WhatsApp-Image-2025-03-25-at-12.32.26.jpeg\" target=\"_blank\">Plan de estudios a partir de ingreso 2025<\/a><br><\/strong><figure><span style=\"color: rgb(134, 134, 134); font-family: inherit; font-size: 0.938rem; background-color: rgba(134, 134, 134, 0.2);\">Consulta las materias de la carrera<\/span><\/figure><br><p style=\"margin: 0 0 3px; font-size: 1.125rem; line-height: 1.5rem; font-weight: bold; color: #585858;\"><span style=\"color: #168c96;\"><a style=\"color: #168c96;\" rel=\"noopener\" href=\"https:\/\/ens9002-infd.mendoza.edu.ar\/sitio\/plan-de-estudios-2\/\" target=\"_blank\">Plan de Estudios<\/a><\/span><\/p>hasta 2024 <p style=\"margin: 10px 0 0;\"><span style=\"width: auto; height: 5px; background-color: #1033ce; display: inline-block;\">&nbsp;&nbsp;&nbsp;&nbsp;<\/span><\/p> <figure><img decoding=\"async\" loading=\"lazy\" width=\"69\" height=\"69\" class=\"wp-image-5069 alignright\" src=\"https:\/\/ens9002-infd.mendoza.edu.ar\/sitio\/wp-content\/uploads\/2020\/07\/biologia.png\" alt=\"\" srcset=\"https:\/\/ens9002-infd.mendoza.edu.ar\/sitio\/wp-content\/uploads\/2020\/07\/biologia.png 512w, https:\/\/ens9002-infd.mendoza.edu.ar\/sitio\/wp-content\/uploads\/2020\/07\/biologia-500x500.png 500w\" sizes=\"(max-width: 69px) 100vw, 69px\" \/><span style=\"color: rgb(134, 134, 134); font-family: inherit; font-size: 0.938rem; background-color: rgba(134, 134, 134, 0.2);\">Consulta las materias de la carrera<\/span><\/figure> <\/td><td>&nbsp;<\/td><td>\n<p style=\"margin: 0 0 3px; font-size: 1.125rem; line-height: 1.5rem; font-weight: bold; color: #585858;\"><span style=\"color: #168c96;\"><a style=\"color: #168c96;\" href=\"https:\/\/ens9002-infd.mendoza.edu.ar\/sitio\/perfil-del-egresado-4\/\" target=\"_blank\" rel=\"noopener\">Perfil de egresados y egresadas&nbsp;<\/a><\/span><\/p>\n<p style=\"margin: 10px 0 0;\"><span style=\"width: auto; height: 5px; background-color: #1033ce; display: inline-block;\">&nbsp;&nbsp;&nbsp;&nbsp;<\/span><\/p>\n<figure><img decoding=\"async\" loading=\"lazy\" class=\"wp-image-5069 alignright\" src=\"https:\/\/ens9002-infd.mendoza.edu.ar\/sitio\/wp-content\/uploads\/2020\/07\/biologia.png\" alt=\"\" width=\"69\" height=\"69\" srcset=\"https:\/\/ens9002-infd.mendoza.edu.ar\/sitio\/wp-content\/uploads\/2020\/07\/biologia.png 512w, https:\/\/ens9002-infd.mendoza.edu.ar\/sitio\/wp-content\/uploads\/2020\/07\/biologia-500x500.png 500w\" sizes=\"(max-width: 69px) 100vw, 69px\" \/><\/figure><p style=\"margin: 4px 0 10px; font-size: 0.938rem; line-height: 1.125rem; color: #868686;\">Capacidades a adquirir por el futuro y la futura docente<\/p>\n<\/td><\/tr><\/tbody><\/table><\/figure>\n\n\n<div class=\"wp-block-image\">\n<figure class=\"alignleft\"><img decoding=\"async\" loading=\"lazy\" width=\"563\" height=\"354\" src=\"https:\/\/ens9002-infd.mendoza.edu.ar\/sitio\/wp-content\/uploads\/2019\/05\/SalidasdeCampo.png\" alt=\"\" class=\"wp-image-3378\"\/><\/figure><\/div>\n\n<div class=\"wp-block-image\">\n<figure class=\"alignleft\"><img decoding=\"async\" loading=\"lazy\" width=\"567\" height=\"378\" src=\"https:\/\/ens9002-infd.mendoza.edu.ar\/sitio\/wp-content\/uploads\/2019\/05\/Laboratorio.png\" alt=\"\" class=\"wp-image-3377\"\/><\/figure><\/div>\n\n<div class=\"wp-block-image\">\n<figure class=\"alignleft\"><img decoding=\"async\" loading=\"lazy\" width=\"562\" height=\"373\" src=\"https:\/\/ens9002-infd.mendoza.edu.ar\/sitio\/wp-content\/uploads\/2019\/05\/Visitaseducativas.png\" alt=\"\" class=\"wp-image-3379\"\/><\/figure><\/div>\n\n<div class=\"wp-block-image\">\n<figure class=\"alignleft\"><img decoding=\"async\" loading=\"lazy\" width=\"493\" height=\"316\" src=\"https:\/\/ens9002-infd.mendoza.edu.ar\/sitio\/wp-content\/uploads\/2019\/05\/JornadasInstBiologia.png\" alt=\"\" class=\"wp-image-3376\"\/><\/figure><\/div>\n\n\n<pre class=\"wp-block-preformatted\"><strong>DESCUBR\u00cd <\/strong>NUESTRAS <strong>ACTIVIDADES<\/strong> EN <strong>FACEBOOK<\/strong> | <strong><a href=\"https:\/\/www.facebook.com\/groups\/294323567737292\">clic aqu\u00ed<\/a><\/strong><\/pre>\n\n\n<div class=\"wp-block-image\">\n<figure class=\"alignright\"><a href=\"https:\/\/ens9002-infd.mendoza.edu.ar\/sitio\/\"><img decoding=\"async\" loading=\"lazy\" width=\"80\" height=\"80\" src=\"https:\/\/ens9002-infd.mendoza.edu.ar\/sitio\/wp-content\/uploads\/2020\/07\/volver-e1596227399907.png\" alt=\"\" class=\"wp-image-5025\"\/><\/a><\/figure><\/div>","protected":false},"excerpt":{"rendered":"<p>COORDINADORA: Prof. CAROLINA HUCZAK &#8211; CONTACTO: biologia9002@gmail.com Resoluci\u00f3n 689 DGE 25 | NUEVO DISE\u00d1O CURRICULAR -aplicable desde 2025- ACCED\u00c9 AQU\u00cd AL DISE\u00d1O CURRICULAR T\u00edtulo a otorgar: PROFESOR\/A DE EDUCACION SECUNDARIA EN BIOLOGIA no universitario con validez nacional Duraci\u00f3n: 4 a\u00f1os &#8211; Vespertino Carga horaria: 2955 horas reloj (4432 horas c\u00e1tedra) Resoluci\u00f3n: 0654 DGE 2011 M\u00c1S &#8230; <a title=\"Profesorado de Educaci\u00f3n Secundaria en Biolog\u00eda\" class=\"read-more\" href=\"https:\/\/ens9002-infd.mendoza.edu.ar\/sitio\/prof-en-biologia\/\" aria-label=\"More on Profesorado de Educaci\u00f3n Secundaria en Biolog\u00eda\">[+]<\/a><\/p>\n","protected":false},"author":5332,"featured_media":0,"parent":0,"menu_order":0,"comment_status":"closed","ping_status":"closed","template":"","meta":[],"acf":[],"_links":{"self":[{"href":"https:\/\/ens9002-infd.mendoza.edu.ar\/sitio\/wp-json\/wp\/v2\/pages\/1994"}],"collection":[{"href":"https:\/\/ens9002-infd.mendoza.edu.ar\/sitio\/wp-json\/wp\/v2\/pages"}],"about":[{"href":"https:\/\/ens9002-infd.mendoza.edu.ar\/sitio\/wp-json\/wp\/v2\/types\/page"}],"author":[{"embeddable":true,"href":"https:\/\/ens9002-infd.mendoza.edu.ar\/sitio\/wp-json\/wp\/v2\/users\/5332"}],"replies":[{"embeddable":true,"href":"https:\/\/ens9002-infd.mendoza.edu.ar\/sitio\/wp-json\/wp\/v2\/comments?post=1994"}],"version-history":[{"count":74,"href":"https:\/\/ens9002-infd.mendoza.edu.ar\/sitio\/wp-json\/wp\/v2\/pages\/1994\/revisions"}],"predecessor-version":[{"id":18929,"href":"https:\/\/ens9002-infd.mendoza.edu.ar\/sitio\/wp-json\/wp\/v2\/pages\/1994\/revisions\/18929"}],"wp:attachment":[{"href":"https:\/\/ens9002-infd.mendoza.edu.ar\/sitio\/wp-json\/wp\/v2\/media?parent=1994"}],"curies":[{"name":"wp","href":"https:\/\/api.w.org\/{rel}","templated":true}]}}