{"id":1996,"date":"2018-08-31T14:03:13","date_gmt":"2018-08-31T17:03:13","guid":{"rendered":"https:\/\/ens9002-mza.infd.edu.ar\/sitio\/prof-en-educacion-inicial\/"},"modified":"2026-03-02T11:03:29","modified_gmt":"2026-03-02T14:03:29","slug":"prof-en-educacion-inicial","status":"publish","type":"page","link":"https:\/\/ens9002-infd.mendoza.edu.ar\/sitio\/prof-en-educacion-inicial\/","title":{"rendered":"Profesorado de Educaci\u00f3n Inicial"},"content":{"rendered":"\n<figure class=\"wp-block-image size-full\"><img decoding=\"async\" loading=\"lazy\" width=\"1101\" height=\"201\" src=\"https:\/\/ens9002-infd.mendoza.edu.ar\/sitio\/wp-content\/uploads\/2020\/08\/1-07.png\" alt=\"\" class=\"wp-image-5417\" srcset=\"https:\/\/ens9002-infd.mendoza.edu.ar\/sitio\/wp-content\/uploads\/2020\/08\/1-07.png 1101w, https:\/\/ens9002-infd.mendoza.edu.ar\/sitio\/wp-content\/uploads\/2020\/08\/1-07-1000x183.png 1000w, https:\/\/ens9002-infd.mendoza.edu.ar\/sitio\/wp-content\/uploads\/2020\/08\/1-07-768x140.png 768w, https:\/\/ens9002-infd.mendoza.edu.ar\/sitio\/wp-content\/uploads\/2020\/08\/1-07-1100x200.png 1100w, https:\/\/ens9002-infd.mendoza.edu.ar\/sitio\/wp-content\/uploads\/2020\/08\/1-07-620x114.png 620w, https:\/\/ens9002-infd.mendoza.edu.ar\/sitio\/wp-content\/uploads\/2020\/08\/1-07-400x73.png 400w, https:\/\/ens9002-infd.mendoza.edu.ar\/sitio\/wp-content\/uploads\/2020\/08\/1-07-1089x200.png 1089w\" sizes=\"(max-width: 1101px) 100vw, 1101px\" \/><\/figure>\n\n\n\n<h6 class=\"wp-block-heading has-text-align-center\">COORDINADORA:\u00a0<span style=\"color: #000000;\"><strong>Prof. CECILIA ALMONACID &#8211; <\/strong>CONTACTO:<strong>\u00a0<a rel=\"noreferrer noopener\" href=\"mailto:coordinacionpeitgc9002@gmail.com\" data-type=\"mailto\" data-id=\"mailto:coordinacionpeitgc9002@gmail.com\" target=\"_blank\">coordinacionpeitgc9002@gmail.com<\/a> |\u00a0<\/strong><\/span><\/h6>\n\n\n\n<p class=\"has-text-align-center has-medium-font-size\">T\u00edtulo a otorgar:<\/p>\n\n\n\n<p class=\"has-text-align-center has-large-font-size\"><strong>PROFESOR\/A DE EDUCACION INICIAL<\/strong><\/p>\n\n\n\n<p class=\"has-text-align-center has-large-font-size\">no universitario con validez nacional<\/p>\n\n\n\n<p class=\"has-text-align-center has-medium-font-size\">Duraci\u00f3n: 4 a\u00f1os &#8211; ma\u00f1ana o tarde<\/p>\n\n\n\n<p class=\"has-text-align-center has-medium-font-size\">Carga horaria: 2656 horas reloj (3984 horas c\u00e1tedra)<\/p>\n\n\n\n<p class=\"has-text-align-center has-medium-font-size\"><a href=\"https:\/\/drive.google.com\/drive\/folders\/1H1JdbEaVr2VgKmpxCT0FsMfmkYgvQRta\" target=\"_blank\" rel=\"noreferrer noopener\">RESOL-2023-6867-E-GDEMZA-DGE<\/a><\/p>\n\n\n\n<p class=\"has-text-align-center has-accent-color has-text-color\"><a href=\"http:\/\/ens9002-infd.mendoza.edu.ar\/sitio\/wp-content\/uploads\/2024\/02\/ANEXO-Profesorado-de-Educacion-Inicial.pdf\" target=\"_blank\" rel=\"noreferrer noopener\"><strong><em>ACCEDE AQU\u00cd AL<\/em><\/strong> <em><strong>NUEVO DISE\u00d1O CURRICULAR<\/strong><\/em><\/a><em> &#8211; SE APLICAR\u00c1 DESDE 2024<\/em><\/p>\n\n\n\n<p class=\"has-text-align-center has-accent-color has-base-3-background-color has-text-color has-background has-medium-font-size\"><a href=\"https:\/\/ens9002-infd.mendoza.edu.ar\/sitio\/wp-content\/uploads\/2025\/03\/Diseno-sin-titulo-1.png\" data-type=\"URL\" data-id=\"https:\/\/ens9002-infd.mendoza.edu.ar\/sitio\/wp-content\/uploads\/2025\/03\/Diseno-sin-titulo-1.png\" target=\"_blank\" rel=\"noreferrer noopener\"><strong>PLAN DE ESTUDIOS <\/strong>DEL DISE\u00d1O CURRICULAR 2024<\/a><\/p>\n\n\n\n<h5 class=\"wp-block-heading\"><strong>M\u00c1S INFORMACI\u00d3N<\/strong><\/h5>\n\n\n\n<figure class=\"wp-block-table\"><table class=\"has-accent-color has-base-3-background-color has-text-color has-background\"><tbody><tr><td><a href=\"https:\/\/ens9002-infd.mendoza.edu.ar\/sitio\/wp-content\/uploads\/2025\/04\/Captura-de-pantalla-2025-04-15-a-las-11.56.56\u202fa.-m.png\"><strong>Plan de Estudio aplicable a partir de Ingreso 2024 <\/strong><\/a><br><p style=\"margin: 4px 0 10px; font-size: 0.938rem; line-height: 1.125rem; color: #868686;\">Consulta las materias de la carrera<\/p><br><p style=\"margin: 0 0 3px; font-size: 1.125rem; line-height: 1.5rem; font-weight: bold; color: #585858;\"><span style=\"color: #000000;\"><a style=\"color: #000000;\" rel=\"noopener\" href=\"https:\/\/ens9002-infd.mendoza.edu.ar\/sitio\/plan-de-estudios-y-programas-2\/\" target=\"_blank\">Plan de Estudios<\/a><\/span><\/p> Este plan de Estudios es para aquellas\/os estudiantes que ingresaron al Instituto antes de 2024 <p style=\"margin: 10px 0 0;\"><span style=\"width: auto; height: 5px; background-color: #1033ce; display: inline-block;\">&nbsp;&nbsp;&nbsp;&nbsp;<\/span><\/p> <p style=\"margin: 4px 0 10px; font-size: 0.938rem; line-height: 1.125rem; color: #868686;\">Consulta las materias de la carrera<\/p> <\/td><td>&nbsp;<\/td><td>\n<p style=\"margin: 0 0 3px; font-size: 1.125rem; line-height: 1.5rem; font-weight: bold; color: #585858;\"><span style=\"color: #000000;\"><a style=\"color: #000000;\" href=\"https:\/\/ens9002-infd.mendoza.edu.ar\/sitio\/perfil-del-egresado-3\/\" target=\"_blank\" rel=\"noopener\">Perfil del Egresado y la Egresada<\/a><\/span><\/p>\n<p style=\"margin: 10px 0 0;\"><span style=\"width: auto; height: 5px; background-color: #1033ce; display: inline-block;\">&nbsp;&nbsp;&nbsp;&nbsp;<\/span><\/p>\n<p style=\"margin: 4px 0 10px; font-size: 0.938rem; line-height: 1.125rem; color: #868686;\">Capacidades ha adquirir por el futuro y la futura docente<\/p>\n<\/td><\/tr><\/tbody><\/table><\/figure>\n\n\n<div class=\"wp-block-image\">\n<figure class=\"aligncenter\"><a href=\"https:\/\/ens9002-infd.mendoza.edu.ar\/sitio\/home-nuevo\/\"><img decoding=\"async\" loading=\"lazy\" width=\"80\" height=\"80\" src=\"https:\/\/ens9002-infd.mendoza.edu.ar\/sitio\/wp-content\/uploads\/2020\/07\/volver-e1596227399907.png\" alt=\"\" class=\"wp-image-5025\"\/><\/a><\/figure><\/div>","protected":false},"excerpt":{"rendered":"<p>COORDINADORA:\u00a0Prof. CECILIA ALMONACID &#8211; CONTACTO:\u00a0coordinacionpeitgc9002@gmail.com |\u00a0 T\u00edtulo a otorgar: PROFESOR\/A DE EDUCACION INICIAL no universitario con validez nacional Duraci\u00f3n: 4 a\u00f1os &#8211; ma\u00f1ana o tarde Carga horaria: 2656 horas reloj (3984 horas c\u00e1tedra) RESOL-2023-6867-E-GDEMZA-DGE ACCEDE AQU\u00cd AL NUEVO DISE\u00d1O CURRICULAR &#8211; SE APLICAR\u00c1 DESDE 2024 PLAN DE ESTUDIOS DEL DISE\u00d1O CURRICULAR 2024 M\u00c1S INFORMACI\u00d3N Plan &#8230; <a title=\"Profesorado de Educaci\u00f3n Inicial\" class=\"read-more\" href=\"https:\/\/ens9002-infd.mendoza.edu.ar\/sitio\/prof-en-educacion-inicial\/\" aria-label=\"More on Profesorado de Educaci\u00f3n Inicial\">[+]<\/a><\/p>\n","protected":false},"author":5332,"featured_media":0,"parent":0,"menu_order":0,"comment_status":"closed","ping_status":"closed","template":"","meta":[],"acf":[],"_links":{"self":[{"href":"https:\/\/ens9002-infd.mendoza.edu.ar\/sitio\/wp-json\/wp\/v2\/pages\/1996"}],"collection":[{"href":"https:\/\/ens9002-infd.mendoza.edu.ar\/sitio\/wp-json\/wp\/v2\/pages"}],"about":[{"href":"https:\/\/ens9002-infd.mendoza.edu.ar\/sitio\/wp-json\/wp\/v2\/types\/page"}],"author":[{"embeddable":true,"href":"https:\/\/ens9002-infd.mendoza.edu.ar\/sitio\/wp-json\/wp\/v2\/users\/5332"}],"replies":[{"embeddable":true,"href":"https:\/\/ens9002-infd.mendoza.edu.ar\/sitio\/wp-json\/wp\/v2\/comments?post=1996"}],"version-history":[{"count":54,"href":"https:\/\/ens9002-infd.mendoza.edu.ar\/sitio\/wp-json\/wp\/v2\/pages\/1996\/revisions"}],"predecessor-version":[{"id":20098,"href":"https:\/\/ens9002-infd.mendoza.edu.ar\/sitio\/wp-json\/wp\/v2\/pages\/1996\/revisions\/20098"}],"wp:attachment":[{"href":"https:\/\/ens9002-infd.mendoza.edu.ar\/sitio\/wp-json\/wp\/v2\/media?parent=1996"}],"curies":[{"name":"wp","href":"https:\/\/api.w.org\/{rel}","templated":true}]}}