{"id":1998,"date":"2018-08-31T14:03:13","date_gmt":"2018-08-31T17:03:13","guid":{"rendered":"https:\/\/ens9002-mza.infd.edu.ar\/sitio\/tec-en-produccion-artistica-artesanal\/"},"modified":"2025-08-13T14:40:17","modified_gmt":"2025-08-13T17:40:17","slug":"tec-en-produccion-artistica-artesanal","status":"publish","type":"page","link":"https:\/\/ens9002-infd.mendoza.edu.ar\/sitio\/tec-en-produccion-artistica-artesanal\/","title":{"rendered":"Tecnicatura en Producci\u00f3n Art\u00edstica y Artesanal"},"content":{"rendered":"\n<figure class=\"wp-block-image size-full\"><img decoding=\"async\" loading=\"lazy\" width=\"1101\" height=\"201\" src=\"https:\/\/ens9002-infd.mendoza.edu.ar\/sitio\/wp-content\/uploads\/2020\/08\/1-10.png\" alt=\"\" class=\"wp-image-5420\" srcset=\"https:\/\/ens9002-infd.mendoza.edu.ar\/sitio\/wp-content\/uploads\/2020\/08\/1-10.png 1101w, https:\/\/ens9002-infd.mendoza.edu.ar\/sitio\/wp-content\/uploads\/2020\/08\/1-10-1000x183.png 1000w, https:\/\/ens9002-infd.mendoza.edu.ar\/sitio\/wp-content\/uploads\/2020\/08\/1-10-768x140.png 768w, https:\/\/ens9002-infd.mendoza.edu.ar\/sitio\/wp-content\/uploads\/2020\/08\/1-10-1100x200.png 1100w, https:\/\/ens9002-infd.mendoza.edu.ar\/sitio\/wp-content\/uploads\/2020\/08\/1-10-620x113.png 620w, https:\/\/ens9002-infd.mendoza.edu.ar\/sitio\/wp-content\/uploads\/2020\/08\/1-10-400x73.png 400w\" sizes=\"(max-width: 1101px) 100vw, 1101px\" \/><\/figure>\n\n\n\n<p class=\"has-text-align-center\"><span style=\"color: #000000;\">COORDINADORA:<strong> Prof. NURIA ARMESTO &#8211; <\/strong>CONTACTO:<strong><a href=\"mailto:narmesto@mendoza.edu.ar\"> narmesto@mendoza.edu.ar<\/a> |&nbsp; <\/strong><\/span><\/p>\n\n\n\n<p class=\"has-text-align-center\"><span style=\"color: #000000;\"><strong><a style=\"color: #000000;\" rel=\"noopener\" href=\"https:\/\/ens9002-infd.mendoza.edu.ar\/sitio\/wp-content\/uploads\/2019\/12\/Res-643-DGE-19-TS-en-Producci%C3%B3n-Art%C3%ADstica-Artesanal-1.pdf\" target=\"_blank\">ACCED\u00c9 AQU\u00cd A LA RESOLUCI\u00d3N<\/a><\/strong><\/span><\/p>\n\n\n\n<p class=\"has-text-align-center has-medium-font-size\">T\u00edtulo a otorgar:   <\/p>\n\n\n\n<p class=\"has-text-align-center has-large-font-size\"><strong>TECNICO\/A SUPERIOR EN PRODUCCION<\/strong> <\/p>\n\n\n\n<p class=\"has-text-align-center has-large-font-size\"><strong>ARTISTICA Y ARTESANAL<\/strong>  <\/p>\n\n\n\n<p class=\"has-text-align-center has-large-font-size\">Duraci\u00f3n: 3 a\u00f1os &#8211; Vespertino<\/p>\n\n\n\n<p class=\"has-text-align-center\">Carga horaria: 1800 horas reloj (2700 horas c\u00e1tedra)<\/p>\n\n\n\n<p class=\"has-text-align-center\">Resoluci\u00f3n:  0643 DGE 2019<\/p>\n\n\n\n<p class=\"has-text-align-center has-medium-font-size\"><strong><em>La&nbsp;Tecnicatura en Producci\u00f3n Art\u00edstica Artesanal&nbsp;plantea una formaci\u00f3n integral que promueve la construcci\u00f3n de conocimientos en t\u00e9cnicas y procedimientos que fortalecen la profesionalizaci\u00f3n de la producci\u00f3n art\u00edstica-artesanal \u00fanica o seriada y su gesti\u00f3n para la exhibici\u00f3n, circulaci\u00f3n y comercializaci\u00f3n de los productos elaborados.<\/em><\/strong><\/p>\n\n\n\n<h5 class=\"wp-block-heading has-black-color has-text-color\"><span style=\"color: #1a52a2;\"><\/span><\/h5>\n\n\n\n<figure class=\"wp-block-table alignleft\"><table><tbody><tr><td>\n<figure><a href=\"index.cgi?wid_seccion=22&amp;wid_item=31\"><img decoding=\"async\" loading=\"lazy\" class=\"alignleft\" style=\"vertical-align: baseline;\" src=\"http:\/\/t3.gstatic.com\/images?q=tbn:ANd9GcSB_438BpPKvWQBSekK-hXPe_zjY6fRfoFdfdZhoSXQkuB2z8ST\" width=\"51\" height=\"48\" border=\"0\"><\/a><\/figure><p style=\"margin: 0px 0px 3px; font-size: 1.125rem; line-height: 1.5rem; font-weight: bold; color: #585858;\"><span style=\"color: #000000;\"><a style=\"font-size: 1.125rem; font-family: inherit; color: #000000;\" href=\"https:\/\/ens9002-infd.mendoza.edu.ar\/sitio\/plan-de-estudios-de-artes-visuales\/\" target=\"_blank\" rel=\"noopener\">Pla<\/a><a style=\"font-size: 1.125rem; font-family: inherit; color: #000000;\" href=\"https:\/\/ens9002-infd.mendoza.edu.ar\/sitio\/plan-de-estudios-de-artes-visuales\/\" target=\"_blank\" rel=\"noopener\">n de estudios<\/a><\/span><\/p>\n<p style=\"margin: 10px 0px 0px;\"><span style=\"width: auto; height: 5px; background-color: #1033ce; display: inline-block;\">&nbsp; &nbsp;<\/span><\/p>\n<p style=\"margin: 10px 0px 0px;\">&nbsp; &nbsp; &nbsp; &nbsp; &nbsp; &nbsp; &nbsp; &nbsp; &nbsp;Consult\u00e1 las materias de la la carrera<\/p>\n<\/td><td>&nbsp;<\/td><td>\n<figure><a href=\"index.cgi?wid_seccion=22&amp;wid_item=31\"><img decoding=\"async\" loading=\"lazy\" class=\"alignleft\" style=\"vertical-align: baseline;\" src=\"http:\/\/t3.gstatic.com\/images?q=tbn:ANd9GcSB_438BpPKvWQBSekK-hXPe_zjY6fRfoFdfdZhoSXQkuB2z8ST\" width=\"51\" height=\"48\" border=\"0\"><\/a><\/figure><p style=\"margin: 0px 0px 3px; font-size: 1.125rem; line-height: 1.5rem; font-weight: bold; color: #585858;\"><span style=\"color: #64bcbf;\"><a style=\"color: #64bcbf;\" href=\"https:\/\/ens9002-infd.mendoza.edu.ar\/sitio\/plan-de-estudios-y-programas-3\/\" target=\"_blank\" rel=\"noopener\"><span style=\"color: #000000;\">Perfil de egresados y egresadas<\/span><\/a><\/span><\/p>\n<p style=\"margin: 10px 0px 0px;\"><span style=\"width: auto; height: 5px; background-color: #1033ce; display: inline-block;\">&nbsp; &nbsp;&nbsp;<\/span><\/p>\n<p style=\"margin: 10px 0px 0px;\">&nbsp; &nbsp; &nbsp; &nbsp; &nbsp; &nbsp; &nbsp; &nbsp;&nbsp;&nbsp;&nbsp;Capacidades a adquirir por futuros y futuras t\u00e9cnicos y t\u00e9cnicas<\/p>\n<p style=\"margin: 4px 0 10px; font-size: 0.938rem; line-height: 1.125rem; color: #868686;\">&nbsp;<\/p>\n<\/td><\/tr><\/tbody><\/table><\/figure>\n\n\n\n<p><\/p>\n\n\n\n<pre class=\"wp-block-preformatted\"><strong>\u201cLa EDUCACI\u00d3N necesita tanto de FORMACI\u00d3N T\u00c9CNICA, CIENT\u00cdFICA y PROFESIONAL, como de SUE\u00d1OS y UTOP\u00cdA\u201d P. Freire<\/strong><\/pre>\n\n\n\n<h5 class=\"wp-block-heading\"><a href=\"https:\/\/drive.google.com\/file\/d\/1Gil_yn4B0ZL6nj-pnPvdeOXwFLwv0-AT\/view\" target=\"_blank\" rel=\"noopener\"><img decoding=\"async\" loading=\"lazy\" class=\"wp-image-6620 alignleft\" src=\"https:\/\/ens9002-infd.mendoza.edu.ar\/sitio\/wp-content\/uploads\/2020\/11\/Muestra-1.jpg\" alt=\"\" width=\"1196\" height=\"232\" srcset=\"https:\/\/ens9002-infd.mendoza.edu.ar\/sitio\/wp-content\/uploads\/2020\/11\/Muestra-1.jpg 804w, https:\/\/ens9002-infd.mendoza.edu.ar\/sitio\/wp-content\/uploads\/2020\/11\/Muestra-1-768x149.jpg 768w\" sizes=\"(max-width: 1196px) 100vw, 1196px\" \/><\/a><\/h5>\n\n\n\n<h5 class=\"wp-block-heading\"><strong>MUESTRA ANUAL DE ESTUDIANTES, EGRESADOS Y EGRESADAS \u00abRecorridos virtuales\u00bb&nbsp;<\/strong><a rel=\"noopener\" href=\"https:\/\/drive.google.com\/file\/d\/1Gil_yn4B0ZL6nj-pnPvdeOXwFLwv0-AT\/view\" target=\"_blank\">hac\u00e9 clic aqu\u00ed<\/a><\/h5>\n\n\n\n<p><\/p>\n\n\n\n<figure class=\"wp-block-gallery has-nested-images columns-5 is-cropped wp-block-gallery-1 is-layout-flex\">\n<figure class=\"wp-block-image size-large\"><a href=\"https:\/\/ens9002-infd.mendoza.edu.ar\/sitio\/plan-de-estudios-y-programas-3\/whatsapp-image-2018-08-26-at-22-27-45\/#main\"><img decoding=\"async\" loading=\"lazy\" width=\"720\" height=\"1280\" data-id=\"2308\"  src=\"https:\/\/ens9002-infd.mendoza.edu.ar\/sitio\/wp-content\/uploads\/2018\/09\/WhatsApp-Image-2018-08-26-at-22.27.45.jpeg\" alt=\"\" class=\"wp-image-2308\" srcset=\"https:\/\/ens9002-infd.mendoza.edu.ar\/sitio\/wp-content\/uploads\/2018\/09\/WhatsApp-Image-2018-08-26-at-22.27.45.jpeg 720w, https:\/\/ens9002-infd.mendoza.edu.ar\/sitio\/wp-content\/uploads\/2018\/09\/WhatsApp-Image-2018-08-26-at-22.27.45-563x1000.jpeg 563w\" sizes=\"(max-width: 720px) 100vw, 720px\" \/><\/a><\/figure>\n\n\n\n<figure class=\"wp-block-image size-large\"><a href=\"https:\/\/ens9002-infd.mendoza.edu.ar\/sitio\/plan-de-estudios-y-programas-3\/whatsapp-image-2018-09-10-at-16-02-38-2\/#main\"><img decoding=\"async\" loading=\"lazy\" width=\"1040\" height=\"780\" data-id=\"2310\"  src=\"https:\/\/ens9002-infd.mendoza.edu.ar\/sitio\/wp-content\/uploads\/2018\/09\/WhatsApp-Image-2018-09-10-at-16.02.38-2.jpeg\" alt=\"\" class=\"wp-image-2310\" srcset=\"https:\/\/ens9002-infd.mendoza.edu.ar\/sitio\/wp-content\/uploads\/2018\/09\/WhatsApp-Image-2018-09-10-at-16.02.38-2.jpeg 1040w, https:\/\/ens9002-infd.mendoza.edu.ar\/sitio\/wp-content\/uploads\/2018\/09\/WhatsApp-Image-2018-09-10-at-16.02.38-2-1000x750.jpeg 1000w, https:\/\/ens9002-infd.mendoza.edu.ar\/sitio\/wp-content\/uploads\/2018\/09\/WhatsApp-Image-2018-09-10-at-16.02.38-2-768x576.jpeg 768w\" sizes=\"(max-width: 1040px) 100vw, 1040px\" \/><\/a><\/figure>\n\n\n\n<figure class=\"wp-block-image size-large\"><a href=\"https:\/\/ens9002-infd.mendoza.edu.ar\/sitio\/plan-de-estudios-y-programas-3\/whatsapp-image-2018-08-26-at-22-27-45-1\/#main\"><img decoding=\"async\" loading=\"lazy\" width=\"1280\" height=\"1024\" data-id=\"2305\"  src=\"https:\/\/ens9002-infd.mendoza.edu.ar\/sitio\/wp-content\/uploads\/2018\/09\/WhatsApp-Image-2018-08-26-at-22.27.45-1.jpeg\" alt=\"\" class=\"wp-image-2305\" srcset=\"https:\/\/ens9002-infd.mendoza.edu.ar\/sitio\/wp-content\/uploads\/2018\/09\/WhatsApp-Image-2018-08-26-at-22.27.45-1.jpeg 1280w, https:\/\/ens9002-infd.mendoza.edu.ar\/sitio\/wp-content\/uploads\/2018\/09\/WhatsApp-Image-2018-08-26-at-22.27.45-1-1000x800.jpeg 1000w, https:\/\/ens9002-infd.mendoza.edu.ar\/sitio\/wp-content\/uploads\/2018\/09\/WhatsApp-Image-2018-08-26-at-22.27.45-1-768x614.jpeg 768w\" sizes=\"(max-width: 1280px) 100vw, 1280px\" \/><\/a><\/figure>\n\n\n\n<figure class=\"wp-block-image size-large\"><a href=\"https:\/\/ens9002-infd.mendoza.edu.ar\/sitio\/plan-de-estudios-y-programas-3\/whatsapp-image-2018-08-26-at-22-27-44\/#main\"><img decoding=\"async\" loading=\"lazy\" width=\"960\" height=\"1280\" data-id=\"2304\"  src=\"https:\/\/ens9002-infd.mendoza.edu.ar\/sitio\/wp-content\/uploads\/2018\/09\/WhatsApp-Image-2018-08-26-at-22.27.44.jpeg\" alt=\"\" class=\"wp-image-2304\" srcset=\"https:\/\/ens9002-infd.mendoza.edu.ar\/sitio\/wp-content\/uploads\/2018\/09\/WhatsApp-Image-2018-08-26-at-22.27.44.jpeg 960w, https:\/\/ens9002-infd.mendoza.edu.ar\/sitio\/wp-content\/uploads\/2018\/09\/WhatsApp-Image-2018-08-26-at-22.27.44-750x1000.jpeg 750w, https:\/\/ens9002-infd.mendoza.edu.ar\/sitio\/wp-content\/uploads\/2018\/09\/WhatsApp-Image-2018-08-26-at-22.27.44-768x1024.jpeg 768w\" sizes=\"(max-width: 960px) 100vw, 960px\" \/><\/a><\/figure>\n\n\n\n<figure class=\"wp-block-image size-large\"><a href=\"https:\/\/ens9002-infd.mendoza.edu.ar\/sitio\/plan-de-estudios-y-programas-3\/whatsapp-image-2018-08-26-at-22-27-44-1\/#main\"><img decoding=\"async\" loading=\"lazy\" width=\"658\" height=\"502\" data-id=\"2300\"  src=\"https:\/\/ens9002-infd.mendoza.edu.ar\/sitio\/wp-content\/uploads\/2018\/09\/WhatsApp-Image-2018-08-26-at-22.27.44-1.jpeg\" alt=\"\" class=\"wp-image-2300\"\/><\/a><\/figure>\n<\/figure>\n\n\n\n<p><\/p>\n","protected":false},"excerpt":{"rendered":"<p>COORDINADORA: Prof. NURIA ARMESTO &#8211; CONTACTO: narmesto@mendoza.edu.ar |&nbsp; ACCED\u00c9 AQU\u00cd A LA RESOLUCI\u00d3N T\u00edtulo a otorgar: TECNICO\/A SUPERIOR EN PRODUCCION ARTISTICA Y ARTESANAL Duraci\u00f3n: 3 a\u00f1os &#8211; Vespertino Carga horaria: 1800 horas reloj (2700 horas c\u00e1tedra) Resoluci\u00f3n: 0643 DGE 2019 La&nbsp;Tecnicatura en Producci\u00f3n Art\u00edstica Artesanal&nbsp;plantea una formaci\u00f3n integral que promueve la construcci\u00f3n de conocimientos en &#8230; <a title=\"Tecnicatura en Producci\u00f3n Art\u00edstica y Artesanal\" class=\"read-more\" href=\"https:\/\/ens9002-infd.mendoza.edu.ar\/sitio\/tec-en-produccion-artistica-artesanal\/\" aria-label=\"More on Tecnicatura en Producci\u00f3n Art\u00edstica y Artesanal\">[+]<\/a><\/p>\n","protected":false},"author":5332,"featured_media":0,"parent":0,"menu_order":0,"comment_status":"closed","ping_status":"closed","template":"","meta":[],"acf":[],"_links":{"self":[{"href":"https:\/\/ens9002-infd.mendoza.edu.ar\/sitio\/wp-json\/wp\/v2\/pages\/1998"}],"collection":[{"href":"https:\/\/ens9002-infd.mendoza.edu.ar\/sitio\/wp-json\/wp\/v2\/pages"}],"about":[{"href":"https:\/\/ens9002-infd.mendoza.edu.ar\/sitio\/wp-json\/wp\/v2\/types\/page"}],"author":[{"embeddable":true,"href":"https:\/\/ens9002-infd.mendoza.edu.ar\/sitio\/wp-json\/wp\/v2\/users\/5332"}],"replies":[{"embeddable":true,"href":"https:\/\/ens9002-infd.mendoza.edu.ar\/sitio\/wp-json\/wp\/v2\/comments?post=1998"}],"version-history":[{"count":49,"href":"https:\/\/ens9002-infd.mendoza.edu.ar\/sitio\/wp-json\/wp\/v2\/pages\/1998\/revisions"}],"predecessor-version":[{"id":18936,"href":"https:\/\/ens9002-infd.mendoza.edu.ar\/sitio\/wp-json\/wp\/v2\/pages\/1998\/revisions\/18936"}],"wp:attachment":[{"href":"https:\/\/ens9002-infd.mendoza.edu.ar\/sitio\/wp-json\/wp\/v2\/media?parent=1998"}],"curies":[{"name":"wp","href":"https:\/\/api.w.org\/{rel}","templated":true}]}}