{"id":2001,"date":"2018-08-31T14:03:14","date_gmt":"2018-08-31T17:03:14","guid":{"rendered":"https:\/\/ens9002-mza.infd.edu.ar\/sitio\/prof-en-artes-visuales\/"},"modified":"2026-02-24T10:57:14","modified_gmt":"2026-02-24T13:57:14","slug":"prof-en-artes-visuales","status":"publish","type":"page","link":"https:\/\/ens9002-infd.mendoza.edu.ar\/sitio\/prof-en-artes-visuales\/","title":{"rendered":"Profesorado en Artes Visuales"},"content":{"rendered":"\n<figure class=\"wp-block-image size-full\"><img decoding=\"async\" loading=\"lazy\" width=\"1101\" height=\"200\" src=\"https:\/\/ens9002-infd.mendoza.edu.ar\/sitio\/wp-content\/uploads\/2020\/08\/1-01.png\" alt=\"\" class=\"wp-image-5411\" srcset=\"https:\/\/ens9002-infd.mendoza.edu.ar\/sitio\/wp-content\/uploads\/2020\/08\/1-01.png 1101w, https:\/\/ens9002-infd.mendoza.edu.ar\/sitio\/wp-content\/uploads\/2020\/08\/1-01-1000x182.png 1000w, https:\/\/ens9002-infd.mendoza.edu.ar\/sitio\/wp-content\/uploads\/2020\/08\/1-01-768x140.png 768w, https:\/\/ens9002-infd.mendoza.edu.ar\/sitio\/wp-content\/uploads\/2020\/08\/1-01-1100x200.png 1100w, https:\/\/ens9002-infd.mendoza.edu.ar\/sitio\/wp-content\/uploads\/2020\/08\/1-01-620x114.png 620w, https:\/\/ens9002-infd.mendoza.edu.ar\/sitio\/wp-content\/uploads\/2020\/08\/1-01-400x73.png 400w\" sizes=\"(max-width: 1101px) 100vw, 1101px\" \/><\/figure>\n\n\n\n<p class=\"has-text-align-center has-black-color has-white-background-color has-text-color has-background has-medium-font-size\"><strong>COORDINADORA: <\/strong>Prof. ANDREA MAZZINI <strong>&#8211; CONTACTO:&nbsp;<\/strong><a href=\"mailto:profeandreamazzini@gmail.com\">profeandreamazzini@gmail.com<\/a><strong> |&nbsp;&nbsp;<\/strong><a rel=\"noreferrer noopener\" href=\"https:\/\/ens9002-infd.mendoza.edu.ar\/sitio\/wp-content\/uploads\/2020\/10\/Dise%C3%B1o-PAV-.pdf\" target=\"_blank\">                          <\/a><\/p>\n\n\n\n<h2 class=\"wp-block-heading has-text-align-center has-black-color has-white-background-color has-text-color has-background\" style=\"font-size:18px;font-style:italic;font-weight:600\"><a rel=\"noreferrer noopener\" href=\"https:\/\/ens9002-infd.mendoza.edu.ar\/sitio\/wp-content\/uploads\/2020\/10\/Dise%C3%B1o-PAV-.pdf\" target=\"_blank\"><strong>ACCED\u00c9 AQU\u00cd AL DISE\u00d1O CURRICULAR QUE SE APLICA  PARA AQUELLOS ESTUDIANTES QUE INGRESARON HASTA 2024<\/strong><\/a><\/h2>\n\n\n\n<h2 class=\"wp-block-heading has-text-align-center\" style=\"font-size:18px;font-style:italic;font-weight:600\"><a href=\"https:\/\/ens9002-infd.mendoza.edu.ar\/sitio\/wp-content\/uploads\/2025\/04\/ANEXO-Profesorado-de-Artes-visuales.pdf\">ACCED\u00c9 AQU\u00cc AL NUEVO DISE\u00d1O CURRICULAR APLICABLE A PARTIR DEL INGRESO 2025<\/a><\/h2>\n\n\n\n<p class=\"has-text-align-center has-medium-font-size\">T\u00edtulo a otorgar:   <\/p>\n\n\n\n<p class=\"has-text-align-center has-large-font-size\"><strong>PROFESOR\/A EN ARTES VISUALES<\/strong><\/p>\n\n\n\n<p class=\"has-text-align-center has-large-font-size\">no universitario con validez nacional <\/p>\n\n\n\n<p class=\"has-text-align-center\">Duraci\u00f3n: 4 a\u00f1os &#8211; Vespertino<\/p>\n\n\n\n<p class=\"has-text-align-center\">Carga horaria: 2976 horas reloj (4464 horas c\u00e1tedra)<\/p>\n\n\n\n<p class=\"has-text-align-center\">Resoluci\u00f3n:  0652 DGE 2011 &#8211; Orientaci\u00f3n Docente<\/p>\n\n\n\n<p class=\"has-text-align-center\" style=\"font-size:30px\"><strong>\u00a1Seguinos en Instagram! <a href=\"https:\/\/www.instagram.com\/tomasgodoycruzartes\/\" data-type=\"URL\" data-id=\"https:\/\/www.instagram.com\/tomasgodoycruzartes\/\">Hac\u00e9 clic aqu\u00ed<\/a><\/strong><\/p>\n\n\n\n<p>El <strong>Profesorado de Artes Visuales<\/strong> forma profesionales docentes capaces de desplegar pr\u00e1cticas de educaci\u00f3n de las artes visuales contextualizadas, desde fundados posicionamientos te\u00f3ricos, con creatividad, esp\u00edritu de innovaci\u00f3n, compromiso social y respeto por la diversidad. Se promueve el desarrollo de habilidades y actitudes desde las praxis art\u00edstica para el ejercicio \u00e9tico, racional, reflexivo, cr\u00edtico y eficiente de la docencia, entendiendo que la educaci\u00f3n art\u00edstica es un derecho y un deber social, y que los sujetos son seres sociales, integrantes de una familia y de una comunidad, que poseen caracter\u00edsticas personales, sociales, culturales y ling\u00fc\u00edsticas particulares y que aprenden en un proceso constructivo y relacional con su ambiente.<\/p>\n\n\n\n<h5 class=\"wp-block-heading\" style=\"font-size:26px\"><span style=\"color: #64bcbf;\"><strong>&nbsp;&nbsp;<\/strong><\/span><\/h5>\n\n\n\n<figure class=\"wp-block-gallery has-nested-images columns-5 is-cropped wp-block-gallery-1 is-layout-flex\">\n<figure class=\"wp-block-image size-large\"><a href=\"https:\/\/ens9002-infd.mendoza.edu.ar\/sitio\/perfil-del-egresado-de-artes-visuales\/whatsapp-image-2020-08-03-at-21-01-26-1\/#main\"><img decoding=\"async\" loading=\"lazy\" width=\"960\" height=\"1280\" data-id=\"5133\"  src=\"https:\/\/ens9002-infd.mendoza.edu.ar\/sitio\/wp-content\/uploads\/2020\/08\/WhatsApp-Image-2020-08-03-at-21.01.26-1.jpeg\" alt=\"\" class=\"wp-image-5133\" srcset=\"https:\/\/ens9002-infd.mendoza.edu.ar\/sitio\/wp-content\/uploads\/2020\/08\/WhatsApp-Image-2020-08-03-at-21.01.26-1.jpeg 960w, https:\/\/ens9002-infd.mendoza.edu.ar\/sitio\/wp-content\/uploads\/2020\/08\/WhatsApp-Image-2020-08-03-at-21.01.26-1-750x1000.jpeg 750w, https:\/\/ens9002-infd.mendoza.edu.ar\/sitio\/wp-content\/uploads\/2020\/08\/WhatsApp-Image-2020-08-03-at-21.01.26-1-768x1024.jpeg 768w\" sizes=\"(max-width: 960px) 100vw, 960px\" \/><\/a><\/figure>\n\n\n\n<figure class=\"wp-block-image size-large\"><a href=\"https:\/\/ens9002-infd.mendoza.edu.ar\/sitio\/prof-en-artes-visuales\/whatsapp-image-2020-08-03-at-21-01-20\/#main\"><img decoding=\"async\" loading=\"lazy\" width=\"864\" height=\"1152\" data-id=\"5140\"  src=\"https:\/\/ens9002-infd.mendoza.edu.ar\/sitio\/wp-content\/uploads\/2020\/08\/WhatsApp-Image-2020-08-03-at-21.01.20.jpeg\" alt=\"\" class=\"wp-image-5140\" srcset=\"https:\/\/ens9002-infd.mendoza.edu.ar\/sitio\/wp-content\/uploads\/2020\/08\/WhatsApp-Image-2020-08-03-at-21.01.20.jpeg 864w, https:\/\/ens9002-infd.mendoza.edu.ar\/sitio\/wp-content\/uploads\/2020\/08\/WhatsApp-Image-2020-08-03-at-21.01.20-750x1000.jpeg 750w, https:\/\/ens9002-infd.mendoza.edu.ar\/sitio\/wp-content\/uploads\/2020\/08\/WhatsApp-Image-2020-08-03-at-21.01.20-768x1024.jpeg 768w\" sizes=\"(max-width: 864px) 100vw, 864px\" \/><\/a><\/figure>\n\n\n\n<figure class=\"wp-block-image size-large\"><a href=\"https:\/\/ens9002-infd.mendoza.edu.ar\/sitio\/prof-en-artes-visuales\/whatsapp-image-2020-08-03-at-21-01-21-1\/#main\"><img decoding=\"async\" loading=\"lazy\" width=\"960\" height=\"1280\" data-id=\"5139\"  src=\"https:\/\/ens9002-infd.mendoza.edu.ar\/sitio\/wp-content\/uploads\/2020\/08\/WhatsApp-Image-2020-08-03-at-21.01.21-1.jpeg\" alt=\"\" class=\"wp-image-5139\" srcset=\"https:\/\/ens9002-infd.mendoza.edu.ar\/sitio\/wp-content\/uploads\/2020\/08\/WhatsApp-Image-2020-08-03-at-21.01.21-1.jpeg 960w, https:\/\/ens9002-infd.mendoza.edu.ar\/sitio\/wp-content\/uploads\/2020\/08\/WhatsApp-Image-2020-08-03-at-21.01.21-1-750x1000.jpeg 750w, https:\/\/ens9002-infd.mendoza.edu.ar\/sitio\/wp-content\/uploads\/2020\/08\/WhatsApp-Image-2020-08-03-at-21.01.21-1-768x1024.jpeg 768w\" sizes=\"(max-width: 960px) 100vw, 960px\" \/><\/a><\/figure>\n\n\n\n<figure class=\"wp-block-image size-large\"><a href=\"https:\/\/ens9002-infd.mendoza.edu.ar\/sitio\/prof-en-artes-visuales\/whatsapp-image-2020-08-03-at-21-01-24-1\/#main\"><img decoding=\"async\" loading=\"lazy\" width=\"1040\" height=\"585\" data-id=\"5138\"  src=\"https:\/\/ens9002-infd.mendoza.edu.ar\/sitio\/wp-content\/uploads\/2020\/08\/WhatsApp-Image-2020-08-03-at-21.01.24-1.jpeg\" alt=\"\" class=\"wp-image-5138\" srcset=\"https:\/\/ens9002-infd.mendoza.edu.ar\/sitio\/wp-content\/uploads\/2020\/08\/WhatsApp-Image-2020-08-03-at-21.01.24-1.jpeg 1040w, https:\/\/ens9002-infd.mendoza.edu.ar\/sitio\/wp-content\/uploads\/2020\/08\/WhatsApp-Image-2020-08-03-at-21.01.24-1-1000x563.jpeg 1000w, https:\/\/ens9002-infd.mendoza.edu.ar\/sitio\/wp-content\/uploads\/2020\/08\/WhatsApp-Image-2020-08-03-at-21.01.24-1-768x432.jpeg 768w\" sizes=\"(max-width: 1040px) 100vw, 1040px\" \/><\/a><\/figure>\n\n\n\n<figure class=\"wp-block-image size-large\"><a href=\"https:\/\/ens9002-infd.mendoza.edu.ar\/sitio\/prof-en-artes-visuales\/whatsapp-image-2020-08-03-at-21-01-24-2\/#main\"><img decoding=\"async\" loading=\"lazy\" width=\"1280\" height=\"960\" data-id=\"5137\"  src=\"https:\/\/ens9002-infd.mendoza.edu.ar\/sitio\/wp-content\/uploads\/2020\/08\/WhatsApp-Image-2020-08-03-at-21.01.24-2.jpeg\" alt=\"\" class=\"wp-image-5137\" srcset=\"https:\/\/ens9002-infd.mendoza.edu.ar\/sitio\/wp-content\/uploads\/2020\/08\/WhatsApp-Image-2020-08-03-at-21.01.24-2.jpeg 1280w, https:\/\/ens9002-infd.mendoza.edu.ar\/sitio\/wp-content\/uploads\/2020\/08\/WhatsApp-Image-2020-08-03-at-21.01.24-2-1000x750.jpeg 1000w, https:\/\/ens9002-infd.mendoza.edu.ar\/sitio\/wp-content\/uploads\/2020\/08\/WhatsApp-Image-2020-08-03-at-21.01.24-2-768x576.jpeg 768w\" sizes=\"(max-width: 1280px) 100vw, 1280px\" \/><\/a><\/figure>\n<\/figure>\n\n\n\n<figure class=\"wp-block-table alignleft\"><table class=\"has-contrast-color has-text-color\"><tbody><tr><td><a href=\"https:\/\/ens9002-infd.mendoza.edu.ar\/sitio\/wp-content\/uploads\/2025\/04\/Diseno-sin-titulo.pdf\"><strong>PLAN DE ESTUDIO APLICABLE INGRESO 2025<\/strong><\/a><br><br><br> <figure><a href=\"index.cgi?wid_seccion=22&amp;wid_item=31\"><img decoding=\"async\" loading=\"lazy\" width=\"51\" height=\"48\" border=\"0\" class=\"alignleft\" style=\"vertical-align: baseline;\" src=\"http:\/\/t3.gstatic.com\/images?q=tbn:ANd9GcSB_438BpPKvWQBSekK-hXPe_zjY6fRfoFdfdZhoSXQkuB2z8ST\"><\/a><\/figure><strong><a href=\"http:\/\/index.cgi?wid_seccion=22&amp;wid_item=31\">Plan de estudio para estudiantes que ingresaron hasta 2024<\/a> <\/strong><p style=\"margin: 10px 0px 0px;\"><span style=\"width: auto; height: 5px; background-color: #1033ce; display: inline-block;\">&nbsp; &nbsp;&nbsp;<\/span><\/p>  <\/td><td>           &nbsp;<\/td><td class=\"has-text-align-center\" data-align=\"center\">\n<figure><a href=\"index.cgi?wid_seccion=22&amp;wid_item=31\"><img decoding=\"async\" loading=\"lazy\" class=\"alignleft\" style=\"vertical-align: baseline;\" src=\"http:\/\/t3.gstatic.com\/images?q=tbn:ANd9GcSB_438BpPKvWQBSekK-hXPe_zjY6fRfoFdfdZhoSXQkuB2z8ST\" width=\"51\" height=\"48\" border=\"0\"><\/a><\/figure><p style=\"margin: 0px 0px 3px; font-size: 1.125rem; line-height: 1.5rem; font-weight: bold; color: #585858;\"><span style=\"color: #64bcbf;\"><a style=\"color: #64bcbf;\" href=\"https:\/\/ens9002-infd.mendoza.edu.ar\/sitio\/perfil-del-egresado-de-artes-visuales\/\" target=\"_blank\" rel=\"noopener\"><span style=\"color: #000000;\">Perfil de egresados y egresadas<\/span><\/a><\/span><\/p>\n<p style=\"margin: 10px 0px 0px;\"><span style=\"width: auto; height: 5px; background-color: #1033ce; display: inline-block;\">&nbsp; &nbsp;&nbsp;<\/span><\/p>\n<p style=\"margin: 10px 0px 0px; text-align: center;\">&nbsp; &nbsp; &nbsp; &nbsp; &nbsp; &nbsp; Capacidad a adquirir por futuros y futuras docentes<\/p>\n<p style=\"margin: 4px 0 10px; font-size: 0.938rem; line-height: 1.125rem; color: #868686;\">&nbsp;<\/p>\n<\/td><\/tr><\/tbody><\/table><\/figure>\n\n\n\n<h4 class=\"wp-block-heading\">&nbsp;<\/h4>\n\n\n\n<p><\/p>\n\n\n\n<p><\/p>\n\n\n\n<p><\/p>\n\n\n\n<p><\/p>\n\n\n\n<h4 class=\"wp-block-heading\"><span style=\"color: #ff6600;\"><strong><span style=\"font-size: small; font-family: verdana, geneva;\">&nbsp;<\/span><\/strong><\/span><a href=\"https:\/\/ens9002-infd.mendoza.edu.ar\/sitio\/\"><\/a><\/h4>\n","protected":false},"excerpt":{"rendered":"<p>COORDINADORA: Prof. ANDREA MAZZINI &#8211; CONTACTO:&nbsp;profeandreamazzini@gmail.com |&nbsp;&nbsp; ACCED\u00c9 AQU\u00cd AL DISE\u00d1O CURRICULAR QUE SE APLICA PARA AQUELLOS ESTUDIANTES QUE INGRESARON HASTA 2024 ACCED\u00c9 AQU\u00cc AL NUEVO DISE\u00d1O CURRICULAR APLICABLE A PARTIR DEL INGRESO 2025 T\u00edtulo a otorgar: PROFESOR\/A EN ARTES VISUALES no universitario con validez nacional Duraci\u00f3n: 4 a\u00f1os &#8211; Vespertino Carga horaria: 2976 horas &#8230; <a title=\"Profesorado en Artes Visuales\" class=\"read-more\" href=\"https:\/\/ens9002-infd.mendoza.edu.ar\/sitio\/prof-en-artes-visuales\/\" aria-label=\"More on Profesorado en Artes Visuales\">[+]<\/a><\/p>\n","protected":false},"author":4776,"featured_media":0,"parent":0,"menu_order":0,"comment_status":"closed","ping_status":"closed","template":"","meta":[],"acf":[],"_links":{"self":[{"href":"https:\/\/ens9002-infd.mendoza.edu.ar\/sitio\/wp-json\/wp\/v2\/pages\/2001"}],"collection":[{"href":"https:\/\/ens9002-infd.mendoza.edu.ar\/sitio\/wp-json\/wp\/v2\/pages"}],"about":[{"href":"https:\/\/ens9002-infd.mendoza.edu.ar\/sitio\/wp-json\/wp\/v2\/types\/page"}],"author":[{"embeddable":true,"href":"https:\/\/ens9002-infd.mendoza.edu.ar\/sitio\/wp-json\/wp\/v2\/users\/4776"}],"replies":[{"embeddable":true,"href":"https:\/\/ens9002-infd.mendoza.edu.ar\/sitio\/wp-json\/wp\/v2\/comments?post=2001"}],"version-history":[{"count":91,"href":"https:\/\/ens9002-infd.mendoza.edu.ar\/sitio\/wp-json\/wp\/v2\/pages\/2001\/revisions"}],"predecessor-version":[{"id":20059,"href":"https:\/\/ens9002-infd.mendoza.edu.ar\/sitio\/wp-json\/wp\/v2\/pages\/2001\/revisions\/20059"}],"wp:attachment":[{"href":"https:\/\/ens9002-infd.mendoza.edu.ar\/sitio\/wp-json\/wp\/v2\/media?parent=2001"}],"curies":[{"name":"wp","href":"https:\/\/api.w.org\/{rel}","templated":true}]}}