{"id":20100,"date":"2026-03-02T12:37:37","date_gmt":"2026-03-02T15:37:37","guid":{"rendered":"https:\/\/ens9002-infd.mendoza.edu.ar\/sitio\/?page_id=20100"},"modified":"2026-03-09T13:15:57","modified_gmt":"2026-03-09T16:15:57","slug":"taller-de-deteccion-abuso-sexual-infantil","status":"publish","type":"page","link":"https:\/\/ens9002-infd.mendoza.edu.ar\/sitio\/taller-de-deteccion-abuso-sexual-infantil\/","title":{"rendered":"taller de detecci\u00f3n abuso sexual infantil"},"content":{"rendered":"\n<div class=\"wp-block-columns is-layout-flex wp-container-6\">\n<div class=\"wp-block-column is-layout-flow\">\n<figure class=\"wp-block-image size-full\"><img decoding=\"async\" loading=\"lazy\" width=\"1080\" height=\"1080\" src=\"https:\/\/ens9002-infd.mendoza.edu.ar\/sitio\/wp-content\/uploads\/2026\/03\/formacio\u0301n-continua.png\" alt=\"\" class=\"wp-image-20101\" srcset=\"https:\/\/ens9002-infd.mendoza.edu.ar\/sitio\/wp-content\/uploads\/2026\/03\/formacio\u0301n-continua.png 1080w, https:\/\/ens9002-infd.mendoza.edu.ar\/sitio\/wp-content\/uploads\/2026\/03\/formacio\u0301n-continua-1000x1000.png 1000w, https:\/\/ens9002-infd.mendoza.edu.ar\/sitio\/wp-content\/uploads\/2026\/03\/formacio\u0301n-continua-500x500.png 500w, https:\/\/ens9002-infd.mendoza.edu.ar\/sitio\/wp-content\/uploads\/2026\/03\/formacio\u0301n-continua-768x768.png 768w\" sizes=\"(max-width: 1080px) 100vw, 1080px\" \/><\/figure>\n<\/div>\n\n\n\n<div class=\"wp-block-column has-contrast-color has-base-3-background-color has-text-color has-background is-layout-flow\">\n<p>Esta propuesta de formaci\u00f3n ofrece a profesionales de la educaci\u00f3n, proveer de herramientas<br>adecuadas que les permite identificar cambios en el comportamiento, s\u00edntomas y\/o se\u00f1ales f\u00edsicos o<br>emocionales en el abuso sexual infantil.<\/p>\n\n\n\n<p>El curso tambi\u00e9n se dirige a estudiantes avanzados\/as, a quienes no se les otorgar\u00e1 puntaje pero s\u00ed un certificado institucional para su carpeta de antecedentes.<\/p>\n\n\n\n<div class=\"wp-block-buttons is-content-justification-left is-layout-flex wp-container-2\">\n<div class=\"wp-block-button\"><a class=\"wp-block-button__link has-accent-background-color has-background wp-element-button\" href=\"https:\/\/ens9002-infd.mendoza.edu.ar\/sitio\/wp-content\/uploads\/2026\/03\/Ojos-que-ven-corazon-que-protege-taller-de-deteccion-abuso-sexual-infantil.pdf\" target=\"_blank\" rel=\"noreferrer noopener\">M\u00c1S INFORMACI\u00d3N<\/a><\/div>\n\n\n\n<div class=\"wp-block-button\"><a class=\"wp-block-button__link has-background wp-element-button\" href=\"https:\/\/ens9002-infd.mendoza.edu.ar\/sitio\/wp-content\/uploads\/2026\/03\/proyecto_98_resolucion.pdf\" style=\"background-color:#09b3a8\" target=\"_blank\" rel=\"noreferrer noopener\">RESOLUCI\u00d3N<\/a><\/div>\n<\/div>\n\n\n\n<p><\/p>\n\n\n\n<p><\/p>\n\n\n\n<p><\/p>\n<\/div>\n\n\n\n<div class=\"wp-block-column is-layout-flow\">\n<div style=\"height:20px\" aria-hidden=\"true\" class=\"wp-block-spacer\"><\/div>\n\n\n\n<div class=\"wp-block-buttons is-layout-flex\"><\/div>\n<\/div>\n<\/div>\n","protected":false},"excerpt":{"rendered":"<p>Esta propuesta de formaci\u00f3n ofrece a profesionales de la educaci\u00f3n, proveer de herramientasadecuadas que les permite identificar cambios en el comportamiento, s\u00edntomas y\/o se\u00f1ales f\u00edsicos oemocionales en el abuso sexual infantil. El curso tambi\u00e9n se dirige a estudiantes avanzados\/as, a quienes no se les otorgar\u00e1 puntaje pero s\u00ed un certificado institucional para su carpeta de &#8230; <a title=\"taller de detecci\u00f3n abuso sexual infantil\" class=\"read-more\" href=\"https:\/\/ens9002-infd.mendoza.edu.ar\/sitio\/taller-de-deteccion-abuso-sexual-infantil\/\" aria-label=\"More on taller de detecci\u00f3n abuso sexual infantil\">[+]<\/a><\/p>\n","protected":false},"author":4776,"featured_media":0,"parent":0,"menu_order":0,"comment_status":"closed","ping_status":"closed","template":"","meta":[],"acf":[],"_links":{"self":[{"href":"https:\/\/ens9002-infd.mendoza.edu.ar\/sitio\/wp-json\/wp\/v2\/pages\/20100"}],"collection":[{"href":"https:\/\/ens9002-infd.mendoza.edu.ar\/sitio\/wp-json\/wp\/v2\/pages"}],"about":[{"href":"https:\/\/ens9002-infd.mendoza.edu.ar\/sitio\/wp-json\/wp\/v2\/types\/page"}],"author":[{"embeddable":true,"href":"https:\/\/ens9002-infd.mendoza.edu.ar\/sitio\/wp-json\/wp\/v2\/users\/4776"}],"replies":[{"embeddable":true,"href":"https:\/\/ens9002-infd.mendoza.edu.ar\/sitio\/wp-json\/wp\/v2\/comments?post=20100"}],"version-history":[{"count":4,"href":"https:\/\/ens9002-infd.mendoza.edu.ar\/sitio\/wp-json\/wp\/v2\/pages\/20100\/revisions"}],"predecessor-version":[{"id":20324,"href":"https:\/\/ens9002-infd.mendoza.edu.ar\/sitio\/wp-json\/wp\/v2\/pages\/20100\/revisions\/20324"}],"wp:attachment":[{"href":"https:\/\/ens9002-infd.mendoza.edu.ar\/sitio\/wp-json\/wp\/v2\/media?parent=20100"}],"curies":[{"name":"wp","href":"https:\/\/api.w.org\/{rel}","templated":true}]}}