{"id":20133,"date":"2026-03-02T13:35:53","date_gmt":"2026-03-02T16:35:53","guid":{"rendered":"https:\/\/ens9002-infd.mendoza.edu.ar\/sitio\/?page_id=20133"},"modified":"2026-03-09T13:14:55","modified_gmt":"2026-03-09T16:14:55","slug":"la-evaluacion-como-instancia-de-aprendizaje-2","status":"publish","type":"page","link":"https:\/\/ens9002-infd.mendoza.edu.ar\/sitio\/la-evaluacion-como-instancia-de-aprendizaje-2\/","title":{"rendered":"La evaluaci\u00f3n como instancia de aprendizaje"},"content":{"rendered":"\n<div class=\"wp-block-columns is-layout-flex wp-container-7\">\n<div class=\"wp-block-column is-layout-flow\">\n<figure class=\"wp-block-image size-full is-resized\"><img decoding=\"async\" loading=\"lazy\" src=\"https:\/\/ens9002-infd.mendoza.edu.ar\/sitio\/wp-content\/uploads\/2026\/03\/formacio\u0301n-continua-4.png\" alt=\"\" class=\"wp-image-20131\" width=\"260\" height=\"260\" srcset=\"https:\/\/ens9002-infd.mendoza.edu.ar\/sitio\/wp-content\/uploads\/2026\/03\/formacio\u0301n-continua-4.png 1080w, https:\/\/ens9002-infd.mendoza.edu.ar\/sitio\/wp-content\/uploads\/2026\/03\/formacio\u0301n-continua-4-1000x1000.png 1000w, https:\/\/ens9002-infd.mendoza.edu.ar\/sitio\/wp-content\/uploads\/2026\/03\/formacio\u0301n-continua-4-500x500.png 500w, https:\/\/ens9002-infd.mendoza.edu.ar\/sitio\/wp-content\/uploads\/2026\/03\/formacio\u0301n-continua-4-768x768.png 768w\" sizes=\"(max-width: 260px) 100vw, 260px\" \/><\/figure>\n<\/div>\n\n\n\n<div class=\"wp-block-column is-layout-flow\">\n<p>La evaluaci\u00f3n tanto en la formaci\u00f3n docente como en la pr\u00e1ctica docente<br>cotidiana es un componente esencial del proceso educativo. Esta propuesta<br>permitir\u00e1 a docentes de educaci\u00f3n primaria repensar y reflexionar sobre<br>diferentes m\u00e9todos y enfoques de evaluaci\u00f3n a partir del an\u00e1lisis de los<br>diferentes enfoques de evaluaci\u00f3n entendiendo sus implicancias y imitaciones en el aula.<\/p>\n\n\n\n<p>El curso tambi\u00e9n se dirige a estudiantes avanzados\/as, a quienes no se les otorgar\u00e1 puntaje pero s\u00ed un certificado institucional para su carpeta de antecedentes.<\/p>\n<\/div>\n\n\n\n<div class=\"wp-block-column has-contrast-color has-base-3-background-color has-text-color has-background is-layout-flow\">\n<p><\/p>\n\n\n\n<div class=\"wp-block-buttons is-content-justification-left is-layout-flex wp-container-3\">\n<div class=\"wp-block-button\"><a class=\"wp-block-button__link has-accent-background-color has-background wp-element-button\" href=\"https:\/\/ens9002-infd.mendoza.edu.ar\/sitio\/wp-content\/uploads\/2026\/03\/La-evaluacion-como-instancia-de-aprendizaje.pdf\" target=\"_blank\" rel=\"noreferrer noopener\">M\u00c1S INFORMACI\u00d3N<\/a><\/div>\n\n\n\n<div class=\"wp-block-button\"><a class=\"wp-block-button__link has-background wp-element-button\" href=\"https:\/\/ens9002-infd.mendoza.edu.ar\/sitio\/wp-content\/uploads\/2026\/03\/proyecto_127_resolucion.pdf\" style=\"background-color:#09b3a8\" target=\"_blank\" rel=\"noreferrer noopener\">RESOLUCI\u00d3N<\/a><\/div>\n<\/div>\n\n\n\n<p><\/p>\n<\/div>\n\n\n\n<div class=\"wp-block-column is-layout-flow\">\n<div style=\"height:20px\" aria-hidden=\"true\" class=\"wp-block-spacer\"><\/div>\n\n\n\n<div class=\"wp-block-buttons is-layout-flex\"><\/div>\n<\/div>\n<\/div>\n","protected":false},"excerpt":{"rendered":"<p>La evaluaci\u00f3n tanto en la formaci\u00f3n docente como en la pr\u00e1ctica docentecotidiana es un componente esencial del proceso educativo. Esta propuestapermitir\u00e1 a docentes de educaci\u00f3n primaria repensar y reflexionar sobrediferentes m\u00e9todos y enfoques de evaluaci\u00f3n a partir del an\u00e1lisis de losdiferentes enfoques de evaluaci\u00f3n entendiendo sus implicancias y imitaciones en el aula. El curso tambi\u00e9n &#8230; <a title=\"La evaluaci\u00f3n como instancia de aprendizaje\" class=\"read-more\" href=\"https:\/\/ens9002-infd.mendoza.edu.ar\/sitio\/la-evaluacion-como-instancia-de-aprendizaje-2\/\" aria-label=\"More on La evaluaci\u00f3n como instancia de aprendizaje\">[+]<\/a><\/p>\n","protected":false},"author":4776,"featured_media":0,"parent":0,"menu_order":0,"comment_status":"closed","ping_status":"closed","template":"","meta":[],"acf":[],"_links":{"self":[{"href":"https:\/\/ens9002-infd.mendoza.edu.ar\/sitio\/wp-json\/wp\/v2\/pages\/20133"}],"collection":[{"href":"https:\/\/ens9002-infd.mendoza.edu.ar\/sitio\/wp-json\/wp\/v2\/pages"}],"about":[{"href":"https:\/\/ens9002-infd.mendoza.edu.ar\/sitio\/wp-json\/wp\/v2\/types\/page"}],"author":[{"embeddable":true,"href":"https:\/\/ens9002-infd.mendoza.edu.ar\/sitio\/wp-json\/wp\/v2\/users\/4776"}],"replies":[{"embeddable":true,"href":"https:\/\/ens9002-infd.mendoza.edu.ar\/sitio\/wp-json\/wp\/v2\/comments?post=20133"}],"version-history":[{"count":5,"href":"https:\/\/ens9002-infd.mendoza.edu.ar\/sitio\/wp-json\/wp\/v2\/pages\/20133\/revisions"}],"predecessor-version":[{"id":20322,"href":"https:\/\/ens9002-infd.mendoza.edu.ar\/sitio\/wp-json\/wp\/v2\/pages\/20133\/revisions\/20322"}],"wp:attachment":[{"href":"https:\/\/ens9002-infd.mendoza.edu.ar\/sitio\/wp-json\/wp\/v2\/media?parent=20133"}],"curies":[{"name":"wp","href":"https:\/\/api.w.org\/{rel}","templated":true}]}}