{"id":2014,"date":"2018-08-31T14:03:21","date_gmt":"2018-08-31T17:03:21","guid":{"rendered":"https:\/\/ens9002-mza.infd.edu.ar\/sitio\/inscripcion-mesas-examinadoras-agosto-2018\/"},"modified":"2024-07-18T10:59:11","modified_gmt":"2024-07-18T13:59:11","slug":"inscripcion-mesas-examinadoras-agosto-2018","status":"publish","type":"page","link":"https:\/\/ens9002-infd.mendoza.edu.ar\/sitio\/inscripcion-mesas-examinadoras-agosto-2018\/","title":{"rendered":"INSCRIPCI\u00d3N MESAS EXAMINADORAS"},"content":{"rendered":"\n<p class=\"has-text-align-left has-white-color has-midnight-gradient-background has-text-color has-background\" style=\"font-size:23px\"><strong><em>INSCRIPCI\u00d3N MESAS DE EX\u00c1MENES | LLAMADO JULIO<\/em><\/strong><\/p>\n\n\n\n<p><strong>LE\u00c9 ATENTAMENTE ANTES DE INSCRIBIRTE:<\/strong><\/p>\n\n\n\n<p>No se recibir\u00e1 NING\u00daN RECLAMO de inscripci\u00f3n a mesas, si no se presenta de manera f\u00edsica (impreso) o virtual (celular, tablet, etc.) el reporte que emite el formulario en l\u00ednea. SE RECOMIENDA NO HACER LA INSCRIPCI\u00d3N A TRAV\u00c9S DE SMARTPHONES.<\/p>\n\n\n\n<p>1) La inscripci\u00f3n, en cada espacio curricular, est\u00e1 <strong>pendiente<\/strong> hasta que se controlen sus correlativas y r\u00e9gimen de promoci\u00f3n.<\/p>\n\n\n\n<p>2) Para inscribirte en un espacio curricular, deb\u00e9s realizar la selecci\u00f3n seg\u00fan la opci\u00f3n que corresponda con su turno y docente.<\/p>\n\n\n\n<p>3) Es muy importante que tu n\u00famero de documento (consignado sin puntos) est\u00e9 correcto, ya que si este no figura en la base de datos del instituto, no se realizar\u00e1 tu inscripci\u00f3n.<\/p>\n\n\n\n<p>4) Si sos estudiante que continu\u00e1s tus estudios en <em>plan en cierre<\/em> (tecnicatura en Producci\u00f3n Art\u00edstica y Artesanal), ten\u00e9s que inscribirte de modo virtual en el formulario de inscripci\u00f3n <strong>Plan en cierre<\/strong>.<\/p>\n\n\n\n<p>5) Record\u00e1 que las mesas examinadoras poseen tres turnos diario: ma\u00f1ana, tarde y noche. Se entiende por turno ma\u00f1ana el que empieza a las 8:30 horas, turno tarde a partir de las 15:30 horas y turno noche desde las 18:30 horas.<\/p>\n\n\n\n<ul style=\"font-size:16px\">\n<li><span style=\"color: #000000;\"><span style=\"font-size: 14pt;\"><a rel=\"noreferrer noopener\" href=\"https:\/\/forms.gle\/UtmH5czRjEn8shy68\" target=\"_blank\">Profesorado de Educaci\u00f3n <em>INICIAL<\/em><\/a><\/span><\/span><strong style=\"font-size: 16px;\"><span style=\"color: #000000;\"><span style=\"font-size: 14pt;\"><a rel=\"noreferrer noopener\" href=\"https:\/\/forms.gle\/UtmH5czRjEn8shy68\" target=\"_blank\">&nbsp;<\/a><\/span><\/span><\/strong><span style=\"color: #000000;\"><span style=\"font-size: 14pt;\">(para estudiantes que ingresaron desde 2015 hasta 2023)<\/span><\/span><\/li>\n<\/ul>\n\n\n\n<ul style=\"font-size:16px\">\n<li><span style=\"color: #000000;\"><span style=\"font-size: 14pt;\"><a rel=\"noreferrer noopener\" href=\"https:\/\/forms.gle\/btUxiJwKGXMWkSfX7\" target=\"_blank\">Profesorado de Educaci\u00f3n <em>INICIAL<\/em> <\/a>(para estudiantes que ingresaron en 2024)<\/span><\/span><\/li>\n<\/ul>\n\n\n\n<ul style=\"font-size:16px\">\n<li style=\"font-size:18px\"><span style=\"color: #000000;\"><span style=\"font-size: 14pt;\"><a href=\"https:\/\/docs.google.com\/forms\/d\/e\/1FAIpQLSdtvIDiTlwYNg2s5RrGbNN1YyUOIcpsURzYAJbmxbC1FDbQ6w\/closedform\" data-type=\"URL\" data-id=\"https:\/\/docs.google.com\/forms\/d\/e\/1FAIpQLSdtvIDiTlwYNg2s5RrGbNN1YyUOIcpsURzYAJbmxbC1FDbQ6w\/closedform\" target=\"_blank\" rel=\"noreferrer noopener\">Profesorado de Educaci\u00f3n <em>PRIMARIA<\/em><\/a><\/span><\/span> (para estudiantes que ingresaron desde 2015 hasta 2023)<strong style=\"font-size: 16px;\"><span style=\"color: #000000;\"><span style=\"font-size: 14pt;\"> <\/span><\/span><\/strong><\/li>\n<\/ul>\n\n\n\n<ul style=\"font-size:16px\">\n<li style=\"font-size:16px\"><span style=\"color: #000000;\"><span style=\"font-size: 14pt;\"><a href=\"https:\/\/forms.gle\/Xw8RrgwfyKA1r67A6\">Profesorado de Educaci\u00f3n <em>PRIMARIA<\/em><\/a><\/span><\/span><strong style=\"font-size: 16px;\"><span style=\"color: #000000;\"><span style=\"font-size: 14pt;\"><a href=\"https:\/\/forms.gle\/Xw8RrgwfyKA1r67A6\"> <\/a><\/span><\/span><\/strong><span style=\"color: #000000;\"><span style=\"font-size: 14pt;\">(para estudiantes que ingresaron en 2024)<\/span><\/span><\/li>\n<\/ul>\n\n\n\n<ul style=\"font-size:16px\">\n<li><span style=\"color: #000000;\"><span style=\"font-size: 14pt;\"><a href=\"https:\/\/forms.gle\/GcAABMUeGWoapmvc7\">Profesorado de Educaci\u00f3n Secundaria en <em>MATEM\u00c1TICA<\/em><\/a><\/span><\/span> (para estudiantes que ingresaron desde 2015 hasta 2023)<\/li>\n<\/ul>\n\n\n\n<ul style=\"font-size:16px\">\n<li><a rel=\"noreferrer noopener\" href=\"https:\/\/docs.google.com\/forms\/d\/e\/1FAIpQLSdqsilx8XZZIcaC6ANsiX4qBSSxlL_QFjJcK2DsgGj1k9I1eQ\/closedform\" data-type=\"URL\" data-id=\"https:\/\/docs.google.com\/forms\/d\/e\/1FAIpQLSdqsilx8XZZIcaC6ANsiX4qBSSxlL_QFjJcK2DsgGj1k9I1eQ\/closedform\" target=\"_blank\">Profesorado de Educaci\u00f3n Secundaria en <\/a><em><a rel=\"noreferrer noopener\" href=\"https:\/\/docs.google.com\/forms\/d\/e\/1FAIpQLSdqsilx8XZZIcaC6ANsiX4qBSSxlL_QFjJcK2DsgGj1k9I1eQ\/closedform\" data-type=\"URL\" data-id=\"https:\/\/docs.google.com\/forms\/d\/e\/1FAIpQLSdqsilx8XZZIcaC6ANsiX4qBSSxlL_QFjJcK2DsgGj1k9I1eQ\/closedform\" target=\"_blank\">MATEM\u00c1TICA<\/a> <\/em>(para estudiantes que ingresaron en 2024)<\/li>\n<\/ul>\n\n\n\n<ul>\n<li style=\"font-size:16px\"><span style=\"color: #000000;\"><span style=\"font-size: 14pt;\"><a href=\"https:\/\/forms.gle\/GUdEAkYyC4Axewqw9\">Profesorado de Educaci\u00f3n Secundaria en <em>LENGUA Y LITERATURA<\/em><\/a><\/span><\/span><strong style=\"font-size: 16px;\"><span style=\"color: #000000;\"><span style=\"font-size: 14pt;\"><a href=\"https:\/\/forms.gle\/GUdEAkYyC4Axewqw9\"> <\/a><\/span><\/span><\/strong>(para estudiantes que ingresaron desde 2015 hasta 2023)<\/li>\n<\/ul>\n\n\n\n<ul style=\"font-size:16px\">\n<li><a rel=\"noreferrer noopener\" href=\"https:\/\/docs.google.com\/forms\/d\/e\/1FAIpQLScQaQLoKJESU-d60p3d0mnwJFi2PtJvDN_B907cKuiSOD0v9A\/viewform\" data-type=\"URL\" data-id=\"https:\/\/docs.google.com\/forms\/d\/e\/1FAIpQLScQaQLoKJESU-d60p3d0mnwJFi2PtJvDN_B907cKuiSOD0v9A\/viewform\" target=\"_blank\">Profesorado de Educaci\u00f3n Secundaria en <em>LENGUA Y LITERATURA<\/em><\/a> (para estudiantes que ingresaron en 2024)<\/li>\n<\/ul>\n\n\n\n<ul style=\"font-size:16px\">\n<li style=\"font-size:16px\"><span style=\"color: #000000;\"><span style=\"font-size: 14pt;\"><a rel=\"noreferrer noopener\" href=\"https:\/\/forms.gle\/RbyEq5UCbdV1HBdr6\" target=\"_blank\">Profesorado de Educaci\u00f3n Secundaria en <em>BIOLOG\u00cdA<\/em><\/a><\/span><\/span><\/li>\n<\/ul>\n\n\n\n<ul style=\"font-size:16px\">\n<li style=\"font-size:16px\"><span style=\"color: #000000;\"><span style=\"font-size: 14pt;\"><a rel=\"noreferrer noopener\" href=\"https:\/\/forms.gle\/pWkmtLYqosBKdC6J9\" target=\"_blank\">Profesorado de <em>ARTES VISUALES<\/em><\/a><\/span><\/span><\/li>\n<\/ul>\n\n\n\n<ul style=\"font-size:16px\">\n<li style=\"font-size:16px\"><a rel=\"noreferrer noopener\" href=\"https:\/\/forms.gle\/WaSDn5ypLAqF1Myz9\" target=\"_blank\">Tecnicatura en <em>PRODUCCI\u00d3N ART\u00cdSTICA Y ARTESANAL<\/em> <\/a>(para estudiantes que ingresaron desde 2019). Estudiantes del Plan Viejo deben inscribirse en el Formulario de Planes en cierre<\/li>\n<\/ul>\n\n\n\n<ul style=\"font-size:16px\">\n<li><a rel=\"noreferrer noopener\" href=\"https:\/\/forms.gle\/scvMnU1pFVKP5Gh7A\" target=\"_blank\">Profesorado de Educaci\u00f3n Secundaria en <em>QU\u00cdMICA<\/em><\/a><\/li>\n<\/ul>\n\n\n\n<ul style=\"font-size:16px\">\n<li><a rel=\"noreferrer noopener\" href=\"https:\/\/forms.gle\/KUAauGYLy131gmAd9\" target=\"_blank\">Profesorado de Educaci\u00f3n Secundaria en <em>F\u00cdSICA<\/em><\/a><\/li>\n<\/ul>\n\n\n\n<ul style=\"font-size:16px\">\n<li><a rel=\"noreferrer noopener\" href=\"https:\/\/forms.gle\/UkFiURWQvYNAoz2TA\" target=\"_blank\">Profesorado de Educaci\u00f3n <em>ESPECIAL con orientaci\u00f3n en discapacidad intelectual<\/em><\/a> (para estudiantes que ingresaron desde 2018 hasta 2023)<\/li>\n<\/ul>\n\n\n\n<ul style=\"font-size:16px\">\n<li><a href=\"https:\/\/docs.google.com\/forms\/d\/e\/1FAIpQLSe6A6jbw8q-cXEEL3cepCkorN2j1BZNLnph9-Rxv1ChtRoKQQ\/closedform\" data-type=\"URL\" data-id=\"https:\/\/docs.google.com\/forms\/d\/e\/1FAIpQLSe6A6jbw8q-cXEEL3cepCkorN2j1BZNLnph9-Rxv1ChtRoKQQ\/closedform\" target=\"_blank\" rel=\"noreferrer noopener\">Profesorado de Educaci\u00f3n <em>ESPECIAL con orientaci\u00f3n en discapacidad intelectual<\/em><\/a> (para estudiantes que ingresaron en 2024)<\/li>\n<\/ul>\n\n\n\n<ul>\n<li style=\"font-size:17px\"><a rel=\"noreferrer noopener\" href=\"https:\/\/forms.gle\/coi4bZQzpNjT89Aw5\" target=\"_blank\">Plan en cierre (<\/a><a href=\"https:\/\/docs.google.com\/forms\/d\/e\/1FAIpQLSdzJ-CZkqENmDTJSgC0WbCU_lKTasORAvDZDTis0LIAklL3RA\/viewform?usp=sf_link\">Tecnicatura en <em>PRODUCCI\u00d3N ART\u00cdSTICA Y ARTESANAL<\/em>)<\/a><\/li>\n<\/ul>\n\n\n\n<p><\/p>\n","protected":false},"excerpt":{"rendered":"<p>INSCRIPCI\u00d3N MESAS DE EX\u00c1MENES | LLAMADO JULIO LE\u00c9 ATENTAMENTE ANTES DE INSCRIBIRTE: No se recibir\u00e1 NING\u00daN RECLAMO de inscripci\u00f3n a mesas, si no se presenta de manera f\u00edsica (impreso) o virtual (celular, tablet, etc.) el reporte que emite el formulario en l\u00ednea. SE RECOMIENDA NO HACER LA INSCRIPCI\u00d3N A TRAV\u00c9S DE SMARTPHONES. 1) La inscripci\u00f3n, &#8230; <a title=\"INSCRIPCI\u00d3N MESAS EXAMINADORAS\" class=\"read-more\" href=\"https:\/\/ens9002-infd.mendoza.edu.ar\/sitio\/inscripcion-mesas-examinadoras-agosto-2018\/\" aria-label=\"More on INSCRIPCI\u00d3N MESAS EXAMINADORAS\">[+]<\/a><\/p>\n","protected":false},"author":5332,"featured_media":0,"parent":0,"menu_order":0,"comment_status":"closed","ping_status":"closed","template":"","meta":[],"acf":[],"_links":{"self":[{"href":"https:\/\/ens9002-infd.mendoza.edu.ar\/sitio\/wp-json\/wp\/v2\/pages\/2014"}],"collection":[{"href":"https:\/\/ens9002-infd.mendoza.edu.ar\/sitio\/wp-json\/wp\/v2\/pages"}],"about":[{"href":"https:\/\/ens9002-infd.mendoza.edu.ar\/sitio\/wp-json\/wp\/v2\/types\/page"}],"author":[{"embeddable":true,"href":"https:\/\/ens9002-infd.mendoza.edu.ar\/sitio\/wp-json\/wp\/v2\/users\/5332"}],"replies":[{"embeddable":true,"href":"https:\/\/ens9002-infd.mendoza.edu.ar\/sitio\/wp-json\/wp\/v2\/comments?post=2014"}],"version-history":[{"count":642,"href":"https:\/\/ens9002-infd.mendoza.edu.ar\/sitio\/wp-json\/wp\/v2\/pages\/2014\/revisions"}],"predecessor-version":[{"id":15731,"href":"https:\/\/ens9002-infd.mendoza.edu.ar\/sitio\/wp-json\/wp\/v2\/pages\/2014\/revisions\/15731"}],"wp:attachment":[{"href":"https:\/\/ens9002-infd.mendoza.edu.ar\/sitio\/wp-json\/wp\/v2\/media?parent=2014"}],"curies":[{"name":"wp","href":"https:\/\/api.w.org\/{rel}","templated":true}]}}