{"id":20181,"date":"2026-03-02T14:46:35","date_gmt":"2026-03-02T17:46:35","guid":{"rendered":"https:\/\/ens9002-infd.mendoza.edu.ar\/sitio\/?page_id=20181"},"modified":"2026-03-09T13:17:14","modified_gmt":"2026-03-09T16:17:14","slug":"nutricion-para-la-inclusion","status":"publish","type":"page","link":"https:\/\/ens9002-infd.mendoza.edu.ar\/sitio\/nutricion-para-la-inclusion\/","title":{"rendered":"Nutrici\u00f3n para la inclusi\u00f3n"},"content":{"rendered":"\n<div class=\"wp-block-columns is-layout-flex wp-container-6\">\n<div class=\"wp-block-column is-layout-flow\">\n<figure class=\"wp-block-image size-full\"><img decoding=\"async\" loading=\"lazy\" width=\"1080\" height=\"1080\" src=\"https:\/\/ens9002-infd.mendoza.edu.ar\/sitio\/wp-content\/uploads\/2026\/03\/formacio\u0301n-continua-9.png\" alt=\"\" class=\"wp-image-20179\" srcset=\"https:\/\/ens9002-infd.mendoza.edu.ar\/sitio\/wp-content\/uploads\/2026\/03\/formacio\u0301n-continua-9.png 1080w, https:\/\/ens9002-infd.mendoza.edu.ar\/sitio\/wp-content\/uploads\/2026\/03\/formacio\u0301n-continua-9-1000x1000.png 1000w, https:\/\/ens9002-infd.mendoza.edu.ar\/sitio\/wp-content\/uploads\/2026\/03\/formacio\u0301n-continua-9-500x500.png 500w, https:\/\/ens9002-infd.mendoza.edu.ar\/sitio\/wp-content\/uploads\/2026\/03\/formacio\u0301n-continua-9-768x768.png 768w\" sizes=\"(max-width: 1080px) 100vw, 1080px\" \/><\/figure>\n<\/div>\n\n\n\n<div class=\"wp-block-column is-layout-flow\">\n<p>El curso ofrece una fundaci\u00f3n pedag\u00f3gica s\u00f3lida y ampliada para que docentes de nivel inicial, primario y de educaci\u00f3n especial<br>no solo comprendan la relevancia de la nutrici\u00f3n sino que tambi\u00e9n la integren como un eje transversal y potenciador en su pr\u00e1ctica educativa diaria.<\/p>\n\n\n\n<p>El curso tambi\u00e9n se dirige a estudiantes avanzados\/as, a quienes no se les otorgar\u00e1 puntaje pero s\u00ed un certificado institucional para su carpeta de antecedentes.<\/p>\n\n\n\n<p><\/p>\n\n\n\n<p><\/p>\n\n\n\n<p><\/p>\n\n\n\n<p><\/p>\n<\/div>\n\n\n\n<div class=\"wp-block-column is-layout-flow\">\n<div class=\"wp-block-buttons is-layout-flex\">\n<div class=\"wp-block-button\"><a class=\"wp-block-button__link has-accent-background-color has-background wp-element-button\" href=\"https:\/\/ens9002-infd.mendoza.edu.ar\/sitio\/wp-content\/uploads\/2026\/03\/Estrabon-nutricion.pdf\" target=\"_blank\" rel=\"noreferrer noopener\">M\u00c1S INFORMACI\u00d3N<\/a><\/div>\n<\/div>\n\n\n\n<div style=\"height:55px\" aria-hidden=\"true\" class=\"wp-block-spacer\"><\/div>\n\n\n\n<div class=\"wp-block-buttons is-layout-flex\">\n<div class=\"wp-block-button\"><a class=\"wp-block-button__link has-background wp-element-button\" href=\"https:\/\/ens9002-infd.mendoza.edu.ar\/sitio\/wp-content\/uploads\/2026\/03\/proyecto_129_resolucion.pdf\" style=\"background-color:#1baeae\" target=\"_blank\" rel=\"noreferrer noopener\">RESOLUCI\u00d3N<\/a><\/div>\n<\/div>\n<\/div>\n<\/div>\n","protected":false},"excerpt":{"rendered":"<p>El curso ofrece una fundaci\u00f3n pedag\u00f3gica s\u00f3lida y ampliada para que docentes de nivel inicial, primario y de educaci\u00f3n especialno solo comprendan la relevancia de la nutrici\u00f3n sino que tambi\u00e9n la integren como un eje transversal y potenciador en su pr\u00e1ctica educativa diaria. El curso tambi\u00e9n se dirige a estudiantes avanzados\/as, a quienes no se &#8230; <a title=\"Nutrici\u00f3n para la inclusi\u00f3n\" class=\"read-more\" href=\"https:\/\/ens9002-infd.mendoza.edu.ar\/sitio\/nutricion-para-la-inclusion\/\" aria-label=\"More on Nutrici\u00f3n para la inclusi\u00f3n\">[+]<\/a><\/p>\n","protected":false},"author":4776,"featured_media":0,"parent":0,"menu_order":0,"comment_status":"closed","ping_status":"closed","template":"","meta":[],"acf":[],"_links":{"self":[{"href":"https:\/\/ens9002-infd.mendoza.edu.ar\/sitio\/wp-json\/wp\/v2\/pages\/20181"}],"collection":[{"href":"https:\/\/ens9002-infd.mendoza.edu.ar\/sitio\/wp-json\/wp\/v2\/pages"}],"about":[{"href":"https:\/\/ens9002-infd.mendoza.edu.ar\/sitio\/wp-json\/wp\/v2\/types\/page"}],"author":[{"embeddable":true,"href":"https:\/\/ens9002-infd.mendoza.edu.ar\/sitio\/wp-json\/wp\/v2\/users\/4776"}],"replies":[{"embeddable":true,"href":"https:\/\/ens9002-infd.mendoza.edu.ar\/sitio\/wp-json\/wp\/v2\/comments?post=20181"}],"version-history":[{"count":3,"href":"https:\/\/ens9002-infd.mendoza.edu.ar\/sitio\/wp-json\/wp\/v2\/pages\/20181\/revisions"}],"predecessor-version":[{"id":20327,"href":"https:\/\/ens9002-infd.mendoza.edu.ar\/sitio\/wp-json\/wp\/v2\/pages\/20181\/revisions\/20327"}],"wp:attachment":[{"href":"https:\/\/ens9002-infd.mendoza.edu.ar\/sitio\/wp-json\/wp\/v2\/media?parent=20181"}],"curies":[{"name":"wp","href":"https:\/\/api.w.org\/{rel}","templated":true}]}}