{"id":20189,"date":"2026-03-02T15:08:16","date_gmt":"2026-03-02T18:08:16","guid":{"rendered":"https:\/\/ens9002-infd.mendoza.edu.ar\/sitio\/?page_id=20189"},"modified":"2026-03-09T13:17:38","modified_gmt":"2026-03-09T16:17:38","slug":"recreandonos-como-optimizar-nuestra-disponibilidad-corporal-docente-2","status":"publish","type":"page","link":"https:\/\/ens9002-infd.mendoza.edu.ar\/sitio\/recreandonos-como-optimizar-nuestra-disponibilidad-corporal-docente-2\/","title":{"rendered":"Recre\u00e1ndonos \u00bfC\u00f3mo optimizar nuestra disponibilidad corporal docente?"},"content":{"rendered":"\n<div class=\"wp-block-columns is-layout-flex wp-container-6\">\n<div class=\"wp-block-column is-layout-flow\">\n<figure class=\"wp-block-image size-full\"><img decoding=\"async\" loading=\"lazy\" width=\"1080\" height=\"1080\" src=\"https:\/\/ens9002-infd.mendoza.edu.ar\/sitio\/wp-content\/uploads\/2026\/03\/formacio\u0301n-continua-11.png\" alt=\"\" class=\"wp-image-20185\" srcset=\"https:\/\/ens9002-infd.mendoza.edu.ar\/sitio\/wp-content\/uploads\/2026\/03\/formacio\u0301n-continua-11.png 1080w, https:\/\/ens9002-infd.mendoza.edu.ar\/sitio\/wp-content\/uploads\/2026\/03\/formacio\u0301n-continua-11-1000x1000.png 1000w, https:\/\/ens9002-infd.mendoza.edu.ar\/sitio\/wp-content\/uploads\/2026\/03\/formacio\u0301n-continua-11-500x500.png 500w, https:\/\/ens9002-infd.mendoza.edu.ar\/sitio\/wp-content\/uploads\/2026\/03\/formacio\u0301n-continua-11-768x768.png 768w\" sizes=\"(max-width: 1080px) 100vw, 1080px\" \/><\/figure>\n<\/div>\n\n\n\n<div class=\"wp-block-column is-layout-flow\">\n<p>En este curso se abordar\u00e1n tem\u00e1ticas espec\u00edficas sobre la disponibilidad corporal y l\u00fadica<br>docente en situaciones cotidianas; priorizando la realizaci\u00f3n de las actividades pr\u00e1cticas,<br>mediante ejercicios, danzas, juegos y creatividad. Se propone la integraci\u00f3n de actividades<br>vivenciales en encuentros semanales presenciales a fin de redescubrir como docentes el valor<br>de las actividades sociorecreativas para el bienestar mental y emocional, profundizando el<br>conocimiento y valoraci\u00f3n de s\u00ed cada quien, con aportes de las neurociencias.<\/p>\n\n\n\n<p>El curso tambi\u00e9n se dirige a estudiantes avanzados\/as, a quienes no se les otorgar\u00e1 puntaje pero s\u00ed un certificado institucional para su carpeta de antecedentes.<\/p>\n\n\n\n<p><\/p>\n\n\n\n<p><\/p>\n\n\n\n<p><\/p>\n\n\n\n<p><\/p>\n<\/div>\n\n\n\n<div class=\"wp-block-column is-layout-flow\">\n<div class=\"wp-block-buttons is-layout-flex\">\n<div class=\"wp-block-button\"><a class=\"wp-block-button__link has-accent-background-color has-background wp-element-button\" href=\"https:\/\/ens9002-infd.mendoza.edu.ar\/sitio\/wp-content\/uploads\/2026\/03\/Recreandonos-Como-optimizar-nuestra-disponibilidad-corporal-docente.pdf\" target=\"_blank\" rel=\"noreferrer noopener\">M\u00c1S INFORMACI\u00d3N<\/a><\/div>\n<\/div>\n\n\n\n<div style=\"height:55px\" aria-hidden=\"true\" class=\"wp-block-spacer\"><\/div>\n\n\n\n<div class=\"wp-block-buttons is-layout-flex\">\n<div class=\"wp-block-button\"><a class=\"wp-block-button__link has-background wp-element-button\" href=\"https:\/\/ens9002-infd.mendoza.edu.ar\/sitio\/wp-content\/uploads\/2026\/03\/proyecto_66_resolucion.pdf\" style=\"background-color:#1baeae\" target=\"_blank\" rel=\"noreferrer noopener\">RESOLUCI\u00d3N<\/a><\/div>\n<\/div>\n<\/div>\n<\/div>\n","protected":false},"excerpt":{"rendered":"<p>En este curso se abordar\u00e1n tem\u00e1ticas espec\u00edficas sobre la disponibilidad corporal y l\u00fadicadocente en situaciones cotidianas; priorizando la realizaci\u00f3n de las actividades pr\u00e1cticas,mediante ejercicios, danzas, juegos y creatividad. Se propone la integraci\u00f3n de actividadesvivenciales en encuentros semanales presenciales a fin de redescubrir como docentes el valorde las actividades sociorecreativas para el bienestar mental y emocional, &#8230; <a title=\"Recre\u00e1ndonos \u00bfC\u00f3mo optimizar nuestra disponibilidad corporal docente?\" class=\"read-more\" href=\"https:\/\/ens9002-infd.mendoza.edu.ar\/sitio\/recreandonos-como-optimizar-nuestra-disponibilidad-corporal-docente-2\/\" aria-label=\"More on Recre\u00e1ndonos \u00bfC\u00f3mo optimizar nuestra disponibilidad corporal docente?\">[+]<\/a><\/p>\n","protected":false},"author":4776,"featured_media":0,"parent":0,"menu_order":0,"comment_status":"closed","ping_status":"closed","template":"","meta":[],"acf":[],"_links":{"self":[{"href":"https:\/\/ens9002-infd.mendoza.edu.ar\/sitio\/wp-json\/wp\/v2\/pages\/20189"}],"collection":[{"href":"https:\/\/ens9002-infd.mendoza.edu.ar\/sitio\/wp-json\/wp\/v2\/pages"}],"about":[{"href":"https:\/\/ens9002-infd.mendoza.edu.ar\/sitio\/wp-json\/wp\/v2\/types\/page"}],"author":[{"embeddable":true,"href":"https:\/\/ens9002-infd.mendoza.edu.ar\/sitio\/wp-json\/wp\/v2\/users\/4776"}],"replies":[{"embeddable":true,"href":"https:\/\/ens9002-infd.mendoza.edu.ar\/sitio\/wp-json\/wp\/v2\/comments?post=20189"}],"version-history":[{"count":3,"href":"https:\/\/ens9002-infd.mendoza.edu.ar\/sitio\/wp-json\/wp\/v2\/pages\/20189\/revisions"}],"predecessor-version":[{"id":20328,"href":"https:\/\/ens9002-infd.mendoza.edu.ar\/sitio\/wp-json\/wp\/v2\/pages\/20189\/revisions\/20328"}],"wp:attachment":[{"href":"https:\/\/ens9002-infd.mendoza.edu.ar\/sitio\/wp-json\/wp\/v2\/media?parent=20189"}],"curies":[{"name":"wp","href":"https:\/\/api.w.org\/{rel}","templated":true}]}}