{"id":2023,"date":"2018-08-31T14:03:26","date_gmt":"2018-08-31T17:03:26","guid":{"rendered":"https:\/\/ens9002-mza.infd.edu.ar\/sitio\/datos-institucionales\/"},"modified":"2025-04-22T11:27:35","modified_gmt":"2025-04-22T14:27:35","slug":"datos-institucionales","status":"publish","type":"page","link":"https:\/\/ens9002-infd.mendoza.edu.ar\/sitio\/datos-institucionales\/","title":{"rendered":"Datos institucionales"},"content":{"rendered":"<h2 style=\"text-align: center;\"><span style=\"color: #000080; font-size: 10pt; font-family: verdana, geneva;\"><img decoding=\"async\" loading=\"lazy\" class=\"alignnone wp-image-5475\" src=\"https:\/\/ens9002-infd.mendoza.edu.ar\/sitio\/wp-content\/uploads\/2020\/08\/Untitled-16-11-1000x183.png\" alt=\"\" width=\"1316\" height=\"241\" srcset=\"https:\/\/ens9002-infd.mendoza.edu.ar\/sitio\/wp-content\/uploads\/2020\/08\/Untitled-16-11-1000x183.png 1000w, https:\/\/ens9002-infd.mendoza.edu.ar\/sitio\/wp-content\/uploads\/2020\/08\/Untitled-16-11-768x140.png 768w, https:\/\/ens9002-infd.mendoza.edu.ar\/sitio\/wp-content\/uploads\/2020\/08\/Untitled-16-11.png 1101w\" sizes=\"(max-width: 1316px) 100vw, 1316px\" \/>&nbsp;<\/span><\/h2>\n<h2><\/h2>\n<h2 style=\"text-align: center;\"><span style=\"color: #000080; font-size: 10pt; font-family: verdana, geneva;\"><a href=\"https:\/\/www.google.com.ar\/maps\/search\/ies+9002\/@-32.8914793,-68.8464727,17z\/data=!3m1!4b1?hl=es&amp;authuser=0\"><img decoding=\"async\" loading=\"lazy\" class=\"size-full wp-image-5472 aligncenter\" src=\"https:\/\/ens9002-infd.mendoza.edu.ar\/sitio\/wp-content\/uploads\/2020\/08\/Captura-de-pantalla-2020-08-26-a-las-5.45.34-p.m..png\" alt=\"\" width=\"660\" height=\"543\"><\/a><\/span><\/h2>\n<p>La instituci\u00f3n se ubica en el <strong>microcentro<\/strong> de la <strong>Ciudad de Mendoza<\/strong>, lo que posibilita el fluido acceso de la comunidad educativa, en especial del estudiantado, que proviene de distintos departamentos de Mendoza.<\/p>\n<p>El cursado de las carreras se distribuye en 4 edificios que forman parte de una misma manzana -m\u00e1s uno alquilado, a 150 m-, que se ubican uno al lado del otro, entre las calles Rivadavia al norte, Mitre al oeste y Montevideo al sur.<\/p>\n<p>En el marco espacial circundante, se relaciona con otras organizaciones del sistema educativo, comercial, financiero, organismos gubernamentales y no gubernamentales. Los v\u00ednculos son necesarios para la profesionalizaci\u00f3n de quienes estudian en el instituto, tanto para la formaci\u00f3n docente como para la formaci\u00f3n t\u00e9cnica. Estas organizaciones se denominan escuelas asociadas -por la legislaci\u00f3n vigente- y en sentido amplio<em> instituciones asociadas<\/em>. El establecimiento de interrelaciones constituye una de las exigencias para el desarrollo y continuidad de la instituci\u00f3n en el medio.<\/p>\n<hr>\n<h5 style=\"text-align: left;\"><span style=\"color: #1a52a2;\"><strong>Mitre 929 (CP 5500) &#8211; Ciudad de Mendoza<\/strong><\/span><span style=\"color: #1a52a2;\"><strong>&nbsp;| normal9002@mendoza.edu.ar&nbsp; | <a href=\"https:\/\/www.instagram.com\/institutotgc\/\" target=\"_blank\" rel=\"noopener\"><img decoding=\"async\" loading=\"lazy\" class=\"alignnone  wp-image-6689\" src=\"https:\/\/ens9002-infd.mendoza.edu.ar\/sitio\/wp-content\/uploads\/2020\/11\/Instagram-para-pag.jpg\" alt=\"\" width=\"32\" height=\"30\"><\/a>&nbsp;&nbsp;<a href=\"https:\/\/www.youtube.com\/channel\/UChNET6BozfAkx-ghXeZDFrw\" target=\"_blank\" rel=\"noopener\"><img decoding=\"async\" loading=\"lazy\" class=\"alignnone  wp-image-6692\" src=\"https:\/\/ens9002-infd.mendoza.edu.ar\/sitio\/wp-content\/uploads\/2020\/11\/Youtube-para-p\u00e1g-1.jpg\" alt=\"\" width=\"41\" height=\"31\"><\/a>&nbsp; &nbsp;<a href=\"https:\/\/www.facebook.com\/OficialTGC\" target=\"_blank\" rel=\"noopener\"><img decoding=\"async\" loading=\"lazy\" class=\"alignnone  wp-image-6683\" src=\"https:\/\/ens9002-infd.mendoza.edu.ar\/sitio\/wp-content\/uploads\/2020\/11\/Face-para-pag.jpg\" alt=\"\" width=\"31\" height=\"29\"><\/a><\/strong><\/span><\/h5>\n<h5 style=\"text-align: left;\"><\/h5>\n<h6 style=\"text-align: center;\"><\/h6>\n","protected":false},"excerpt":{"rendered":"<p>&nbsp; La instituci\u00f3n se ubica en el microcentro de la Ciudad de Mendoza, lo que posibilita el fluido acceso de la comunidad educativa, en especial del estudiantado, que proviene de distintos departamentos de Mendoza. El cursado de las carreras se distribuye en 4 edificios que forman parte de una misma manzana -m\u00e1s uno alquilado, a &#8230; <a title=\"Datos institucionales\" class=\"read-more\" href=\"https:\/\/ens9002-infd.mendoza.edu.ar\/sitio\/datos-institucionales\/\" aria-label=\"More on Datos institucionales\">[+]<\/a><\/p>\n","protected":false},"author":4776,"featured_media":0,"parent":0,"menu_order":0,"comment_status":"closed","ping_status":"closed","template":"","meta":[],"acf":[],"_links":{"self":[{"href":"https:\/\/ens9002-infd.mendoza.edu.ar\/sitio\/wp-json\/wp\/v2\/pages\/2023"}],"collection":[{"href":"https:\/\/ens9002-infd.mendoza.edu.ar\/sitio\/wp-json\/wp\/v2\/pages"}],"about":[{"href":"https:\/\/ens9002-infd.mendoza.edu.ar\/sitio\/wp-json\/wp\/v2\/types\/page"}],"author":[{"embeddable":true,"href":"https:\/\/ens9002-infd.mendoza.edu.ar\/sitio\/wp-json\/wp\/v2\/users\/4776"}],"replies":[{"embeddable":true,"href":"https:\/\/ens9002-infd.mendoza.edu.ar\/sitio\/wp-json\/wp\/v2\/comments?post=2023"}],"version-history":[{"count":24,"href":"https:\/\/ens9002-infd.mendoza.edu.ar\/sitio\/wp-json\/wp\/v2\/pages\/2023\/revisions"}],"predecessor-version":[{"id":18281,"href":"https:\/\/ens9002-infd.mendoza.edu.ar\/sitio\/wp-json\/wp\/v2\/pages\/2023\/revisions\/18281"}],"wp:attachment":[{"href":"https:\/\/ens9002-infd.mendoza.edu.ar\/sitio\/wp-json\/wp\/v2\/media?parent=2023"}],"curies":[{"name":"wp","href":"https:\/\/api.w.org\/{rel}","templated":true}]}}