{"id":2047,"date":"2018-08-31T14:03:36","date_gmt":"2018-08-31T17:03:36","guid":{"rendered":"https:\/\/ens9002-mza.infd.edu.ar\/sitio\/estructura-curricular\/"},"modified":"2020-11-16T03:36:56","modified_gmt":"2020-11-16T06:36:56","slug":"estructura-curricular","status":"publish","type":"page","link":"https:\/\/ens9002-infd.mendoza.edu.ar\/sitio\/estructura-curricular\/","title":{"rendered":"Estructura Curricular"},"content":{"rendered":"<p><img decoding=\"async\" loading=\"lazy\" style=\"display: block; margin-left: auto; margin-right: auto;\" src=\"https:\/\/ens9002-infd.mendoza.edu.ar\/sitio\/upload\/img\/2BfPoDlEpBJdfimagen_incrustada1.png\" alt=\"\" width=\"656\" height=\"372\" border=\"0\" \/><\/p>\n<p>&nbsp;<\/p>\n<p><img decoding=\"async\" loading=\"lazy\" class=\"aligncenter wp-image-5052\" src=\"https:\/\/ens9002-infd.mendoza.edu.ar\/sitio\/wp-content\/uploads\/2020\/07\/Matematica.png\" alt=\"\" width=\"800\" height=\"465\" srcset=\"https:\/\/ens9002-infd.mendoza.edu.ar\/sitio\/wp-content\/uploads\/2020\/07\/Matematica.png 954w, https:\/\/ens9002-infd.mendoza.edu.ar\/sitio\/wp-content\/uploads\/2020\/07\/Matematica-768x447.png 768w\" sizes=\"(max-width: 800px) 100vw, 800px\" \/><\/p>\n<p style=\"text-align: center;\"><span style=\"color: #000000;\">Enlace a la ESTRUCTURA CURRICULAR &#8211; PLAN DE ESTUDIOS DEL PROFESORADO EN MATEM\u00c1TICA para su descarga e impresi\u00f3n &#8211;<a style=\"color: #000000;\" href=\"https:\/\/ens9002-infd.mendoza.edu.ar\/sitio\/wp-content\/uploads\/2020\/08\/PLan-de-Estudios-Profesorado-en-Matem\u00e1tica.pdf\">hac\u00e9 clic aqu\u00ed-<\/a><\/span><\/p>\n<p><a href=\"https:\/\/ens9002-infd.mendoza.edu.ar\/sitio\/prof-en-matematica\/\"><img decoding=\"async\" loading=\"lazy\" class=\"aligncenter wp-image-5025 size-full\" src=\"https:\/\/ens9002-infd.mendoza.edu.ar\/sitio\/wp-content\/uploads\/2020\/07\/volver-e1596227399907.png\" alt=\"\" width=\"80\" height=\"80\" \/><\/a><\/p>\n","protected":false},"excerpt":{"rendered":"<p>&nbsp; Enlace a la ESTRUCTURA CURRICULAR &#8211; PLAN DE ESTUDIOS DEL PROFESORADO EN MATEM\u00c1TICA para su descarga e impresi\u00f3n &#8211;hac\u00e9 clic aqu\u00ed-<\/p>\n","protected":false},"author":5332,"featured_media":0,"parent":0,"menu_order":0,"comment_status":"closed","ping_status":"closed","template":"","meta":[],"acf":[],"_links":{"self":[{"href":"https:\/\/ens9002-infd.mendoza.edu.ar\/sitio\/wp-json\/wp\/v2\/pages\/2047"}],"collection":[{"href":"https:\/\/ens9002-infd.mendoza.edu.ar\/sitio\/wp-json\/wp\/v2\/pages"}],"about":[{"href":"https:\/\/ens9002-infd.mendoza.edu.ar\/sitio\/wp-json\/wp\/v2\/types\/page"}],"author":[{"embeddable":true,"href":"https:\/\/ens9002-infd.mendoza.edu.ar\/sitio\/wp-json\/wp\/v2\/users\/5332"}],"replies":[{"embeddable":true,"href":"https:\/\/ens9002-infd.mendoza.edu.ar\/sitio\/wp-json\/wp\/v2\/comments?post=2047"}],"version-history":[{"count":11,"href":"https:\/\/ens9002-infd.mendoza.edu.ar\/sitio\/wp-json\/wp\/v2\/pages\/2047\/revisions"}],"predecessor-version":[{"id":6671,"href":"https:\/\/ens9002-infd.mendoza.edu.ar\/sitio\/wp-json\/wp\/v2\/pages\/2047\/revisions\/6671"}],"wp:attachment":[{"href":"https:\/\/ens9002-infd.mendoza.edu.ar\/sitio\/wp-json\/wp\/v2\/media?parent=2047"}],"curies":[{"name":"wp","href":"https:\/\/api.w.org\/{rel}","templated":true}]}}