{"id":20476,"date":"2026-04-14T13:25:14","date_gmt":"2026-04-14T16:25:14","guid":{"rendered":"https:\/\/ens9002-infd.mendoza.edu.ar\/sitio\/?page_id=20476"},"modified":"2026-04-16T09:12:55","modified_gmt":"2026-04-16T12:12:55","slug":"investigacion-2026","status":"publish","type":"page","link":"https:\/\/ens9002-infd.mendoza.edu.ar\/sitio\/investigacion-2026\/","title":{"rendered":"INVESTIGACI\u00d3N 2026"},"content":{"rendered":"\n<figure class=\"wp-block-image size-large\"><img decoding=\"async\" loading=\"lazy\" width=\"1900\" height=\"543\" src=\"https:\/\/ens9002-infd.mendoza.edu.ar\/sitio\/wp-content\/uploads\/2026\/04\/metaslide-1-1900x543.jpg\" alt=\"\" class=\"wp-image-20485\" srcset=\"https:\/\/ens9002-infd.mendoza.edu.ar\/sitio\/wp-content\/uploads\/2026\/04\/metaslide-1-1900x543.jpg 1900w, https:\/\/ens9002-infd.mendoza.edu.ar\/sitio\/wp-content\/uploads\/2026\/04\/metaslide-1-1000x286.jpg 1000w, https:\/\/ens9002-infd.mendoza.edu.ar\/sitio\/wp-content\/uploads\/2026\/04\/metaslide-1-768x219.jpg 768w, https:\/\/ens9002-infd.mendoza.edu.ar\/sitio\/wp-content\/uploads\/2026\/04\/metaslide-1-1536x439.jpg 1536w, https:\/\/ens9002-infd.mendoza.edu.ar\/sitio\/wp-content\/uploads\/2026\/04\/metaslide-1-2048x585.jpg 2048w\" sizes=\"(max-width: 1900px) 100vw, 1900px\" \/><\/figure>\n\n\n\n<p class=\"has-medium-font-size\">CONVOCATORIA PARA PRESENTACI\u00d3N DE PROYECTOS DE INVESTIGACI\u00d3N 2026<\/p>\n\n\n\n<p>La Jefatura de Investigaci\u00f3n del Instituto de Educaci\u00f3n Superior 9002 llama a profesores\/as de la instituci\u00f3n, egresados\/as y estudiantes a <strong>presentar proyectos de investigaci\u00f3n <\/strong>para favorecer la resoluci\u00f3n de problem\u00e1ticas en el territorio y para promover la producci\u00f3n de saberes situados.<\/p>\n\n\n\n<p>La convocatoria general se enfoca en el relevamiento, an\u00e1lisis y\/o evaluaci\u00f3n de datos para la resoluci\u00f3n de problemas pr\u00e1cticos y para el dise\u00f1o de pol\u00edticas p\u00fablicas orientadas a la mejora de los procesos de ense\u00f1anza y aprendizaje, la gesti\u00f3n institucional, la articulaci\u00f3n entre instituciones y el fortalecimiento del nivel.<\/p>\n\n\n\n<p class=\"has-medium-font-size\">L\u00cdNEAS PRIORITARIAS DE INVESTIGACI\u00d3N PARA 2026<\/p>\n\n\n\n<p><strong>Acceso a la educaci\u00f3n superior no universitaria<\/strong><\/p>\n\n\n\n<ul>\n<li>Factores socioecon\u00f3micos, geogr\u00e1ficos y culturales que afectan el ingreso.<\/li>\n<\/ul>\n\n\n\n<ul>\n<li>Evaluaci\u00f3n de pol\u00edticas de acceso inclusivo.<\/li>\n<\/ul>\n\n\n\n<ul>\n<li>An\u00e1lisis de elecci\u00f3n de carreras y distribuci\u00f3n de oportunidades.<\/li>\n<\/ul>\n\n\n\n<p><strong>Permanencia y factores de deserci\u00f3n<\/strong><\/p>\n\n\n\n<ul>\n<li>Identificaci\u00f3n de variables acad\u00e9micas, personales y contextuales.<\/li>\n<\/ul>\n\n\n\n<ul>\n<li>Impacto de la carga horaria y modalidad de cursado.<\/li>\n<\/ul>\n\n\n\n<ul>\n<li>Evaluaci\u00f3n de tutor\u00edas, acompa\u00f1amiento y apoyo institucional.<\/li>\n<\/ul>\n\n\n\n<p><strong>Estrategias de apoyo y pol\u00edticas de retenci\u00f3n<\/strong><\/p>\n\n\n\n<ul>\n<li>Evaluaci\u00f3n de programas de becas y subsidios.<\/li>\n<\/ul>\n\n\n\n<ul>\n<li>Impacto de estrategias de ense\u00f1anza y evaluaci\u00f3n.<\/li>\n<\/ul>\n\n\n\n<ul>\n<li>Uso de plataformas de aprendizaje y entornos virtuales en la retenci\u00f3n estudiantil.<\/li>\n<\/ul>\n\n\n\n<p><strong>Egreso y transici\u00f3n al mundo laboral<\/strong><\/p>\n\n\n\n<ul>\n<li>Factores que influyen en la finalizaci\u00f3n o abandono.<\/li>\n<\/ul>\n\n\n\n<ul>\n<li>Evaluaci\u00f3n de competencias adquiridas y empleabilidad.<\/li>\n<\/ul>\n\n\n\n<ul>\n<li>Seguimiento de egresados e inserci\u00f3n laboral.<\/li>\n<\/ul>\n\n\n\n<p>Con este objetivo, el \u00c1rea de Investigaci\u00f3n de la Direcci\u00f3n de Educaci\u00f3n Superior ha propuesto la siguiente agenda de trabajo:<\/p>\n\n\n\n<ul>\n<li><strong>Apertura de la convocatoria: 15 de abril de 2026<\/strong><\/li>\n\n\n\n<li><strong>Cierre de presentaci\u00f3n de proyectos: 15 de mayo de 2026<\/strong><\/li>\n<\/ul>\n\n\n\n<p>Para saldar dudas y consultas, comunicarse con la Jefatura de Investigaci\u00f3n del instituto a cargo de la profesora Cecilia Pirrone, a trav\u00e9s de un correo electr\u00f3nico a <a href=\"mailto:investigaciontgc@gmail.com\">investigaciontgc@gmail.com<\/a>&nbsp;<\/p>\n\n\n\n<p class=\"has-medium-font-size\">PARA TENER EN CUENTA:<\/p>\n\n\n\n<ul>\n<li>&nbsp;La investigaci\u00f3n que se realiza en el nivel superior se rige por su normativa espec\u00edfica y le otorga puntaje al docente y a la docente participante.<\/li>\n\n\n\n<li>Al investigar, te sum\u00e1s a participar de los grupos de docentes de los IES de la Provincia de Mendoza y pod\u00e9s presentar tus resultados en congresos, jornadas y conferencias.<\/li>\n\n\n\n<li>A los equipos de investigaci\u00f3n pueden sumarse docentes, profesionales del medio, egresados y egresadas y estudiantes de nivel superior.<\/li>\n<\/ul>\n","protected":false},"excerpt":{"rendered":"<p>CONVOCATORIA PARA PRESENTACI\u00d3N DE PROYECTOS DE INVESTIGACI\u00d3N 2026 La Jefatura de Investigaci\u00f3n del Instituto de Educaci\u00f3n Superior 9002 llama a profesores\/as de la instituci\u00f3n, egresados\/as y estudiantes a presentar proyectos de investigaci\u00f3n para favorecer la resoluci\u00f3n de problem\u00e1ticas en el territorio y para promover la producci\u00f3n de saberes situados. La convocatoria general se enfoca en &#8230; <a title=\"INVESTIGACI\u00d3N 2026\" class=\"read-more\" href=\"https:\/\/ens9002-infd.mendoza.edu.ar\/sitio\/investigacion-2026\/\" aria-label=\"More on INVESTIGACI\u00d3N 2026\">[+]<\/a><\/p>\n","protected":false},"author":4865,"featured_media":0,"parent":0,"menu_order":0,"comment_status":"closed","ping_status":"closed","template":"","meta":[],"acf":[],"_links":{"self":[{"href":"https:\/\/ens9002-infd.mendoza.edu.ar\/sitio\/wp-json\/wp\/v2\/pages\/20476"}],"collection":[{"href":"https:\/\/ens9002-infd.mendoza.edu.ar\/sitio\/wp-json\/wp\/v2\/pages"}],"about":[{"href":"https:\/\/ens9002-infd.mendoza.edu.ar\/sitio\/wp-json\/wp\/v2\/types\/page"}],"author":[{"embeddable":true,"href":"https:\/\/ens9002-infd.mendoza.edu.ar\/sitio\/wp-json\/wp\/v2\/users\/4865"}],"replies":[{"embeddable":true,"href":"https:\/\/ens9002-infd.mendoza.edu.ar\/sitio\/wp-json\/wp\/v2\/comments?post=20476"}],"version-history":[{"count":3,"href":"https:\/\/ens9002-infd.mendoza.edu.ar\/sitio\/wp-json\/wp\/v2\/pages\/20476\/revisions"}],"predecessor-version":[{"id":20486,"href":"https:\/\/ens9002-infd.mendoza.edu.ar\/sitio\/wp-json\/wp\/v2\/pages\/20476\/revisions\/20486"}],"wp:attachment":[{"href":"https:\/\/ens9002-infd.mendoza.edu.ar\/sitio\/wp-json\/wp\/v2\/media?parent=20476"}],"curies":[{"name":"wp","href":"https:\/\/api.w.org\/{rel}","templated":true}]}}