{"id":2055,"date":"2018-08-31T14:03:39","date_gmt":"2018-08-31T17:03:39","guid":{"rendered":"https:\/\/ens9002-mza.infd.edu.ar\/sitio\/perfil-del-egresado-2\/"},"modified":"2020-11-02T17:06:58","modified_gmt":"2020-11-02T20:06:58","slug":"perfil-del-egresado-2","status":"publish","type":"page","link":"https:\/\/ens9002-infd.mendoza.edu.ar\/sitio\/perfil-del-egresado-2\/","title":{"rendered":"Perfil de egresados y egresadas de Profesorado en Educaci\u00f3n Primaria"},"content":{"rendered":"<p dir=\"ltr\" style=\"line-height: 1.38; text-align: justify; margin-top: 0pt; margin-bottom: 0pt; padding: 0pt 0pt 19pt;\"><span id=\"docs-internal-guid-94e09479-7fff-f694-dec9-86da5ecf760b\" style=\"color: #000000;\"><span style=\"font-size: 12pt; font-family: Arial; background-color: transparent; font-weight: bold; font-variant-numeric: normal; font-variant-east-asian: normal; vertical-align: baseline; white-space: pre-wrap;\">La docencia es un trabajo profesional <\/span><span style=\"font-size: 12pt; font-family: Arial; background-color: transparent; font-variant-numeric: normal; font-variant-east-asian: normal; vertical-align: baseline; white-space: pre-wrap;\">que se lleva a cabo en las instituciones educativas, en el marco de la construcci\u00f3n colectiva de intereses p\u00fablicos, de significados y aspiraciones compartidas y del <\/span><span style=\"font-size: 12pt; font-family: Arial; background-color: transparent; font-weight: bold; font-variant-numeric: normal; font-variant-east-asian: normal; vertical-align: baseline; white-space: pre-wrap;\">derecho social a la educaci\u00f3n<\/span><span style=\"font-size: 12pt; font-family: Arial; background-color: transparent; font-variant-numeric: normal; font-variant-east-asian: normal; vertical-align: baseline; white-space: pre-wrap;\">. Ello implica la necesaria <\/span><span style=\"font-size: 12pt; font-family: Arial; background-color: transparent; font-weight: bold; font-variant-numeric: normal; font-variant-east-asian: normal; vertical-align: baseline; white-space: pre-wrap;\">autonom\u00eda y responsabilidad<\/span><span style=\"font-size: 12pt; font-family: Arial; background-color: transparent; font-variant-numeric: normal; font-variant-east-asian: normal; vertical-align: baseline; white-space: pre-wrap;\"> profesional para la genuina toma personal de decisiones para <\/span><span style=\"font-size: 12pt; font-family: Arial; background-color: transparent; font-weight: bold; font-variant-numeric: normal; font-variant-east-asian: normal; vertical-align: baseline; white-space: pre-wrap;\">ense\u00f1ar<\/span><span style=\"font-size: 12pt; font-family: Arial; background-color: transparent; font-variant-numeric: normal; font-variant-east-asian: normal; vertical-align: baseline; white-space: pre-wrap;\">, como una actividad comprometida, simbolizante, enriquecedora y para construir espacios de <\/span><span style=\"font-size: 12pt; font-family: Arial; background-color: transparent; font-weight: bold; font-variant-numeric: normal; font-variant-east-asian: normal; vertical-align: baseline; white-space: pre-wrap;\">trabajo compartido y colaborativo<\/span><span style=\"font-size: 12pt; font-family: Arial; background-color: transparent; font-variant-numeric: normal; font-variant-east-asian: normal; vertical-align: baseline; white-space: pre-wrap;\"> en las instituciones escolares en las que el trabajo del equipo docente pueda primar por sobre el trabajo individual y aislado. Esto exige integrarse con facilidad en equipos, grupos de pares, con el fin de <\/span><span style=\"font-size: 12pt; font-family: Arial; background-color: transparent; font-weight: bold; font-variant-numeric: normal; font-variant-east-asian: normal; vertical-align: baseline; white-space: pre-wrap;\">reflexionar sobre el aprendizaje<\/span><span style=\"font-size: 12pt; font-family: Arial; background-color: transparent; font-variant-numeric: normal; font-variant-east-asian: normal; vertical-align: baseline; white-space: pre-wrap;\">, nuevos modelos did\u00e1cticos y problem\u00e1ticas compartidas para superarlas en forma creativa y colectiva.<\/span><\/span><\/p>\n<p dir=\"ltr\" style=\"line-height: 1.38; text-align: justify; margin-top: 0pt; margin-bottom: 0pt; padding: 0pt 0pt 19pt;\"><span id=\"docs-internal-guid-94e09479-7fff-f694-dec9-86da5ecf760b\" style=\"color: #000000;\"><span style=\"font-size: 12pt; font-family: Arial; background-color: transparent; font-variant-numeric: normal; font-variant-east-asian: normal; vertical-align: baseline; white-space: pre-wrap;\">Se entiende a la docencia como <\/span><span style=\"font-size: 12pt; font-family: Arial; background-color: transparent; font-weight: bold; font-variant-numeric: normal; font-variant-east-asian: normal; vertical-align: baseline; white-space: pre-wrap;\">pr\u00e1ctica de mediaci\u00f3n cultural reflexiva y cr\u00edtica<\/span><span style=\"font-size: 12pt; font-family: Arial; background-color: transparent; font-variant-numeric: normal; font-variant-east-asian: normal; vertical-align: baseline; white-space: pre-wrap;\">, caracterizada por la capacidad para contextualizar las <\/span><span style=\"font-size: 12pt; font-family: Arial; background-color: transparent; font-weight: bold; font-variant-numeric: normal; font-variant-east-asian: normal; vertical-align: baseline; white-space: pre-wrap;\">intervenciones de ense\u00f1anza en pos de encontrar diferentes y mejores formas de posibilitar los aprendizajes de los y las estudiantes<\/span><span style=\"font-size: 12pt; font-family: Arial; background-color: transparent; font-variant-numeric: normal; font-variant-east-asian: normal; vertical-align: baseline; white-space: pre-wrap;\"> y apoyar procesos democr\u00e1ticos en el\u00a0 interior de las instituciones educativas y de las aulas, a partir de ideales de justicia y de logro de mejores y m\u00e1s dignas condiciones de vida para los y las estudiantes.<\/span><\/span><\/p>\n<p dir=\"ltr\" style=\"line-height: 1.38; text-align: justify; margin-top: 0pt; margin-bottom: 19pt;\"><span id=\"docs-internal-guid-94e09479-7fff-f694-dec9-86da5ecf760b\" style=\"color: #000000;\"><span style=\"font-size: 12pt; font-family: Arial; background-color: transparent; font-weight: bold; font-variant-numeric: normal; font-variant-east-asian: normal; vertical-align: baseline; white-space: pre-wrap;\">Se busca formar formar docentes para el Nivel Primario que sean personas comprometidas, mediadoras interculturales, animadoras de una comunidad educativa, garantes de la Ley y organizadoras de una vida democr\u00e1tica, intelectual y conductor cultural.\u00a0<\/span><\/span><\/p>\n<div style=\"text-align: justify;\">\n<div id='gallery-1' class='gallery galleryid-2055 gallery-columns-4 gallery-size-thumbnail'><figure class='gallery-item'>\n\t\t\t<div class='gallery-icon landscape'>\n\t\t\t\t<a href='https:\/\/ens9002-infd.mendoza.edu.ar\/sitio\/informacion-general\/whatsapp-image-2018-09-29-at-7-20-16-pm\/#main'><img width=\"500\" height=\"500\" src=\"https:\/\/ens9002-infd.mendoza.edu.ar\/sitio\/wp-content\/uploads\/2020\/07\/WhatsApp-Image-2018-09-29-at-7.20.16-PM-500x500.jpeg\" class=\"attachment-thumbnail size-thumbnail\" alt=\"\" decoding=\"async\" loading=\"lazy\" \/><\/a>\n\t\t\t<\/div><\/figure><figure class='gallery-item'>\n\t\t\t<div class='gallery-icon portrait'>\n\t\t\t\t<a href='https:\/\/ens9002-infd.mendoza.edu.ar\/sitio\/informacion-general\/whatsapp-image-2018-09-29-at-7-04-01-pm\/#main'><img width=\"500\" height=\"500\" src=\"https:\/\/ens9002-infd.mendoza.edu.ar\/sitio\/wp-content\/uploads\/2020\/07\/WhatsApp-Image-2018-09-29-at-7.04.01-PM-500x500.jpeg\" class=\"attachment-thumbnail size-thumbnail\" alt=\"\" decoding=\"async\" loading=\"lazy\" \/><\/a>\n\t\t\t<\/div><\/figure><figure class='gallery-item'>\n\t\t\t<div class='gallery-icon landscape'>\n\t\t\t\t<a href='https:\/\/ens9002-infd.mendoza.edu.ar\/sitio\/informacion-general\/img_2763\/#main'><img width=\"500\" height=\"500\" src=\"https:\/\/ens9002-infd.mendoza.edu.ar\/sitio\/wp-content\/uploads\/2020\/07\/IMG_2763-500x500.jpg\" class=\"attachment-thumbnail size-thumbnail\" alt=\"\" decoding=\"async\" loading=\"lazy\" \/><\/a>\n\t\t\t<\/div><\/figure><figure class='gallery-item'>\n\t\t\t<div class='gallery-icon landscape'>\n\t\t\t\t<a href='https:\/\/ens9002-infd.mendoza.edu.ar\/sitio\/informacion-general\/whatsapp-image-2018-09-29-at-7-06-54-pm\/#main'><img width=\"500\" height=\"500\" src=\"https:\/\/ens9002-infd.mendoza.edu.ar\/sitio\/wp-content\/uploads\/2020\/07\/WhatsApp-Image-2018-09-29-at-7.06.54-PM-500x500.jpeg\" class=\"attachment-thumbnail size-thumbnail\" alt=\"\" decoding=\"async\" loading=\"lazy\" \/><\/a>\n\t\t\t<\/div><\/figure>\n\t\t<\/div>\n\n<p><span style=\"color: #000000;\">Se pretende formar docentes con capacidad de:<\/span><\/p>\n<p><span style=\"color: #000000;\"><strong>Asumirse como un ser aut\u00f3nomo, comprometido con la realidad sociocultural en la cual est\u00e1 inserto, que pueda:<\/strong><\/span><\/p>\n<\/div>\n<ul>\n<li dir=\"ltr\" style=\"line-height: 1.38; text-align: justify;\" role=\"presentation\"><span id=\"docs-internal-guid-4e945e1c-7fff-3657-4cbf-164e724fac90\" style=\"color: #000000;\"><span style=\"font-size: 12pt; background-color: transparent; font-variant-numeric: normal; font-variant-east-asian: normal; vertical-align: baseline; white-space: pre-wrap;\">Reflexionar sobre su propia historia y experiencias.<\/span><\/span><\/li>\n<li dir=\"ltr\" style=\"line-height: 1.38; text-align: justify;\" role=\"presentation\"><span id=\"docs-internal-guid-4e945e1c-7fff-3657-4cbf-164e724fac90\" style=\"color: #000000;\"><span style=\"font-size: 12pt; background-color: transparent; font-variant-numeric: normal; font-variant-east-asian: normal; vertical-align: baseline; white-space: pre-wrap;\">Aceptar sus limitaciones y optimizar sus posibilidades.<\/span><\/span><\/li>\n<li dir=\"ltr\" style=\"line-height: 1.38; text-align: justify;\" role=\"presentation\"><span id=\"docs-internal-guid-4e945e1c-7fff-3657-4cbf-164e724fac90\" style=\"color: #000000;\"><span style=\"font-size: 12pt; background-color: transparent; font-variant-numeric: normal; font-variant-east-asian: normal; vertical-align: baseline; white-space: pre-wrap;\">Concebirse como un sujeto en proceso de construcci\u00f3n din\u00e1mica.<\/span><\/span><\/li>\n<li dir=\"ltr\" style=\"line-height: 1.38; text-align: justify;\" role=\"presentation\"><span id=\"docs-internal-guid-4e945e1c-7fff-3657-4cbf-164e724fac90\" style=\"color: #000000;\"><span style=\"font-size: 12pt; background-color: transparent; font-variant-numeric: normal; font-variant-east-asian: normal; vertical-align: baseline; white-space: pre-wrap;\">Establecer v\u00ednculos basados en el respeto y valorizaci\u00f3n rec\u00edprocos.<\/span><\/span><\/li>\n<li dir=\"ltr\" style=\"line-height: 1.38; text-align: justify;\" role=\"presentation\"><span id=\"docs-internal-guid-4e945e1c-7fff-3657-4cbf-164e724fac90\" style=\"color: #000000;\"><span style=\"font-size: 12pt; background-color: transparent; font-variant-numeric: normal; font-variant-east-asian: normal; vertical-align: baseline; white-space: pre-wrap;\">Entablar una buena relaci\u00f3n con los alumnos, dando lugar a las experiencias personales, las preguntas, los intereses y las motivaciones.<\/span><\/span><\/li>\n<li dir=\"ltr\" style=\"line-height: 1.38; text-align: justify;\" role=\"presentation\"><span id=\"docs-internal-guid-4e945e1c-7fff-3657-4cbf-164e724fac90\" style=\"color: #000000;\"><span style=\"font-size: 12pt; background-color: transparent; font-variant-numeric: normal; font-variant-east-asian: normal; vertical-align: baseline; white-space: pre-wrap;\">Valorar al otro como sujeto pensante, social e hist\u00f3ricamente constituido o en proceso de constituci\u00f3n.<\/span><\/span><\/li>\n<li dir=\"ltr\" style=\"line-height: 1.38; text-align: justify;\" role=\"presentation\"><span id=\"docs-internal-guid-4e945e1c-7fff-3657-4cbf-164e724fac90\" style=\"color: #000000;\"><span style=\"font-size: 12pt; background-color: transparent; font-variant-numeric: normal; font-variant-east-asian: normal; vertical-align: baseline; white-space: pre-wrap;\">Desarrollarse como protagonista responsable del momento hist\u00f3rico en el que le toca desempe\u00f1arse.<\/span><\/span><\/li>\n<\/ul>\n<p dir=\"ltr\" style=\"line-height: 1.38; margin-top: 0pt; margin-bottom: 19pt; text-align: justify;\"><span style=\"color: #000000;\"><strong><span id=\"docs-internal-guid-4e945e1c-7fff-3657-4cbf-164e724fac90\"><span style=\"font-size: 12pt; font-family: Arial; background-color: transparent; font-variant-numeric: normal; font-variant-east-asian: normal; vertical-align: baseline; white-space: pre-wrap;\">Construir din\u00e1micamente una identidad como profesional docente que le permita:<\/span><\/span><\/strong><\/span><\/p>\n<ul>\n<li dir=\"ltr\" style=\"line-height: 1.38; text-align: justify;\" role=\"presentation\"><span id=\"docs-internal-guid-4e945e1c-7fff-3657-4cbf-164e724fac90\" style=\"color: #000000;\"><span style=\"font-size: 12pt; background-color: transparent; font-variant-numeric: normal; font-variant-east-asian: normal; vertical-align: baseline; white-space: pre-wrap;\">Identificar las caracter\u00edsticas y necesidades de aprendizaje de los alumnos como base para su actuaci\u00f3n docente.<\/span><\/span><\/li>\n<li dir=\"ltr\" style=\"line-height: 1.38; text-align: justify;\" role=\"presentation\"><span id=\"docs-internal-guid-4e945e1c-7fff-3657-4cbf-164e724fac90\" style=\"color: #000000;\"><span style=\"font-size: 12pt; background-color: transparent; font-variant-numeric: normal; font-variant-east-asian: normal; vertical-align: baseline; white-space: pre-wrap;\">Concebir y desarrollar dispositivos pedag\u00f3gicos para la diversidad asentados sobre la confianza en las posibilidades de aprender de los alumnos.<\/span><\/span><\/li>\n<li dir=\"ltr\" style=\"line-height: 1.38; text-align: justify;\" role=\"presentation\"><span id=\"docs-internal-guid-4e945e1c-7fff-3657-4cbf-164e724fac90\" style=\"color: #000000;\"><span style=\"font-size: 12pt; background-color: transparent; font-variant-numeric: normal; font-variant-east-asian: normal; vertical-align: baseline; white-space: pre-wrap;\">Involucrar activamente a los alumnos en sus aprendizajes y en su trabajo de modo que sea posible la integraci\u00f3n y la conexi\u00f3n de los conocimientos a los esquemas conceptuales que poseen.<\/span><\/span><\/li>\n<li dir=\"ltr\" style=\"line-height: 1.38; text-align: justify;\" role=\"presentation\"><span id=\"docs-internal-guid-4e945e1c-7fff-3657-4cbf-164e724fac90\" style=\"color: #000000;\"><span style=\"font-size: 12pt; background-color: transparent; font-variant-numeric: normal; font-variant-east-asian: normal; vertical-align: baseline; white-space: pre-wrap;\">Participar en el intercambio y comunicaci\u00f3n con las familias para retroalimentar su propia tarea docente.<\/span><\/span><\/li>\n<li dir=\"ltr\" style=\"line-height: 1.38; text-align: justify;\" role=\"presentation\"><span id=\"docs-internal-guid-4e945e1c-7fff-3657-4cbf-164e724fac90\" style=\"color: #000000;\"><span style=\"font-size: 12pt; background-color: transparent; font-variant-numeric: normal; font-variant-east-asian: normal; vertical-align: baseline; white-space: pre-wrap;\">Trabajar en equipo con otros docentes, elaborar proyectos institucionales compartidos y participar y proponer actividades propias de la escuela.<\/span><\/span><\/li>\n<li dir=\"ltr\" style=\"line-height: 1.38; text-align: justify;\" role=\"presentation\"><span id=\"docs-internal-guid-4e945e1c-7fff-3657-4cbf-164e724fac90\" style=\"color: #000000;\"><span style=\"font-size: 12pt; background-color: transparent; font-variant-numeric: normal; font-variant-east-asian: normal; vertical-align: baseline; white-space: pre-wrap;\">Desarrollar el pensamiento divergente, la capacidad expresiva y comunicativa, sensibilidad est\u00e9tica y valorar el patrimonio cultural.<\/span><\/span><\/li>\n<li dir=\"ltr\" style=\"line-height: 1.38; text-align: justify;\" role=\"presentation\"><span id=\"docs-internal-guid-4e945e1c-7fff-3657-4cbf-164e724fac90\" style=\"color: #000000;\"><span style=\"font-size: 12pt; background-color: transparent; font-variant-numeric: normal; font-variant-east-asian: normal; vertical-align: baseline; white-space: pre-wrap;\">Tomar decisiones en la pr\u00e1ctica docente con fundamentos did\u00e1ctico-pedag\u00f3gico-disciplinares que las sustenten, ante s\u00ed y ante sus colegas.<\/span><\/span><\/li>\n<li dir=\"ltr\" style=\"line-height: 1.38; text-align: justify;\" role=\"presentation\"><span id=\"docs-internal-guid-4e945e1c-7fff-3657-4cbf-164e724fac90\" style=\"color: #000000;\"><span style=\"font-size: 12pt; background-color: transparent; font-variant-numeric: normal; font-variant-east-asian: normal; vertical-align: baseline; white-space: pre-wrap;\">Adoptar una actitud cr\u00edtica sobre su acci\u00f3n, reflexiva y siempre abierta al cambio y estar dispuesto a indagar, replantear y resignificar situaciones o conceptos o decisiones de la pr\u00e1ctica docente.<\/span><\/span><\/li>\n<\/ul>\n<p dir=\"ltr\" style=\"line-height: 1.38; margin-top: 0pt; margin-bottom: 19pt; text-align: justify;\"><span style=\"color: #000000;\"><strong><span id=\"docs-internal-guid-4e945e1c-7fff-3657-4cbf-164e724fac90\"><span style=\"font-size: 12pt; font-family: Arial; background-color: transparent; font-variant-numeric: normal; font-variant-east-asian: normal; vertical-align: baseline; white-space: pre-wrap;\">Desplegar pr\u00e1cticas educativas en las cuales manifieste la capacidad de:<\/span><\/span><\/strong><\/span><\/p>\n<ul>\n<li dir=\"ltr\" style=\"line-height: 1.38; text-align: justify;\" role=\"presentation\"><span id=\"docs-internal-guid-4e945e1c-7fff-3657-4cbf-164e724fac90\" style=\"color: #000000;\"><span style=\"font-size: 12pt; background-color: transparent; font-variant-numeric: normal; font-variant-east-asian: normal; vertical-align: baseline; white-space: pre-wrap;\">Reconocer el sentido educativo de los contenidos a ense\u00f1ar.<\/span><\/span><\/li>\n<li dir=\"ltr\" style=\"line-height: 1.38; text-align: justify;\" role=\"presentation\"><span id=\"docs-internal-guid-4e945e1c-7fff-3657-4cbf-164e724fac90\" style=\"color: #000000;\"><span style=\"font-size: 12pt; background-color: transparent; font-variant-numeric: normal; font-variant-east-asian: normal; vertical-align: baseline; white-space: pre-wrap;\">Dominar los conocimientos a ense\u00f1ar y actualizar su propio marco de referencia te\u00f3rico.<\/span><\/span><\/li>\n<li dir=\"ltr\" style=\"line-height: 1.38; text-align: justify;\" role=\"presentation\"><span id=\"docs-internal-guid-4e945e1c-7fff-3657-4cbf-164e724fac90\" style=\"color: #000000;\"><span style=\"font-size: 12pt; background-color: transparent; font-variant-numeric: normal; font-variant-east-asian: normal; vertical-align: baseline; white-space: pre-wrap;\">Adecuar, producir y evaluar contenidos curriculares.<\/span><\/span><\/li>\n<li dir=\"ltr\" style=\"line-height: 1.38; text-align: justify;\" role=\"presentation\"><span id=\"docs-internal-guid-4e945e1c-7fff-3657-4cbf-164e724fac90\" style=\"color: #000000;\"><span style=\"font-size: 12pt; background-color: transparent; font-variant-numeric: normal; font-variant-east-asian: normal; vertical-align: baseline; white-space: pre-wrap;\">Organizar y dirigir situaciones de aprendizaje, utilizando los contextos socio-pol\u00edtico, sociocultural y socioling\u00fc\u00edstico como fuentes de ense\u00f1anza.<\/span><\/span><\/li>\n<li dir=\"ltr\" style=\"line-height: 1.38; text-align: justify;\" role=\"presentation\"><span id=\"docs-internal-guid-4e945e1c-7fff-3657-4cbf-164e724fac90\" style=\"color: #000000;\"><span style=\"font-size: 12pt; background-color: transparent; font-variant-numeric: normal; font-variant-east-asian: normal; vertical-align: baseline; white-space: pre-wrap;\">Acompa\u00f1ar el avance en el aprendizaje de los alumnos identificando tanto los factores que lo potencian como los obst\u00e1culos que constituyen dificultades para el aprender.<\/span><\/span><\/li>\n<li dir=\"ltr\" style=\"line-height: 1.38; text-align: justify;\" role=\"presentation\"><span id=\"docs-internal-guid-4e945e1c-7fff-3657-4cbf-164e724fac90\" style=\"color: #000000;\"><span style=\"font-size: 12pt; background-color: transparent; font-variant-numeric: normal; font-variant-east-asian: normal; vertical-align: baseline; white-space: pre-wrap;\">Conducir los procesos grupales y facilitar el aprendizaje individual.<\/span><\/span><\/li>\n<li dir=\"ltr\" style=\"line-height: 1.38; text-align: justify;\" role=\"presentation\"><span id=\"docs-internal-guid-4e945e1c-7fff-3657-4cbf-164e724fac90\" style=\"color: #000000;\"><span style=\"font-size: 12pt; background-color: transparent; font-variant-numeric: normal; font-variant-east-asian: normal; vertical-align: baseline; white-space: pre-wrap;\">Reconocer y utilizar los recursos disponibles en la escuela para su aprovechamiento en la ense\u00f1anza.<\/span><\/span><\/li>\n<li dir=\"ltr\" style=\"line-height: 1.38; text-align: justify;\" role=\"presentation\"><span id=\"docs-internal-guid-4e945e1c-7fff-3657-4cbf-164e724fac90\" style=\"color: #000000;\"><span style=\"font-size: 12pt; background-color: transparent; font-variant-numeric: normal; font-variant-east-asian: normal; vertical-align: baseline; white-space: pre-wrap;\">Seleccionar y utilizar nuevas tecnolog\u00edas de manera contextualizada, como una alternativa v\u00e1lida para la apropiaci\u00f3n de saberes actualizados, como potenciadoras de la ense\u00f1anza y de la gesti\u00f3n institucional en las escuelas y que pueda comprender la responsabilidad que implica el uso social de las mismas reconociendo que son un medio posible para la inclusi\u00f3n social.<\/span><\/span><\/li>\n<li dir=\"ltr\" style=\"line-height: 1.38; text-align: justify;\" role=\"presentation\"><span id=\"docs-internal-guid-4e945e1c-7fff-3657-4cbf-164e724fac90\" style=\"color: #000000;\"><span style=\"font-size: 12pt; background-color: transparent; font-variant-numeric: normal; font-variant-east-asian: normal; vertical-align: baseline; white-space: pre-wrap;\">Tomar decisiones sobre la administraci\u00f3n de los tiempos y el ambiente del aula para permitir el logro de aprendizajes del conjunto de los alumnos.<\/span><\/span><\/li>\n<li dir=\"ltr\" style=\"line-height: 1.38; text-align: justify;\" role=\"presentation\"><span id=\"docs-internal-guid-4e945e1c-7fff-3657-4cbf-164e724fac90\" style=\"color: #000000;\"><span style=\"font-size: 12pt; background-color: transparent; font-variant-numeric: normal; font-variant-east-asian: normal; vertical-align: baseline; white-space: pre-wrap;\">Reconocer las caracter\u00edsticas y necesidades del contexto inmediato de la escuela y las familias a fin de contextualizar las intervenciones educativas.<\/span><\/span><\/li>\n<\/ul>\n<p><a href=\"https:\/\/ens9002-infd.mendoza.edu.ar\/sitio\/prof-en-educacion-primaria\/\"><img decoding=\"async\" loading=\"lazy\" class=\"alignright wp-image-5025\" src=\"https:\/\/ens9002-infd.mendoza.edu.ar\/sitio\/wp-content\/uploads\/2020\/07\/volver.png\" alt=\"\" width=\"80\" height=\"80\" \/><\/a><\/p>\n","protected":false},"excerpt":{"rendered":"<p>La docencia es un trabajo profesional que se lleva a cabo en las instituciones educativas, en el marco de la construcci\u00f3n colectiva de intereses p\u00fablicos, de significados y aspiraciones compartidas y del derecho social a la educaci\u00f3n. Ello implica la necesaria autonom\u00eda y responsabilidad profesional para la genuina toma personal de decisiones para ense\u00f1ar, como &#8230; <a title=\"Perfil de egresados y egresadas de Profesorado en Educaci\u00f3n Primaria\" class=\"read-more\" href=\"https:\/\/ens9002-infd.mendoza.edu.ar\/sitio\/perfil-del-egresado-2\/\" aria-label=\"More on Perfil de egresados y egresadas de Profesorado en Educaci\u00f3n Primaria\">[+]<\/a><\/p>\n","protected":false},"author":5332,"featured_media":0,"parent":0,"menu_order":0,"comment_status":"closed","ping_status":"closed","template":"","meta":[],"acf":[],"_links":{"self":[{"href":"https:\/\/ens9002-infd.mendoza.edu.ar\/sitio\/wp-json\/wp\/v2\/pages\/2055"}],"collection":[{"href":"https:\/\/ens9002-infd.mendoza.edu.ar\/sitio\/wp-json\/wp\/v2\/pages"}],"about":[{"href":"https:\/\/ens9002-infd.mendoza.edu.ar\/sitio\/wp-json\/wp\/v2\/types\/page"}],"author":[{"embeddable":true,"href":"https:\/\/ens9002-infd.mendoza.edu.ar\/sitio\/wp-json\/wp\/v2\/users\/5332"}],"replies":[{"embeddable":true,"href":"https:\/\/ens9002-infd.mendoza.edu.ar\/sitio\/wp-json\/wp\/v2\/comments?post=2055"}],"version-history":[{"count":7,"href":"https:\/\/ens9002-infd.mendoza.edu.ar\/sitio\/wp-json\/wp\/v2\/pages\/2055\/revisions"}],"predecessor-version":[{"id":6429,"href":"https:\/\/ens9002-infd.mendoza.edu.ar\/sitio\/wp-json\/wp\/v2\/pages\/2055\/revisions\/6429"}],"wp:attachment":[{"href":"https:\/\/ens9002-infd.mendoza.edu.ar\/sitio\/wp-json\/wp\/v2\/media?parent=2055"}],"curies":[{"name":"wp","href":"https:\/\/api.w.org\/{rel}","templated":true}]}}