{"id":2057,"date":"2018-08-31T14:03:40","date_gmt":"2018-08-31T17:03:40","guid":{"rendered":"https:\/\/ens9002-mza.infd.edu.ar\/sitio\/perfil-del-egresado-de-artes-visuales\/"},"modified":"2020-11-13T12:02:33","modified_gmt":"2020-11-13T15:02:33","slug":"perfil-del-egresado-de-artes-visuales","status":"publish","type":"page","link":"https:\/\/ens9002-infd.mendoza.edu.ar\/sitio\/perfil-del-egresado-de-artes-visuales\/","title":{"rendered":"Perfil del egresado de Artes Visuales"},"content":{"rendered":"<div id='gallery-1' class='gallery galleryid-2057 gallery-columns-6 gallery-size-thumbnail'><figure class='gallery-item'>\n\t\t\t<div class='gallery-icon portrait'>\n\t\t\t\t<a href='https:\/\/ens9002-infd.mendoza.edu.ar\/sitio\/perfil-del-egresado-de-artes-visuales\/whatsapp-image-2020-08-03-at-21-01-21\/#main'><img width=\"500\" height=\"500\" src=\"https:\/\/ens9002-infd.mendoza.edu.ar\/sitio\/wp-content\/uploads\/2020\/08\/WhatsApp-Image-2020-08-03-at-21.01.21-500x500.jpeg\" class=\"attachment-thumbnail size-thumbnail\" alt=\"\" decoding=\"async\" loading=\"lazy\" \/><\/a>\n\t\t\t<\/div><\/figure><figure class='gallery-item'>\n\t\t\t<div class='gallery-icon portrait'>\n\t\t\t\t<a href='https:\/\/ens9002-infd.mendoza.edu.ar\/sitio\/perfil-del-egresado-de-artes-visuales\/whatsapp-image-2020-08-03-at-21-01-23-2\/#main'><img width=\"500\" height=\"500\" src=\"https:\/\/ens9002-infd.mendoza.edu.ar\/sitio\/wp-content\/uploads\/2020\/08\/WhatsApp-Image-2020-08-03-at-21.01.23-2-500x500.jpeg\" class=\"attachment-thumbnail size-thumbnail\" alt=\"\" decoding=\"async\" loading=\"lazy\" \/><\/a>\n\t\t\t<\/div><\/figure><figure class='gallery-item'>\n\t\t\t<div class='gallery-icon landscape'>\n\t\t\t\t<a href='https:\/\/ens9002-infd.mendoza.edu.ar\/sitio\/perfil-del-egresado-de-artes-visuales\/whatsapp-image-2020-08-03-at-21-01-24\/#main'><img width=\"500\" height=\"500\" src=\"https:\/\/ens9002-infd.mendoza.edu.ar\/sitio\/wp-content\/uploads\/2020\/08\/WhatsApp-Image-2020-08-03-at-21.01.24-500x500.jpeg\" class=\"attachment-thumbnail size-thumbnail\" alt=\"\" decoding=\"async\" loading=\"lazy\" \/><\/a>\n\t\t\t<\/div><\/figure><figure class='gallery-item'>\n\t\t\t<div class='gallery-icon portrait'>\n\t\t\t\t<a href='https:\/\/ens9002-infd.mendoza.edu.ar\/sitio\/perfil-del-egresado-de-artes-visuales\/whatsapp-image-2020-08-03-at-21-01-25-2\/#main'><img width=\"500\" height=\"500\" src=\"https:\/\/ens9002-infd.mendoza.edu.ar\/sitio\/wp-content\/uploads\/2020\/08\/WhatsApp-Image-2020-08-03-at-21.01.25-2-500x500.jpeg\" class=\"attachment-thumbnail size-thumbnail\" alt=\"\" decoding=\"async\" loading=\"lazy\" \/><\/a>\n\t\t\t<\/div><\/figure><figure class='gallery-item'>\n\t\t\t<div class='gallery-icon landscape'>\n\t\t\t\t<a href='https:\/\/ens9002-infd.mendoza.edu.ar\/sitio\/perfil-del-egresado-de-artes-visuales\/whatsapp-image-2020-08-03-at-21-01-25-1\/#main'><img width=\"500\" height=\"500\" src=\"https:\/\/ens9002-infd.mendoza.edu.ar\/sitio\/wp-content\/uploads\/2020\/08\/WhatsApp-Image-2020-08-03-at-21.01.25-1-500x500.jpeg\" class=\"attachment-thumbnail size-thumbnail\" alt=\"\" decoding=\"async\" loading=\"lazy\" \/><\/a>\n\t\t\t<\/div><\/figure><figure class='gallery-item'>\n\t\t\t<div class='gallery-icon portrait'>\n\t\t\t\t<a href='https:\/\/ens9002-infd.mendoza.edu.ar\/sitio\/perfil-del-egresado-de-artes-visuales\/whatsapp-image-2020-08-03-at-21-01-26\/#main'><img width=\"500\" height=\"500\" src=\"https:\/\/ens9002-infd.mendoza.edu.ar\/sitio\/wp-content\/uploads\/2020\/08\/WhatsApp-Image-2020-08-03-at-21.01.26-500x500.jpeg\" class=\"attachment-thumbnail size-thumbnail\" alt=\"\" decoding=\"async\" loading=\"lazy\" \/><\/a>\n\t\t\t<\/div><\/figure>\n\t\t<\/div>\n\n<p>El <strong>profesor<\/strong> y la <strong>profesora <\/strong>en<strong> Artes Visuales<\/strong> podr\u00e1 desempe\u00f1ar la docencia\u00a0en los niveles Inicial, Primario y Secundario y en las distintas modalidades del Sistema Educativo Obligatorio y en la formaci\u00f3n espec\u00edfica en arte desarrollada en instituciones de educaci\u00f3n art\u00edstica y organizaciones afines, desplegando pr\u00e1cticas profesionales en las cuales manifieste la capacidad para:<\/p>\n<ul>\n<li>Reconocer el sentido socialmente significativo de los contenidos propios de la educaci\u00f3n de las Artes Visuales de cada nivel educativo, a fin de asegurar su ense\u00f1anza, con el fin de profundizar las experiencias sociales extraescolares y fomentar nuevos aprendizajes.<\/li>\n<li>Poseer un s\u00f3lido conocimiento disciplinar y desarrollo de capacidades vinculadas a la producci\u00f3n art\u00edstica, la reflexi\u00f3n cr\u00edtica y la contextualizaci\u00f3n socio-hist\u00f3rica que le posibiliten mediar situaciones de ense\u00f1anza desde la praxis art\u00edstica.<\/li>\n<li>Dominar conocimientos pedag\u00f3gicos y did\u00e1cticos de las artes visuales, que le permitan fundamentar te\u00f3ricamente sus pr\u00e1cticas pedag\u00f3gicas enmarcadas en las diferentes concepciones sobre conocimiento, arte y educaci\u00f3n.<\/li>\n<li>Dise\u00f1ar e implementar estrategias de ense\u00f1anza de la Educaci\u00f3n de las Artes Visuales, que favorezcan el desarrollo de competencias de interpretaci\u00f3n est\u00e9tico\u2013art\u00edstica, acordes a los niveles y ciclos de escolaridad, las caracter\u00edsticas de los estudiantes\/as, sus contextos de pertenencia, sus saberes previos, sus necesidades e intereses.<\/li>\n<li>Favorecer el desarrollo de las capacidades de producci\u00f3n y an\u00e1lisis que posibiliten la construcci\u00f3n de aprendizajes y la utilizaci\u00f3n de formas de expresi\u00f3n y comunicaci\u00f3n propias del campo de las Artes Visuales.<\/li>\n<li>Generar ambientes y espacios de trabajo que resulten estimulantes para los diversos sujetos, y que puedan ser percibidos por ellos\/as como un entorno educativo, saludable y \u00e9tico de establecimiento de v\u00ednculos, de intercambio y solidaridad.<\/li>\n<li>Mediar procesos de ense\u00f1anza \u2013 aprendizaje, a partir de estrategias vivenciales y posteriores procesos de reflexi\u00f3n, que favorezcan la construcci\u00f3n de los aprendizajes espec\u00edficos del lenguaje de las Artes Visuales.<\/li>\n<li>Facilitar los aprendizajes a trav\u00e9s de estrategias did\u00e1cticas que resulten relevantes, para el contexto social y cultural particular de los sujetos, y que alienten la exploraci\u00f3n y producci\u00f3n, desde una actitud centrada en la b\u00fasqueda de posibles alternativas que promueva el desarrollo de la creatividad.<\/li>\n<li>Acompa\u00f1ar el proceso de aprendizaje de los sujetos, identificando tanto los factores que lo potencian como los obst\u00e1culos para el aprender, con eje en las pr\u00e1cticas de producci\u00f3n y an\u00e1lisis contextualizado.<\/li>\n<li>Utilizar diversas alternativas de producci\u00f3n art\u00edstica, abarcando el desarrollo tanto de propuestas tradicionales como de otras experiencias que involucren la integraci\u00f3n de lenguajes y el empleo de nuevas tecnolog\u00edas.<\/li>\n<li>Seleccionar y producir recursos pedag\u00f3gico\u2013did\u00e1cticos a partir de criterios fundados, que permitan el uso significativo y relevante de los mismos.<\/li>\n<li>Programar y realizar evaluaciones centradas en los procesos y en el sentido que se les otorga a los aprendizajes art\u00edsticos, que permitan valorar cualitativamente los logros y potencialidades de los sujetos, superando enfoques excluyentes.<\/li>\n<li>Coordinar y orientar tareas individuales y grupales estimulando la participaci\u00f3n y la comunicaci\u00f3n de las producciones realizadas.<\/li>\n<li>Reconocer las caracter\u00edsticas individuales y sociales de los sujetos con necesidades educativas especiales e intervenir desde criterios did\u00e1cticos acordes a sus necesidades.<\/li>\n<li>Dise\u00f1ar, gestionar y evaluar proyectos socio-comunitarios en el \u00e1mbito de las Artes Visuales que promuevan la cultura.<\/li>\n<li>Potenciar creativamente el uso de los recursos disponibles para el ejercicio de su profesi\u00f3n.<\/li>\n<li>Conformar equipos de trabajo multidisciplinario que le permitan participar en la elaboraci\u00f3n y concreci\u00f3n de proyectos que integren lenguajes art\u00edsticos.<\/li>\n<\/ul>\n<p class=\"Default\"><span style=\"font-family: verdana, geneva; font-size: 10pt; color: #000080;\">\u00a0<\/span><\/p>\n<p><a href=\"https:\/\/ens9002-infd.mendoza.edu.ar\/sitio\/prof-en-artes-visuales\/\"><img decoding=\"async\" loading=\"lazy\" class=\"alignright wp-image-5025 size-full\" src=\"https:\/\/ens9002-infd.mendoza.edu.ar\/sitio\/wp-content\/uploads\/2020\/07\/volver-e1596227399907.png\" alt=\"\" width=\"80\" height=\"80\" \/><\/a><\/p>\n<p class=\"MsoNormal\" style=\"margin: 0cm 0cm 0pt 14.2pt; text-indent: -14.2pt; mso-list: skip;\"><strong style=\"mso-bidi-font-weight: normal;\"><span style=\"font-size: 14pt; color: #000000; font-family: Technical; mso-bidi-font-size: 10.0pt;\"><span style=\"font-family: Times New Roman;\">\u00a0<\/span><\/span><\/strong><\/p>\n","protected":false},"excerpt":{"rendered":"<p>El profesor y la profesora en Artes Visuales podr\u00e1 desempe\u00f1ar la docencia\u00a0en los niveles Inicial, Primario y Secundario y en las distintas modalidades del Sistema Educativo Obligatorio y en la formaci\u00f3n espec\u00edfica en arte desarrollada en instituciones de educaci\u00f3n art\u00edstica y organizaciones afines, desplegando pr\u00e1cticas profesionales en las cuales manifieste la capacidad para: Reconocer el &#8230; <a title=\"Perfil del egresado de Artes Visuales\" class=\"read-more\" href=\"https:\/\/ens9002-infd.mendoza.edu.ar\/sitio\/perfil-del-egresado-de-artes-visuales\/\" aria-label=\"More on Perfil del egresado de Artes Visuales\">[+]<\/a><\/p>\n","protected":false},"author":5332,"featured_media":0,"parent":0,"menu_order":0,"comment_status":"closed","ping_status":"closed","template":"","meta":[],"acf":[],"_links":{"self":[{"href":"https:\/\/ens9002-infd.mendoza.edu.ar\/sitio\/wp-json\/wp\/v2\/pages\/2057"}],"collection":[{"href":"https:\/\/ens9002-infd.mendoza.edu.ar\/sitio\/wp-json\/wp\/v2\/pages"}],"about":[{"href":"https:\/\/ens9002-infd.mendoza.edu.ar\/sitio\/wp-json\/wp\/v2\/types\/page"}],"author":[{"embeddable":true,"href":"https:\/\/ens9002-infd.mendoza.edu.ar\/sitio\/wp-json\/wp\/v2\/users\/5332"}],"replies":[{"embeddable":true,"href":"https:\/\/ens9002-infd.mendoza.edu.ar\/sitio\/wp-json\/wp\/v2\/comments?post=2057"}],"version-history":[{"count":8,"href":"https:\/\/ens9002-infd.mendoza.edu.ar\/sitio\/wp-json\/wp\/v2\/pages\/2057\/revisions"}],"predecessor-version":[{"id":6634,"href":"https:\/\/ens9002-infd.mendoza.edu.ar\/sitio\/wp-json\/wp\/v2\/pages\/2057\/revisions\/6634"}],"wp:attachment":[{"href":"https:\/\/ens9002-infd.mendoza.edu.ar\/sitio\/wp-json\/wp\/v2\/media?parent=2057"}],"curies":[{"name":"wp","href":"https:\/\/api.w.org\/{rel}","templated":true}]}}