{"id":2061,"date":"2018-08-31T14:03:42","date_gmt":"2018-08-31T17:03:42","guid":{"rendered":"https:\/\/ens9002-mza.infd.edu.ar\/sitio\/area-politicas-estudiantiles\/"},"modified":"2025-03-07T00:32:19","modified_gmt":"2025-03-07T03:32:19","slug":"bienestar-estudiantil","status":"publish","type":"page","link":"https:\/\/ens9002-infd.mendoza.edu.ar\/sitio\/bienestar-estudiantil\/","title":{"rendered":"\u00c1rea Bienestar Estudiantil"},"content":{"rendered":"<div class=\"wp-block-image\">\n<figure class=\"aligncenter\"><img decoding=\"async\" loading=\"lazy\" width=\"1000\" height=\"279\" src=\"https:\/\/ens9002-infd.mendoza.edu.ar\/sitio\/wp-content\/uploads\/2020\/11\/BIENESTAR-1000x279.png\" alt=\"\" class=\"wp-image-6441\" srcset=\"https:\/\/ens9002-infd.mendoza.edu.ar\/sitio\/wp-content\/uploads\/2020\/11\/BIENESTAR-1000x279.png 1000w, https:\/\/ens9002-infd.mendoza.edu.ar\/sitio\/wp-content\/uploads\/2020\/11\/BIENESTAR-768x214.png 768w, https:\/\/ens9002-infd.mendoza.edu.ar\/sitio\/wp-content\/uploads\/2020\/11\/BIENESTAR-1900x530.png 1900w\" sizes=\"(max-width: 1000px) 100vw, 1000px\" \/><\/figure><\/div>\n\n\n<h5 class=\"wp-block-heading\"><span style=\"color: #ff6600;\"><strong>OBJETIVO<\/strong><\/span><\/h5>\n\n\n\n<p><span style=\"font-weight: 400;\">El \u00e1rea pretende ayudar y guiar a todo el estudiantado durante su <strong>trayectoria acad\u00e9mica<\/strong>. Asimismo, acompa\u00f1arlo&nbsp; en su<strong> ingreso<\/strong>, <strong>permanencia<\/strong> y<strong> egreso<\/strong>, con el fin de formar profesionales con <strong>solidez<\/strong>, <strong>autonom\u00eda<\/strong>,<strong> capacidad cr\u00edtica<\/strong>, <strong>creatividad<\/strong> y <strong>compromiso<\/strong>.&nbsp;<\/span><\/p>\n\n\n\n<hr class=\"wp-block-separator has-css-opacity\"\/>\n\n\n\n<h5 class=\"wp-block-heading\"><span style=\"color: #ff6600;\"><strong>ACCIONES&nbsp;<\/strong><\/span><\/h5>\n\n\n\n<h5 class=\"wp-block-heading\"><span style=\"color: #ff6600;\"><strong><img decoding=\"async\" loading=\"lazy\" class=\" wp-image-8285 alignright\" src=\"https:\/\/ens9002-infd.mendoza.edu.ar\/sitio\/wp-content\/uploads\/2021\/07\/Banner-fotos-Bienestar-Estudiantil-500x1000.jpg\" alt=\"\" width=\"406\" height=\"812\" srcset=\"https:\/\/ens9002-infd.mendoza.edu.ar\/sitio\/wp-content\/uploads\/2021\/07\/Banner-fotos-Bienestar-Estudiantil-500x1000.jpg 500w, https:\/\/ens9002-infd.mendoza.edu.ar\/sitio\/wp-content\/uploads\/2021\/07\/Banner-fotos-Bienestar-Estudiantil-768x1536.jpg 768w, https:\/\/ens9002-infd.mendoza.edu.ar\/sitio\/wp-content\/uploads\/2021\/07\/Banner-fotos-Bienestar-Estudiantil-950x1900.jpg 950w, https:\/\/ens9002-infd.mendoza.edu.ar\/sitio\/wp-content\/uploads\/2021\/07\/Banner-fotos-Bienestar-Estudiantil.jpg 1969w\" sizes=\"(max-width: 406px) 100vw, 406px\" \/><\/strong><\/span><\/h5>\n\n\n\n<ul>\n<li><b>Beca Progresar<span style=\"font-weight: 400;\">: se brinda asesoramiento (requisitos y regl<\/span><\/b><b><span style=\"font-weight: 400;\">amento) y ayuda sobre&nbsp;inscripci\u00f3n en todas las ramas de becas&nbsp; del&nbsp; Nivel Superior. <\/span><\/b><b><span style=\"font-weight: 400;\">Tambi\u00e9n, se realizan reclamos, blanqueamientos de cuentas y se resuelven&nbsp; dudas e inquietudes v\u00eda web o personalmente (para acceder a m\u00e1s informaci\u00f3n sobre becas Progresar, <a href=\"https:\/\/www.argentina.gob.ar\/educacion\/progresar\">ingres\u00e1 aqu\u00ed).<\/a><\/span><\/b><\/li>\n\n\n\n<li><strong>Becas de abono estudiantil<\/strong><\/li>\n\n\n\n<li><strong>Beca de ayuda econ\u00f3mica&nbsp;<\/strong><\/li>\n\n\n\n<li><strong>Banco de apuntes<\/strong><\/li>\n\n\n\n<li><strong>Informaci\u00f3n general:<\/strong> <span style=\"font-weight: 400;\">ofrece informaci\u00f3n sobre inscripciones a cuatrimestres para estudiantes regulares, libres y recursantes, planes de estudio,&nbsp; horario de cursados, mesas de ex\u00e1menes, mesas especiales y y condicionalidades. Talleres, cursos y post\u00edtulos.<\/span><\/li>\n\n\n\n<li><b>Trabajo interdisciplinario con&nbsp; otras \u00e1reas de la instituci\u00f3n <\/b>(<span style=\"font-weight: 400;\">SOTAP, PROAUVOZ y<\/span> <span style=\"font-weight: 400;\">SECCI\u00d3N ESTUDIANTIL).<\/span><\/li>\n\n\n\n<li><b>Formaci\u00f3n deportiva<\/b> <span style=\"font-weight: 400;\">(<\/span><span style=\"font-weight: 400;\">a cargo de la Prof. de Educaci\u00f3n F\u00edsica Isabel Flores): Pausas Saludables. Caminatas,&nbsp;<\/span><span style=\"font-weight: 400;\">torneos de f\u00fatbol mixto inter-IES, clases de folclore, yoga, zumba. Durante el cursado virtual, se realizan actividades deportivas al aire libre, coordinadas por la misma docente. Esto es, caminatas, bicicleteadas y clases de actividad f\u00edsica.&nbsp;<\/span><\/li>\n\n\n\n<li><b>Formaci\u00f3n cultural para estudiantes:<\/b><span style=\"font-weight: 400;\"> cine debate, acompa\u00f1amiento y muestras&nbsp; de piezas art\u00edsticas pertenecientes a las carreras de Artes, difusi\u00f3n de la revista institucional <em>Trama y Contraluz<\/em> y acompa\u00f1amiento en campamentos educativos en Lavalle, torneos de ajedrez entre estudiantes.<\/span><\/li>\n\n\n\n<li><b>Acciones&nbsp; solidarias para los y las estudiantes&nbsp;<\/b><\/li>\n\n\n\n<li><strong>Festejos del d\u00eda de la ni\u00f1ez en el instituto y otras localidades de la provincia<\/strong><\/li>\n\n\n\n<li><strong>Petitorio del proyecto para el SEOS institucional<\/strong><\/li>\n\n\n\n<li>Dentro del \u00e1rea, funciona la<b> CONSEJER\u00cdA EN VIOLENCIA DE G\u00c9NERO,&nbsp;<\/b><b>SEXUALIDADES E IDENTIDADES <\/b><a href=\"https:\/\/ens9002-infd.mendoza.edu.ar\/sitio\/consejeria-en-violencia-de-genero-sexualidades-e-identidades\/\">(m\u00e1s info, clic aqu\u00ed)<\/a>.<\/li>\n<\/ul>\n\n\n\n<hr class=\"wp-block-separator has-css-opacity\"\/>\n\n\n\n<h5 class=\"wp-block-heading\"><span style=\"color: #ff6600;\"><strong>HORARIOS DE ATENCI\u00d3N PRESENCIAL<\/strong><\/span><\/h5>\n\n\n\n<ul>\n<li>Lunes: 8.30 a 11 h &#8211; Profa. Mariela Magni | 14 a 17. 20 h &#8211; Profa. Romina Torres | 17 a 20 h &#8211; Profa. Isabel Flores<\/li>\n\n\n\n<li>Martes: 12.30 a 14.30 h &#8211; Profa. Isabel Flores | <\/li>\n\n\n\n<li>Mi\u00e9rcoles: 13.30 a 15.10 h &#8211; Profa. Mariela Magni | 17. 1 18.40 h &#8211; Profa. Isabel Flores<\/li>\n\n\n\n<li>Jueves: 8.30 a 11 h &#8211; Profa. Mariela Magni<\/li>\n<\/ul>\n\n\n\n<hr class=\"wp-block-separator has-css-opacity\"\/>\n\n\n\n<h5 class=\"wp-block-heading\"><span style=\"color: #ff6600;\"><strong>CONTACTO<\/strong><\/span><\/h5>\n\n\n\n<ul>\n<li><strong>Facebook:&nbsp;<\/strong><span style=\"color: #000000;\"><a style=\"color: #000000;\" href=\"https:\/\/www.facebook.com\/TGCPoliticasEstudiantiles\">https:\/\/www.facebook.com\/TGCPolit<br>icasEstudiantiles<\/a>&nbsp;(clique\u00e1 sobre el link para acceder)<\/span><\/li>\n\n\n\n<li><strong>Instagram:&nbsp;<span style=\"font-weight: 400;\">@bienestarestudiantiltgc&nbsp;<\/span><\/strong><\/li>\n\n\n\n<li><strong><span style=\"font-weight: 400;\"><strong>Correo electr\u00f3nico:<\/strong> <a href=\"mailto:bienestarestudiantiltgc@gmail.com\">bienestarestudiantiltgc@gmail.com<\/a><\/span><\/strong><\/li>\n<\/ul>\n\n\n\n<figure class=\"wp-block-image\"><img decoding=\"async\" loading=\"lazy\" width=\"1000\" height=\"667\" src=\"https:\/\/ens9002-infd.mendoza.edu.ar\/sitio\/wp-content\/uploads\/2020\/11\/IMG_9560-1000x667.jpg\" alt=\"\" class=\"wp-image-6601\" srcset=\"https:\/\/ens9002-infd.mendoza.edu.ar\/sitio\/wp-content\/uploads\/2020\/11\/IMG_9560-1000x667.jpg 1000w, https:\/\/ens9002-infd.mendoza.edu.ar\/sitio\/wp-content\/uploads\/2020\/11\/IMG_9560-768x512.jpg 768w, https:\/\/ens9002-infd.mendoza.edu.ar\/sitio\/wp-content\/uploads\/2020\/11\/IMG_9560-1900x1267.jpg 1900w\" sizes=\"(max-width: 1000px) 100vw, 1000px\" \/><\/figure>\n\n\n<div class=\"wp-block-image\">\n<figure class=\"alignleft\"><img decoding=\"async\" loading=\"lazy\" width=\"1000\" height=\"563\" src=\"https:\/\/ens9002-infd.mendoza.edu.ar\/sitio\/wp-content\/uploads\/2020\/11\/40260806_672044073182360_707061160062484480_o-1000x563.jpg\" alt=\"\" class=\"wp-image-6596\" srcset=\"https:\/\/ens9002-infd.mendoza.edu.ar\/sitio\/wp-content\/uploads\/2020\/11\/40260806_672044073182360_707061160062484480_o-1000x563.jpg 1000w, https:\/\/ens9002-infd.mendoza.edu.ar\/sitio\/wp-content\/uploads\/2020\/11\/40260806_672044073182360_707061160062484480_o-768x432.jpg 768w, https:\/\/ens9002-infd.mendoza.edu.ar\/sitio\/wp-content\/uploads\/2020\/11\/40260806_672044073182360_707061160062484480_o.jpg 1032w\" sizes=\"(max-width: 1000px) 100vw, 1000px\" \/><\/figure><\/div>\n\n<div class=\"wp-block-image\">\n<figure class=\"alignleft\"><img decoding=\"async\" loading=\"lazy\" width=\"960\" height=\"720\" src=\"https:\/\/ens9002-infd.mendoza.edu.ar\/sitio\/wp-content\/uploads\/2020\/11\/117796670_1178876532499109_5627382044404656912_n.jpg\" alt=\"\" class=\"wp-image-6599\" srcset=\"https:\/\/ens9002-infd.mendoza.edu.ar\/sitio\/wp-content\/uploads\/2020\/11\/117796670_1178876532499109_5627382044404656912_n.jpg 960w, https:\/\/ens9002-infd.mendoza.edu.ar\/sitio\/wp-content\/uploads\/2020\/11\/117796670_1178876532499109_5627382044404656912_n-768x576.jpg 768w\" sizes=\"(max-width: 960px) 100vw, 960px\" \/><\/figure><\/div>\n\n\n<p><\/p>\n","protected":false},"excerpt":{"rendered":"<p>OBJETIVO El \u00e1rea pretende ayudar y guiar a todo el estudiantado durante su trayectoria acad\u00e9mica. Asimismo, acompa\u00f1arlo&nbsp; en su ingreso, permanencia y egreso, con el fin de formar profesionales con solidez, autonom\u00eda, capacidad cr\u00edtica, creatividad y compromiso.&nbsp; ACCIONES&nbsp; HORARIOS DE ATENCI\u00d3N PRESENCIAL CONTACTO<\/p>\n","protected":false},"author":5332,"featured_media":0,"parent":0,"menu_order":0,"comment_status":"closed","ping_status":"closed","template":"","meta":[],"acf":[],"_links":{"self":[{"href":"https:\/\/ens9002-infd.mendoza.edu.ar\/sitio\/wp-json\/wp\/v2\/pages\/2061"}],"collection":[{"href":"https:\/\/ens9002-infd.mendoza.edu.ar\/sitio\/wp-json\/wp\/v2\/pages"}],"about":[{"href":"https:\/\/ens9002-infd.mendoza.edu.ar\/sitio\/wp-json\/wp\/v2\/types\/page"}],"author":[{"embeddable":true,"href":"https:\/\/ens9002-infd.mendoza.edu.ar\/sitio\/wp-json\/wp\/v2\/users\/5332"}],"replies":[{"embeddable":true,"href":"https:\/\/ens9002-infd.mendoza.edu.ar\/sitio\/wp-json\/wp\/v2\/comments?post=2061"}],"version-history":[{"count":33,"href":"https:\/\/ens9002-infd.mendoza.edu.ar\/sitio\/wp-json\/wp\/v2\/pages\/2061\/revisions"}],"predecessor-version":[{"id":17716,"href":"https:\/\/ens9002-infd.mendoza.edu.ar\/sitio\/wp-json\/wp\/v2\/pages\/2061\/revisions\/17716"}],"wp:attachment":[{"href":"https:\/\/ens9002-infd.mendoza.edu.ar\/sitio\/wp-json\/wp\/v2\/media?parent=2061"}],"curies":[{"name":"wp","href":"https:\/\/api.w.org\/{rel}","templated":true}]}}