{"id":2078,"date":"2018-08-31T14:03:49","date_gmt":"2018-08-31T17:03:49","guid":{"rendered":"https:\/\/ens9002-mza.infd.edu.ar\/sitio\/actualizacion-academica-y-especializacion-superior-en-produccion-de-materiales-de-aprendizaje-con-tic\/"},"modified":"2023-09-08T01:11:47","modified_gmt":"2023-09-08T04:11:47","slug":"actualizacion-academica-en-inclusion-educativa-frente-a-la-diversidad","status":"publish","type":"page","link":"https:\/\/ens9002-infd.mendoza.edu.ar\/sitio\/actualizacion-academica-en-inclusion-educativa-frente-a-la-diversidad\/","title":{"rendered":"Actualizaci\u00f3n Acad\u00e9mica en inclusi\u00f3n educativa frente a la diversidad"},"content":{"rendered":"\n<p class=\"has-base-3-color has-text-color has-background has-medium-font-size\" style=\"background-color:#085b7e\"><strong>Actualizaci\u00f3n Acad\u00e9mica en inclusi\u00f3n educativa frente a la diversidad<\/strong><\/p>\n\n\n\n<p class=\"has-luminous-vivid-amber-background-color has-background has-medium-font-size\"><strong><strong>INSCRIPCIONES CERRADAS<\/strong><\/strong><\/p>\n","protected":false},"excerpt":{"rendered":"<p>Actualizaci\u00f3n Acad\u00e9mica en inclusi\u00f3n educativa frente a la diversidad INSCRIPCIONES CERRADAS<\/p>\n","protected":false},"author":5332,"featured_media":0,"parent":0,"menu_order":0,"comment_status":"closed","ping_status":"closed","template":"","meta":[],"acf":[],"_links":{"self":[{"href":"https:\/\/ens9002-infd.mendoza.edu.ar\/sitio\/wp-json\/wp\/v2\/pages\/2078"}],"collection":[{"href":"https:\/\/ens9002-infd.mendoza.edu.ar\/sitio\/wp-json\/wp\/v2\/pages"}],"about":[{"href":"https:\/\/ens9002-infd.mendoza.edu.ar\/sitio\/wp-json\/wp\/v2\/types\/page"}],"author":[{"embeddable":true,"href":"https:\/\/ens9002-infd.mendoza.edu.ar\/sitio\/wp-json\/wp\/v2\/users\/5332"}],"replies":[{"embeddable":true,"href":"https:\/\/ens9002-infd.mendoza.edu.ar\/sitio\/wp-json\/wp\/v2\/comments?post=2078"}],"version-history":[{"count":19,"href":"https:\/\/ens9002-infd.mendoza.edu.ar\/sitio\/wp-json\/wp\/v2\/pages\/2078\/revisions"}],"predecessor-version":[{"id":13777,"href":"https:\/\/ens9002-infd.mendoza.edu.ar\/sitio\/wp-json\/wp\/v2\/pages\/2078\/revisions\/13777"}],"wp:attachment":[{"href":"https:\/\/ens9002-infd.mendoza.edu.ar\/sitio\/wp-json\/wp\/v2\/media?parent=2078"}],"curies":[{"name":"wp","href":"https:\/\/api.w.org\/{rel}","templated":true}]}}