{"id":2080,"date":"2018-08-31T14:03:50","date_gmt":"2018-08-31T17:03:50","guid":{"rendered":"https:\/\/ens9002-mza.infd.edu.ar\/sitio\/actualizacion-academica-y-especializacion-superior-en-ciencias-sociales\/"},"modified":"2022-07-28T23:05:52","modified_gmt":"2022-07-29T02:05:52","slug":"actualizacion-academica-en-mediacion-frente-al-conflicto-y-a-la-diversidad","status":"publish","type":"page","link":"https:\/\/ens9002-infd.mendoza.edu.ar\/sitio\/actualizacion-academica-en-mediacion-frente-al-conflicto-y-a-la-diversidad\/","title":{"rendered":"Actualizaci\u00f3n Acad\u00e9mica en Mediaci\u00f3n frente al conflicto y a la diversidad"},"content":{"rendered":"\n<p class=\"has-white-color has-text-color has-background has-medium-font-size\" style=\"background-color:#085b7e\"><strong>Actualizaci\u00f3n Acad\u00e9mica en Mediaci\u00f3n frente al conflicto y a la diversidad<\/strong><\/p>\n\n\n\n<p class=\"has-black-color has-luminous-vivid-amber-background-color has-text-color has-background has-medium-font-size\"><strong>INSCRIPCIONES CERRADAS<\/strong><\/p>\n\n\n\n<p class=\"has-text-align-center has-vivid-cyan-blue-color has-text-color has-medium-font-size\"><\/p>\n","protected":false},"excerpt":{"rendered":"<p>Actualizaci\u00f3n Acad\u00e9mica en Mediaci\u00f3n frente al conflicto y a la diversidad INSCRIPCIONES CERRADAS<\/p>\n","protected":false},"author":5332,"featured_media":0,"parent":0,"menu_order":0,"comment_status":"closed","ping_status":"closed","template":"","meta":[],"acf":[],"_links":{"self":[{"href":"https:\/\/ens9002-infd.mendoza.edu.ar\/sitio\/wp-json\/wp\/v2\/pages\/2080"}],"collection":[{"href":"https:\/\/ens9002-infd.mendoza.edu.ar\/sitio\/wp-json\/wp\/v2\/pages"}],"about":[{"href":"https:\/\/ens9002-infd.mendoza.edu.ar\/sitio\/wp-json\/wp\/v2\/types\/page"}],"author":[{"embeddable":true,"href":"https:\/\/ens9002-infd.mendoza.edu.ar\/sitio\/wp-json\/wp\/v2\/users\/5332"}],"replies":[{"embeddable":true,"href":"https:\/\/ens9002-infd.mendoza.edu.ar\/sitio\/wp-json\/wp\/v2\/comments?post=2080"}],"version-history":[{"count":18,"href":"https:\/\/ens9002-infd.mendoza.edu.ar\/sitio\/wp-json\/wp\/v2\/pages\/2080\/revisions"}],"predecessor-version":[{"id":11108,"href":"https:\/\/ens9002-infd.mendoza.edu.ar\/sitio\/wp-json\/wp\/v2\/pages\/2080\/revisions\/11108"}],"wp:attachment":[{"href":"https:\/\/ens9002-infd.mendoza.edu.ar\/sitio\/wp-json\/wp\/v2\/media?parent=2080"}],"curies":[{"name":"wp","href":"https:\/\/api.w.org\/{rel}","templated":true}]}}