{"id":2082,"date":"2018-08-31T14:03:52","date_gmt":"2018-08-31T17:03:52","guid":{"rendered":"https:\/\/ens9002-mza.infd.edu.ar\/sitio\/sotap-3\/"},"modified":"2026-04-07T12:36:12","modified_gmt":"2026-04-07T15:36:12","slug":"sotap-3","status":"publish","type":"page","link":"https:\/\/ens9002-infd.mendoza.edu.ar\/sitio\/sotap-3\/","title":{"rendered":"SOTAP"},"content":{"rendered":"<h1 style=\"text-align: center;\"><img decoding=\"async\" loading=\"lazy\" class=\"alignnone size-full wp-image-6714\" src=\"https:\/\/ens9002-infd.mendoza.edu.ar\/sitio\/wp-content\/uploads\/2020\/11\/SOTAP.png\" alt=\"\" width=\"4584\" height=\"1279\" srcset=\"https:\/\/ens9002-infd.mendoza.edu.ar\/sitio\/wp-content\/uploads\/2020\/11\/SOTAP.png 4584w, https:\/\/ens9002-infd.mendoza.edu.ar\/sitio\/wp-content\/uploads\/2020\/11\/SOTAP-1000x279.png 1000w, https:\/\/ens9002-infd.mendoza.edu.ar\/sitio\/wp-content\/uploads\/2020\/11\/SOTAP-768x214.png 768w, https:\/\/ens9002-infd.mendoza.edu.ar\/sitio\/wp-content\/uploads\/2020\/11\/SOTAP-1900x530.png 1900w\" sizes=\"(max-width: 4584px) 100vw, 4584px\" \/><\/h1>\n<h5><\/h5>\n<h5><span style=\"color: #9b4c9d;\"><strong>OBJETIVOS<\/strong><\/span><\/h5>\n<p>Ofrecemos orientaci\u00f3n pedag\u00f3gica que le permita a cada estudiante, enfrentar distintas instancias del proceso de aprendizaje. En el mismo sentido, trabajamos para orientarle en la adquisici\u00f3n de aprendizajes aut\u00f3nomos y brindamos herramientas para que realice adecuadamente las distintas situaciones de evaluaci\u00f3n. A la vez, buscamos diversas alternativas de resoluci\u00f3n frente a las problem\u00e1ticas personales que le preocupen.<\/p>\n<hr \/>\n<h5><strong><span style=\"color: #9b4c9d;\">SOLICITUD DE ENTREVISTA<\/span><\/strong><\/h5>\n<p>Complet\u00e1 el formulario y un miembro de SOTAP te contactar\u00e1 &#8211; hac\u00e9 <a href=\"https:\/\/docs.google.com\/forms\/d\/e\/1FAIpQLSeb-8E2kV6j7d-SEupycDwHVcb3CODFrF-4EvM83_FtgRh9iA\/viewform\">clic aqu\u00ed<\/a> para acceder al formulario.<\/p>\n<h5><strong><span style=\"color: #9b4c9d;\">HORARIOS DE ATENCI\u00d3N<\/span><\/strong><\/h5>\n<ul>\n<li><strong>Profa. Andrea Cangemi<\/strong>: jueves de 10 a 11.20 h y viernes de 10.40 a 12 h<\/li>\n<li><strong>Profa. Martina Vega<\/strong>: jueves de 14 a 17 h<\/li>\n<li><strong>Profa. Cecilia Cameo<\/strong>: martes de 8 a 9.20 h<\/li>\n<li><strong>Profa. Marcela Gaua<\/strong>: martes de 16 a 18 h<\/li>\n<li><strong>Profa. Karen Leo<\/strong>: martes de 10 a 12 h<\/li>\n<li><strong>Profa. Karina Berg\u00e9: <\/strong>jueves de 14.30 a 18 h<\/li>\n<li><strong>Prof. Ignacio M\u00e1rquez<\/strong>: martes de 10 a 12 h. Tema <em>discapacidad<\/em>.<\/li>\n<li><strong>Prof. Sergio Mu\u00f1oz<\/strong>: lunes de 10.30 a 12 h\u00a0 y mi\u00e9rcoles de 9 a 10 h<\/li>\n<li><strong>Profa. Gabriela Segura<\/strong>: martes y jueves de 8 a 14 h<\/li>\n<li><strong>Profa. Ver\u00f3nica Se\u00f1oranz<\/strong>: mi\u00e9rcoles de 17 a 19.50 h<\/li>\n<li><strong>Profa. Leticia Rodr\u00edguez<\/strong>: lunes y mi\u00e9rcoles de 9.40 a 10.40 h y martes de 8 a 11 h<\/li>\n<\/ul>\n<hr \/>\n<h5><strong><span style=\"color: #9b4c9d;\">CONTACTO<\/span><\/strong><\/h5>\n<ul>\n<li><strong>Correo electr\u00f3nico<\/strong>: <a href=\"mailto:sotap9002@gmail.com\">sotap9002@gmail.com<\/a><\/li>\n<li><strong>Facebook<\/strong>: <a href=\"https:\/\/www.facebook.com\/SOTAP9002\">IES 9002 SOTAP<\/a> (clique\u00e1 para acceder).<\/li>\n<li><strong>Instagram<\/strong>: <a href=\"https:\/\/www.instagram.com\/sotapnormalsuperior\/\">@sotapnormalsuperior<\/a> (clique\u00e1 para acceder).<\/li>\n<\/ul>\n<hr \/>\n<h5><span style=\"color: #9b4c9d;\"><strong>RECURSOS<\/strong><\/span><\/h5>\n<ul>\n<li><a href=\"https:\/\/ens9002-infd.mendoza.edu.ar\/sitio\/wp-content\/uploads\/2020\/04\/CARTA-A-NUESTROS-SEMEJANTES-2020.pdf\">Carta a nuestros semejantes: <em>Ac\u00e1 estamos<\/em><\/a><\/li>\n<li><a style=\"background-color: #ffffff;\" href=\"https:\/\/ens9002-infd.mendoza.edu.ar\/sitio\/wp-content\/uploads\/2020\/04\/8.La_Maestria_Del_Amor_Miguel_Ruiz.pdf\" target=\"_blank\" rel=\"noopener\">La Maestr\u00eda del Amor &#8211; Gu\u00eda pr\u00e1ctica para el Arte de las Relaciones<\/a><\/li>\n<\/ul>\n<p><a href=\"https:\/\/ens9002-infd.mendoza.edu.ar\/sitio\/wp-content\/uploads\/2022\/09\/Rojas_Estape_Marian_Como_Hacer_Que_Te_Pa.pdf\"><img decoding=\"async\" loading=\"lazy\" class=\"size-full wp-image-11491 aligncenter\" src=\"https:\/\/ens9002-infd.mendoza.edu.ar\/sitio\/wp-content\/uploads\/2022\/09\/portada-libro-sotap.png\" alt=\"\" width=\"399\" height=\"517\" \/><\/a><\/p>\n<p style=\"text-align: center;\">Clique\u00e1 sobre la imagen para acceder al libro<\/p>\n<h5><\/h5>\n","protected":false},"excerpt":{"rendered":"<p>OBJETIVOS Ofrecemos orientaci\u00f3n pedag\u00f3gica que le permita a cada estudiante, enfrentar distintas instancias del proceso de aprendizaje. En el mismo sentido, trabajamos para orientarle en la adquisici\u00f3n de aprendizajes aut\u00f3nomos y brindamos herramientas para que realice adecuadamente las distintas situaciones de evaluaci\u00f3n. A la vez, buscamos diversas alternativas de resoluci\u00f3n frente a las problem\u00e1ticas personales &#8230; <a title=\"SOTAP\" class=\"read-more\" href=\"https:\/\/ens9002-infd.mendoza.edu.ar\/sitio\/sotap-3\/\" aria-label=\"More on SOTAP\">[+]<\/a><\/p>\n","protected":false},"author":5332,"featured_media":0,"parent":0,"menu_order":0,"comment_status":"closed","ping_status":"closed","template":"","meta":[],"acf":[],"_links":{"self":[{"href":"https:\/\/ens9002-infd.mendoza.edu.ar\/sitio\/wp-json\/wp\/v2\/pages\/2082"}],"collection":[{"href":"https:\/\/ens9002-infd.mendoza.edu.ar\/sitio\/wp-json\/wp\/v2\/pages"}],"about":[{"href":"https:\/\/ens9002-infd.mendoza.edu.ar\/sitio\/wp-json\/wp\/v2\/types\/page"}],"author":[{"embeddable":true,"href":"https:\/\/ens9002-infd.mendoza.edu.ar\/sitio\/wp-json\/wp\/v2\/users\/5332"}],"replies":[{"embeddable":true,"href":"https:\/\/ens9002-infd.mendoza.edu.ar\/sitio\/wp-json\/wp\/v2\/comments?post=2082"}],"version-history":[{"count":77,"href":"https:\/\/ens9002-infd.mendoza.edu.ar\/sitio\/wp-json\/wp\/v2\/pages\/2082\/revisions"}],"predecessor-version":[{"id":20426,"href":"https:\/\/ens9002-infd.mendoza.edu.ar\/sitio\/wp-json\/wp\/v2\/pages\/2082\/revisions\/20426"}],"wp:attachment":[{"href":"https:\/\/ens9002-infd.mendoza.edu.ar\/sitio\/wp-json\/wp\/v2\/media?parent=2082"}],"curies":[{"name":"wp","href":"https:\/\/api.w.org\/{rel}","templated":true}]}}