{"id":2121,"date":"2018-08-31T14:04:10","date_gmt":"2018-08-31T17:04:10","guid":{"rendered":"https:\/\/ens9002-mza.infd.edu.ar\/sitio\/renovacion-de-arranques\/"},"modified":"2020-11-16T04:28:02","modified_gmt":"2020-11-16T07:28:02","slug":"renovacion-de-arranques","status":"publish","type":"page","link":"https:\/\/ens9002-infd.mendoza.edu.ar\/sitio\/renovacion-de-arranques\/","title":{"rendered":"Renovaci\u00f3n de arranques"},"content":{"rendered":"<p>&nbsp;<\/p>\n<h1><\/h1>\n<h4><strong><span style=\"font-size: 12pt; color: #ff9900;\">Las netbooks vienen con un sistema de seguridad preinstalado, para docentes y alumnos, que hace que las netbooks dejen de funcionar ya que se bloquean. <\/span><\/strong><\/h4>\n<p><span style=\"font-size: 12pt;\">La conexi\u00f3n se hace con el servidor del Instituto que se encuentra en el edificio hist\u00f3rico, con entrada por calle Mitre, por lo cual los desbloqueos y la renovaci\u00f3n de certificados de arranques se realizan en dicho edificio.<br \/>\n<\/span><\/p>\n<h3><span style=\"font-size: 12pt; color: #ff9900;\">C\u00f3mo se procede: <\/span><\/h3>\n<p><span style=\"font-size: 12pt;\"><span style=\"color: #000000;\">1) <\/span>A quienes se les bloquea por primera vez, deber\u00e1n esperar a que se bloquee, ya que dicha netbook no ha sido vinculada al servidor a\u00fan. Por lo que deber\u00e1n asistir con la netbook a la oficina de Conectar Igualdad.<br \/>\n<\/span><\/p>\n<p><span style=\"font-size: 12pt;\"><span style=\"color: #000000;\">2) <\/span>Aquellos docentes y alumnos a quienes ya se le ha bloqueado por primera vez, <span style=\"font-size: 12pt;\">les aparecer\u00e1 un cartel unos d\u00edas antes. N<\/span>o es necesario que esperen a que se bloquee nuevamente, s\u00f3lo deben conectarse a un \u201cAP\u201d (Punto de Acceso) en el Edificio Hist\u00f3rico, y esperar a que se actualice la fecha y el n\u00famero de arranque.<br \/>\n<\/span><\/p>\n<p><span style=\"font-size: 12pt;\">Tambi\u00e9n pueden descargar el instructivo haciendo clic <a title=\"Renovaci\u00f3n de arranques\" href=\"upload\/Netbooks_arranques.doc\" target=\"_blank\" rel=\"noopener\">aqu\u00ed<\/a>\u00a0<a href=\"upload\/Netbooks_arranques.doc\" target=\"_blank\" rel=\"noopener\"><img decoding=\"async\" loading=\"lazy\" src=\"https:\/\/ens9002-infd.mendoza.edu.ar\/sitio\/wp-content\/uploads\/2018\/08\/2r90wJRCee7TPimagen_incrustada1.jpg\" width=\"146\" height=\"49\" border=\"0\" \/><\/a> <\/span><\/p>\n<p><span style=\"font-size: 12pt;\"><span style=\"color: #000000;\">Nota:<\/span> Se recomienda asistir con la netbook con carga al 100% de la bater\u00eda. <\/span><\/p>\n<p>&nbsp;<\/p>\n","protected":false},"excerpt":{"rendered":"<p>&nbsp; Las netbooks vienen con un sistema de seguridad preinstalado, para docentes y alumnos, que hace que las netbooks dejen de funcionar ya que se bloquean. La conexi\u00f3n se hace con el servidor del Instituto que se encuentra en el edificio hist\u00f3rico, con entrada por calle Mitre, por lo cual los desbloqueos y la renovaci\u00f3n &#8230; <a title=\"Renovaci\u00f3n de arranques\" class=\"read-more\" href=\"https:\/\/ens9002-infd.mendoza.edu.ar\/sitio\/renovacion-de-arranques\/\" aria-label=\"More on Renovaci\u00f3n de arranques\">[+]<\/a><\/p>\n","protected":false},"author":5332,"featured_media":0,"parent":0,"menu_order":0,"comment_status":"closed","ping_status":"closed","template":"","meta":[],"acf":[],"_links":{"self":[{"href":"https:\/\/ens9002-infd.mendoza.edu.ar\/sitio\/wp-json\/wp\/v2\/pages\/2121"}],"collection":[{"href":"https:\/\/ens9002-infd.mendoza.edu.ar\/sitio\/wp-json\/wp\/v2\/pages"}],"about":[{"href":"https:\/\/ens9002-infd.mendoza.edu.ar\/sitio\/wp-json\/wp\/v2\/types\/page"}],"author":[{"embeddable":true,"href":"https:\/\/ens9002-infd.mendoza.edu.ar\/sitio\/wp-json\/wp\/v2\/users\/5332"}],"replies":[{"embeddable":true,"href":"https:\/\/ens9002-infd.mendoza.edu.ar\/sitio\/wp-json\/wp\/v2\/comments?post=2121"}],"version-history":[{"count":5,"href":"https:\/\/ens9002-infd.mendoza.edu.ar\/sitio\/wp-json\/wp\/v2\/pages\/2121\/revisions"}],"predecessor-version":[{"id":6679,"href":"https:\/\/ens9002-infd.mendoza.edu.ar\/sitio\/wp-json\/wp\/v2\/pages\/2121\/revisions\/6679"}],"wp:attachment":[{"href":"https:\/\/ens9002-infd.mendoza.edu.ar\/sitio\/wp-json\/wp\/v2\/media?parent=2121"}],"curies":[{"name":"wp","href":"https:\/\/api.w.org\/{rel}","templated":true}]}}