{"id":2123,"date":"2018-08-31T14:04:11","date_gmt":"2018-08-31T17:04:11","guid":{"rendered":"https:\/\/ens9002-mza.infd.edu.ar\/sitio\/cesion-definitiva\/"},"modified":"2020-10-05T15:17:55","modified_gmt":"2020-10-05T18:17:55","slug":"cesion-definitiva","status":"publish","type":"page","link":"https:\/\/ens9002-infd.mendoza.edu.ar\/sitio\/cesion-definitiva\/","title":{"rendered":"Cesi\u00f3n definitiva"},"content":{"rendered":"<h4><span style=\"color: #ff9900;\">Corresponde la cesi\u00f3n definitiva a los egresados de los ISFD de las ofertas de Educaci\u00f3n Secundaria y Especial, siempre y cuando hayan obtenido el t\u00edtulo que acredite la formaci\u00f3n docente completando su trayectoria educativa en un plazo no mayor a 5 a\u00f1os desde el momento de su inscripci\u00f3n hasta la residencia inclusive.<\/span><\/h4>\n<p>En este caso, finaliza el <span style=\"color: #0000ff;\">Contrato de Comodato<\/span> y la netbook en su posesi\u00f3n pasa a ser de propiedad del egresado mediante la firma de un <span style=\"color: #0000ff;\">Contrato de Cesi\u00f3n Definitiva.<\/span><\/p>\n<p><span style=\"color: #000000;\">Para ello es necesario llevar a la oficina de Conectar Igualdad del Instituto: <\/span><\/p>\n<ul>\n<li><span style=\"color: #000000;\">la netbook,<\/span><\/li>\n<li><span style=\"color: #000000;\">copia de certificado anal\u00edtico o en tr\u00e1mite y <\/span><\/li>\n<li><span style=\"color: #000000;\">copia del Contrato de Cesi\u00f3n Definitiva. <\/span><\/li>\n<\/ul>\n<p>A partir de ese momento la netbook ser\u00e1 desbloqueada definitivamente y el servicio t\u00e9cnico quedar\u00e1 enteramente a cargo del egresado.<\/p>\n<p style=\"text-align: right;\">Para bajar el <a title=\"Contrato de cesi\u00f3n definitiva\" href=\"upload\/cesion_definitiva.pdf\" target=\"_blank\" rel=\"noopener\">Contrato de Cesi\u00f3n Definitiva <img decoding=\"async\" loading=\"lazy\" src=\"https:\/\/ens9002-infd.mendoza.edu.ar\/sitio\/wp-content\/uploads\/2018\/08\/QiayLwMUaZFCimagen_incrustada1.jpg\" width=\"122\" height=\"41\" border=\"0\" \/><\/a><\/p>\n","protected":false},"excerpt":{"rendered":"<p>Corresponde la cesi\u00f3n definitiva a los egresados de los ISFD de las ofertas de Educaci\u00f3n Secundaria y Especial, siempre y cuando hayan obtenido el t\u00edtulo que acredite la formaci\u00f3n docente completando su trayectoria educativa en un plazo no mayor a 5 a\u00f1os desde el momento de su inscripci\u00f3n hasta la residencia inclusive. En este caso, &#8230; <a title=\"Cesi\u00f3n definitiva\" class=\"read-more\" href=\"https:\/\/ens9002-infd.mendoza.edu.ar\/sitio\/cesion-definitiva\/\" aria-label=\"More on Cesi\u00f3n definitiva\">[+]<\/a><\/p>\n","protected":false},"author":5332,"featured_media":0,"parent":0,"menu_order":0,"comment_status":"closed","ping_status":"closed","template":"","meta":[],"acf":[],"_links":{"self":[{"href":"https:\/\/ens9002-infd.mendoza.edu.ar\/sitio\/wp-json\/wp\/v2\/pages\/2123"}],"collection":[{"href":"https:\/\/ens9002-infd.mendoza.edu.ar\/sitio\/wp-json\/wp\/v2\/pages"}],"about":[{"href":"https:\/\/ens9002-infd.mendoza.edu.ar\/sitio\/wp-json\/wp\/v2\/types\/page"}],"author":[{"embeddable":true,"href":"https:\/\/ens9002-infd.mendoza.edu.ar\/sitio\/wp-json\/wp\/v2\/users\/5332"}],"replies":[{"embeddable":true,"href":"https:\/\/ens9002-infd.mendoza.edu.ar\/sitio\/wp-json\/wp\/v2\/comments?post=2123"}],"version-history":[{"count":4,"href":"https:\/\/ens9002-infd.mendoza.edu.ar\/sitio\/wp-json\/wp\/v2\/pages\/2123\/revisions"}],"predecessor-version":[{"id":6119,"href":"https:\/\/ens9002-infd.mendoza.edu.ar\/sitio\/wp-json\/wp\/v2\/pages\/2123\/revisions\/6119"}],"wp:attachment":[{"href":"https:\/\/ens9002-infd.mendoza.edu.ar\/sitio\/wp-json\/wp\/v2\/media?parent=2123"}],"curies":[{"name":"wp","href":"https:\/\/api.w.org\/{rel}","templated":true}]}}